{"id":115522,"date":"2025-06-10T13:16:10","date_gmt":"2025-06-10T11:16:10","guid":{"rendered":"https:\/\/livekaarten.nl\/?post_type=product&#038;p=115522"},"modified":"2026-04-03T12:03:41","modified_gmt":"2026-04-03T10:03:41","slug":"microsoft-visio-2019-professional","status":"publish","type":"product","link":"https:\/\/livekaarten.nl\/es\/producto\/microsoft-visio-2019-professional\/","title":{"rendered":"Microsoft Visio 2019 Professional para 3 dispositivos"},"content":{"rendered":"<p>Microsoft Visio Professional 2019 sigue siendo la mejor herramienta para dise\u00f1ar diagramas en las empresas, bas\u00e1ndose en est\u00e1ndares comunes del sector como IEEE. Adem\u00e1s, Microsoft ha realizado miles de mejoras detalladas y ha introducido nuevas funciones, principalmente para facilitar el trabajo de proyectos en equipos m\u00e1s grandes. Por tanto, el software est\u00e1 expl\u00edcitamente dirigido a usuarios profesionales. No obstante, la conocida facilidad de uso del programa se mantiene, principalmente gracias a las numerosas plantillas y a la probada interfaz Office de Microsoft. Cada comprador sigue recibiendo 2 GB de almacenamiento gratuito en la soluci\u00f3n en la nube propia de Microsoft, OneDrive.<\/p>\n<p>Generar diagramas en Microsoft Visio Professional 2019 es posible desde el principio: cientos de plantillas, basadas en una selecci\u00f3n de m\u00e1s de 250.000 formas, se encargan de ello. Dado que la aplicaci\u00f3n de escritorio tambi\u00e9n se actualiza constantemente, se a\u00f1aden nuevas plantillas con regularidad. A continuaci\u00f3n, los usuarios pueden compartir los diagramas terminados no s\u00f3lo como conjuntos de datos de Microsoft Visio, sino tambi\u00e9n a trav\u00e9s de Internet: Microsoft Visio Professional 2019 admite vistas de diagramas basadas en web y salida en PDF para los usuarios que no tengan Microsoft Visio en su dispositivo. Los comentarios a\u00f1adidos al diagrama por otros usuarios son visibles de inmediato para el creador del proyecto, que recibe retroalimentaci\u00f3n.<\/p>\n<p>Espec\u00edficamente para Microsoft Visio Professional 2019 y Microsoft Windows 10, Microsoft tambi\u00e9n ha mejorado la compatibilidad con la entrada t\u00e1ctil y los l\u00e1pices como el Microsoft Surface Pen. Ahora los diagramas pueden perfeccionarse utilizando m\u00e9todos de entrada naturales, con tinta virtual o incluso con los dedos para colorear, mover formas y reordenar diagramas. Esto tambi\u00e9n facilita el uso de la aplicaci\u00f3n en una tableta como el iPad Pro, para el que hay disponible una aplicaci\u00f3n dedicada en la tienda oficial Apple Store. Para facilitar la colaboraci\u00f3n con otras personas, se han mejorado las funciones de anotaci\u00f3n y se ha ampliado la integraci\u00f3n de Skype Empresarial en la interfaz de la aplicaci\u00f3n.<\/p>\n<p>Los nuevos datos se importan directamente desde otros programas populares, como Excel, a Microsoft Visio Professional 2019. Esto ahorra tiempo a la hora de editar los diagramas, ya que se reduce la introducci\u00f3n manual de datos. Para dar vida a estos diagramas y mostrar con claridad incluso grandes cantidades de informaci\u00f3n, se dispone de numerosos colores, formas y gr\u00e1ficos para llamar la atenci\u00f3n sobre los datos que realmente importan al espectador. El programa tambi\u00e9n admite la integraci\u00f3n de dibujos creados en el popular software AutoCAD. Esto ampl\u00eda significativamente la gama de funciones, ya que incluso las formas complejas se hacen posibles.<\/p>\n<p>En cuanto cambian los datos integrados previamente en el diagrama, Microsoft Visio Professional 2019 modifica inmediatamente la vista del proyecto. Para ello, el programa escanea continuamente los datos integrados -independientemente de su origen y de si est\u00e1n disponibles localmente o en la red- y, a continuaci\u00f3n, realiza inmediatamente los cambios en el diagrama actual. Esto garantiza que todos los que trabajan en el proyecto tengan siempre una visi\u00f3n de conjunto y trabajen juntos en una misma versi\u00f3n del diagrama. La eliminaci\u00f3n de las actualizaciones manuales tambi\u00e9n simplifica el proceso de trabajo y ahorra mucho tiempo a largo plazo.<\/p>\n<p>Microsoft ha desarrollado Microsoft Visio Professional 2019 para que sea compatible \u00fanicamente con una edici\u00f3n de Microsoft Windows 10 y Microsoft Windows 10 S. No es posible utilizar el software en una versi\u00f3n anterior de Microsoft Windows. Adem\u00e1s, esta oferta es una clave de producto para un PC de sobremesa o port\u00e1til. No hay cuotas de suscripci\u00f3n adicionales. Microsoft garantiza actualizaciones para este software durante al menos cinco a\u00f1os.<\/p>\n<p><strong>Requisitos del sistema:<\/strong><\/p>\n<ul>\n<li>Microsoft Windows 10, Microsoft Windows Server 2019<\/li>\n<li>Procesador de doble n\u00facleo a 1,6 GHz o m\u00e1s r\u00e1pido<\/li>\n<li>2 GB de RAM (32 bits); 4 GB de RAM (64 bits)<\/li>\n<li>4 GB de espacio disponible en el disco duro<\/li>\n<li>La aceleraci\u00f3n gr\u00e1fica requiere una tarjeta gr\u00e1fica compatible con DirectX 9. Con WDDM 2.0 o superior para Microsoft Windows 10 (o WDDM 1.3 para Microsoft Windows 10 Fall Creators Update).<\/li>\n<\/ul>\n<p><strong>Apoyo:<\/strong><\/p>\n<p>\u00bfTiene alguna pregunta? No dude en ponerse en contacto con nosotros <a href=\"mailto:info@livekaarten.nl\" target=\"_self\" rel=\"noopener\">por correo electr\u00f3nico<\/a>. Nuestro servicio de atenci\u00f3n al cliente est\u00e1 disponible 7 d\u00edas a la semana, 24 horas al d\u00eda.<\/p>","protected":false},"excerpt":{"rendered":"<ul>\n<li>Microsoft Visio 2019 Professional para 1 PC<\/li>\n<li>Versiones disponibles para sistemas de 32 y 64 bits<\/li>\n<li>Enviados por correo electr\u00f3nico: c\u00f3digo del producto, instrucciones, enlaces de descarga, factura<\/li>\n<li><strong>Reembolso completo en 30 d\u00edas - \u00a1\u00a1\u00a1garant\u00eda de sustituci\u00f3n de por vida!!!<\/strong><\/li>\n<li>Descargar inmediatamente<\/li>\n<li>Sin l\u00edmite de tiempo, sin suscripci\u00f3n<\/li>\n<li>Asistencia gratuita para la instalaci\u00f3n y activaci\u00f3n<\/li>\n<li>Sin suministro de almacenamiento de datos (USB, CD, etc.)<\/li>\n<li>Activaci\u00f3n en l\u00ednea y por tel\u00e9fono<\/li>\n<li><span style=\"color: #339966;\"><strong>Este producto es compatible con Windows.<\/strong><\/span><\/li>\n<li><span style=\"color: #ff0000;\"><strong>NO compatible con Apple macOS\u2122, dispositivos Android o Chromebooks.<\/strong><\/span><\/li>\n<\/ul>","protected":false},"featured_media":100000114598,"comment_status":"open","ping_status":"closed","template":"","meta":[],"product_cat":[75],"product_tag":[],"class_list":{"0":"post-115522","1":"product","2":"type-product","3":"status-publish","4":"has-post-thumbnail","6":"product_cat-microsoft-office","8":"first","9":"instock","10":"sale","11":"virtual","12":"taxable","13":"purchasable","14":"product-type-simple"},"yoast_head":"<!-- This site is optimized with the Yoast SEO plugin v27.3 - https:\/\/yoast.com\/product\/yoast-seo-wordpress\/ -->\n<title>Microsoft Visio 2019 Professional voor 3 apparaten | livekaarten.nl<\/title>\n<meta name=\"robots\" content=\"index, follow, max-snippet:-1, max-image-preview:large, max-video-preview:-1\" \/>\n<link rel=\"canonical\" href=\"https:\/\/livekaarten.nl\/es\/producto\/microsoft-visio-2019-professional\/\" \/>\n<meta property=\"og:locale\" content=\"es_ES\" \/>\n<meta property=\"og:type\" content=\"article\" \/>\n<meta property=\"og:title\" content=\"Microsoft Visio 2019 Professional voor 3 apparaten | livekaarten.nl\" \/>\n<meta property=\"og:description\" content=\"Microsoft Visio 2019 Professional voor 1 pc  Versies beschikbaar voor 32- en 64-bits systemen  Verzonden per e-mail: productcode, instructies, downloadlinks, factuur  30 dagen volledige restitutie \u2013 levenslange vervangingsgarantie!!!  Direct downloaden!  Geen tijdslimiet, geen abonnement  Gratis ondersteuning bij installatie en activering  Geen levering van gegevensopslag (USB, cd, enz.)  Activering online en telefonisch  Dit product is compatibel met Windows.  NIET compatibel met Apple macOS\u2122, Android-apparaten of Chromebooks.\" \/>\n<meta property=\"og:url\" content=\"https:\/\/livekaarten.nl\/es\/producto\/microsoft-visio-2019-professional\/\" \/>\n<meta property=\"og:site_name\" content=\"livekaarten.nl\" \/>\n<meta property=\"article:modified_time\" content=\"2026-04-03T10:03:41+00:00\" \/>\n<meta name=\"twitter:card\" content=\"summary_large_image\" \/>\n<meta name=\"twitter:label1\" content=\"Tiempo de lectura\" \/>\n\t<meta name=\"twitter:data1\" content=\"4 minutos\" \/>\n<script type=\"application\/ld+json\" class=\"yoast-schema-graph\">{\"@context\":\"https:\\\/\\\/schema.org\",\"@graph\":[{\"@type\":\"WebPage\",\"@id\":\"https:\\\/\\\/livekaarten.nl\\\/product\\\/microsoft-visio-2019-professional\\\/\",\"url\":\"https:\\\/\\\/livekaarten.nl\\\/product\\\/microsoft-visio-2019-professional\\\/\",\"name\":\"Microsoft Visio 2019 Professional voor 3 apparaten | livekaarten.nl\",\"isPartOf\":{\"@id\":\"https:\\\/\\\/livekaarten.nl\\\/#website\"},\"primaryImageOfPage\":{\"@id\":\"https:\\\/\\\/livekaarten.nl\\\/product\\\/microsoft-visio-2019-professional\\\/#primaryimage\"},\"image\":{\"@id\":\"https:\\\/\\\/livekaarten.nl\\\/product\\\/microsoft-visio-2019-professional\\\/#primaryimage\"},\"thumbnailUrl\":\"https:\\\/\\\/livekaarten.nl\\\/wp-content\\\/uploads\\\/2025\\\/04\\\/V19P.jpg\",\"datePublished\":\"2025-06-10T11:16:10+00:00\",\"dateModified\":\"2026-04-03T10:03:41+00:00\",\"breadcrumb\":{\"@id\":\"https:\\\/\\\/livekaarten.nl\\\/product\\\/microsoft-visio-2019-professional\\\/#breadcrumb\"},\"inLanguage\":\"es\",\"potentialAction\":[{\"@type\":\"ReadAction\",\"target\":[\"https:\\\/\\\/livekaarten.nl\\\/product\\\/microsoft-visio-2019-professional\\\/\"]}]},{\"@type\":\"ImageObject\",\"inLanguage\":\"es\",\"@id\":\"https:\\\/\\\/livekaarten.nl\\\/product\\\/microsoft-visio-2019-professional\\\/#primaryimage\",\"url\":\"https:\\\/\\\/livekaarten.nl\\\/wp-content\\\/uploads\\\/2025\\\/04\\\/V19P.jpg\",\"contentUrl\":\"https:\\\/\\\/livekaarten.nl\\\/wp-content\\\/uploads\\\/2025\\\/04\\\/V19P.jpg\"},{\"@type\":\"BreadcrumbList\",\"@id\":\"https:\\\/\\\/livekaarten.nl\\\/product\\\/microsoft-visio-2019-professional\\\/#breadcrumb\",\"itemListElement\":[{\"@type\":\"ListItem\",\"position\":1,\"name\":\"Home\",\"item\":\"https:\\\/\\\/livekaarten.nl\\\/\"},{\"@type\":\"ListItem\",\"position\":2,\"name\":\"Winkel\",\"item\":\"https:\\\/\\\/livekaarten.nl\\\/shop\\\/\"},{\"@type\":\"ListItem\",\"position\":3,\"name\":\"Microsoft Visio 2019 Professional voor 3 apparaten\"}]},{\"@type\":\"WebSite\",\"@id\":\"https:\\\/\\\/livekaarten.nl\\\/#website\",\"url\":\"https:\\\/\\\/livekaarten.nl\\\/\",\"name\":\"Livekaarten.nl\",\"description\":\"Koop uw kantoor\",\"potentialAction\":[{\"@type\":\"SearchAction\",\"target\":{\"@type\":\"EntryPoint\",\"urlTemplate\":\"https:\\\/\\\/livekaarten.nl\\\/?s={search_term_string}\"},\"query-input\":{\"@type\":\"PropertyValueSpecification\",\"valueRequired\":true,\"valueName\":\"search_term_string\"}}],\"inLanguage\":\"es\"}]}<\/script>\n<!-- \/ Yoast SEO plugin. -->","yoast_head_json":{"title":"Microsoft Visio 2019 Professional voor 3 apparaten | livekaarten.nl","robots":{"index":"index","follow":"follow","max-snippet":"max-snippet:-1","max-image-preview":"max-image-preview:large","max-video-preview":"max-video-preview:-1"},"canonical":"https:\/\/livekaarten.nl\/es\/producto\/microsoft-visio-2019-professional\/","og_locale":"es_ES","og_type":"article","og_title":"Microsoft Visio 2019 Professional voor 3 apparaten | livekaarten.nl","og_description":"Microsoft Visio 2019 Professional voor 1 pc  Versies beschikbaar voor 32- en 64-bits systemen  Verzonden per e-mail: productcode, instructies, downloadlinks, factuur  30 dagen volledige restitutie \u2013 levenslange vervangingsgarantie!!!  Direct downloaden!  Geen tijdslimiet, geen abonnement  Gratis ondersteuning bij installatie en activering  Geen levering van gegevensopslag (USB, cd, enz.)  Activering online en telefonisch  Dit product is compatibel met Windows.  NIET compatibel met Apple macOS\u2122, Android-apparaten of Chromebooks.","og_url":"https:\/\/livekaarten.nl\/es\/producto\/microsoft-visio-2019-professional\/","og_site_name":"livekaarten.nl","article_modified_time":"2026-04-03T10:03:41+00:00","twitter_card":"summary_large_image","twitter_misc":{"Tiempo de lectura":"4 minutos"},"schema":{"@context":"https:\/\/schema.org","@graph":[{"@type":"WebPage","@id":"https:\/\/livekaarten.nl\/product\/microsoft-visio-2019-professional\/","url":"https:\/\/livekaarten.nl\/product\/microsoft-visio-2019-professional\/","name":"Microsoft Visio 2019 Professional voor 3 apparaten | livekaarten.nl","isPartOf":{"@id":"https:\/\/livekaarten.nl\/#website"},"primaryImageOfPage":{"@id":"https:\/\/livekaarten.nl\/product\/microsoft-visio-2019-professional\/#primaryimage"},"image":{"@id":"https:\/\/livekaarten.nl\/product\/microsoft-visio-2019-professional\/#primaryimage"},"thumbnailUrl":"https:\/\/livekaarten.nl\/wp-content\/uploads\/2025\/04\/V19P.jpg","datePublished":"2025-06-10T11:16:10+00:00","dateModified":"2026-04-03T10:03:41+00:00","breadcrumb":{"@id":"https:\/\/livekaarten.nl\/product\/microsoft-visio-2019-professional\/#breadcrumb"},"inLanguage":"es","potentialAction":[{"@type":"ReadAction","target":["https:\/\/livekaarten.nl\/product\/microsoft-visio-2019-professional\/"]}]},{"@type":"ImageObject","inLanguage":"es","@id":"https:\/\/livekaarten.nl\/product\/microsoft-visio-2019-professional\/#primaryimage","url":"https:\/\/livekaarten.nl\/wp-content\/uploads\/2025\/04\/V19P.jpg","contentUrl":"https:\/\/livekaarten.nl\/wp-content\/uploads\/2025\/04\/V19P.jpg"},{"@type":"BreadcrumbList","@id":"https:\/\/livekaarten.nl\/product\/microsoft-visio-2019-professional\/#breadcrumb","itemListElement":[{"@type":"ListItem","position":1,"name":"Home","item":"https:\/\/livekaarten.nl\/"},{"@type":"ListItem","position":2,"name":"Winkel","item":"https:\/\/livekaarten.nl\/shop\/"},{"@type":"ListItem","position":3,"name":"Microsoft Visio 2019 Professional voor 3 apparaten"}]},{"@type":"WebSite","@id":"https:\/\/livekaarten.nl\/#website","url":"https:\/\/livekaarten.nl\/","name":"Livecards.es","description":"Compre su oficina","potentialAction":[{"@type":"SearchAction","target":{"@type":"EntryPoint","urlTemplate":"https:\/\/livekaarten.nl\/?s={search_term_string}"},"query-input":{"@type":"PropertyValueSpecification","valueRequired":true,"valueName":"search_term_string"}}],"inLanguage":"es"}]}},"_links":{"self":[{"href":"https:\/\/livekaarten.nl\/es\/wp-json\/wp\/v2\/product\/115522","targetHints":{"allow":["GET"]}}],"collection":[{"href":"https:\/\/livekaarten.nl\/es\/wp-json\/wp\/v2\/product"}],"about":[{"href":"https:\/\/livekaarten.nl\/es\/wp-json\/wp\/v2\/types\/product"}],"replies":[{"embeddable":true,"href":"https:\/\/livekaarten.nl\/es\/wp-json\/wp\/v2\/comments?post=115522"}],"wp:featuredmedia":[{"embeddable":true,"href":"https:\/\/livekaarten.nl\/es\/wp-json\/"}],"wp:attachment":[{"href":"https:\/\/livekaarten.nl\/es\/wp-json\/wp\/v2\/media?parent=115522"}],"wp:term":[{"taxonomy":"product_cat","embeddable":true,"href":"https:\/\/livekaarten.nl\/es\/wp-json\/wp\/v2\/product_cat?post=115522"},{"taxonomy":"product_tag","embeddable":true,"href":"https:\/\/livekaarten.nl\/es\/wp-json\/wp\/v2\/product_tag?post=115522"}],"curies":[{"name":"wp","href":"https:\/\/api.w.org\/{rel}","templated":true}]}}