{"id":114187,"date":"2024-12-01T07:42:54","date_gmt":"2024-12-01T05:42:54","guid":{"rendered":"https:\/\/gamecardshop.com\/livecards\/?post_type=product&#038;p=114187"},"modified":"2026-04-20T12:52:50","modified_gmt":"2026-04-20T10:52:50","slug":"microsoft-windows-11-pro-microsoft-project-2024-pro-microsoft-office-2024-pro-plus-microsoft-visio-2024-pro-premium-licentie-voor-3-apparaten","status":"publish","type":"product","link":"https:\/\/livekaarten.nl\/es\/producto\/microsoft-windows-11-pro-microsoft-project-2024-pro-microsoft-office-2024-pro-plus-microsoft-visio-2024-pro-premium-licentie-voor-3-apparaten\/","title":{"rendered":"Microsoft Windows 11 Professional + Microsoft Project 2024 Professional + Microsoft Office 2024 Professional Plus + licencia Microsoft Visio 2024 Professional Premium para 3 dispositivos"},"content":{"rendered":"<div class=\"product-content\">\n<h2>Microsoft Windows 11 Professional<\/h2>\n<h3>Requisitos del sistema<\/h3>\n<ul>\n<li><strong>Procesador:<\/strong> 1 gigahertz (GHz) of sneller met 2 of meer kernen op een compatibele 64-bits processor of System on a Chip (SoC).<\/li>\n<li><strong>RAM:<\/strong> 4 gigabyte (GB).<\/li>\n<li><strong>Almacenamiento:<\/strong> 64 GB of groter opslagapparaat. Opmerking: zie hieronder onder &#8220;Meer informatie over opslagruimte om Windows 11 up-to-date te houden&#8221; voor meer informatie.<\/li>\n<li><strong>Firmware del sistema:<\/strong> UEFI, geschikt voor Secure Boot.<\/li>\n<li><strong>TPM:<\/strong> Trusted Platform Module (TPM) versie 2.0.<\/li>\n<li><strong>Tarjeta gr\u00e1fica:<\/strong> Compatibel met DirectX 12 of hoger met WDDM 2.0 stuurprogramma.<\/li>\n<li><strong>Pantalla:<\/strong> Hoge definitie (720p) beeldscherm met een diagonaal van meer dan 9&#8243;, 8 bits per kleurkanaal.<\/li>\n<li><strong>Conexi\u00f3n a Internet y cuenta Microsoft:<\/strong> Microsoft Windows 11 vereist een internetverbinding en een Microsoft-account om de installatie van het apparaat bij het eerste gebruik te voltooien. Om een apparaat uit Microsoft Windows 11 Home in de S-modus te schakelen, is ook een internetverbinding nodig. Voor alle Microsoft Windows 11-edities is internettoegang vereist om updates uit te voeren en bepaalde functies te downloaden en te gebruiken. Voor sommige functies is een Microsoft-account vereist.<\/li>\n<\/ul>\n<p>Con el tiempo, puede haber requisitos adicionales para actualizaciones y requisitos para habilitar funciones espec\u00edficas en el sistema operativo.<\/p>\n<hr \/>\n<h3>Extra vereisten voor belangrijke functies<\/h3>\n<p>Algunas caracter\u00edsticas de Microsoft Windows 11 tienen requisitos m\u00e1s exigentes que los enumerados anteriormente en la secci\u00f3n de requisitos m\u00ednimos. A continuaci\u00f3n se ofrece m\u00e1s informaci\u00f3n sobre los requisitos de las caracter\u00edsticas clave:<\/p>\n<ul>\n<li>La compatibilidad con 5G requiere un m\u00f3dem compatible con 5G.<\/li>\n<li>Auto HDR requiere un monitor HDR.<\/li>\n<li>BitLocker to Go requiere una unidad flash USB (disponible en Windows Pro y ediciones superiores).<\/li>\n<li>Client Hyper-V requiere un procesador con capacidades SLAT (traducci\u00f3n de direcciones de segundo nivel) (disponible en Windows Pro y ediciones superiores).<\/li>\n<li>Cortana vereist een microfoon en luidspreker en is momenteel beschikbaar in Windows 11 voor Australi\u00eb, Brazili\u00eb, Canada, China, Frankrijk, Duitsland, India, Itali\u00eb, Japan, Mexico, Spanje, het Verenigd Koninkrijk en de Verenigde Staten.<\/li>\n<li>DirectStorage vereist een NVMe SSD om games op te slaan en uit te voeren die het stuurprogramma &#8220;Standard NVM Express Controller&#8221; gebruiken en een DirectX 12 GPU met ondersteuning voor Shader Model 6.0.<\/li>\n<li>DirectX 12 Ultimate est\u00e1 disponible con los juegos y chips gr\u00e1ficos compatibles.<\/li>\n<li>Aanwezigheid vereist een sensor die de menselijke afstand tot het apparaat of de intentie tot interactie met het apparaat kan detecteren.<\/li>\n<li>La videoconferencia inteligente requiere una c\u00e1mara de v\u00eddeo, un micr\u00f3fono y un altavoz (salida de audio).<\/li>\n<li>El asistente de voz m\u00faltiple (MVA) requiere un micr\u00f3fono y un altavoz.<\/li>\n<li>Los dise\u00f1os Snap con tres columnas requieren una pantalla con una anchura efectiva de 1920 p\u00edxeles o m\u00e1s.<\/li>\n<li>Mute\/Unmute vanuit taakbalk vereist videocamera, microfoon en luidspreker (audio-uitgang). App moet compatibel zijn met de functie om globale mute\/unmute in te schakelen.<\/li>\n<li>El Sonido Espacial requiere hardware y software de apoyo.<\/li>\n<li>Los equipos necesitan c\u00e1mara de v\u00eddeo, micr\u00f3fono y altavoz (salida de audio).<\/li>\n<li>La funci\u00f3n t\u00e1ctil requiere una pantalla o monitor que admita la funci\u00f3n multit\u00e1ctil.<\/li>\n<li>La autenticaci\u00f3n de dos factores requiere el uso de PIN, datos biom\u00e9tricos (lector de huellas dactilares o c\u00e1mara de infrarrojos iluminada) o un tel\u00e9fono con capacidades Wi-Fi o Bluetooth.<\/li>\n<li>La escritura por voz requiere un PC con micr\u00f3fono.<\/li>\n<li>Wake on Voice requiere un modelo de alimentaci\u00f3n Modern Standby y un micr\u00f3fono.<\/li>\n<li>Wi-Fi 6E requiere un nuevo hardware y controlador WLAN IHV y un AP\/router compatible con Wi-Fi 6E.<\/li>\n<li>Windows Hello requiere una c\u00e1mara configurada para im\u00e1genes de infrarrojo cercano (IR) o un lector de huellas dactilares para la autenticaci\u00f3n biom\u00e9trica. Los dispositivos sin sensores biom\u00e9tricos pueden utilizar Windows Hello con un PIN o una clave de seguridad port\u00e1til compatible con Microsoft.<\/li>\n<li>Windows Projection requiere un adaptador de pantalla compatible con Windows Display Driver Model (WDDM) 2.0 y un adaptador Wi-Fi compatible con Wi-Fi Direct.<\/li>\n<li>Xbox (app) vereist een Xbox Live-account, dat niet in alle regio&#8217;s beschikbaar is. Zie Landen en regio&#8217;s van Xbox Live voor de meest actuele informatie over beschikbaarheid. Voor sommige functies in de Xbox app is een actief Xbox Game Pass-abonnement vereist. Meer informatie over de pas.<\/li>\n<\/ul>\n<hr \/>\n<h2>Microsoft Project 2024 Profesional<\/h2>\n<p>De krachtige Microsoft Project Professional 2024 Edition beschikt over uitgebreide functies en nieuwe interfaces voor MS SharePoint, Project Server en Skype. De software maakt volledig gebruik van de vele voordelen van het Microsoft Windows 10 of 11 besturingssysteem, maar wordt niet ondersteund op oudere Windows-versies. MS Project Professional 2024 richt zich voornamelijk op projectmanagers in bedrijven die hun individuele projecten plannen, beheren, documenteren en later analyseren.<\/p>\n<hr \/>\n<h2>Microsoft Office 2024 Professional Plus<\/h2>\n<p>Microsoft Office-gebruikers die thuis of op kantoor het volledige scala aan toepassingen gebruiken, zitten goed met de Microsoft Office 2024 Professional Plus Edition. Alle belangrijke programma&#8217;s zijn inbegrepen: Word, Excel, Outlook, PowerPoint en Access. OneNote is nu te downloaden in de Windows Store zodat je snel notities kunt maken en deze via de cloud op alle apparaten beschikbaar kunt maken. Vanwege het brede scala aan verschillende programma&#8217;s is deze versie vooral gericht op mensen die thuis werken, in het thuiskantoor, of die op zoek zijn naar een krachtige en betrouwbare oplossing op kantoor om documenten, tabellen en meer te organiseren.<\/p>\n<ul>\n<li><strong>Microsoft Word:<\/strong> Cree documentos de texto de calidad profesional en un abrir y cerrar de ojos.<\/li>\n<li><strong>Microsoft Excel:<\/strong> Hoja de c\u00e1lculo inteligente para la gesti\u00f3n de la informaci\u00f3n.<\/li>\n<li><strong>Microsoft PowerPoint:<\/strong> Creaci\u00f3n de presentaciones impresionantes y din\u00e1micas.<\/li>\n<li><strong>Microsoft OneNote:<\/strong> Tu cuaderno digital.<\/li>\n<li><strong>Microsoft Outlook:<\/strong> F\u00e1cil comunicaci\u00f3n.<\/li>\n<li><strong>Microsoft Access:<\/strong> Databaseprogrammering voor browsergebaseerde toepassingen.<\/li>\n<\/ul>\n<p><strong>Nota importante:<\/strong> <strong>Equipos<\/strong> es <strong>NO<\/strong> inbegrepen in deze versie van Office.<\/p>\n<hr \/>\n<h2>Microsoft Visio 2024 Professional<\/h2>\n<p>Microsoft Visio Professional 2024 es la \u00faltima generaci\u00f3n del popular software de Microsoft para crear y editar diagramas y visualizaciones. Visio Professional es especialmente adecuado para empresas, ya que varios usuarios de un equipo o departamento pueden trabajar en diagramas simult\u00e1neamente. Dispone de numerosas interfaces para compartir las visualizaciones finalizadas tanto interna como externamente con las personas seleccionadas. Microsoft ha trabajado intensamente en las plantillas y formas utilizadas continuamente en Visio. Tambi\u00e9n se han mejorado los estilos de los diagramas para hacerlos m\u00e1s impactantes visualmente y, al mismo tiempo, m\u00e1s f\u00e1ciles de leer. Con Microsoft Visio Professional 2024, tambi\u00e9n tendr\u00e1 la posibilidad de introducir datos en una visualizaci\u00f3n existente en tiempo real.<\/p>\n<\/div>","protected":false},"excerpt":{"rendered":"<ul>\n<li>Licencia: esta licencia permite activar el software en 3 dispositivos diferentes, por ejemplo, PC dom\u00e9stico, port\u00e1til y PC de trabajo.<\/li>\n<li>Entrega: El enlace de descarga, la clave del producto, las instrucciones y la factura se env\u00edan directamente por correo electr\u00f3nico.<\/li>\n<li>Versi\u00f3n: Versi\u00f3n completa e ilimitada de un Microsoft Gold Partner certificado: \u00a1garant\u00eda de devoluci\u00f3n del dinero de por vida!<\/li>\n<li>Idiomas: ingl\u00e9s, espa\u00f1ol, italiano, alem\u00e1n y franc\u00e9s.<\/li>\n<li>Asistencia: 24 horas al d\u00eda, 7 d\u00edas a la semana, en neerland\u00e9s, franc\u00e9s y alem\u00e1n.<\/li>\n<li><strong><span style=\"color: #008000;\">Este producto es compatible con Microsoft Windows.<\/span><\/strong><\/li>\n<li><strong><span style=\"color: #ff0000;\">NO compatible con Apple macOS\u2122, dispositivos Android y Chromebooks.<\/span><\/strong><\/li>\n<\/ul>","protected":false},"featured_media":114637,"comment_status":"open","ping_status":"closed","template":"","meta":{"rs_blank_template":"","rs_page_bg_color":"","slide_template_v7":""},"product_cat":[137,81,75,129,89],"product_tag":[120,119],"class_list":{"0":"post-114187","1":"product","2":"type-product","3":"status-publish","4":"has-post-thumbnail","6":"product_cat-bestseller","7":"product_cat-combo","8":"product_cat-microsoft-office","9":"product_cat-office-2024","10":"product_cat-windows-11","11":"product_tag-microsoft-windows-11-pro-project-2021-pro-office-2021-pro-visio-2021-standard","12":"product_tag-microsoft-windows-11-pro-project-2021-pro-office-2021-pro-visio-2021-standard-license-for-3-pcs","14":"first","15":"instock","16":"sale","17":"virtual","18":"taxable","19":"purchasable","20":"product-type-simple"},"yoast_head":"<!-- This site is optimized with the Yoast SEO plugin v27.5 - https:\/\/yoast.com\/product\/yoast-seo-wordpress\/ -->\n<title>Microsoft Windows 11 Professional + Microsoft Project 2024 Professional + Microsoft Office 2024 Professional Plus + Microsoft Visio 2024 Professional Premium-licentie voor 3 apparaten<\/title>\n<meta name=\"description\" content=\"With this license the software can be activated on 3 different devices, e.g. home PC, notebook and work PC. Lifetime Replacement Warranty!!!\" \/>\n<meta name=\"robots\" content=\"index, follow, max-snippet:-1, max-image-preview:large, max-video-preview:-1\" \/>\n<link rel=\"canonical\" href=\"https:\/\/livekaarten.nl\/es\/producto\/microsoft-windows-11-pro-microsoft-project-2024-pro-microsoft-office-2024-pro-plus-microsoft-visio-2024-pro-premium-licentie-voor-3-apparaten\/\" \/>\n<meta property=\"og:locale\" content=\"es_ES\" \/>\n<meta property=\"og:type\" content=\"article\" \/>\n<meta property=\"og:title\" content=\"Microsoft Windows 11 Professional + Microsoft Project 2024 Professional + Microsoft Office 2024 Professional Plus + Microsoft Visio 2024 Professional Premium-licentie voor 3 apparaten\" \/>\n<meta property=\"og:description\" content=\"With this license the software can be activated on 3 different devices, e.g. home PC, notebook and work PC. Lifetime Replacement Warranty!!!\" \/>\n<meta property=\"og:url\" content=\"https:\/\/livekaarten.nl\/es\/producto\/microsoft-windows-11-pro-microsoft-project-2024-pro-microsoft-office-2024-pro-plus-microsoft-visio-2024-pro-premium-licentie-voor-3-apparaten\/\" \/>\n<meta property=\"og:site_name\" content=\"livekaarten.nl\" \/>\n<meta property=\"article:modified_time\" content=\"2026-04-20T10:52:50+00:00\" \/>\n<meta property=\"og:image\" content=\"https:\/\/livekaarten.nl\/wp-content\/uploads\/2025\/04\/W11P-O24PP-P24P-V24P.jpg\" \/>\n\t<meta property=\"og:image:width\" content=\"1000\" \/>\n\t<meta property=\"og:image:height\" content=\"1500\" \/>\n\t<meta property=\"og:image:type\" content=\"image\/jpeg\" \/>\n<meta name=\"twitter:card\" content=\"summary_large_image\" \/>\n<meta name=\"twitter:label1\" content=\"Tiempo de lectura\" \/>\n\t<meta name=\"twitter:data1\" content=\"5 minutos\" \/>\n<script type=\"application\/ld+json\" class=\"yoast-schema-graph\">{\"@context\":\"https:\\\/\\\/schema.org\",\"@graph\":[{\"@type\":\"WebPage\",\"@id\":\"https:\\\/\\\/livekaarten.nl\\\/product\\\/microsoft-windows-11-pro-microsoft-project-2024-pro-microsoft-office-2024-pro-plus-microsoft-visio-2024-pro-premium-licentie-voor-3-apparaten\\\/\",\"url\":\"https:\\\/\\\/livekaarten.nl\\\/product\\\/microsoft-windows-11-pro-microsoft-project-2024-pro-microsoft-office-2024-pro-plus-microsoft-visio-2024-pro-premium-licentie-voor-3-apparaten\\\/\",\"name\":\"Microsoft Windows 11 Professional + Microsoft Project 2024 Professional + Microsoft Office 2024 Professional Plus + Microsoft Visio 2024 Professional Premium-licentie voor 3 apparaten\",\"isPartOf\":{\"@id\":\"https:\\\/\\\/livekaarten.nl\\\/#website\"},\"primaryImageOfPage\":{\"@id\":\"https:\\\/\\\/livekaarten.nl\\\/product\\\/microsoft-windows-11-pro-microsoft-project-2024-pro-microsoft-office-2024-pro-plus-microsoft-visio-2024-pro-premium-licentie-voor-3-apparaten\\\/#primaryimage\"},\"image\":{\"@id\":\"https:\\\/\\\/livekaarten.nl\\\/product\\\/microsoft-windows-11-pro-microsoft-project-2024-pro-microsoft-office-2024-pro-plus-microsoft-visio-2024-pro-premium-licentie-voor-3-apparaten\\\/#primaryimage\"},\"thumbnailUrl\":\"https:\\\/\\\/livekaarten.nl\\\/wp-content\\\/uploads\\\/2025\\\/04\\\/W11P-O24PP-P24P-V24P.jpg\",\"datePublished\":\"2024-12-01T05:42:54+00:00\",\"dateModified\":\"2026-04-20T10:52:50+00:00\",\"description\":\"With this license the software can be activated on 3 different devices, e.g. home PC, notebook and work PC. Lifetime Replacement Warranty!!!\",\"breadcrumb\":{\"@id\":\"https:\\\/\\\/livekaarten.nl\\\/product\\\/microsoft-windows-11-pro-microsoft-project-2024-pro-microsoft-office-2024-pro-plus-microsoft-visio-2024-pro-premium-licentie-voor-3-apparaten\\\/#breadcrumb\"},\"inLanguage\":\"es\",\"potentialAction\":[{\"@type\":\"ReadAction\",\"target\":[\"https:\\\/\\\/livekaarten.nl\\\/product\\\/microsoft-windows-11-pro-microsoft-project-2024-pro-microsoft-office-2024-pro-plus-microsoft-visio-2024-pro-premium-licentie-voor-3-apparaten\\\/\"]}]},{\"@type\":\"ImageObject\",\"inLanguage\":\"es\",\"@id\":\"https:\\\/\\\/livekaarten.nl\\\/product\\\/microsoft-windows-11-pro-microsoft-project-2024-pro-microsoft-office-2024-pro-plus-microsoft-visio-2024-pro-premium-licentie-voor-3-apparaten\\\/#primaryimage\",\"url\":\"https:\\\/\\\/livekaarten.nl\\\/wp-content\\\/uploads\\\/2025\\\/04\\\/W11P-O24PP-P24P-V24P.jpg\",\"contentUrl\":\"https:\\\/\\\/livekaarten.nl\\\/wp-content\\\/uploads\\\/2025\\\/04\\\/W11P-O24PP-P24P-V24P.jpg\",\"width\":1000,\"height\":1500},{\"@type\":\"BreadcrumbList\",\"@id\":\"https:\\\/\\\/livekaarten.nl\\\/product\\\/microsoft-windows-11-pro-microsoft-project-2024-pro-microsoft-office-2024-pro-plus-microsoft-visio-2024-pro-premium-licentie-voor-3-apparaten\\\/#breadcrumb\",\"itemListElement\":[{\"@type\":\"ListItem\",\"position\":1,\"name\":\"Home\",\"item\":\"https:\\\/\\\/livekaarten.nl\\\/\"},{\"@type\":\"ListItem\",\"position\":2,\"name\":\"Winkel\",\"item\":\"https:\\\/\\\/livekaarten.nl\\\/shop\\\/\"},{\"@type\":\"ListItem\",\"position\":3,\"name\":\"Microsoft Windows 11 Professional + Microsoft Project 2024 Professional + Microsoft Office 2024 Professional Plus + Microsoft Visio 2024 Professional Premium-licentie voor 3 apparaten\"}]},{\"@type\":\"WebSite\",\"@id\":\"https:\\\/\\\/livekaarten.nl\\\/#website\",\"url\":\"https:\\\/\\\/livekaarten.nl\\\/\",\"name\":\"Livekaarten.nl\",\"description\":\"Koop uw kantoor\",\"potentialAction\":[{\"@type\":\"SearchAction\",\"target\":{\"@type\":\"EntryPoint\",\"urlTemplate\":\"https:\\\/\\\/livekaarten.nl\\\/?s={search_term_string}\"},\"query-input\":{\"@type\":\"PropertyValueSpecification\",\"valueRequired\":true,\"valueName\":\"search_term_string\"}}],\"inLanguage\":\"es\"}]}<\/script>\n<!-- \/ Yoast SEO plugin. -->","yoast_head_json":{"title":"Microsoft Windows 11 Professional + Microsoft Project 2024 Professional + Microsoft Office 2024 Professional Plus + Microsoft Visio 2024 Professional Premium-licentie voor 3 apparaten","description":"With this license the software can be activated on 3 different devices, e.g. home PC, notebook and work PC. Lifetime Replacement Warranty!!!","robots":{"index":"index","follow":"follow","max-snippet":"max-snippet:-1","max-image-preview":"max-image-preview:large","max-video-preview":"max-video-preview:-1"},"canonical":"https:\/\/livekaarten.nl\/es\/producto\/microsoft-windows-11-pro-microsoft-project-2024-pro-microsoft-office-2024-pro-plus-microsoft-visio-2024-pro-premium-licentie-voor-3-apparaten\/","og_locale":"es_ES","og_type":"article","og_title":"Microsoft Windows 11 Professional + Microsoft Project 2024 Professional + Microsoft Office 2024 Professional Plus + Microsoft Visio 2024 Professional Premium-licentie voor 3 apparaten","og_description":"With this license the software can be activated on 3 different devices, e.g. home PC, notebook and work PC. Lifetime Replacement Warranty!!!","og_url":"https:\/\/livekaarten.nl\/es\/producto\/microsoft-windows-11-pro-microsoft-project-2024-pro-microsoft-office-2024-pro-plus-microsoft-visio-2024-pro-premium-licentie-voor-3-apparaten\/","og_site_name":"livekaarten.nl","article_modified_time":"2026-04-20T10:52:50+00:00","og_image":[{"width":1000,"height":1500,"url":"https:\/\/livekaarten.nl\/wp-content\/uploads\/2025\/04\/W11P-O24PP-P24P-V24P.jpg","type":"image\/jpeg"}],"twitter_card":"summary_large_image","twitter_misc":{"Tiempo de lectura":"5 minutos"},"schema":{"@context":"https:\/\/schema.org","@graph":[{"@type":"WebPage","@id":"https:\/\/livekaarten.nl\/product\/microsoft-windows-11-pro-microsoft-project-2024-pro-microsoft-office-2024-pro-plus-microsoft-visio-2024-pro-premium-licentie-voor-3-apparaten\/","url":"https:\/\/livekaarten.nl\/product\/microsoft-windows-11-pro-microsoft-project-2024-pro-microsoft-office-2024-pro-plus-microsoft-visio-2024-pro-premium-licentie-voor-3-apparaten\/","name":"Microsoft Windows 11 Professional + Microsoft Project 2024 Professional + Microsoft Office 2024 Professional Plus + Microsoft Visio 2024 Professional Premium-licentie voor 3 apparaten","isPartOf":{"@id":"https:\/\/livekaarten.nl\/#website"},"primaryImageOfPage":{"@id":"https:\/\/livekaarten.nl\/product\/microsoft-windows-11-pro-microsoft-project-2024-pro-microsoft-office-2024-pro-plus-microsoft-visio-2024-pro-premium-licentie-voor-3-apparaten\/#primaryimage"},"image":{"@id":"https:\/\/livekaarten.nl\/product\/microsoft-windows-11-pro-microsoft-project-2024-pro-microsoft-office-2024-pro-plus-microsoft-visio-2024-pro-premium-licentie-voor-3-apparaten\/#primaryimage"},"thumbnailUrl":"https:\/\/livekaarten.nl\/wp-content\/uploads\/2025\/04\/W11P-O24PP-P24P-V24P.jpg","datePublished":"2024-12-01T05:42:54+00:00","dateModified":"2026-04-20T10:52:50+00:00","description":"With this license the software can be activated on 3 different devices, e.g. home PC, notebook and work PC. Lifetime Replacement Warranty!!!","breadcrumb":{"@id":"https:\/\/livekaarten.nl\/product\/microsoft-windows-11-pro-microsoft-project-2024-pro-microsoft-office-2024-pro-plus-microsoft-visio-2024-pro-premium-licentie-voor-3-apparaten\/#breadcrumb"},"inLanguage":"es","potentialAction":[{"@type":"ReadAction","target":["https:\/\/livekaarten.nl\/product\/microsoft-windows-11-pro-microsoft-project-2024-pro-microsoft-office-2024-pro-plus-microsoft-visio-2024-pro-premium-licentie-voor-3-apparaten\/"]}]},{"@type":"ImageObject","inLanguage":"es","@id":"https:\/\/livekaarten.nl\/product\/microsoft-windows-11-pro-microsoft-project-2024-pro-microsoft-office-2024-pro-plus-microsoft-visio-2024-pro-premium-licentie-voor-3-apparaten\/#primaryimage","url":"https:\/\/livekaarten.nl\/wp-content\/uploads\/2025\/04\/W11P-O24PP-P24P-V24P.jpg","contentUrl":"https:\/\/livekaarten.nl\/wp-content\/uploads\/2025\/04\/W11P-O24PP-P24P-V24P.jpg","width":1000,"height":1500},{"@type":"BreadcrumbList","@id":"https:\/\/livekaarten.nl\/product\/microsoft-windows-11-pro-microsoft-project-2024-pro-microsoft-office-2024-pro-plus-microsoft-visio-2024-pro-premium-licentie-voor-3-apparaten\/#breadcrumb","itemListElement":[{"@type":"ListItem","position":1,"name":"Home","item":"https:\/\/livekaarten.nl\/"},{"@type":"ListItem","position":2,"name":"Winkel","item":"https:\/\/livekaarten.nl\/shop\/"},{"@type":"ListItem","position":3,"name":"Microsoft Windows 11 Professional + Microsoft Project 2024 Professional + Microsoft Office 2024 Professional Plus + Microsoft Visio 2024 Professional Premium-licentie voor 3 apparaten"}]},{"@type":"WebSite","@id":"https:\/\/livekaarten.nl\/#website","url":"https:\/\/livekaarten.nl\/","name":"Livecards.es","description":"Compre su oficina","potentialAction":[{"@type":"SearchAction","target":{"@type":"EntryPoint","urlTemplate":"https:\/\/livekaarten.nl\/?s={search_term_string}"},"query-input":{"@type":"PropertyValueSpecification","valueRequired":true,"valueName":"search_term_string"}}],"inLanguage":"es"}]}},"_links":{"self":[{"href":"https:\/\/livekaarten.nl\/es\/wp-json\/wp\/v2\/product\/114187","targetHints":{"allow":["GET"]}}],"collection":[{"href":"https:\/\/livekaarten.nl\/es\/wp-json\/wp\/v2\/product"}],"about":[{"href":"https:\/\/livekaarten.nl\/es\/wp-json\/wp\/v2\/types\/product"}],"replies":[{"embeddable":true,"href":"https:\/\/livekaarten.nl\/es\/wp-json\/wp\/v2\/comments?post=114187"}],"wp:featuredmedia":[{"embeddable":true,"href":"https:\/\/livekaarten.nl\/es\/wp-json\/wp\/v2\/media\/114637"}],"wp:attachment":[{"href":"https:\/\/livekaarten.nl\/es\/wp-json\/wp\/v2\/media?parent=114187"}],"wp:term":[{"taxonomy":"product_cat","embeddable":true,"href":"https:\/\/livekaarten.nl\/es\/wp-json\/wp\/v2\/product_cat?post=114187"},{"taxonomy":"product_tag","embeddable":true,"href":"https:\/\/livekaarten.nl\/es\/wp-json\/wp\/v2\/product_tag?post=114187"}],"curies":[{"name":"wp","href":"https:\/\/api.w.org\/{rel}","templated":true}]}}