{"id":114085,"date":"2024-11-03T18:31:41","date_gmt":"2024-11-03T16:31:41","guid":{"rendered":"https:\/\/gamecardshop.com\/livecards\/?post_type=product&#038;p=114085"},"modified":"2026-04-03T12:03:41","modified_gmt":"2026-04-03T10:03:41","slug":"microsoft-windows-10-professional-microsoft-project-2024-professional-licentie-voor-3-apparaten","status":"publish","type":"product","link":"https:\/\/livekaarten.nl\/es\/producto\/microsoft-windows-10-professional-microsoft-project-2024-professional-licentie-voor-3-apparaten\/","title":{"rendered":"Microsoft Windows 10 Professional + Microsoft Project 2024 Professional Licencia para 3 dispositivos"},"content":{"rendered":"<h2><strong>Microsoft Windows 10 Professional Lizenz f\u00fcr 3 PC<\/strong><\/h2>\n<p><strong>Con esta licencia, el software puede utilizarse en tres dispositivos diferentes, como ordenadores de sobremesa, port\u00e1tiles y ordenadores de trabajo.<\/strong><\/p>\n<p>Con Microsoft Windows 10 Professional dispondr\u00e1 de un sistema operativo eficaz en su equipo. Se beneficiar\u00e1 de un arranque del sistema m\u00e1s r\u00e1pido, un inicio m\u00e1s r\u00e1pido pero mejorado y nuevas posibilidades para realizar tareas r\u00e1pidamente. Tambi\u00e9n dispondr\u00e1 de nuevas funciones, como un nuevo navegador para navegar mejor por Internet y su asistente digital personal Cortana. Cortana es su asistente digital personal, que le sigue en todos sus dispositivos Microsoft Windows 10 y le ayuda a resolver sus problemas. Con el tiempo, Cortana estar\u00e1 cada vez m\u00e1s cerca de usted y podr\u00e1 ayudarle mejor cada d\u00eda. Microsoft Windows 10 Professional le ayuda de forma \u00f3ptima en todo lo que necesite.<\/p>\n<h2><strong>Microsoft Project 2024 Professional Lizenz f\u00fcr 3 PC<\/strong><\/h2>\n<p><strong>Con esta licencia, el software puede utilizarse en tres dispositivos diferentes, como ordenadores de sobremesa, port\u00e1tiles y ordenadores de trabajo.<\/strong><\/p>\n<p>Microsoft Project 2024 ofrece nuevas funciones y mejoras que ayudar\u00e1n a los equipos a organizar su trabajo de forma m\u00e1s eficaz, a gestionar las tareas y a administrar los presupuestos y los recursos. Esta nueva versi\u00f3n ofrece importantes novedades que beneficiar\u00e1n tanto a los principiantes como a los profesionales que trabajen en proyectos con un alto grado de flexibilidad:<\/p>\n<ul>\n<li>Una nueva e intuitiva interfaz de usuario y una mejor navegaci\u00f3n de usuario con una interfaz de datos m\u00e1s flexible.<\/li>\n<li>Vorgefertigte Vorlagen helfen Ihnen, Ihr Projekt im Handumdrehrehen zu starten<\/li>\n<li>Sincronizaci\u00f3n con Project Online y Project Server para la integraci\u00f3n y la gesti\u00f3n de recursos<\/li>\n<li>Was-w\u00e4re-wenn-Szenarien helfen bei der Optimierung der Aufgabenzuweisung durch Szenariosimulationen<\/li>\n<li>Verbessern Sie Ihre Planung, indem Sie Start- und Enddaten basierend auf Abh\u00e4ngigkeiten automatisch ausf\u00fcllen<\/li>\n<li>Utilice varios visualizadores de zonas para una representaci\u00f3n visual clara de zonas complejas.<\/li>\n<li>Nuevas funciones para la gesti\u00f3n y el an\u00e1lisis de datos, cambios sencillos entre diferentes formas de presentaci\u00f3n de la informaci\u00f3n, como Kanban y Scrum-Board.<\/li>\n<li>Asistencia para Agile-, Scrum-, Waterfall- sowie hybride Ans\u00e4tze, sodass Benutzer Elemente verschiedener Methoden kombinieren k\u00f6nnen.<\/li>\n<\/ul>\n<p><strong>Apoyo:<\/strong><\/p>\n<p class=\"translation-block\">Si tiene alguna pregunta, no dude en ponerse en contacto con nosotros <a href=\"mailto:info@livekaarten.nl\" target=\"_self\" rel=\"noopener\">por correo electr\u00f3nico<\/a>. Nuestro servicio de atenci\u00f3n al cliente est\u00e1 disponible 7 d\u00edas a la semana, 24 horas al d\u00eda.<\/p>\n<div id=\"gtx-trans\">\n<div class=\"gtx-trans-icon\"><\/div>\n<\/div>","protected":false},"excerpt":{"rendered":"<ul>\n<li>Microsoft Windows 10 Professional Lizenz f\u00fcr 3 PC<\/li>\n<li>Microsoft Project 2024 Professional Plus Lizenz f\u00fcr 3 PC<\/li>\n<li><strong>Con esta licencia, el software puede utilizarse en tres dispositivos diferentes, como ordenadores de sobremesa, port\u00e1tiles y ordenadores de trabajo.<\/strong><\/li>\n<li>Versiones disponibles para sistemas de 32 y 64 bits<\/li>\n<li>Versand per E-Mail: Produktschl\u00fcssel, Anleitung, Downloadlinks, Rechnung<\/li>\n<li>Descarga de Sofort<\/li>\n<li>Keine zeitliche Begrenzung, kein Abo<\/li>\n<li>Asistencia gratuita para la instalaci\u00f3n y activaci\u00f3n<\/li>\n<li>No hay entrega en dispositivos de almacenamiento de datos (USB, CD, etc.).<\/li>\n<li>Contrataci\u00f3n en l\u00ednea y por tel\u00e9fono<\/li>\n<li><span style=\"color: #339966;\"><strong>Este producto es compatible con Windows.<\/strong><\/span><\/li>\n<li><span style=\"color: #ff0000;\"><strong>NICHT compatible con Apple macOS\u2122\ufe0f, Android-Ger\u00e4ten o Chromebooks.<\/strong><\/span><\/li>\n<\/ul>","protected":false},"featured_media":114633,"comment_status":"closed","ping_status":"closed","template":"","meta":[],"product_cat":[137,75,136],"product_tag":[79,84],"class_list":{"0":"post-114085","1":"product","2":"type-product","3":"status-publish","4":"has-post-thumbnail","6":"product_cat-bestseller","7":"product_cat-microsoft-office","8":"product_cat-project","9":"product_tag-ms-office","10":"product_tag-office","12":"first","13":"instock","14":"sale","15":"virtual","16":"taxable","17":"purchasable","18":"product-type-simple"},"yoast_head":"<!-- This site is optimized with the Yoast SEO plugin v27.3 - https:\/\/yoast.com\/product\/yoast-seo-wordpress\/ -->\n<title>Microsoft Windows 10 Professional + Microsoft Project 2024 Professional Licentie voor 3 apparaten | livekaarten.nl<\/title>\n<meta name=\"robots\" content=\"index, follow, max-snippet:-1, max-image-preview:large, max-video-preview:-1\" \/>\n<link rel=\"canonical\" href=\"https:\/\/livekaarten.nl\/es\/producto\/microsoft-windows-10-professional-microsoft-project-2024-professional-licentie-voor-3-apparaten\/\" \/>\n<meta property=\"og:locale\" content=\"es_ES\" \/>\n<meta property=\"og:type\" content=\"article\" \/>\n<meta property=\"og:title\" content=\"Microsoft Windows 10 Professional + Microsoft Project 2024 Professional Licentie voor 3 apparaten | livekaarten.nl\" \/>\n<meta property=\"og:description\" content=\"Microsoft Windows 10 Professional Lizenz f\u00fcr 3 PC  Microsoft Project 2024 Professional Plus Lizenz f\u00fcr 3 PC  Mit dieser Lizenz kann die Software auf 3 verschiedenen Ger\u00e4ten aktiviert werden, z.B. Heim-PC, Notebook und Arbeits-PC  Versionen f\u00fcr 32 und 64 Bit Systeme verf\u00fcgbar  Versand per E-Mail: Produktschl\u00fcssel, Anleitung, Downloadlinks, Rechnung  Sofort-Download!  Keine zeitliche Begrenzung, kein Abo  Gratis Support bei der Installation und Aktivierung  Keine Lieferung auf Datentr\u00e4ger (USB, CD, usw.)  Aktivierung online und per Telefon  Dieses Produkt ist mit Windows kompatibel.  NICHT kompatibel mit Apple macOS\u2122\ufe0f, Android-Ger\u00e4ten oder Chromebooks.\" \/>\n<meta property=\"og:url\" content=\"https:\/\/livekaarten.nl\/es\/producto\/microsoft-windows-10-professional-microsoft-project-2024-professional-licentie-voor-3-apparaten\/\" \/>\n<meta property=\"og:site_name\" content=\"livekaarten.nl\" \/>\n<meta property=\"article:modified_time\" content=\"2026-04-03T10:03:41+00:00\" \/>\n<meta property=\"og:image\" content=\"https:\/\/livekaarten.nl\/wp-content\/uploads\/2025\/04\/W10PP24P.jpg\" \/>\n\t<meta property=\"og:image:width\" content=\"1000\" \/>\n\t<meta property=\"og:image:height\" content=\"1500\" \/>\n\t<meta property=\"og:image:type\" content=\"image\/jpeg\" \/>\n<meta name=\"twitter:card\" content=\"summary_large_image\" \/>\n<meta name=\"twitter:label1\" content=\"Tiempo de lectura\" \/>\n\t<meta name=\"twitter:data1\" content=\"2 minutos\" \/>\n<script type=\"application\/ld+json\" class=\"yoast-schema-graph\">{\"@context\":\"https:\\\/\\\/schema.org\",\"@graph\":[{\"@type\":\"WebPage\",\"@id\":\"https:\\\/\\\/livekaarten.nl\\\/product\\\/microsoft-windows-10-professional-microsoft-project-2024-professional-licentie-voor-3-apparaten\\\/\",\"url\":\"https:\\\/\\\/livekaarten.nl\\\/product\\\/microsoft-windows-10-professional-microsoft-project-2024-professional-licentie-voor-3-apparaten\\\/\",\"name\":\"Microsoft Windows 10 Professional + Microsoft Project 2024 Professional Licentie voor 3 apparaten | livekaarten.nl\",\"isPartOf\":{\"@id\":\"https:\\\/\\\/livekaarten.nl\\\/#website\"},\"primaryImageOfPage\":{\"@id\":\"https:\\\/\\\/livekaarten.nl\\\/product\\\/microsoft-windows-10-professional-microsoft-project-2024-professional-licentie-voor-3-apparaten\\\/#primaryimage\"},\"image\":{\"@id\":\"https:\\\/\\\/livekaarten.nl\\\/product\\\/microsoft-windows-10-professional-microsoft-project-2024-professional-licentie-voor-3-apparaten\\\/#primaryimage\"},\"thumbnailUrl\":\"https:\\\/\\\/livekaarten.nl\\\/wp-content\\\/uploads\\\/2025\\\/04\\\/W10PP24P.jpg\",\"datePublished\":\"2024-11-03T16:31:41+00:00\",\"dateModified\":\"2026-04-03T10:03:41+00:00\",\"breadcrumb\":{\"@id\":\"https:\\\/\\\/livekaarten.nl\\\/product\\\/microsoft-windows-10-professional-microsoft-project-2024-professional-licentie-voor-3-apparaten\\\/#breadcrumb\"},\"inLanguage\":\"es\",\"potentialAction\":[{\"@type\":\"ReadAction\",\"target\":[\"https:\\\/\\\/livekaarten.nl\\\/product\\\/microsoft-windows-10-professional-microsoft-project-2024-professional-licentie-voor-3-apparaten\\\/\"]}]},{\"@type\":\"ImageObject\",\"inLanguage\":\"es\",\"@id\":\"https:\\\/\\\/livekaarten.nl\\\/product\\\/microsoft-windows-10-professional-microsoft-project-2024-professional-licentie-voor-3-apparaten\\\/#primaryimage\",\"url\":\"https:\\\/\\\/livekaarten.nl\\\/wp-content\\\/uploads\\\/2025\\\/04\\\/W10PP24P.jpg\",\"contentUrl\":\"https:\\\/\\\/livekaarten.nl\\\/wp-content\\\/uploads\\\/2025\\\/04\\\/W10PP24P.jpg\",\"width\":1000,\"height\":1500},{\"@type\":\"BreadcrumbList\",\"@id\":\"https:\\\/\\\/livekaarten.nl\\\/product\\\/microsoft-windows-10-professional-microsoft-project-2024-professional-licentie-voor-3-apparaten\\\/#breadcrumb\",\"itemListElement\":[{\"@type\":\"ListItem\",\"position\":1,\"name\":\"Home\",\"item\":\"https:\\\/\\\/livekaarten.nl\\\/\"},{\"@type\":\"ListItem\",\"position\":2,\"name\":\"Winkel\",\"item\":\"https:\\\/\\\/livekaarten.nl\\\/shop\\\/\"},{\"@type\":\"ListItem\",\"position\":3,\"name\":\"Microsoft Windows 10 Professional + Microsoft Project 2024 Professional Licentie voor 3 apparaten\"}]},{\"@type\":\"WebSite\",\"@id\":\"https:\\\/\\\/livekaarten.nl\\\/#website\",\"url\":\"https:\\\/\\\/livekaarten.nl\\\/\",\"name\":\"Livekaarten.nl\",\"description\":\"Koop uw kantoor\",\"potentialAction\":[{\"@type\":\"SearchAction\",\"target\":{\"@type\":\"EntryPoint\",\"urlTemplate\":\"https:\\\/\\\/livekaarten.nl\\\/?s={search_term_string}\"},\"query-input\":{\"@type\":\"PropertyValueSpecification\",\"valueRequired\":true,\"valueName\":\"search_term_string\"}}],\"inLanguage\":\"es\"}]}<\/script>\n<!-- \/ Yoast SEO plugin. -->","yoast_head_json":{"title":"Microsoft Windows 10 Professional + Microsoft Project 2024 Professional Licentie voor 3 apparaten | livekaarten.nl","robots":{"index":"index","follow":"follow","max-snippet":"max-snippet:-1","max-image-preview":"max-image-preview:large","max-video-preview":"max-video-preview:-1"},"canonical":"https:\/\/livekaarten.nl\/es\/producto\/microsoft-windows-10-professional-microsoft-project-2024-professional-licentie-voor-3-apparaten\/","og_locale":"es_ES","og_type":"article","og_title":"Microsoft Windows 10 Professional + Microsoft Project 2024 Professional Licentie voor 3 apparaten | livekaarten.nl","og_description":"Microsoft Windows 10 Professional Lizenz f\u00fcr 3 PC  Microsoft Project 2024 Professional Plus Lizenz f\u00fcr 3 PC  Mit dieser Lizenz kann die Software auf 3 verschiedenen Ger\u00e4ten aktiviert werden, z.B. Heim-PC, Notebook und Arbeits-PC  Versionen f\u00fcr 32 und 64 Bit Systeme verf\u00fcgbar  Versand per E-Mail: Produktschl\u00fcssel, Anleitung, Downloadlinks, Rechnung  Sofort-Download!  Keine zeitliche Begrenzung, kein Abo  Gratis Support bei der Installation und Aktivierung  Keine Lieferung auf Datentr\u00e4ger (USB, CD, usw.)  Aktivierung online und per Telefon  Dieses Produkt ist mit Windows kompatibel.  NICHT kompatibel mit Apple macOS\u2122\ufe0f, Android-Ger\u00e4ten oder Chromebooks.","og_url":"https:\/\/livekaarten.nl\/es\/producto\/microsoft-windows-10-professional-microsoft-project-2024-professional-licentie-voor-3-apparaten\/","og_site_name":"livekaarten.nl","article_modified_time":"2026-04-03T10:03:41+00:00","og_image":[{"width":1000,"height":1500,"url":"https:\/\/livekaarten.nl\/wp-content\/uploads\/2025\/04\/W10PP24P.jpg","type":"image\/jpeg"}],"twitter_card":"summary_large_image","twitter_misc":{"Tiempo de lectura":"2 minutos"},"schema":{"@context":"https:\/\/schema.org","@graph":[{"@type":"WebPage","@id":"https:\/\/livekaarten.nl\/product\/microsoft-windows-10-professional-microsoft-project-2024-professional-licentie-voor-3-apparaten\/","url":"https:\/\/livekaarten.nl\/product\/microsoft-windows-10-professional-microsoft-project-2024-professional-licentie-voor-3-apparaten\/","name":"Microsoft Windows 10 Professional + Microsoft Project 2024 Professional Licentie voor 3 apparaten | livekaarten.nl","isPartOf":{"@id":"https:\/\/livekaarten.nl\/#website"},"primaryImageOfPage":{"@id":"https:\/\/livekaarten.nl\/product\/microsoft-windows-10-professional-microsoft-project-2024-professional-licentie-voor-3-apparaten\/#primaryimage"},"image":{"@id":"https:\/\/livekaarten.nl\/product\/microsoft-windows-10-professional-microsoft-project-2024-professional-licentie-voor-3-apparaten\/#primaryimage"},"thumbnailUrl":"https:\/\/livekaarten.nl\/wp-content\/uploads\/2025\/04\/W10PP24P.jpg","datePublished":"2024-11-03T16:31:41+00:00","dateModified":"2026-04-03T10:03:41+00:00","breadcrumb":{"@id":"https:\/\/livekaarten.nl\/product\/microsoft-windows-10-professional-microsoft-project-2024-professional-licentie-voor-3-apparaten\/#breadcrumb"},"inLanguage":"es","potentialAction":[{"@type":"ReadAction","target":["https:\/\/livekaarten.nl\/product\/microsoft-windows-10-professional-microsoft-project-2024-professional-licentie-voor-3-apparaten\/"]}]},{"@type":"ImageObject","inLanguage":"es","@id":"https:\/\/livekaarten.nl\/product\/microsoft-windows-10-professional-microsoft-project-2024-professional-licentie-voor-3-apparaten\/#primaryimage","url":"https:\/\/livekaarten.nl\/wp-content\/uploads\/2025\/04\/W10PP24P.jpg","contentUrl":"https:\/\/livekaarten.nl\/wp-content\/uploads\/2025\/04\/W10PP24P.jpg","width":1000,"height":1500},{"@type":"BreadcrumbList","@id":"https:\/\/livekaarten.nl\/product\/microsoft-windows-10-professional-microsoft-project-2024-professional-licentie-voor-3-apparaten\/#breadcrumb","itemListElement":[{"@type":"ListItem","position":1,"name":"Home","item":"https:\/\/livekaarten.nl\/"},{"@type":"ListItem","position":2,"name":"Winkel","item":"https:\/\/livekaarten.nl\/shop\/"},{"@type":"ListItem","position":3,"name":"Microsoft Windows 10 Professional + Microsoft Project 2024 Professional Licentie voor 3 apparaten"}]},{"@type":"WebSite","@id":"https:\/\/livekaarten.nl\/#website","url":"https:\/\/livekaarten.nl\/","name":"Livecards.es","description":"Compre su oficina","potentialAction":[{"@type":"SearchAction","target":{"@type":"EntryPoint","urlTemplate":"https:\/\/livekaarten.nl\/?s={search_term_string}"},"query-input":{"@type":"PropertyValueSpecification","valueRequired":true,"valueName":"search_term_string"}}],"inLanguage":"es"}]}},"_links":{"self":[{"href":"https:\/\/livekaarten.nl\/es\/wp-json\/wp\/v2\/product\/114085","targetHints":{"allow":["GET"]}}],"collection":[{"href":"https:\/\/livekaarten.nl\/es\/wp-json\/wp\/v2\/product"}],"about":[{"href":"https:\/\/livekaarten.nl\/es\/wp-json\/wp\/v2\/types\/product"}],"replies":[{"embeddable":true,"href":"https:\/\/livekaarten.nl\/es\/wp-json\/wp\/v2\/comments?post=114085"}],"wp:featuredmedia":[{"embeddable":true,"href":"https:\/\/livekaarten.nl\/es\/wp-json\/wp\/v2\/media\/114633"}],"wp:attachment":[{"href":"https:\/\/livekaarten.nl\/es\/wp-json\/wp\/v2\/media?parent=114085"}],"wp:term":[{"taxonomy":"product_cat","embeddable":true,"href":"https:\/\/livekaarten.nl\/es\/wp-json\/wp\/v2\/product_cat?post=114085"},{"taxonomy":"product_tag","embeddable":true,"href":"https:\/\/livekaarten.nl\/es\/wp-json\/wp\/v2\/product_tag?post=114085"}],"curies":[{"name":"wp","href":"https:\/\/api.w.org\/{rel}","templated":true}]}}