{"id":114084,"date":"2024-11-03T18:31:41","date_gmt":"2024-11-03T16:31:41","guid":{"rendered":"https:\/\/gamecardshop.com\/livecards\/?post_type=product&#038;p=114084"},"modified":"2026-04-03T12:03:41","modified_gmt":"2026-04-03T10:03:41","slug":"microsoft-windows-10-professional-microsoft-visio-2024-professional-licentie-voor-3-apparaten","status":"publish","type":"product","link":"https:\/\/livekaarten.nl\/es\/producto\/microsoft-windows-10-professional-microsoft-visio-2024-professional-licentie-voor-3-apparaten\/","title":{"rendered":"Microsoft Windows 10 Professional + Microsoft Visio 2024 Professional Licencia para 3 dispositivos"},"content":{"rendered":"<h2><strong>Licencia Microsoft Windows 10 Professional para 3 PC<\/strong><\/h2>\n<p><strong>Esta licencia te permite activar el software en 3 dispositivos diferentes, como el ordenador de casa, el port\u00e1til y el del trabajo.<\/strong><\/p>\n<p>Microsoft Windows 10 Professional le ofrece un sistema operativo fiable. Se beneficiar\u00e1 de tiempos de arranque m\u00e1s r\u00e1pidos, un men\u00fa Inicio familiar pero mejorado y nuevas funciones que le ayudar\u00e1n a completar tareas r\u00e1pidamente. Tambi\u00e9n obtendr\u00e1 el navegador m\u00e1s reciente para una navegaci\u00f3n segura y r\u00e1pida y su propio asistente digital Cortana, que le ayudar\u00e1 en todos sus dispositivos Windows 10 y mejorar\u00e1 a medida que lo utilice.<\/p>\n<h2><strong>Licencia de Microsoft Visio 2024 Professional para 3 PC<\/strong><\/h2>\n<p><strong>Esta licencia te permite activar el software en 3 dispositivos diferentes, como el ordenador de casa, el port\u00e1til y el del trabajo.<\/strong><\/p>\n<p>Microsoft Visio 2024 facilita m\u00e1s que nunca tanto a las personas como a los equipos la creaci\u00f3n y el uso compartido de diagramas profesionales y vers\u00e1tiles. Incluye formas, plantillas y estilos actualizados, adem\u00e1s de una barra de b\u00fasqueda intuitiva y un aspecto moderno que combina a la perfecci\u00f3n con otras aplicaciones Office.<\/p>\n<p>En Visio 2024, seguir\u00e1 encontrando todas las funciones conocidas, complementadas con:<\/p>\n<ul>\n<li>Una biblioteca ampliada de formas, plantillas y est\u00e9nciles para agilizar los flujos de trabajo.<\/li>\n<li>Un aspecto fresco con efectos de transparencia detr\u00e1s del lienzo y los men\u00fas para una apariencia limpia.<\/li>\n<li>El nuevo tema Office 2024, que incluye modo oscuro, interfaz personalizable y mejoras de accesibilidad.<\/li>\n<li>Una barra de b\u00fasqueda en la barra de t\u00edtulo para acceder directamente a las funciones.<\/li>\n<li>An\u00e1lisis avanzado de procesos con bloques din\u00e1micos y herramientas de visualizaci\u00f3n de datos.<\/li>\n<\/ul>\n<p><strong>Apoyo:<\/strong><\/p>\n<p>\u00bfTiene alguna pregunta? No dude en <a href=\"mailto:info@livekaarten.nl\">contacte con nosotros por e-mail<\/a>. Nuestro servicio de atenci\u00f3n al cliente est\u00e1 disponible 24 horas al d\u00eda, 7 d\u00edas a la semana.<\/p>\n<div id=\"gtx-trans\">\n<div class=\"gtx-trans-icon\"><\/div>\n<\/div>","protected":false},"excerpt":{"rendered":"<ul>\n<li>Licencia Microsoft Windows 10 Professional para 3 PC<\/li>\n<li>Licencia Microsoft Visio 2024 Professional Plus para 3 PC<\/li>\n<li><strong>Esta licencia le permite activar el software en 3 dispositivos diferentes, como un PC dom\u00e9stico, un port\u00e1til y un PC de trabajo<\/strong><\/li>\n<li>Versiones disponibles para sistemas de 32 y 64 bits<\/li>\n<li>Entrega por correo electr\u00f3nico: clave del producto, manual, enlaces de descarga y factura<\/li>\n<li>Descarga inmediata<\/li>\n<li>Sin l\u00edmite de tiempo, sin suscripci\u00f3n<\/li>\n<li>Asistencia gratuita para la instalaci\u00f3n y activaci\u00f3n<\/li>\n<li>Sin entrega en soporte f\u00edsico (USB, CD, etc.)<\/li>\n<li>Activaci\u00f3n en l\u00ednea o por tel\u00e9fono<\/li>\n<li><span style=\"color: #008000;\"><strong>Este producto es compatible con Windows.<\/strong><\/span><\/li>\n<li><span style=\"color: #ff0000;\"><strong>NO compatible con Apple macOS\u2122, dispositivos Android o Chromebooks.<\/strong><\/span><\/li>\n<\/ul>","protected":false},"featured_media":114634,"comment_status":"closed","ping_status":"closed","template":"","meta":[],"product_cat":[137,81,75,135],"product_tag":[79,84],"class_list":{"0":"post-114084","1":"product","2":"type-product","3":"status-publish","4":"has-post-thumbnail","6":"product_cat-bestseller","7":"product_cat-combo","8":"product_cat-microsoft-office","9":"product_cat-visio","10":"product_tag-ms-office","11":"product_tag-office","13":"first","14":"instock","15":"sale","16":"virtual","17":"taxable","18":"purchasable","19":"product-type-simple"},"yoast_head":"<!-- This site is optimized with the Yoast SEO plugin v27.3 - https:\/\/yoast.com\/product\/yoast-seo-wordpress\/ -->\n<title>Microsoft Windows 10 Professional + Microsoft Visio 2024 Professional Licentie voor 3 apparaten | livekaarten.nl<\/title>\n<meta name=\"robots\" content=\"index, follow, max-snippet:-1, max-image-preview:large, max-video-preview:-1\" \/>\n<link rel=\"canonical\" href=\"https:\/\/livekaarten.nl\/es\/producto\/microsoft-windows-10-professional-microsoft-visio-2024-professional-licentie-voor-3-apparaten\/\" \/>\n<meta property=\"og:locale\" content=\"es_ES\" \/>\n<meta property=\"og:type\" content=\"article\" \/>\n<meta property=\"og:title\" content=\"Microsoft Windows 10 Professional + Microsoft Visio 2024 Professional Licentie voor 3 apparaten | livekaarten.nl\" \/>\n<meta property=\"og:description\" content=\"Microsoft Windows 10 Professional-licentie voor 3 pc&#039;s  Microsoft Visio 2024 Professional Plus-licentie voor 3 pc&#039;s  Met deze licentie kun je de software op 3 verschillende apparaten activeren, zoals een thuis-pc, notebook en werk-pc  Versies voor 32- en 64-bits systemen beschikbaar  Levering per e-mail: productsleutel, handleiding, downloadlinks en factuur  Directe download!  Geen tijdslimiet, geen abonnement  Gratis ondersteuning bij installatie en activatie  Geen levering op fysieke media (USB, CD, enz.)  Activatie online of per telefoon  Dit product is compatibel met Windows.  NIET compatibel met Apple macOS\u2122, Android-apparaten of Chromebooks.\" \/>\n<meta property=\"og:url\" content=\"https:\/\/livekaarten.nl\/es\/producto\/microsoft-windows-10-professional-microsoft-visio-2024-professional-licentie-voor-3-apparaten\/\" \/>\n<meta property=\"og:site_name\" content=\"livekaarten.nl\" \/>\n<meta property=\"article:modified_time\" content=\"2026-04-03T10:03:41+00:00\" \/>\n<meta property=\"og:image\" content=\"https:\/\/livekaarten.nl\/wp-content\/uploads\/2025\/04\/W10PV24P.jpg\" \/>\n\t<meta property=\"og:image:width\" content=\"1000\" \/>\n\t<meta property=\"og:image:height\" content=\"1500\" \/>\n\t<meta property=\"og:image:type\" content=\"image\/jpeg\" \/>\n<meta name=\"twitter:card\" content=\"summary_large_image\" \/>\n<meta name=\"twitter:label1\" content=\"Tiempo de lectura\" \/>\n\t<meta name=\"twitter:data1\" content=\"2 minutos\" \/>\n<script type=\"application\/ld+json\" class=\"yoast-schema-graph\">{\"@context\":\"https:\\\/\\\/schema.org\",\"@graph\":[{\"@type\":\"WebPage\",\"@id\":\"https:\\\/\\\/livekaarten.nl\\\/product\\\/microsoft-windows-10-professional-microsoft-visio-2024-professional-licentie-voor-3-apparaten\\\/\",\"url\":\"https:\\\/\\\/livekaarten.nl\\\/product\\\/microsoft-windows-10-professional-microsoft-visio-2024-professional-licentie-voor-3-apparaten\\\/\",\"name\":\"Microsoft Windows 10 Professional + Microsoft Visio 2024 Professional Licentie voor 3 apparaten | livekaarten.nl\",\"isPartOf\":{\"@id\":\"https:\\\/\\\/livekaarten.nl\\\/#website\"},\"primaryImageOfPage\":{\"@id\":\"https:\\\/\\\/livekaarten.nl\\\/product\\\/microsoft-windows-10-professional-microsoft-visio-2024-professional-licentie-voor-3-apparaten\\\/#primaryimage\"},\"image\":{\"@id\":\"https:\\\/\\\/livekaarten.nl\\\/product\\\/microsoft-windows-10-professional-microsoft-visio-2024-professional-licentie-voor-3-apparaten\\\/#primaryimage\"},\"thumbnailUrl\":\"https:\\\/\\\/livekaarten.nl\\\/wp-content\\\/uploads\\\/2025\\\/04\\\/W10PV24P.jpg\",\"datePublished\":\"2024-11-03T16:31:41+00:00\",\"dateModified\":\"2026-04-03T10:03:41+00:00\",\"breadcrumb\":{\"@id\":\"https:\\\/\\\/livekaarten.nl\\\/product\\\/microsoft-windows-10-professional-microsoft-visio-2024-professional-licentie-voor-3-apparaten\\\/#breadcrumb\"},\"inLanguage\":\"es\",\"potentialAction\":[{\"@type\":\"ReadAction\",\"target\":[\"https:\\\/\\\/livekaarten.nl\\\/product\\\/microsoft-windows-10-professional-microsoft-visio-2024-professional-licentie-voor-3-apparaten\\\/\"]}]},{\"@type\":\"ImageObject\",\"inLanguage\":\"es\",\"@id\":\"https:\\\/\\\/livekaarten.nl\\\/product\\\/microsoft-windows-10-professional-microsoft-visio-2024-professional-licentie-voor-3-apparaten\\\/#primaryimage\",\"url\":\"https:\\\/\\\/livekaarten.nl\\\/wp-content\\\/uploads\\\/2025\\\/04\\\/W10PV24P.jpg\",\"contentUrl\":\"https:\\\/\\\/livekaarten.nl\\\/wp-content\\\/uploads\\\/2025\\\/04\\\/W10PV24P.jpg\",\"width\":1000,\"height\":1500},{\"@type\":\"BreadcrumbList\",\"@id\":\"https:\\\/\\\/livekaarten.nl\\\/product\\\/microsoft-windows-10-professional-microsoft-visio-2024-professional-licentie-voor-3-apparaten\\\/#breadcrumb\",\"itemListElement\":[{\"@type\":\"ListItem\",\"position\":1,\"name\":\"Home\",\"item\":\"https:\\\/\\\/livekaarten.nl\\\/\"},{\"@type\":\"ListItem\",\"position\":2,\"name\":\"Winkel\",\"item\":\"https:\\\/\\\/livekaarten.nl\\\/shop\\\/\"},{\"@type\":\"ListItem\",\"position\":3,\"name\":\"Microsoft Windows 10 Professional + Microsoft Visio 2024 Professional Licentie voor 3 apparaten\"}]},{\"@type\":\"WebSite\",\"@id\":\"https:\\\/\\\/livekaarten.nl\\\/#website\",\"url\":\"https:\\\/\\\/livekaarten.nl\\\/\",\"name\":\"Livekaarten.nl\",\"description\":\"Koop uw kantoor\",\"potentialAction\":[{\"@type\":\"SearchAction\",\"target\":{\"@type\":\"EntryPoint\",\"urlTemplate\":\"https:\\\/\\\/livekaarten.nl\\\/?s={search_term_string}\"},\"query-input\":{\"@type\":\"PropertyValueSpecification\",\"valueRequired\":true,\"valueName\":\"search_term_string\"}}],\"inLanguage\":\"es\"}]}<\/script>\n<!-- \/ Yoast SEO plugin. -->","yoast_head_json":{"title":"Microsoft Windows 10 Professional + Microsoft Visio 2024 Professional Licentie voor 3 apparaten | livekaarten.nl","robots":{"index":"index","follow":"follow","max-snippet":"max-snippet:-1","max-image-preview":"max-image-preview:large","max-video-preview":"max-video-preview:-1"},"canonical":"https:\/\/livekaarten.nl\/es\/producto\/microsoft-windows-10-professional-microsoft-visio-2024-professional-licentie-voor-3-apparaten\/","og_locale":"es_ES","og_type":"article","og_title":"Microsoft Windows 10 Professional + Microsoft Visio 2024 Professional Licentie voor 3 apparaten | livekaarten.nl","og_description":"Microsoft Windows 10 Professional-licentie voor 3 pc's  Microsoft Visio 2024 Professional Plus-licentie voor 3 pc's  Met deze licentie kun je de software op 3 verschillende apparaten activeren, zoals een thuis-pc, notebook en werk-pc  Versies voor 32- en 64-bits systemen beschikbaar  Levering per e-mail: productsleutel, handleiding, downloadlinks en factuur  Directe download!  Geen tijdslimiet, geen abonnement  Gratis ondersteuning bij installatie en activatie  Geen levering op fysieke media (USB, CD, enz.)  Activatie online of per telefoon  Dit product is compatibel met Windows.  NIET compatibel met Apple macOS\u2122, Android-apparaten of Chromebooks.","og_url":"https:\/\/livekaarten.nl\/es\/producto\/microsoft-windows-10-professional-microsoft-visio-2024-professional-licentie-voor-3-apparaten\/","og_site_name":"livekaarten.nl","article_modified_time":"2026-04-03T10:03:41+00:00","og_image":[{"width":1000,"height":1500,"url":"https:\/\/livekaarten.nl\/wp-content\/uploads\/2025\/04\/W10PV24P.jpg","type":"image\/jpeg"}],"twitter_card":"summary_large_image","twitter_misc":{"Tiempo de lectura":"2 minutos"},"schema":{"@context":"https:\/\/schema.org","@graph":[{"@type":"WebPage","@id":"https:\/\/livekaarten.nl\/product\/microsoft-windows-10-professional-microsoft-visio-2024-professional-licentie-voor-3-apparaten\/","url":"https:\/\/livekaarten.nl\/product\/microsoft-windows-10-professional-microsoft-visio-2024-professional-licentie-voor-3-apparaten\/","name":"Microsoft Windows 10 Professional + Microsoft Visio 2024 Professional Licentie voor 3 apparaten | livekaarten.nl","isPartOf":{"@id":"https:\/\/livekaarten.nl\/#website"},"primaryImageOfPage":{"@id":"https:\/\/livekaarten.nl\/product\/microsoft-windows-10-professional-microsoft-visio-2024-professional-licentie-voor-3-apparaten\/#primaryimage"},"image":{"@id":"https:\/\/livekaarten.nl\/product\/microsoft-windows-10-professional-microsoft-visio-2024-professional-licentie-voor-3-apparaten\/#primaryimage"},"thumbnailUrl":"https:\/\/livekaarten.nl\/wp-content\/uploads\/2025\/04\/W10PV24P.jpg","datePublished":"2024-11-03T16:31:41+00:00","dateModified":"2026-04-03T10:03:41+00:00","breadcrumb":{"@id":"https:\/\/livekaarten.nl\/product\/microsoft-windows-10-professional-microsoft-visio-2024-professional-licentie-voor-3-apparaten\/#breadcrumb"},"inLanguage":"es","potentialAction":[{"@type":"ReadAction","target":["https:\/\/livekaarten.nl\/product\/microsoft-windows-10-professional-microsoft-visio-2024-professional-licentie-voor-3-apparaten\/"]}]},{"@type":"ImageObject","inLanguage":"es","@id":"https:\/\/livekaarten.nl\/product\/microsoft-windows-10-professional-microsoft-visio-2024-professional-licentie-voor-3-apparaten\/#primaryimage","url":"https:\/\/livekaarten.nl\/wp-content\/uploads\/2025\/04\/W10PV24P.jpg","contentUrl":"https:\/\/livekaarten.nl\/wp-content\/uploads\/2025\/04\/W10PV24P.jpg","width":1000,"height":1500},{"@type":"BreadcrumbList","@id":"https:\/\/livekaarten.nl\/product\/microsoft-windows-10-professional-microsoft-visio-2024-professional-licentie-voor-3-apparaten\/#breadcrumb","itemListElement":[{"@type":"ListItem","position":1,"name":"Home","item":"https:\/\/livekaarten.nl\/"},{"@type":"ListItem","position":2,"name":"Winkel","item":"https:\/\/livekaarten.nl\/shop\/"},{"@type":"ListItem","position":3,"name":"Microsoft Windows 10 Professional + Microsoft Visio 2024 Professional Licentie voor 3 apparaten"}]},{"@type":"WebSite","@id":"https:\/\/livekaarten.nl\/#website","url":"https:\/\/livekaarten.nl\/","name":"Livecards.es","description":"Compre su oficina","potentialAction":[{"@type":"SearchAction","target":{"@type":"EntryPoint","urlTemplate":"https:\/\/livekaarten.nl\/?s={search_term_string}"},"query-input":{"@type":"PropertyValueSpecification","valueRequired":true,"valueName":"search_term_string"}}],"inLanguage":"es"}]}},"_links":{"self":[{"href":"https:\/\/livekaarten.nl\/es\/wp-json\/wp\/v2\/product\/114084","targetHints":{"allow":["GET"]}}],"collection":[{"href":"https:\/\/livekaarten.nl\/es\/wp-json\/wp\/v2\/product"}],"about":[{"href":"https:\/\/livekaarten.nl\/es\/wp-json\/wp\/v2\/types\/product"}],"replies":[{"embeddable":true,"href":"https:\/\/livekaarten.nl\/es\/wp-json\/wp\/v2\/comments?post=114084"}],"wp:featuredmedia":[{"embeddable":true,"href":"https:\/\/livekaarten.nl\/es\/wp-json\/wp\/v2\/media\/114634"}],"wp:attachment":[{"href":"https:\/\/livekaarten.nl\/es\/wp-json\/wp\/v2\/media?parent=114084"}],"wp:term":[{"taxonomy":"product_cat","embeddable":true,"href":"https:\/\/livekaarten.nl\/es\/wp-json\/wp\/v2\/product_cat?post=114084"},{"taxonomy":"product_tag","embeddable":true,"href":"https:\/\/livekaarten.nl\/es\/wp-json\/wp\/v2\/product_tag?post=114084"}],"curies":[{"name":"wp","href":"https:\/\/api.w.org\/{rel}","templated":true}]}}