{"id":114083,"date":"2024-11-03T18:31:41","date_gmt":"2024-11-03T16:31:41","guid":{"rendered":"https:\/\/gamecardshop.com\/livecards\/?post_type=product&#038;p=114083"},"modified":"2026-04-03T12:03:41","modified_gmt":"2026-04-03T10:03:41","slug":"microsoft-windows-11-professional-microsoft-project-2024-professional-licentie-voor-3","status":"publish","type":"product","link":"https:\/\/livekaarten.nl\/es\/producto\/microsoft-windows-11-professional-microsoft-project-2024-professional-licentie-voor-3\/","title":{"rendered":"Microsoft Windows 11 Professional + Microsoft Project 2024 Professional Licencia para 3 dispositivos"},"content":{"rendered":"<div id=\"coreui-banner-l03vzh8\" data-m=\"{&quot;cN&quot;:&quot;R2Banner 1&quot;,&quot;cT&quot;:&quot;Module_coreui-banner&quot;,&quot;id&quot;:&quot;m1r2a2&quot;,&quot;sN&quot;:1,&quot;aN&quot;:&quot;r2a2&quot;}\" data-module-id=\"WDG-Microsoft Windows|primaryR2|coreui-region|coreui-banner-l03vzh8|coreui-banner\">\n<div class=\"m-banner f-align-left\" data-grid=\"col-12\">\n<h2>Licencia Microsoft Windows 11 Professional para 3 PC<\/h2>\n<p><strong>Con esta licencia, el software puede activarse en 3 dispositivos diferentes, por ejemplo, un PC dom\u00e9stico, un port\u00e1til y un PC de trabajo.<\/strong><\/p>\n<p><strong>Reembolso completo en 30 d\u00edas - \u00a1Garant\u00eda de sustituci\u00f3n de por vida!<\/strong><\/p>\n<p class=\"c-heading-3\">Requisitos del sistema:<\/p>\n<\/div>\n<\/div>\n<hr class=\"c-divider f-pad-top-3x\" data-grid=\"col-12\" \/>\n<div id=\"coreui-contentrichblock-o5iouct\" data-m=\"{&quot;cN&quot;:&quot;R2ContentRichBlock 1&quot;,&quot;cT&quot;:&quot;Module_coreui-contentrichblock&quot;,&quot;id&quot;:&quot;m3r2a2&quot;,&quot;sN&quot;:3,&quot;aN&quot;:&quot;r2a2&quot;}\" data-module-id=\"WDG-Microsoft Windows|primaryR2|coreui-region|coreui-contentrichblock-o5iouct|coreui-contentrichblock\">\n<div class=\"m-rich-content-block context-ucx\" data-grid=\"col-12\">\n<p>Aseg\u00farese de estar preparado para el \u00faltimo y mejor sistema operativo de Microsoft.<\/p>\n<p>Estos son los requisitos m\u00ednimos para instalar Microsoft Windows 11 en un PC. Si su dispositivo no los cumple, es posible que no pueda instalar Windows 11 y se recomienda que adquiera un nuevo PC. \u00bfNo est\u00e1 seguro de si su PC cumple los requisitos? P\u00f3ngase en contacto con el fabricante (OEM) o utilice la aplicaci\u00f3n PC Health Check si ya tiene Windows 10 (<a href=\"https:\/\/aka.ms\/GetPCHealthCheckApp\" target=\"_self\" rel=\"noopener\"><b>descargar ahora<\/b><\/a>).<\/p>\n<\/div>\n<div id=\"coreui-tablev2-62jrfm3\" data-m=\"{&quot;cN&quot;:&quot;R2TableV2 1&quot;,&quot;cT&quot;:&quot;Module_coreui-tablev2&quot;,&quot;id&quot;:&quot;m4r2a2&quot;,&quot;sN&quot;:4,&quot;aN&quot;:&quot;r2a2&quot;}\" data-module-id=\"WDG-Microsoft Windows|primaryR2|coreui-region|coreui-tablev2-62jrfm3|coreui-tablev2\">\n<div class=\"m-table\">\n<div class=\"c-table\">\n<table>\n<thead>\n<tr>\n<th><\/th>\n<th><\/th>\n<\/tr>\n<\/thead>\n<tbody>\n<tr>\n<td><strong>Procesador:<\/strong><\/td>\n<td>1 gigahercio (GHz) o m\u00e1s r\u00e1pido con 2 o m\u00e1s n\u00facleos en un procesador compatible de 64 bits o SoC (System on a Chip).<\/td>\n<\/tr>\n<tr>\n<td><strong>RAM:<\/strong><\/td>\n<td>4 gigabytes (GB)<\/td>\n<\/tr>\n<tr>\n<td><strong>Almacenamiento:<\/strong><\/td>\n<td>64 GB o m\u00e1s<br \/>\n<em>Observaci\u00f3n:<\/em> Consulte la secci\u00f3n \u201cM\u00e1s informaci\u00f3n sobre los requisitos de almacenamiento para mantener Windows 11 actualizado\u201d para obtener m\u00e1s detalles.<\/td>\n<\/tr>\n<tr>\n<td><strong>Firmware del sistema:<\/strong><\/td>\n<td>UEFI, apto para arranque seguro<\/td>\n<\/tr>\n<tr>\n<td><strong>TPM:<\/strong><\/td>\n<td>M\u00f3dulo de plataforma segura (TPM) versi\u00f3n 2.0<\/td>\n<\/tr>\n<tr>\n<td><strong>Tarjeta gr\u00e1fica:<\/strong><\/td>\n<td>Compatible con DirectX 12 o superior con controlador WDDM 2.0<\/td>\n<\/tr>\n<tr>\n<td><strong>Pantalla:<\/strong><\/td>\n<td>Pantalla HD (720p) con una diagonal de m\u00e1s de 9\u2033, 8 bits por canal de color.<\/td>\n<\/tr>\n<tr>\n<td><strong>Conexi\u00f3n a Internet y cuenta Microsoft:<\/strong><\/td>\n<td>Todas las ediciones de Microsoft Windows 11 requieren una conexi\u00f3n a Internet para realizar actualizaciones y descargar y utilizar determinadas caracter\u00edsticas. Algunas caracter\u00edsticas requieren una cuenta Microsoft.<\/td>\n<\/tr>\n<\/tbody>\n<\/table>\n<\/div>\n<\/div>\n<\/div>\n<\/div>\n<div id=\"primaryR3\" data-grid=\"container\" data-region-key=\"primaryr3\">\n<div class=\"m-rich-content-block context-ucx\" data-grid=\"col-12\">\n<h2>Licencia Microsoft Project 2024 Professional Plus para 3 PC<\/h2>\n<p><strong>Con esta licencia, el software puede activarse en 3 dispositivos diferentes, por ejemplo, un PC dom\u00e9stico, un port\u00e1til y un PC de trabajo.<\/strong><br \/>\n<strong>Reembolso completo en 30 d\u00edas - \u00a1\u00a1\u00a1garant\u00eda de sustituci\u00f3n de por vida!!!<\/strong><\/p>\n<p>Microsoft Project 2024 ofrece nuevas funciones y mejoras que permiten a los equipos organizar su trabajo de forma a\u00fan m\u00e1s eficaz, gestionar tareas y planificar presupuestos y recursos. Esta nueva versi\u00f3n introduce importantes innovaciones que benefician tanto a principiantes como a profesionales que trabajan en proyectos de cualquier complejidad:<\/p>\n<ul>\n<li>Nueva interfaz de usuario, intuitiva y personalizable, con navegaci\u00f3n mejorada y visualizaci\u00f3n flexible de los datos.<\/li>\n<li>Las plantillas preestablecidas le ayudan a iniciar su proyecto r\u00e1pidamente<\/li>\n<li>Sincronizaci\u00f3n con Project Online y Project Server para la integraci\u00f3n y la gesti\u00f3n de recursos.<\/li>\n<li>Los escenarios hipot\u00e9ticos ayudan a optimizar la asignaci\u00f3n de tareas mediante simulaciones<\/li>\n<li>Cumplimentaci\u00f3n autom\u00e1tica de las fechas de inicio y fin en funci\u00f3n de las dependencias para una mejor planificaci\u00f3n.<\/li>\n<li>Utilice m\u00faltiples l\u00edneas de tiempo para una representaci\u00f3n visual clara de calendarios complejos<\/li>\n<li>Nuevas funciones de visualizaci\u00f3n y an\u00e1lisis de datos, con f\u00e1cil cambio entre modos de visualizaci\u00f3n como Kanban y Scrumboard.<\/li>\n<li>Compatibilidad con las metodolog\u00edas Agile, Scrum, Waterfall e h\u00edbridas, lo que permite a los usuarios combinar elementos de diferentes formas de trabajo.<\/li>\n<\/ul>\n<p><strong>Apoyo:<\/strong> \u00bfTiene alguna pregunta? No dude en <a href=\"mailto:info@livekaarten.nl\" rel=\"noopener\">p\u00f3ngase en contacto con nosotros por correo electr\u00f3nico<\/a>. Nuestro servicio de atenci\u00f3n al cliente est\u00e1 disponible 24 horas al d\u00eda, 7 d\u00edas a la semana.<\/p>\n<\/div>\n<\/div>","protected":false},"excerpt":{"rendered":"<ul>\n<li>Licencia Microsoft Windows 11 Professional para 3 PC<\/li>\n<li>Licencia Microsoft Project 2024 Professional para 3 PCs<\/li>\n<li><strong>Con esta licencia, el software puede activarse en 3 dispositivos diferentes<\/strong>, Por ejemplo, ordenador personal, port\u00e1til y de trabajo.<\/li>\n<li><strong>Reembolso completo en 30 d\u00edas - \u00a1\u00a1\u00a1garant\u00eda de sustituci\u00f3n de por vida!!!<\/strong><\/li>\n<li>Versi\u00f3n para sistemas de 64 bits<\/li>\n<li>Entrega por correo electr\u00f3nico: clave del producto, manual, enlaces de descarga y factura<\/li>\n<li>Descarga inmediata<\/li>\n<li>Sin l\u00edmite de tiempo, sin suscripci\u00f3n<\/li>\n<li>Asistencia gratuita para la instalaci\u00f3n y activaci\u00f3n<\/li>\n<li>No hay entrega en soporte f\u00edsico (USB, CD, etc.)<\/li>\n<li>Activaci\u00f3n en l\u00ednea o por tel\u00e9fono<\/li>\n<li>Para Microsoft Windows<\/li>\n<li><span style=\"color: #339966;\"><strong>Este producto es compatible con Windows.<\/strong><\/span><\/li>\n<li><span style=\"color: #ff0000;\"><strong>NO compatible con Apple macOS\u2122, dispositivos Android o Chromebooks.<\/strong><\/span><\/li>\n<\/ul>","protected":false},"featured_media":114635,"comment_status":"closed","ping_status":"closed","template":"","meta":[],"product_cat":[137,75,136],"product_tag":[79,84],"class_list":{"0":"post-114083","1":"product","2":"type-product","3":"status-publish","4":"has-post-thumbnail","6":"product_cat-bestseller","7":"product_cat-microsoft-office","8":"product_cat-project","9":"product_tag-ms-office","10":"product_tag-office","12":"first","13":"instock","14":"sale","15":"virtual","16":"taxable","17":"purchasable","18":"product-type-simple"},"yoast_head":"<!-- This site is optimized with the Yoast SEO plugin v27.3 - https:\/\/yoast.com\/product\/yoast-seo-wordpress\/ -->\n<title>Microsoft Windows 11 Professional + Microsoft Project 2024 Professional Licentie voor 3 apparaten | livekaarten.nl<\/title>\n<meta name=\"robots\" content=\"index, follow, max-snippet:-1, max-image-preview:large, max-video-preview:-1\" \/>\n<link rel=\"canonical\" href=\"https:\/\/livekaarten.nl\/es\/producto\/microsoft-windows-11-professional-microsoft-project-2024-professional-licentie-voor-3\/\" \/>\n<meta property=\"og:locale\" content=\"es_ES\" \/>\n<meta property=\"og:type\" content=\"article\" \/>\n<meta property=\"og:title\" content=\"Microsoft Windows 11 Professional + Microsoft Project 2024 Professional Licentie voor 3 apparaten | livekaarten.nl\" \/>\n<meta property=\"og:description\" content=\"Microsoft Windows 11 Professional-licentie voor 3 pc\u2019s  Microsoft Project 2024 Professional-licentie voor 3 pc\u2019s  Met deze licentie kan de software op 3 verschillende apparaten worden geactiveerd, bijvoorbeeld thuis-pc, notebook en werk-pc  30 dagen volledige terugbetaling \u2013 levenslange vervangingsgarantie!!!  Versie voor 64-bits systemen  Levering per e-mail: productsleutel, handleiding, downloadlinks en factuur  Directe download!  Geen tijdslimiet, geen abonnement  Gratis ondersteuning bij installatie en activering  Geen levering op fysieke dragers (USB, cd, enz.)  Activering online of telefonisch  Voor Microsoft Windows  Dit product is compatibel met Windows.  NIET compatibel met Apple macOS\u2122, Android-apparaten of Chromebooks.\" \/>\n<meta property=\"og:url\" content=\"https:\/\/livekaarten.nl\/es\/producto\/microsoft-windows-11-professional-microsoft-project-2024-professional-licentie-voor-3\/\" \/>\n<meta property=\"og:site_name\" content=\"livekaarten.nl\" \/>\n<meta property=\"article:modified_time\" content=\"2026-04-03T10:03:41+00:00\" \/>\n<meta property=\"og:image\" content=\"https:\/\/livekaarten.nl\/wp-content\/uploads\/2025\/04\/W11PP24P.jpg\" \/>\n\t<meta property=\"og:image:width\" content=\"1000\" \/>\n\t<meta property=\"og:image:height\" content=\"1500\" \/>\n\t<meta property=\"og:image:type\" content=\"image\/jpeg\" \/>\n<meta name=\"twitter:card\" content=\"summary_large_image\" \/>\n<meta name=\"twitter:label1\" content=\"Tiempo de lectura\" \/>\n\t<meta name=\"twitter:data1\" content=\"3 minutos\" \/>\n<script type=\"application\/ld+json\" class=\"yoast-schema-graph\">{\"@context\":\"https:\\\/\\\/schema.org\",\"@graph\":[{\"@type\":\"WebPage\",\"@id\":\"https:\\\/\\\/livekaarten.nl\\\/product\\\/microsoft-windows-11-professional-microsoft-project-2024-professional-licentie-voor-3\\\/\",\"url\":\"https:\\\/\\\/livekaarten.nl\\\/product\\\/microsoft-windows-11-professional-microsoft-project-2024-professional-licentie-voor-3\\\/\",\"name\":\"Microsoft Windows 11 Professional + Microsoft Project 2024 Professional Licentie voor 3 apparaten | livekaarten.nl\",\"isPartOf\":{\"@id\":\"https:\\\/\\\/livekaarten.nl\\\/#website\"},\"primaryImageOfPage\":{\"@id\":\"https:\\\/\\\/livekaarten.nl\\\/product\\\/microsoft-windows-11-professional-microsoft-project-2024-professional-licentie-voor-3\\\/#primaryimage\"},\"image\":{\"@id\":\"https:\\\/\\\/livekaarten.nl\\\/product\\\/microsoft-windows-11-professional-microsoft-project-2024-professional-licentie-voor-3\\\/#primaryimage\"},\"thumbnailUrl\":\"https:\\\/\\\/livekaarten.nl\\\/wp-content\\\/uploads\\\/2025\\\/04\\\/W11PP24P.jpg\",\"datePublished\":\"2024-11-03T16:31:41+00:00\",\"dateModified\":\"2026-04-03T10:03:41+00:00\",\"breadcrumb\":{\"@id\":\"https:\\\/\\\/livekaarten.nl\\\/product\\\/microsoft-windows-11-professional-microsoft-project-2024-professional-licentie-voor-3\\\/#breadcrumb\"},\"inLanguage\":\"es\",\"potentialAction\":[{\"@type\":\"ReadAction\",\"target\":[\"https:\\\/\\\/livekaarten.nl\\\/product\\\/microsoft-windows-11-professional-microsoft-project-2024-professional-licentie-voor-3\\\/\"]}]},{\"@type\":\"ImageObject\",\"inLanguage\":\"es\",\"@id\":\"https:\\\/\\\/livekaarten.nl\\\/product\\\/microsoft-windows-11-professional-microsoft-project-2024-professional-licentie-voor-3\\\/#primaryimage\",\"url\":\"https:\\\/\\\/livekaarten.nl\\\/wp-content\\\/uploads\\\/2025\\\/04\\\/W11PP24P.jpg\",\"contentUrl\":\"https:\\\/\\\/livekaarten.nl\\\/wp-content\\\/uploads\\\/2025\\\/04\\\/W11PP24P.jpg\",\"width\":1000,\"height\":1500},{\"@type\":\"BreadcrumbList\",\"@id\":\"https:\\\/\\\/livekaarten.nl\\\/product\\\/microsoft-windows-11-professional-microsoft-project-2024-professional-licentie-voor-3\\\/#breadcrumb\",\"itemListElement\":[{\"@type\":\"ListItem\",\"position\":1,\"name\":\"Home\",\"item\":\"https:\\\/\\\/livekaarten.nl\\\/\"},{\"@type\":\"ListItem\",\"position\":2,\"name\":\"Winkel\",\"item\":\"https:\\\/\\\/livekaarten.nl\\\/shop\\\/\"},{\"@type\":\"ListItem\",\"position\":3,\"name\":\"Microsoft Windows 11 Professional + Microsoft Project 2024 Professional Licentie voor 3 apparaten\"}]},{\"@type\":\"WebSite\",\"@id\":\"https:\\\/\\\/livekaarten.nl\\\/#website\",\"url\":\"https:\\\/\\\/livekaarten.nl\\\/\",\"name\":\"Livekaarten.nl\",\"description\":\"Koop uw kantoor\",\"potentialAction\":[{\"@type\":\"SearchAction\",\"target\":{\"@type\":\"EntryPoint\",\"urlTemplate\":\"https:\\\/\\\/livekaarten.nl\\\/?s={search_term_string}\"},\"query-input\":{\"@type\":\"PropertyValueSpecification\",\"valueRequired\":true,\"valueName\":\"search_term_string\"}}],\"inLanguage\":\"es\"}]}<\/script>\n<!-- \/ Yoast SEO plugin. -->","yoast_head_json":{"title":"Microsoft Windows 11 Professional + Microsoft Project 2024 Professional Licentie voor 3 apparaten | livekaarten.nl","robots":{"index":"index","follow":"follow","max-snippet":"max-snippet:-1","max-image-preview":"max-image-preview:large","max-video-preview":"max-video-preview:-1"},"canonical":"https:\/\/livekaarten.nl\/es\/producto\/microsoft-windows-11-professional-microsoft-project-2024-professional-licentie-voor-3\/","og_locale":"es_ES","og_type":"article","og_title":"Microsoft Windows 11 Professional + Microsoft Project 2024 Professional Licentie voor 3 apparaten | livekaarten.nl","og_description":"Microsoft Windows 11 Professional-licentie voor 3 pc\u2019s  Microsoft Project 2024 Professional-licentie voor 3 pc\u2019s  Met deze licentie kan de software op 3 verschillende apparaten worden geactiveerd, bijvoorbeeld thuis-pc, notebook en werk-pc  30 dagen volledige terugbetaling \u2013 levenslange vervangingsgarantie!!!  Versie voor 64-bits systemen  Levering per e-mail: productsleutel, handleiding, downloadlinks en factuur  Directe download!  Geen tijdslimiet, geen abonnement  Gratis ondersteuning bij installatie en activering  Geen levering op fysieke dragers (USB, cd, enz.)  Activering online of telefonisch  Voor Microsoft Windows  Dit product is compatibel met Windows.  NIET compatibel met Apple macOS\u2122, Android-apparaten of Chromebooks.","og_url":"https:\/\/livekaarten.nl\/es\/producto\/microsoft-windows-11-professional-microsoft-project-2024-professional-licentie-voor-3\/","og_site_name":"livekaarten.nl","article_modified_time":"2026-04-03T10:03:41+00:00","og_image":[{"width":1000,"height":1500,"url":"https:\/\/livekaarten.nl\/wp-content\/uploads\/2025\/04\/W11PP24P.jpg","type":"image\/jpeg"}],"twitter_card":"summary_large_image","twitter_misc":{"Tiempo de lectura":"3 minutos"},"schema":{"@context":"https:\/\/schema.org","@graph":[{"@type":"WebPage","@id":"https:\/\/livekaarten.nl\/product\/microsoft-windows-11-professional-microsoft-project-2024-professional-licentie-voor-3\/","url":"https:\/\/livekaarten.nl\/product\/microsoft-windows-11-professional-microsoft-project-2024-professional-licentie-voor-3\/","name":"Microsoft Windows 11 Professional + Microsoft Project 2024 Professional Licentie voor 3 apparaten | livekaarten.nl","isPartOf":{"@id":"https:\/\/livekaarten.nl\/#website"},"primaryImageOfPage":{"@id":"https:\/\/livekaarten.nl\/product\/microsoft-windows-11-professional-microsoft-project-2024-professional-licentie-voor-3\/#primaryimage"},"image":{"@id":"https:\/\/livekaarten.nl\/product\/microsoft-windows-11-professional-microsoft-project-2024-professional-licentie-voor-3\/#primaryimage"},"thumbnailUrl":"https:\/\/livekaarten.nl\/wp-content\/uploads\/2025\/04\/W11PP24P.jpg","datePublished":"2024-11-03T16:31:41+00:00","dateModified":"2026-04-03T10:03:41+00:00","breadcrumb":{"@id":"https:\/\/livekaarten.nl\/product\/microsoft-windows-11-professional-microsoft-project-2024-professional-licentie-voor-3\/#breadcrumb"},"inLanguage":"es","potentialAction":[{"@type":"ReadAction","target":["https:\/\/livekaarten.nl\/product\/microsoft-windows-11-professional-microsoft-project-2024-professional-licentie-voor-3\/"]}]},{"@type":"ImageObject","inLanguage":"es","@id":"https:\/\/livekaarten.nl\/product\/microsoft-windows-11-professional-microsoft-project-2024-professional-licentie-voor-3\/#primaryimage","url":"https:\/\/livekaarten.nl\/wp-content\/uploads\/2025\/04\/W11PP24P.jpg","contentUrl":"https:\/\/livekaarten.nl\/wp-content\/uploads\/2025\/04\/W11PP24P.jpg","width":1000,"height":1500},{"@type":"BreadcrumbList","@id":"https:\/\/livekaarten.nl\/product\/microsoft-windows-11-professional-microsoft-project-2024-professional-licentie-voor-3\/#breadcrumb","itemListElement":[{"@type":"ListItem","position":1,"name":"Home","item":"https:\/\/livekaarten.nl\/"},{"@type":"ListItem","position":2,"name":"Winkel","item":"https:\/\/livekaarten.nl\/shop\/"},{"@type":"ListItem","position":3,"name":"Microsoft Windows 11 Professional + Microsoft Project 2024 Professional Licentie voor 3 apparaten"}]},{"@type":"WebSite","@id":"https:\/\/livekaarten.nl\/#website","url":"https:\/\/livekaarten.nl\/","name":"Livecards.es","description":"Compre su oficina","potentialAction":[{"@type":"SearchAction","target":{"@type":"EntryPoint","urlTemplate":"https:\/\/livekaarten.nl\/?s={search_term_string}"},"query-input":{"@type":"PropertyValueSpecification","valueRequired":true,"valueName":"search_term_string"}}],"inLanguage":"es"}]}},"_links":{"self":[{"href":"https:\/\/livekaarten.nl\/es\/wp-json\/wp\/v2\/product\/114083","targetHints":{"allow":["GET"]}}],"collection":[{"href":"https:\/\/livekaarten.nl\/es\/wp-json\/wp\/v2\/product"}],"about":[{"href":"https:\/\/livekaarten.nl\/es\/wp-json\/wp\/v2\/types\/product"}],"replies":[{"embeddable":true,"href":"https:\/\/livekaarten.nl\/es\/wp-json\/wp\/v2\/comments?post=114083"}],"wp:featuredmedia":[{"embeddable":true,"href":"https:\/\/livekaarten.nl\/es\/wp-json\/wp\/v2\/media\/114635"}],"wp:attachment":[{"href":"https:\/\/livekaarten.nl\/es\/wp-json\/wp\/v2\/media?parent=114083"}],"wp:term":[{"taxonomy":"product_cat","embeddable":true,"href":"https:\/\/livekaarten.nl\/es\/wp-json\/wp\/v2\/product_cat?post=114083"},{"taxonomy":"product_tag","embeddable":true,"href":"https:\/\/livekaarten.nl\/es\/wp-json\/wp\/v2\/product_tag?post=114083"}],"curies":[{"name":"wp","href":"https:\/\/api.w.org\/{rel}","templated":true}]}}