{"id":114081,"date":"2024-11-03T18:31:40","date_gmt":"2024-11-03T16:31:40","guid":{"rendered":"https:\/\/gamecardshop.com\/livecards\/?post_type=product&#038;p=114081"},"modified":"2026-04-03T12:03:41","modified_gmt":"2026-04-03T10:03:41","slug":"microsoft-office-2024-professional-plus-microsoft-project-2024-professional-fur-3-pc","status":"publish","type":"product","link":"https:\/\/livekaarten.nl\/es\/producto\/microsoft-office-2024-professional-plus-microsoft-project-2024-professional-fur-3-pc\/","title":{"rendered":"Microsoft Office 2024 Professional Plus + Microsoft Project 2024 Professional Licencia para 3 dispositivos"},"content":{"rendered":"<h3><strong>Microsoft Office 2024 Professional Plus<\/strong><\/h3>\n<div style=\"margin-bottom: 15px;\"><strong>Con esta licencia, el software puede activarse en 3 dispositivos diferentes, por ejemplo, un PC dom\u00e9stico, un port\u00e1til y un PC de trabajo.<\/strong><\/div>\n<div style=\"margin-bottom: 15px;\">Para los usuarios que desean aprovechar todas las aplicaciones Office en casa o en la oficina, Microsoft Office 2024 Professional Plus es una excelente elecci\u00f3n. Incluye todos los programas esenciales: Word, Excel, Outlook, PowerPoint y Access (Publisher ya no se incluye porque se eliminar\u00e1 en 2026). OneNote est\u00e1 disponible a trav\u00e9s de Microsoft Store, para que puedas tomar notas f\u00e1cilmente y acceder a ellas a trav\u00e9s de la nube en cualquier dispositivo. Su amplia gama de aplicaciones lo hace ideal para trabajadores a domicilio, peque\u00f1as empresas y profesionales que necesitan una soluci\u00f3n potente y fiable para gestionar documentos, hojas de c\u00e1lculo y mucho m\u00e1s.<\/div>\n<ul>\n<li><strong>Convi\u00e9rtete en<\/strong>: Cree r\u00e1pidamente documentos de texto profesionales.<\/li>\n<li><strong>Excel<\/strong>Hojas de c\u00e1lculo inteligentes para una gesti\u00f3n eficaz de los datos.<\/li>\n<li><strong>PowerPoint<\/strong>: Cree presentaciones din\u00e1micas e impactantes.<\/li>\n<li><strong>OneNote<\/strong>: Tu cuaderno digital.<\/li>\n<li><strong>Outlook<\/strong>: Gesti\u00f3n eficaz del correo electr\u00f3nico y el calendario.<\/li>\n<li><strong>Acceda a<\/strong>: Bases de datos avanzadas para aplicaciones empresariales.<\/li>\n<\/ul>\n<p><strong>Nota importante:<\/strong> <strong>Microsoft Teams<\/strong> es <strong>NO<\/strong> incluida en esta versi\u00f3n Office.<\/p>\n<div><strong>Requisitos del sistema:<\/strong> Microsoft Windows 10 u 11<\/div>\n<p>&nbsp;<\/p>\n<h3><strong>Microsoft Project 2024 Profesional<\/strong><\/h3>\n<p>Microsoft Project 2024 ofrece potentes herramientas y funciones mejoradas que permiten a los equipos planificar, gestionar y ejecutar sus proyectos con mayor eficacia. Ideal tanto para principiantes como para gestores de proyectos experimentados que trabajan en proyectos complejos:<\/p>\n<ul>\n<li>Nueva interfaz de usuario, intuitiva y personalizable, con opciones de visualizaci\u00f3n flexibles.<\/li>\n<li>Plantillas listas para empezar r\u00e1pidamente<\/li>\n<li>Sincronizaci\u00f3n perfecta con Project Online y Project Server<\/li>\n<li>Simular escenarios hipot\u00e9ticos para optimizar recursos y plazos.<\/li>\n<li>C\u00e1lculo autom\u00e1tico de las fechas de inicio y fin en funci\u00f3n de las dependencias<\/li>\n<li>Uso de m\u00faltiples l\u00edneas de tiempo para una visualizaci\u00f3n clara de diagramas complejos<\/li>\n<li>Nuevas opciones de visualizaci\u00f3n como Kanban y Scrumboard para estilos de proyecto modernos<\/li>\n<li>Apoyo a m\u00e9todos de trabajo \u00e1giles, Scrum, cascada e h\u00edbridos<\/li>\n<\/ul>\n<div id=\"simple-translate\" class=\"simple-translate-system-theme\">\n<div>\n<div class=\"simple-translate-panel\" style=\"width: 300px; height: 200px; top: 0; left: 0; font-size: 13px;\">\n<div class=\"simple-translate-result-wrapper\" style=\"overflow: hidden;\">\n<div class=\"simple-translate-move\"><\/div>\n<div class=\"simple-translate-result-contents\">\n<p class=\"simple-translate-candidate\" dir=\"auto\">\n<\/div>\n<\/div>\n<\/div>\n<\/div>\n<\/div>","protected":false},"excerpt":{"rendered":"<ul>\n<li>Licencia Microsoft Office 2024 Professional Plus para 3 PCs<\/li>\n<li>Licencia Microsoft Project 2024 Professional para 3 PCs<\/li>\n<li><strong>Esta licencia te permite activar el software en 3 dispositivos diferentes, como el ordenador de casa, el port\u00e1til y el del trabajo.<\/strong><\/li>\n<li>Apto para sistemas de 32 y 64 bits, versiones completas ilimitadas <strong>de un Microsoft Gold Partner certificado<\/strong><\/li>\n<li><strong>Garant\u00eda de devoluci\u00f3n del dinero en 30 d\u00edas - \u00a1Garant\u00eda de sustituci\u00f3n de por vida!<\/strong><\/li>\n<li>Entrega por correo electr\u00f3nico: clave del producto, manual de instalaci\u00f3n, enlaces de descarga y factura<\/li>\n<li>Descarga inmediata<\/li>\n<li>Sin l\u00edmite de tiempo, sin necesidad de suscripci\u00f3n<\/li>\n<li>Asistencia gratuita para la instalaci\u00f3n y activaci\u00f3n 24 horas al d\u00eda, 7 d\u00edas a la semana<\/li>\n<li>Sin entrega en soporte f\u00edsico (USB, CD, etc.)<\/li>\n<li>Activaci\u00f3n posible por Internet y tel\u00e9fono<\/li>\n<li>Idiomas: ingl\u00e9s, espa\u00f1ol, italiano, alem\u00e1n y franc\u00e9s.<\/li>\n<li><strong><span style=\"color: #008000;\">Este producto es compatible con Microsoft Windows.<\/span><\/strong><\/li>\n<li><strong><span style=\"color: #ff0000;\">NO compatible con Apple macOS\u2122, dispositivos Android o Chromebooks.<\/span><\/strong><\/li>\n<\/ul>","protected":false},"featured_media":114627,"comment_status":"closed","ping_status":"closed","template":"","meta":[],"product_cat":[137,75,129,136],"product_tag":[79,84],"class_list":{"0":"post-114081","1":"product","2":"type-product","3":"status-publish","4":"has-post-thumbnail","6":"product_cat-bestseller","7":"product_cat-microsoft-office","8":"product_cat-office-2024","9":"product_cat-project","10":"product_tag-ms-office","11":"product_tag-office","13":"first","14":"instock","15":"sale","16":"featured","17":"virtual","18":"taxable","19":"purchasable","20":"product-type-simple"},"yoast_head":"<!-- This site is optimized with the Yoast SEO plugin v27.3 - https:\/\/yoast.com\/product\/yoast-seo-wordpress\/ -->\n<title>Microsoft Office 2024 Professional Plus + Microsoft Project 2024 Professional Licentie voor 3 apparaten | livekaarten.nl<\/title>\n<meta name=\"robots\" content=\"index, follow, max-snippet:-1, max-image-preview:large, max-video-preview:-1\" \/>\n<link rel=\"canonical\" href=\"https:\/\/livekaarten.nl\/es\/producto\/microsoft-office-2024-professional-plus-microsoft-project-2024-professional-fur-3-pc\/\" \/>\n<meta property=\"og:locale\" content=\"es_ES\" \/>\n<meta property=\"og:type\" content=\"article\" \/>\n<meta property=\"og:title\" content=\"Microsoft Office 2024 Professional Plus + Microsoft Project 2024 Professional Licentie voor 3 apparaten | livekaarten.nl\" \/>\n<meta property=\"og:description\" content=\"Microsoft Office 2024 Professional Plus-licentie voor 3 pc&#039;s  Microsoft Project 2024 Professional-licentie voor 3 pc&#039;s  Met deze licentie kun je de software activeren op 3 verschillende apparaten, zoals een thuis-pc, laptop en werk-pc.  Geschikt voor 32- en 64-bits systemen, volledige onbeperkte versies van een gecertificeerde Microsoft Gold Partner  30 dagen geld-terug-garantie \u2013 levenslange vervangingsgarantie!  Levering via e-mail: productsleutel, installatiehandleiding, downloadlinks en factuur  Directe download!  Geen tijdslimiet, geen abonnement nodig  Gratis 24\/7 ondersteuning bij installatie en activatie  Geen levering op fysieke dragers (USB, CD, enz.)  Activering mogelijk via internet en telefoon  Talen: Engels, Spaans, Italiaans, Duits, Frans  Dit product is compatibel met Microsoft Windows.  NIET compatibel met Apple macOS\u2122, Android-apparaten of Chromebooks.\" \/>\n<meta property=\"og:url\" content=\"https:\/\/livekaarten.nl\/es\/producto\/microsoft-office-2024-professional-plus-microsoft-project-2024-professional-fur-3-pc\/\" \/>\n<meta property=\"og:site_name\" content=\"livekaarten.nl\" \/>\n<meta property=\"article:modified_time\" content=\"2026-04-03T10:03:41+00:00\" \/>\n<meta property=\"og:image\" content=\"https:\/\/livekaarten.nl\/wp-content\/uploads\/2025\/04\/O24PPP24P.jpg\" \/>\n\t<meta property=\"og:image:width\" content=\"1000\" \/>\n\t<meta property=\"og:image:height\" content=\"1500\" \/>\n\t<meta property=\"og:image:type\" content=\"image\/jpeg\" \/>\n<meta name=\"twitter:card\" content=\"summary_large_image\" \/>\n<meta name=\"twitter:label1\" content=\"Tiempo de lectura\" \/>\n\t<meta name=\"twitter:data1\" content=\"2 minutos\" \/>\n<script type=\"application\/ld+json\" class=\"yoast-schema-graph\">{\"@context\":\"https:\\\/\\\/schema.org\",\"@graph\":[{\"@type\":\"WebPage\",\"@id\":\"https:\\\/\\\/livekaarten.nl\\\/product\\\/microsoft-office-2024-professional-plus-microsoft-project-2024-professional-fur-3-pc\\\/\",\"url\":\"https:\\\/\\\/livekaarten.nl\\\/product\\\/microsoft-office-2024-professional-plus-microsoft-project-2024-professional-fur-3-pc\\\/\",\"name\":\"Microsoft Office 2024 Professional Plus + Microsoft Project 2024 Professional Licentie voor 3 apparaten | livekaarten.nl\",\"isPartOf\":{\"@id\":\"https:\\\/\\\/livekaarten.nl\\\/#website\"},\"primaryImageOfPage\":{\"@id\":\"https:\\\/\\\/livekaarten.nl\\\/product\\\/microsoft-office-2024-professional-plus-microsoft-project-2024-professional-fur-3-pc\\\/#primaryimage\"},\"image\":{\"@id\":\"https:\\\/\\\/livekaarten.nl\\\/product\\\/microsoft-office-2024-professional-plus-microsoft-project-2024-professional-fur-3-pc\\\/#primaryimage\"},\"thumbnailUrl\":\"https:\\\/\\\/livekaarten.nl\\\/wp-content\\\/uploads\\\/2025\\\/04\\\/O24PPP24P.jpg\",\"datePublished\":\"2024-11-03T16:31:40+00:00\",\"dateModified\":\"2026-04-03T10:03:41+00:00\",\"breadcrumb\":{\"@id\":\"https:\\\/\\\/livekaarten.nl\\\/product\\\/microsoft-office-2024-professional-plus-microsoft-project-2024-professional-fur-3-pc\\\/#breadcrumb\"},\"inLanguage\":\"es\",\"potentialAction\":[{\"@type\":\"ReadAction\",\"target\":[\"https:\\\/\\\/livekaarten.nl\\\/product\\\/microsoft-office-2024-professional-plus-microsoft-project-2024-professional-fur-3-pc\\\/\"]}]},{\"@type\":\"ImageObject\",\"inLanguage\":\"es\",\"@id\":\"https:\\\/\\\/livekaarten.nl\\\/product\\\/microsoft-office-2024-professional-plus-microsoft-project-2024-professional-fur-3-pc\\\/#primaryimage\",\"url\":\"https:\\\/\\\/livekaarten.nl\\\/wp-content\\\/uploads\\\/2025\\\/04\\\/O24PPP24P.jpg\",\"contentUrl\":\"https:\\\/\\\/livekaarten.nl\\\/wp-content\\\/uploads\\\/2025\\\/04\\\/O24PPP24P.jpg\",\"width\":1000,\"height\":1500},{\"@type\":\"BreadcrumbList\",\"@id\":\"https:\\\/\\\/livekaarten.nl\\\/product\\\/microsoft-office-2024-professional-plus-microsoft-project-2024-professional-fur-3-pc\\\/#breadcrumb\",\"itemListElement\":[{\"@type\":\"ListItem\",\"position\":1,\"name\":\"Home\",\"item\":\"https:\\\/\\\/livekaarten.nl\\\/\"},{\"@type\":\"ListItem\",\"position\":2,\"name\":\"Winkel\",\"item\":\"https:\\\/\\\/livekaarten.nl\\\/shop\\\/\"},{\"@type\":\"ListItem\",\"position\":3,\"name\":\"Microsoft Office 2024 Professional Plus + Microsoft Project 2024 Professional Licentie voor 3 apparaten\"}]},{\"@type\":\"WebSite\",\"@id\":\"https:\\\/\\\/livekaarten.nl\\\/#website\",\"url\":\"https:\\\/\\\/livekaarten.nl\\\/\",\"name\":\"Livekaarten.nl\",\"description\":\"Koop uw kantoor\",\"potentialAction\":[{\"@type\":\"SearchAction\",\"target\":{\"@type\":\"EntryPoint\",\"urlTemplate\":\"https:\\\/\\\/livekaarten.nl\\\/?s={search_term_string}\"},\"query-input\":{\"@type\":\"PropertyValueSpecification\",\"valueRequired\":true,\"valueName\":\"search_term_string\"}}],\"inLanguage\":\"es\"}]}<\/script>\n<!-- \/ Yoast SEO plugin. -->","yoast_head_json":{"title":"Microsoft Office 2024 Professional Plus + Microsoft Project 2024 Professional Licentie voor 3 apparaten | livekaarten.nl","robots":{"index":"index","follow":"follow","max-snippet":"max-snippet:-1","max-image-preview":"max-image-preview:large","max-video-preview":"max-video-preview:-1"},"canonical":"https:\/\/livekaarten.nl\/es\/producto\/microsoft-office-2024-professional-plus-microsoft-project-2024-professional-fur-3-pc\/","og_locale":"es_ES","og_type":"article","og_title":"Microsoft Office 2024 Professional Plus + Microsoft Project 2024 Professional Licentie voor 3 apparaten | livekaarten.nl","og_description":"Microsoft Office 2024 Professional Plus-licentie voor 3 pc's  Microsoft Project 2024 Professional-licentie voor 3 pc's  Met deze licentie kun je de software activeren op 3 verschillende apparaten, zoals een thuis-pc, laptop en werk-pc.  Geschikt voor 32- en 64-bits systemen, volledige onbeperkte versies van een gecertificeerde Microsoft Gold Partner  30 dagen geld-terug-garantie \u2013 levenslange vervangingsgarantie!  Levering via e-mail: productsleutel, installatiehandleiding, downloadlinks en factuur  Directe download!  Geen tijdslimiet, geen abonnement nodig  Gratis 24\/7 ondersteuning bij installatie en activatie  Geen levering op fysieke dragers (USB, CD, enz.)  Activering mogelijk via internet en telefoon  Talen: Engels, Spaans, Italiaans, Duits, Frans  Dit product is compatibel met Microsoft Windows.  NIET compatibel met Apple macOS\u2122, Android-apparaten of Chromebooks.","og_url":"https:\/\/livekaarten.nl\/es\/producto\/microsoft-office-2024-professional-plus-microsoft-project-2024-professional-fur-3-pc\/","og_site_name":"livekaarten.nl","article_modified_time":"2026-04-03T10:03:41+00:00","og_image":[{"width":1000,"height":1500,"url":"https:\/\/livekaarten.nl\/wp-content\/uploads\/2025\/04\/O24PPP24P.jpg","type":"image\/jpeg"}],"twitter_card":"summary_large_image","twitter_misc":{"Tiempo de lectura":"2 minutos"},"schema":{"@context":"https:\/\/schema.org","@graph":[{"@type":"WebPage","@id":"https:\/\/livekaarten.nl\/product\/microsoft-office-2024-professional-plus-microsoft-project-2024-professional-fur-3-pc\/","url":"https:\/\/livekaarten.nl\/product\/microsoft-office-2024-professional-plus-microsoft-project-2024-professional-fur-3-pc\/","name":"Microsoft Office 2024 Professional Plus + Microsoft Project 2024 Professional Licentie voor 3 apparaten | livekaarten.nl","isPartOf":{"@id":"https:\/\/livekaarten.nl\/#website"},"primaryImageOfPage":{"@id":"https:\/\/livekaarten.nl\/product\/microsoft-office-2024-professional-plus-microsoft-project-2024-professional-fur-3-pc\/#primaryimage"},"image":{"@id":"https:\/\/livekaarten.nl\/product\/microsoft-office-2024-professional-plus-microsoft-project-2024-professional-fur-3-pc\/#primaryimage"},"thumbnailUrl":"https:\/\/livekaarten.nl\/wp-content\/uploads\/2025\/04\/O24PPP24P.jpg","datePublished":"2024-11-03T16:31:40+00:00","dateModified":"2026-04-03T10:03:41+00:00","breadcrumb":{"@id":"https:\/\/livekaarten.nl\/product\/microsoft-office-2024-professional-plus-microsoft-project-2024-professional-fur-3-pc\/#breadcrumb"},"inLanguage":"es","potentialAction":[{"@type":"ReadAction","target":["https:\/\/livekaarten.nl\/product\/microsoft-office-2024-professional-plus-microsoft-project-2024-professional-fur-3-pc\/"]}]},{"@type":"ImageObject","inLanguage":"es","@id":"https:\/\/livekaarten.nl\/product\/microsoft-office-2024-professional-plus-microsoft-project-2024-professional-fur-3-pc\/#primaryimage","url":"https:\/\/livekaarten.nl\/wp-content\/uploads\/2025\/04\/O24PPP24P.jpg","contentUrl":"https:\/\/livekaarten.nl\/wp-content\/uploads\/2025\/04\/O24PPP24P.jpg","width":1000,"height":1500},{"@type":"BreadcrumbList","@id":"https:\/\/livekaarten.nl\/product\/microsoft-office-2024-professional-plus-microsoft-project-2024-professional-fur-3-pc\/#breadcrumb","itemListElement":[{"@type":"ListItem","position":1,"name":"Home","item":"https:\/\/livekaarten.nl\/"},{"@type":"ListItem","position":2,"name":"Winkel","item":"https:\/\/livekaarten.nl\/shop\/"},{"@type":"ListItem","position":3,"name":"Microsoft Office 2024 Professional Plus + Microsoft Project 2024 Professional Licentie voor 3 apparaten"}]},{"@type":"WebSite","@id":"https:\/\/livekaarten.nl\/#website","url":"https:\/\/livekaarten.nl\/","name":"Livecards.es","description":"Compre su oficina","potentialAction":[{"@type":"SearchAction","target":{"@type":"EntryPoint","urlTemplate":"https:\/\/livekaarten.nl\/?s={search_term_string}"},"query-input":{"@type":"PropertyValueSpecification","valueRequired":true,"valueName":"search_term_string"}}],"inLanguage":"es"}]}},"_links":{"self":[{"href":"https:\/\/livekaarten.nl\/es\/wp-json\/wp\/v2\/product\/114081","targetHints":{"allow":["GET"]}}],"collection":[{"href":"https:\/\/livekaarten.nl\/es\/wp-json\/wp\/v2\/product"}],"about":[{"href":"https:\/\/livekaarten.nl\/es\/wp-json\/wp\/v2\/types\/product"}],"replies":[{"embeddable":true,"href":"https:\/\/livekaarten.nl\/es\/wp-json\/wp\/v2\/comments?post=114081"}],"wp:featuredmedia":[{"embeddable":true,"href":"https:\/\/livekaarten.nl\/es\/wp-json\/wp\/v2\/media\/114627"}],"wp:attachment":[{"href":"https:\/\/livekaarten.nl\/es\/wp-json\/wp\/v2\/media?parent=114081"}],"wp:term":[{"taxonomy":"product_cat","embeddable":true,"href":"https:\/\/livekaarten.nl\/es\/wp-json\/wp\/v2\/product_cat?post=114081"},{"taxonomy":"product_tag","embeddable":true,"href":"https:\/\/livekaarten.nl\/es\/wp-json\/wp\/v2\/product_tag?post=114081"}],"curies":[{"name":"wp","href":"https:\/\/api.w.org\/{rel}","templated":true}]}}