{"id":114080,"date":"2024-11-03T18:31:40","date_gmt":"2024-11-03T16:31:40","guid":{"rendered":"https:\/\/gamecardshop.com\/livecards\/?post_type=product&#038;p=114080"},"modified":"2026-04-03T12:03:33","modified_gmt":"2026-04-03T10:03:33","slug":"microsoft-office-2024-professional-plus-microsoft-visio-2024-professional-fur-3-pc","status":"publish","type":"product","link":"https:\/\/livekaarten.nl\/es\/producto\/microsoft-office-2024-professional-plus-microsoft-visio-2024-professional-fur-3-pc\/","title":{"rendered":"Microsoft Office 2024 Professional Plus + Microsoft Visio 2024 Professional Licencia para 3 dispositivos"},"content":{"rendered":"<h3><strong>Microsoft Office 2024 Professional Plus<\/strong><\/h3>\n<div style=\"margin-bottom: 15px;\"><strong>Esta licencia te permite activar el software en 3 dispositivos diferentes, como el ordenador de casa, el port\u00e1til y el del trabajo.<\/strong><\/div>\n<div style=\"margin-bottom: 15px;\">Para los usuarios que necesitan el paquete completo de aplicaciones Office en casa o en la oficina, Microsoft Office 2024 Professional Plus es la elecci\u00f3n ideal. Incluye todos los programas esenciales: Word, Excel, Outlook, PowerPoint y Access. (OneNote puede descargarse gratuitamente de Microsoft Windows Store para tomar notas r\u00e1pidamente y sincronizarlas con todos los dispositivos a trav\u00e9s de la nube. Su amplia funcionalidad lo hace especialmente adecuado para trabajadores a domicilio, peque\u00f1as empresas o cualquiera que necesite una soluci\u00f3n ofim\u00e1tica potente y fiable.<\/div>\n<ul>\n<li><strong>Convi\u00e9rtete en<\/strong>Crea documentos de texto profesionales en un abrir y cerrar de ojos.<\/li>\n<li><strong>Excel<\/strong>Hojas de c\u00e1lculo avanzadas para la gesti\u00f3n y el an\u00e1lisis de datos.<\/li>\n<li><strong>PowerPoint<\/strong>: Cree presentaciones din\u00e1micas y convincentes.<\/li>\n<li><strong>OneNote<\/strong>Tu cuaderno digital, disponible en cualquier momento y lugar.<\/li>\n<li><strong>Outlook<\/strong>: Herramientas inteligentes de correo electr\u00f3nico y calendario para una comunicaci\u00f3n eficaz.<\/li>\n<li><strong>Acceda a<\/strong>: Cree potentes bases de datos para aplicaciones basadas en navegador.<\/li>\n<\/ul>\n<p><strong>Nota importante:<\/strong> <strong>Microsoft Teams<\/strong> es <strong>NO<\/strong> incluido en esta versi\u00f3n Office.<\/p>\n<div><strong>Requisitos del sistema operativo:<\/strong> Microsoft Windows 10 u 11<\/div>\n<hr \/>\n<h3><strong>Microsoft Visio 2024 Professional<\/strong><\/h3>\n<p>Con Microsoft Visio 2024, tanto los individuos como los equipos pueden crear y compartir f\u00e1cilmente diagramas profesionales y vers\u00e1tiles para una gran variedad de prop\u00f3sitos. Esta \u00faltima versi\u00f3n incluye formas, plantillas y estilos actualizados, as\u00ed como una funci\u00f3n de b\u00fasqueda actualizada y un dise\u00f1o moderno que complementa a la perfecci\u00f3n otras aplicaciones Office.<\/p>\n<p>Novedades de Visio 2024:<\/p>\n<ul>\n<li>Amplia biblioteca de formas, plantillas y plantillas para agilizar los flujos de trabajo.<\/li>\n<li>Dise\u00f1o moderno con efectos de transparencia detr\u00e1s del lienzo y los men\u00fas para un aspecto elegante.<\/li>\n<li>Nuevo estilo de interfaz de usuario basado en Office 2024, incluido el modo oscuro y mejoras de accesibilidad.<\/li>\n<li>Barra de b\u00fasqueda ahora disponible en la barra de t\u00edtulo para un acceso m\u00e1s r\u00e1pido a las funciones.<\/li>\n<li>An\u00e1lisis avanzado de procesos con bloques din\u00e1micos para visualizar los flujos de datos.<\/li>\n<\/ul>","protected":false},"excerpt":{"rendered":"<ul>\n<li>Licencia Microsoft Office 2024 Professional Plus para 3 PCs<\/li>\n<li>Licencia de Microsoft Visio 2024 Professional para 3 PC<\/li>\n<li><strong>Esta licencia te permite activar el software en 3 dispositivos diferentes, como un PC dom\u00e9stico, un port\u00e1til y un PC de trabajo.<\/strong><\/li>\n<li>Adecuado para sistemas de 32 y 64 bits, versiones completas e ilimitadas del software <strong>de un Microsoft Gold Partner certificado<\/strong><\/li>\n<li><strong>\u00a1Garant\u00eda de devoluci\u00f3n del dinero en 30 d\u00edas + garant\u00eda de sustituci\u00f3n de por vida!<\/strong><\/li>\n<li>Entrega por correo electr\u00f3nico: clave del producto, manual de instalaci\u00f3n, enlaces de descarga y factura<\/li>\n<li>Descarga inmediata<\/li>\n<li>Sin l\u00edmite de tiempo, sin necesidad de suscripci\u00f3n<\/li>\n<li>Asistencia gratuita para la instalaci\u00f3n y activaci\u00f3n 24 horas al d\u00eda, 7 d\u00edas a la semana<\/li>\n<li>Sin entrega f\u00edsica (sin USB, CD u otro soporte de almacenamiento)<\/li>\n<li>Activaci\u00f3n posible por Internet o tel\u00e9fono<\/li>\n<li>Idiomas disponibles: ingl\u00e9s, espa\u00f1ol, italiano, alem\u00e1n y franc\u00e9s.<\/li>\n<li><strong><span style=\"color: #008000;\">Compatible con Microsoft Windows.<\/span><\/strong><\/li>\n<li><strong><span style=\"color: #ff0000;\">NO compatible con Apple macOS\u2122, dispositivos Android o Chromebooks.<\/span><\/strong><\/li>\n<\/ul>","protected":false},"featured_media":114628,"comment_status":"closed","ping_status":"closed","template":"","meta":[],"product_cat":[137,81,75,129,135],"product_tag":[79,84],"class_list":{"0":"post-114080","1":"product","2":"type-product","3":"status-publish","4":"has-post-thumbnail","6":"product_cat-bestseller","7":"product_cat-combo","8":"product_cat-microsoft-office","9":"product_cat-office-2024","10":"product_cat-visio","11":"product_tag-ms-office","12":"product_tag-office","14":"first","15":"instock","16":"sale","17":"featured","18":"virtual","19":"taxable","20":"purchasable","21":"product-type-simple"},"yoast_head":"<!-- This site is optimized with the Yoast SEO plugin v27.3 - https:\/\/yoast.com\/product\/yoast-seo-wordpress\/ -->\n<title>Microsoft Office 2024 Professional Plus + Microsoft Visio 2024 Professional Licentie voor 3 apparaten | livekaarten.nl<\/title>\n<meta name=\"robots\" content=\"index, follow, max-snippet:-1, max-image-preview:large, max-video-preview:-1\" \/>\n<link rel=\"canonical\" href=\"https:\/\/livekaarten.nl\/es\/producto\/microsoft-office-2024-professional-plus-microsoft-visio-2024-professional-fur-3-pc\/\" \/>\n<meta property=\"og:locale\" content=\"es_ES\" \/>\n<meta property=\"og:type\" content=\"article\" \/>\n<meta property=\"og:title\" content=\"Microsoft Office 2024 Professional Plus + Microsoft Visio 2024 Professional Licentie voor 3 apparaten | livekaarten.nl\" \/>\n<meta property=\"og:description\" content=\"Microsoft Office 2024 Professional Plus-licentie voor 3 pc&#039;s  Microsoft Visio 2024 Professional-licentie voor 3 pc&#039;s  Met deze licentie kun je de software activeren op 3 verschillende apparaten, zoals een thuis-pc, een laptop en een werk-pc.  Geschikt voor 32- en 64-bits systemen, volledige onbeperkte versies van de software van een gecertificeerde Microsoft Gold Partner  30 dagen niet-goed-geld-teruggarantie + levenslange vervangingsgarantie!  Levering per e-mail: productsleutel, installatiehandleiding, downloadlinks en factuur  Direct te downloaden!  Geen tijdslimiet, geen abonnement vereist  Gratis 24\/7 ondersteuning bij installatie en activering  Geen fysieke levering (geen USB, CD of ander opslagmedium)  Activering mogelijk via internet of telefonisch  Beschikbare talen: Engels, Spaans, Italiaans, Duits en Frans  Compatibel met Microsoft Windows.  NIET compatibel met Apple macOS\u2122, Android-apparaten of Chromebooks.\" \/>\n<meta property=\"og:url\" content=\"https:\/\/livekaarten.nl\/es\/producto\/microsoft-office-2024-professional-plus-microsoft-visio-2024-professional-fur-3-pc\/\" \/>\n<meta property=\"og:site_name\" content=\"livekaarten.nl\" \/>\n<meta property=\"article:modified_time\" content=\"2026-04-03T10:03:33+00:00\" \/>\n<meta property=\"og:image\" content=\"https:\/\/livekaarten.nl\/wp-content\/uploads\/2025\/04\/O24PPV24P.jpg\" \/>\n\t<meta property=\"og:image:width\" content=\"1520\" \/>\n\t<meta property=\"og:image:height\" content=\"2280\" \/>\n\t<meta property=\"og:image:type\" content=\"image\/jpeg\" \/>\n<meta name=\"twitter:card\" content=\"summary_large_image\" \/>\n<meta name=\"twitter:label1\" content=\"Tiempo de lectura\" \/>\n\t<meta name=\"twitter:data1\" content=\"2 minutos\" \/>\n<script type=\"application\/ld+json\" class=\"yoast-schema-graph\">{\"@context\":\"https:\\\/\\\/schema.org\",\"@graph\":[{\"@type\":\"WebPage\",\"@id\":\"https:\\\/\\\/livekaarten.nl\\\/product\\\/microsoft-office-2024-professional-plus-microsoft-visio-2024-professional-fur-3-pc\\\/\",\"url\":\"https:\\\/\\\/livekaarten.nl\\\/product\\\/microsoft-office-2024-professional-plus-microsoft-visio-2024-professional-fur-3-pc\\\/\",\"name\":\"Microsoft Office 2024 Professional Plus + Microsoft Visio 2024 Professional Licentie voor 3 apparaten | livekaarten.nl\",\"isPartOf\":{\"@id\":\"https:\\\/\\\/livekaarten.nl\\\/#website\"},\"primaryImageOfPage\":{\"@id\":\"https:\\\/\\\/livekaarten.nl\\\/product\\\/microsoft-office-2024-professional-plus-microsoft-visio-2024-professional-fur-3-pc\\\/#primaryimage\"},\"image\":{\"@id\":\"https:\\\/\\\/livekaarten.nl\\\/product\\\/microsoft-office-2024-professional-plus-microsoft-visio-2024-professional-fur-3-pc\\\/#primaryimage\"},\"thumbnailUrl\":\"https:\\\/\\\/livekaarten.nl\\\/wp-content\\\/uploads\\\/2025\\\/04\\\/O24PPV24P.jpg\",\"datePublished\":\"2024-11-03T16:31:40+00:00\",\"dateModified\":\"2026-04-03T10:03:33+00:00\",\"breadcrumb\":{\"@id\":\"https:\\\/\\\/livekaarten.nl\\\/product\\\/microsoft-office-2024-professional-plus-microsoft-visio-2024-professional-fur-3-pc\\\/#breadcrumb\"},\"inLanguage\":\"es\",\"potentialAction\":[{\"@type\":\"ReadAction\",\"target\":[\"https:\\\/\\\/livekaarten.nl\\\/product\\\/microsoft-office-2024-professional-plus-microsoft-visio-2024-professional-fur-3-pc\\\/\"]}]},{\"@type\":\"ImageObject\",\"inLanguage\":\"es\",\"@id\":\"https:\\\/\\\/livekaarten.nl\\\/product\\\/microsoft-office-2024-professional-plus-microsoft-visio-2024-professional-fur-3-pc\\\/#primaryimage\",\"url\":\"https:\\\/\\\/livekaarten.nl\\\/wp-content\\\/uploads\\\/2025\\\/04\\\/O24PPV24P.jpg\",\"contentUrl\":\"https:\\\/\\\/livekaarten.nl\\\/wp-content\\\/uploads\\\/2025\\\/04\\\/O24PPV24P.jpg\",\"width\":1520,\"height\":2280},{\"@type\":\"BreadcrumbList\",\"@id\":\"https:\\\/\\\/livekaarten.nl\\\/product\\\/microsoft-office-2024-professional-plus-microsoft-visio-2024-professional-fur-3-pc\\\/#breadcrumb\",\"itemListElement\":[{\"@type\":\"ListItem\",\"position\":1,\"name\":\"Home\",\"item\":\"https:\\\/\\\/livekaarten.nl\\\/\"},{\"@type\":\"ListItem\",\"position\":2,\"name\":\"Winkel\",\"item\":\"https:\\\/\\\/livekaarten.nl\\\/shop\\\/\"},{\"@type\":\"ListItem\",\"position\":3,\"name\":\"Microsoft Office 2024 Professional Plus + Microsoft Visio 2024 Professional Licentie voor 3 apparaten\"}]},{\"@type\":\"WebSite\",\"@id\":\"https:\\\/\\\/livekaarten.nl\\\/#website\",\"url\":\"https:\\\/\\\/livekaarten.nl\\\/\",\"name\":\"Livekaarten.nl\",\"description\":\"Koop uw kantoor\",\"potentialAction\":[{\"@type\":\"SearchAction\",\"target\":{\"@type\":\"EntryPoint\",\"urlTemplate\":\"https:\\\/\\\/livekaarten.nl\\\/?s={search_term_string}\"},\"query-input\":{\"@type\":\"PropertyValueSpecification\",\"valueRequired\":true,\"valueName\":\"search_term_string\"}}],\"inLanguage\":\"es\"}]}<\/script>\n<!-- \/ Yoast SEO plugin. -->","yoast_head_json":{"title":"Microsoft Office 2024 Professional Plus + Microsoft Visio 2024 Professional Licentie voor 3 apparaten | livekaarten.nl","robots":{"index":"index","follow":"follow","max-snippet":"max-snippet:-1","max-image-preview":"max-image-preview:large","max-video-preview":"max-video-preview:-1"},"canonical":"https:\/\/livekaarten.nl\/es\/producto\/microsoft-office-2024-professional-plus-microsoft-visio-2024-professional-fur-3-pc\/","og_locale":"es_ES","og_type":"article","og_title":"Microsoft Office 2024 Professional Plus + Microsoft Visio 2024 Professional Licentie voor 3 apparaten | livekaarten.nl","og_description":"Microsoft Office 2024 Professional Plus-licentie voor 3 pc's  Microsoft Visio 2024 Professional-licentie voor 3 pc's  Met deze licentie kun je de software activeren op 3 verschillende apparaten, zoals een thuis-pc, een laptop en een werk-pc.  Geschikt voor 32- en 64-bits systemen, volledige onbeperkte versies van de software van een gecertificeerde Microsoft Gold Partner  30 dagen niet-goed-geld-teruggarantie + levenslange vervangingsgarantie!  Levering per e-mail: productsleutel, installatiehandleiding, downloadlinks en factuur  Direct te downloaden!  Geen tijdslimiet, geen abonnement vereist  Gratis 24\/7 ondersteuning bij installatie en activering  Geen fysieke levering (geen USB, CD of ander opslagmedium)  Activering mogelijk via internet of telefonisch  Beschikbare talen: Engels, Spaans, Italiaans, Duits en Frans  Compatibel met Microsoft Windows.  NIET compatibel met Apple macOS\u2122, Android-apparaten of Chromebooks.","og_url":"https:\/\/livekaarten.nl\/es\/producto\/microsoft-office-2024-professional-plus-microsoft-visio-2024-professional-fur-3-pc\/","og_site_name":"livekaarten.nl","article_modified_time":"2026-04-03T10:03:33+00:00","og_image":[{"width":1520,"height":2280,"url":"https:\/\/livekaarten.nl\/wp-content\/uploads\/2025\/04\/O24PPV24P.jpg","type":"image\/jpeg"}],"twitter_card":"summary_large_image","twitter_misc":{"Tiempo de lectura":"2 minutos"},"schema":{"@context":"https:\/\/schema.org","@graph":[{"@type":"WebPage","@id":"https:\/\/livekaarten.nl\/product\/microsoft-office-2024-professional-plus-microsoft-visio-2024-professional-fur-3-pc\/","url":"https:\/\/livekaarten.nl\/product\/microsoft-office-2024-professional-plus-microsoft-visio-2024-professional-fur-3-pc\/","name":"Microsoft Office 2024 Professional Plus + Microsoft Visio 2024 Professional Licentie voor 3 apparaten | livekaarten.nl","isPartOf":{"@id":"https:\/\/livekaarten.nl\/#website"},"primaryImageOfPage":{"@id":"https:\/\/livekaarten.nl\/product\/microsoft-office-2024-professional-plus-microsoft-visio-2024-professional-fur-3-pc\/#primaryimage"},"image":{"@id":"https:\/\/livekaarten.nl\/product\/microsoft-office-2024-professional-plus-microsoft-visio-2024-professional-fur-3-pc\/#primaryimage"},"thumbnailUrl":"https:\/\/livekaarten.nl\/wp-content\/uploads\/2025\/04\/O24PPV24P.jpg","datePublished":"2024-11-03T16:31:40+00:00","dateModified":"2026-04-03T10:03:33+00:00","breadcrumb":{"@id":"https:\/\/livekaarten.nl\/product\/microsoft-office-2024-professional-plus-microsoft-visio-2024-professional-fur-3-pc\/#breadcrumb"},"inLanguage":"es","potentialAction":[{"@type":"ReadAction","target":["https:\/\/livekaarten.nl\/product\/microsoft-office-2024-professional-plus-microsoft-visio-2024-professional-fur-3-pc\/"]}]},{"@type":"ImageObject","inLanguage":"es","@id":"https:\/\/livekaarten.nl\/product\/microsoft-office-2024-professional-plus-microsoft-visio-2024-professional-fur-3-pc\/#primaryimage","url":"https:\/\/livekaarten.nl\/wp-content\/uploads\/2025\/04\/O24PPV24P.jpg","contentUrl":"https:\/\/livekaarten.nl\/wp-content\/uploads\/2025\/04\/O24PPV24P.jpg","width":1520,"height":2280},{"@type":"BreadcrumbList","@id":"https:\/\/livekaarten.nl\/product\/microsoft-office-2024-professional-plus-microsoft-visio-2024-professional-fur-3-pc\/#breadcrumb","itemListElement":[{"@type":"ListItem","position":1,"name":"Home","item":"https:\/\/livekaarten.nl\/"},{"@type":"ListItem","position":2,"name":"Winkel","item":"https:\/\/livekaarten.nl\/shop\/"},{"@type":"ListItem","position":3,"name":"Microsoft Office 2024 Professional Plus + Microsoft Visio 2024 Professional Licentie voor 3 apparaten"}]},{"@type":"WebSite","@id":"https:\/\/livekaarten.nl\/#website","url":"https:\/\/livekaarten.nl\/","name":"Livecards.es","description":"Compre su oficina","potentialAction":[{"@type":"SearchAction","target":{"@type":"EntryPoint","urlTemplate":"https:\/\/livekaarten.nl\/?s={search_term_string}"},"query-input":{"@type":"PropertyValueSpecification","valueRequired":true,"valueName":"search_term_string"}}],"inLanguage":"es"}]}},"_links":{"self":[{"href":"https:\/\/livekaarten.nl\/es\/wp-json\/wp\/v2\/product\/114080","targetHints":{"allow":["GET"]}}],"collection":[{"href":"https:\/\/livekaarten.nl\/es\/wp-json\/wp\/v2\/product"}],"about":[{"href":"https:\/\/livekaarten.nl\/es\/wp-json\/wp\/v2\/types\/product"}],"replies":[{"embeddable":true,"href":"https:\/\/livekaarten.nl\/es\/wp-json\/wp\/v2\/comments?post=114080"}],"wp:featuredmedia":[{"embeddable":true,"href":"https:\/\/livekaarten.nl\/es\/wp-json\/wp\/v2\/media\/114628"}],"wp:attachment":[{"href":"https:\/\/livekaarten.nl\/es\/wp-json\/wp\/v2\/media?parent=114080"}],"wp:term":[{"taxonomy":"product_cat","embeddable":true,"href":"https:\/\/livekaarten.nl\/es\/wp-json\/wp\/v2\/product_cat?post=114080"},{"taxonomy":"product_tag","embeddable":true,"href":"https:\/\/livekaarten.nl\/es\/wp-json\/wp\/v2\/product_tag?post=114080"}],"curies":[{"name":"wp","href":"https:\/\/api.w.org\/{rel}","templated":true}]}}