{"id":113613,"date":"2024-06-25T20:25:53","date_gmt":"2024-06-25T18:25:53","guid":{"rendered":"https:\/\/gamecardshop.com\/livecards\/?post_type=product&#038;p=113613"},"modified":"2026-04-03T12:03:25","modified_gmt":"2026-04-03T10:03:25","slug":"microsoft-office-2024-pro-plus-office-2021-pro-plus","status":"publish","type":"product","link":"https:\/\/livekaarten.nl\/es\/producto\/microsoft-office-2024-pro-plus-office-2021-pro-plus\/","title":{"rendered":"Microsoft Office 2024 Professional Plus + Office 2021 Professional Plus Licencia para 3 dispositivos"},"content":{"rendered":"<h3><strong>Microsoft Office 2024 Professional Plus<\/strong><\/h3>\n<div style=\"margin-bottom: 15px;\"><strong>Con esta licencia, el software puede activarse en 3 dispositivos diferentes, por ejemplo, el PC de casa, el port\u00e1til y el PC del trabajo.<\/strong><\/div>\n<div style=\"margin-bottom: 15px;\">Los usuarios de Microsoft Office que utilizan toda la gama de aplicaciones en casa o en la oficina est\u00e1n bien asesorados con el Microsoft Office 2024 Professional Plus Edition. Se incluyen todos los programas principales: Word, Excel, Outlook, PowerPoint y Access (Publisher ya no se incluye porque dejar\u00e1 de fabricarse en 2026). OneNote ya est\u00e1 disponible para su descarga desde Microsoft Windows Store, para que pueda tomar notas r\u00e1pidamente y tenerlas disponibles en todos sus dispositivos a trav\u00e9s de la nube. Debido a su amplia gama de programas diferentes, la versi\u00f3n Professional Plus est\u00e1 dirigida principalmente a las personas que trabajan desde casa, trabajan en la oficina o buscan una soluci\u00f3n potente y fiable para gestionar documentos, tablas y mucho m\u00e1s.<\/div>\n<ul>\n<li><strong>Convi\u00e9rtete en<\/strong>Crea documentos de texto de calidad profesional en un abrir y cerrar de ojos.<\/li>\n<li><strong>Excel<\/strong>: Hojas de c\u00e1lculo inteligentes para la gesti\u00f3n de la informaci\u00f3n.<\/li>\n<li><strong>PowerPoint<\/strong>: Cree impresionantes presentaciones din\u00e1micas.<\/li>\n<li><strong>OneNote<\/strong>: Tu cuaderno digital.<\/li>\n<li><strong>Outlook<\/strong>: La comunicaci\u00f3n simplificada.<\/li>\n<li><strong>Acceda a<\/strong>: Programaci\u00f3n de bases de datos para aplicaciones basadas en navegador.<\/li>\n<\/ul>\n<p><strong>Nota importante:<\/strong> <strong>Equipos<\/strong> es <strong>NO<\/strong> \u00a1incluido en esta versi\u00f3n de Office!<\/p>\n<div><strong>Requisitos del sistema operativo: Microsoft Windows 10 u 11<\/strong><\/div>\n<hr \/>\n<h3><strong>Microsoft Office 2021 Professional Plus<\/strong><\/h3>\n<div>Para cualquiera que necesite un conjunto de herramientas s\u00f3lido y fiable para uso dom\u00e9stico o de oficina, Microsoft Office 2021 Professional Plus Edition ofrece una soluci\u00f3n completa. Se incluyen todos los programas principales: Word, Excel, Outlook, PowerPoint, Publisher y Access. OneNote se puede descargar desde la Tienda Windows, para que pueda tomar notas r\u00e1pidamente y tenerlas disponibles en todos sus dispositivos a trav\u00e9s de la nube. Su amplia gama de programas lo hace perfecto para quienes trabajan desde casa, dirigen una oficina dom\u00e9stica o buscan una soluci\u00f3n potente y fiable de gesti\u00f3n de documentos y productividad.<\/div>\n<p><strong>Caracter\u00edsticas principales de Microsoft Office 2021 Professional Plus:<\/strong><\/p>\n<ul>\n<li><strong>Microsoft Word<\/strong>: Cree documentos de texto de calidad profesional.<\/li>\n<li><strong>Microsoft Excel<\/strong>: Hojas de c\u00e1lculo inteligentes para la gesti\u00f3n de datos.<\/li>\n<li><strong>Microsoft PowerPoint<\/strong>: Cree presentaciones impresionantes y din\u00e1micas.<\/li>\n<li><strong>Microsoft OneNote<\/strong>: Tu cuaderno digital.<\/li>\n<li><strong>Microsoft Outlook<\/strong>: Comunicaci\u00f3n sencilla y eficaz.<\/li>\n<li><strong>Microsoft Publisher<\/strong>: Maquetaci\u00f3n de publicaciones de aspecto profesional.<\/li>\n<li><strong>Microsoft Access<\/strong>: Gesti\u00f3n de bases de datos para aplicaciones basadas en navegador.<\/li>\n<li><strong>Microsoft Teams<\/strong>: Colaboraci\u00f3n mejorada mediante chat y videollamadas (descarga por separado).<\/li>\n<\/ul>\n<p><strong>Nota:<\/strong> Por a <a href=\"https:\/\/blogs.microsoft.com\/eupolicy\/2023\/08\/31\/european-competition-teams-office-microsoft-365\/\" target=\"_blank\" rel=\"noopener\">Investigaci\u00f3n de la Comisi\u00f3n Europea<\/a> ya no incluye Microsoft Teams con los productos Office por defecto. Puede <a href=\"https:\/\/www.microsoft.com\/en-us\/microsoft-teams\/download-app\" target=\"_blank\" rel=\"noopener\">Equipos descargados por separado<\/a> y utilizarlo con una licencia gratuita o de pago, en funci\u00f3n de sus necesidades.<\/p>\n<hr \/>\n<div>Con este exclusivo paquete, obtendr\u00e1 lo mejor de ambas versiones de Microsoft Office: la estabilidad y fiabilidad de Microsoft Office 2021, as\u00ed como la innovaci\u00f3n y las funciones avanzadas de Microsoft Office 2024. \u00a1No pierda esta oportunidad de maximizar su productividad y actualizar su lugar de trabajo!<\/div>","protected":false},"excerpt":{"rendered":"<ul>\n<li>Licencia Microsoft Office 2024 Professional Plus para 3 dispositivos<\/li>\n<li>Licencia Microsoft Office 2021 Professional Plus para 3 dispositivos<\/li>\n<li><strong>Con esta licencia, el software puede activarse en 3 dispositivos diferentes, por ejemplo, un PC dom\u00e9stico, un port\u00e1til y un PC de trabajo.<\/strong><\/li>\n<li>Versiones para sistemas de 32 y 64 bits, versiones de software completas e ilimitadas <strong>de un Microsoft Gold Partner certificado<\/strong><\/li>\n<li><strong>Garant\u00eda de devoluci\u00f3n del dinero de por vida<\/strong><\/li>\n<li>Entrega por correo electr\u00f3nico: clave de producto, instrucciones, enlaces de descarga, factura<\/li>\n<li>Descargar inmediatamente<\/li>\n<li>Sin l\u00edmite de tiempo, sin suscripci\u00f3n<\/li>\n<li>Asistencia gratuita 24 horas al d\u00eda, 7 d\u00edas a la semana, durante la instalaci\u00f3n y la activaci\u00f3n<\/li>\n<li>No disponible en soporte f\u00edsico (USB, CD, etc.)<\/li>\n<li>Activaci\u00f3n en l\u00ednea y por tel\u00e9fono<\/li>\n<li>Idiomas: ingl\u00e9s, espa\u00f1ol, italiano, alem\u00e1n y franc\u00e9s.<\/li>\n<li><strong><span style=\"color: #008000;\">Este producto es compatible con Microsoft Windows.<\/span><\/strong><\/li>\n<li><strong><span style=\"color: #ff0000;\">NO compatible con Apple macOS\u2122, dispositivos Android y Chromebooks.<\/span><\/strong><\/li>\n<\/ul>","protected":false},"featured_media":114640,"comment_status":"closed","ping_status":"closed","template":"","meta":[],"product_cat":[75,129],"product_tag":[79,84],"class_list":{"0":"post-113613","1":"product","2":"type-product","3":"status-publish","4":"has-post-thumbnail","6":"product_cat-microsoft-office","7":"product_cat-office-2024","8":"product_tag-ms-office","9":"product_tag-office","11":"first","12":"instock","13":"sale","14":"virtual","15":"taxable","16":"purchasable","17":"product-type-simple"},"yoast_head":"<!-- This site is optimized with the Yoast SEO plugin v27.3 - https:\/\/yoast.com\/product\/yoast-seo-wordpress\/ -->\n<title>Microsoft Office 2024 Professional Plus + Office 2021 Professional Plus Licentie voor 3 apparaten | livekaarten.nl<\/title>\n<meta name=\"robots\" content=\"index, follow, max-snippet:-1, max-image-preview:large, max-video-preview:-1\" \/>\n<link rel=\"canonical\" href=\"https:\/\/livekaarten.nl\/es\/producto\/microsoft-office-2024-pro-plus-office-2021-pro-plus\/\" \/>\n<meta property=\"og:locale\" content=\"es_ES\" \/>\n<meta property=\"og:type\" content=\"article\" \/>\n<meta property=\"og:title\" content=\"Microsoft Office 2024 Professional Plus + Office 2021 Professional Plus Licentie voor 3 apparaten | livekaarten.nl\" \/>\n<meta property=\"og:description\" content=\"Microsoft Office 2024 Professional Plus-licentie voor 3 apparaten  Microsoft Office 2021 Professional Plus-licentie voor 3 apparaten  Met deze licentie kan de software op 3 verschillende apparaten worden geactiveerd, bijv. een thuis-pc, notebook en werk-pc.  Versies voor 32- en 64-bits systemen, volledige onbeperkte softwareversies van een gecertificeerde Microsoft Gold Partner  Levenslange geld-terug-garantie!  Levering per e-mail: productsleutel, instructies, downloadlinks, factuur  Direct downloaden!  Geen tijdslimiet, geen abonnement  Gratis ondersteuning 24\/7 tijdens installatie en activering  Niet beschikbaar op fysieke media (USB, CD, enz.)  Activering online en telefonisch  Talen: Engels, Spaans, Italiaans, Duits, Frans  Dit product is compatibel met Microsoft Windows.  NIET compatibel met Apple macOS\u2122, Android-apparaten en Chromebooks.\" \/>\n<meta property=\"og:url\" content=\"https:\/\/livekaarten.nl\/es\/producto\/microsoft-office-2024-pro-plus-office-2021-pro-plus\/\" \/>\n<meta property=\"og:site_name\" content=\"livekaarten.nl\" \/>\n<meta property=\"article:modified_time\" content=\"2026-04-03T10:03:25+00:00\" \/>\n<meta property=\"og:image\" content=\"https:\/\/livekaarten.nl\/wp-content\/uploads\/2025\/04\/O24PPO21PP.jpg\" \/>\n\t<meta property=\"og:image:width\" content=\"1000\" \/>\n\t<meta property=\"og:image:height\" content=\"1500\" \/>\n\t<meta property=\"og:image:type\" content=\"image\/jpeg\" \/>\n<meta name=\"twitter:card\" content=\"summary_large_image\" \/>\n<meta name=\"twitter:label1\" content=\"Tiempo de lectura\" \/>\n\t<meta name=\"twitter:data1\" content=\"3 minutos\" \/>\n<script type=\"application\/ld+json\" class=\"yoast-schema-graph\">{\"@context\":\"https:\\\/\\\/schema.org\",\"@graph\":[{\"@type\":\"WebPage\",\"@id\":\"https:\\\/\\\/livekaarten.nl\\\/product\\\/microsoft-office-2024-pro-plus-office-2021-pro-plus\\\/\",\"url\":\"https:\\\/\\\/livekaarten.nl\\\/product\\\/microsoft-office-2024-pro-plus-office-2021-pro-plus\\\/\",\"name\":\"Microsoft Office 2024 Professional Plus + Office 2021 Professional Plus Licentie voor 3 apparaten | livekaarten.nl\",\"isPartOf\":{\"@id\":\"https:\\\/\\\/livekaarten.nl\\\/#website\"},\"primaryImageOfPage\":{\"@id\":\"https:\\\/\\\/livekaarten.nl\\\/product\\\/microsoft-office-2024-pro-plus-office-2021-pro-plus\\\/#primaryimage\"},\"image\":{\"@id\":\"https:\\\/\\\/livekaarten.nl\\\/product\\\/microsoft-office-2024-pro-plus-office-2021-pro-plus\\\/#primaryimage\"},\"thumbnailUrl\":\"https:\\\/\\\/livekaarten.nl\\\/wp-content\\\/uploads\\\/2025\\\/04\\\/O24PPO21PP.jpg\",\"datePublished\":\"2024-06-25T18:25:53+00:00\",\"dateModified\":\"2026-04-03T10:03:25+00:00\",\"breadcrumb\":{\"@id\":\"https:\\\/\\\/livekaarten.nl\\\/product\\\/microsoft-office-2024-pro-plus-office-2021-pro-plus\\\/#breadcrumb\"},\"inLanguage\":\"es\",\"potentialAction\":[{\"@type\":\"ReadAction\",\"target\":[\"https:\\\/\\\/livekaarten.nl\\\/product\\\/microsoft-office-2024-pro-plus-office-2021-pro-plus\\\/\"]}]},{\"@type\":\"ImageObject\",\"inLanguage\":\"es\",\"@id\":\"https:\\\/\\\/livekaarten.nl\\\/product\\\/microsoft-office-2024-pro-plus-office-2021-pro-plus\\\/#primaryimage\",\"url\":\"https:\\\/\\\/livekaarten.nl\\\/wp-content\\\/uploads\\\/2025\\\/04\\\/O24PPO21PP.jpg\",\"contentUrl\":\"https:\\\/\\\/livekaarten.nl\\\/wp-content\\\/uploads\\\/2025\\\/04\\\/O24PPO21PP.jpg\",\"width\":1000,\"height\":1500},{\"@type\":\"BreadcrumbList\",\"@id\":\"https:\\\/\\\/livekaarten.nl\\\/product\\\/microsoft-office-2024-pro-plus-office-2021-pro-plus\\\/#breadcrumb\",\"itemListElement\":[{\"@type\":\"ListItem\",\"position\":1,\"name\":\"Home\",\"item\":\"https:\\\/\\\/livekaarten.nl\\\/\"},{\"@type\":\"ListItem\",\"position\":2,\"name\":\"Winkel\",\"item\":\"https:\\\/\\\/livekaarten.nl\\\/shop\\\/\"},{\"@type\":\"ListItem\",\"position\":3,\"name\":\"Microsoft Office 2024 Professional Plus + Office 2021 Professional Plus Licentie voor 3 apparaten\"}]},{\"@type\":\"WebSite\",\"@id\":\"https:\\\/\\\/livekaarten.nl\\\/#website\",\"url\":\"https:\\\/\\\/livekaarten.nl\\\/\",\"name\":\"Livekaarten.nl\",\"description\":\"Koop uw kantoor\",\"potentialAction\":[{\"@type\":\"SearchAction\",\"target\":{\"@type\":\"EntryPoint\",\"urlTemplate\":\"https:\\\/\\\/livekaarten.nl\\\/?s={search_term_string}\"},\"query-input\":{\"@type\":\"PropertyValueSpecification\",\"valueRequired\":true,\"valueName\":\"search_term_string\"}}],\"inLanguage\":\"es\"}]}<\/script>\n<!-- \/ Yoast SEO plugin. -->","yoast_head_json":{"title":"Microsoft Office 2024 Professional Plus + Office 2021 Professional Plus Licentie voor 3 apparaten | livekaarten.nl","robots":{"index":"index","follow":"follow","max-snippet":"max-snippet:-1","max-image-preview":"max-image-preview:large","max-video-preview":"max-video-preview:-1"},"canonical":"https:\/\/livekaarten.nl\/es\/producto\/microsoft-office-2024-pro-plus-office-2021-pro-plus\/","og_locale":"es_ES","og_type":"article","og_title":"Microsoft Office 2024 Professional Plus + Office 2021 Professional Plus Licentie voor 3 apparaten | livekaarten.nl","og_description":"Microsoft Office 2024 Professional Plus-licentie voor 3 apparaten  Microsoft Office 2021 Professional Plus-licentie voor 3 apparaten  Met deze licentie kan de software op 3 verschillende apparaten worden geactiveerd, bijv. een thuis-pc, notebook en werk-pc.  Versies voor 32- en 64-bits systemen, volledige onbeperkte softwareversies van een gecertificeerde Microsoft Gold Partner  Levenslange geld-terug-garantie!  Levering per e-mail: productsleutel, instructies, downloadlinks, factuur  Direct downloaden!  Geen tijdslimiet, geen abonnement  Gratis ondersteuning 24\/7 tijdens installatie en activering  Niet beschikbaar op fysieke media (USB, CD, enz.)  Activering online en telefonisch  Talen: Engels, Spaans, Italiaans, Duits, Frans  Dit product is compatibel met Microsoft Windows.  NIET compatibel met Apple macOS\u2122, Android-apparaten en Chromebooks.","og_url":"https:\/\/livekaarten.nl\/es\/producto\/microsoft-office-2024-pro-plus-office-2021-pro-plus\/","og_site_name":"livekaarten.nl","article_modified_time":"2026-04-03T10:03:25+00:00","og_image":[{"width":1000,"height":1500,"url":"https:\/\/livekaarten.nl\/wp-content\/uploads\/2025\/04\/O24PPO21PP.jpg","type":"image\/jpeg"}],"twitter_card":"summary_large_image","twitter_misc":{"Tiempo de lectura":"3 minutos"},"schema":{"@context":"https:\/\/schema.org","@graph":[{"@type":"WebPage","@id":"https:\/\/livekaarten.nl\/product\/microsoft-office-2024-pro-plus-office-2021-pro-plus\/","url":"https:\/\/livekaarten.nl\/product\/microsoft-office-2024-pro-plus-office-2021-pro-plus\/","name":"Microsoft Office 2024 Professional Plus + Office 2021 Professional Plus Licentie voor 3 apparaten | livekaarten.nl","isPartOf":{"@id":"https:\/\/livekaarten.nl\/#website"},"primaryImageOfPage":{"@id":"https:\/\/livekaarten.nl\/product\/microsoft-office-2024-pro-plus-office-2021-pro-plus\/#primaryimage"},"image":{"@id":"https:\/\/livekaarten.nl\/product\/microsoft-office-2024-pro-plus-office-2021-pro-plus\/#primaryimage"},"thumbnailUrl":"https:\/\/livekaarten.nl\/wp-content\/uploads\/2025\/04\/O24PPO21PP.jpg","datePublished":"2024-06-25T18:25:53+00:00","dateModified":"2026-04-03T10:03:25+00:00","breadcrumb":{"@id":"https:\/\/livekaarten.nl\/product\/microsoft-office-2024-pro-plus-office-2021-pro-plus\/#breadcrumb"},"inLanguage":"es","potentialAction":[{"@type":"ReadAction","target":["https:\/\/livekaarten.nl\/product\/microsoft-office-2024-pro-plus-office-2021-pro-plus\/"]}]},{"@type":"ImageObject","inLanguage":"es","@id":"https:\/\/livekaarten.nl\/product\/microsoft-office-2024-pro-plus-office-2021-pro-plus\/#primaryimage","url":"https:\/\/livekaarten.nl\/wp-content\/uploads\/2025\/04\/O24PPO21PP.jpg","contentUrl":"https:\/\/livekaarten.nl\/wp-content\/uploads\/2025\/04\/O24PPO21PP.jpg","width":1000,"height":1500},{"@type":"BreadcrumbList","@id":"https:\/\/livekaarten.nl\/product\/microsoft-office-2024-pro-plus-office-2021-pro-plus\/#breadcrumb","itemListElement":[{"@type":"ListItem","position":1,"name":"Home","item":"https:\/\/livekaarten.nl\/"},{"@type":"ListItem","position":2,"name":"Winkel","item":"https:\/\/livekaarten.nl\/shop\/"},{"@type":"ListItem","position":3,"name":"Microsoft Office 2024 Professional Plus + Office 2021 Professional Plus Licentie voor 3 apparaten"}]},{"@type":"WebSite","@id":"https:\/\/livekaarten.nl\/#website","url":"https:\/\/livekaarten.nl\/","name":"Livecards.es","description":"Compre su oficina","potentialAction":[{"@type":"SearchAction","target":{"@type":"EntryPoint","urlTemplate":"https:\/\/livekaarten.nl\/?s={search_term_string}"},"query-input":{"@type":"PropertyValueSpecification","valueRequired":true,"valueName":"search_term_string"}}],"inLanguage":"es"}]}},"_links":{"self":[{"href":"https:\/\/livekaarten.nl\/es\/wp-json\/wp\/v2\/product\/113613","targetHints":{"allow":["GET"]}}],"collection":[{"href":"https:\/\/livekaarten.nl\/es\/wp-json\/wp\/v2\/product"}],"about":[{"href":"https:\/\/livekaarten.nl\/es\/wp-json\/wp\/v2\/types\/product"}],"replies":[{"embeddable":true,"href":"https:\/\/livekaarten.nl\/es\/wp-json\/wp\/v2\/comments?post=113613"}],"wp:featuredmedia":[{"embeddable":true,"href":"https:\/\/livekaarten.nl\/es\/wp-json\/wp\/v2\/media\/114640"}],"wp:attachment":[{"href":"https:\/\/livekaarten.nl\/es\/wp-json\/wp\/v2\/media?parent=113613"}],"wp:term":[{"taxonomy":"product_cat","embeddable":true,"href":"https:\/\/livekaarten.nl\/es\/wp-json\/wp\/v2\/product_cat?post=113613"},{"taxonomy":"product_tag","embeddable":true,"href":"https:\/\/livekaarten.nl\/es\/wp-json\/wp\/v2\/product_tag?post=113613"}],"curies":[{"name":"wp","href":"https:\/\/api.w.org\/{rel}","templated":true}]}}