{"id":844,"date":"2017-10-03T13:23:02","date_gmt":"2017-10-03T13:23:02","guid":{"rendered":"https:\/\/gamecardshop.com\/livecards\/?page_id=844"},"modified":"2025-11-12T16:36:51","modified_gmt":"2025-11-12T15:36:51","slug":"contact-us","status":"publish","type":"page","link":"https:\/\/livekaarten.nl\/es\/contact-us\/","title":{"rendered":"Cont\u00e1ctenos"},"content":{"rendered":"<p><script>\n  function initFreshChat() {\n    window.fcWidget.init({\n      \t token: \"0b0ab2bd-7272-4bb2-b88f-7388c41cbccc\",\n\t host: \"https:\/\/gamecardshop-help.freshchat.com\",\n\t widgetUuid: \"4ed7fe7b-ce77-47aa-8e39-bca5f0d7377d\"\n    });\n  }\n  function initialize(i,t){var e;i.getElementById(t)?\n  initFreshChat():((e=i.createElement(\"script\")).id=t,e.async=!0,\n  e.src=\"https:\/\/gamecardshop-help.freshchat.com\/js\/widget.js\",e.onload=initFreshChat,i.head.appendChild(e))}\n  function initiateCall(){initialize(document,\"Freshchat-js-sdk\")}\n  window.addEventListener?window.addEventListener(\"load\",initiateCall,!1):\n  window.attachEvent(\"load\",initiateCall,!1);\n<\/script><\/p>\n<p>\u00bfTiene alguna pregunta? Rellene el breve formulario que aparece a continuaci\u00f3n y le responderemos en seguida.<\/p>\n\n<div class=\"wpcf7 no-js\" id=\"wpcf7-f1106-o1\" lang=\"en-US\" dir=\"ltr\" data-wpcf7-id=\"1106\">\n<div class=\"screen-reader-response\"><p role=\"status\" aria-live=\"polite\" aria-atomic=\"true\"><\/p> <ul><\/ul><\/div>\n<form action=\"\/es\/wp-json\/wp\/v2\/pages\/844#wpcf7-f1106-o1\" method=\"post\" class=\"wpcf7-form init\" aria-label=\"Contact form\" novalidate=\"novalidate\" data-status=\"init\" data-trp-original-action=\"\/es\/wp-json\/wp\/v2\/pages\/844#wpcf7-f1106-o1\">\n<fieldset class=\"hidden-fields-container\"><input type=\"hidden\" name=\"_wpcf7\" value=\"1106\" \/><input type=\"hidden\" name=\"_wpcf7_version\" value=\"6.1.5\" \/><input type=\"hidden\" name=\"_wpcf7_locale\" value=\"en_US\" \/><input type=\"hidden\" name=\"_wpcf7_unit_tag\" value=\"wpcf7-f1106-o1\" \/><input type=\"hidden\" name=\"_wpcf7_container_post\" value=\"0\" \/><input type=\"hidden\" name=\"_wpcf7_posted_data_hash\" value=\"\" \/>\n<\/fieldset>\n<p><span class=\"wpcf7-form-control-wrap\" data-name=\"your-name\"><input size=\"40\" maxlength=\"400\" class=\"wpcf7-form-control wpcf7-text wpcf7-validates-as-required style1\" aria-required=\"true\" aria-invalid=\"false\" placeholder=\"Introduzca su nombre\" value=\"\" type=\"text\" name=\"your-name\" \/><\/span><br \/>\n<span class=\"wpcf7-form-control-wrap\" data-name=\"your-email\"><input size=\"40\" maxlength=\"400\" class=\"wpcf7-form-control wpcf7-email wpcf7-validates-as-required wpcf7-text wpcf7-validates-as-email style1\" aria-required=\"true\" aria-invalid=\"false\" placeholder=\"Su direcci\u00f3n de correo electr\u00f3nico\" value=\"\" type=\"email\" name=\"your-email\" \/><\/span><br \/>\n<span class=\"wpcf7-form-control-wrap\" data-name=\"your-subject\"><input size=\"40\" maxlength=\"400\" class=\"wpcf7-form-control wpcf7-text style1\" aria-invalid=\"false\" placeholder=\"Su asunto\" value=\"\" type=\"text\" name=\"your-subject\" \/><\/span><br \/>\n<span class=\"wpcf7-form-control-wrap\" data-name=\"your-message\"><textarea cols=\"40\" rows=\"4\" maxlength=\"2000\" class=\"wpcf7-form-control wpcf7-textarea style1\" aria-invalid=\"false\" placeholder=\"Su mensaje\" name=\"your-message\"><\/textarea><\/span><br \/>\n<br \/>\n<input class=\"wpcf7-form-control wpcf7-submit has-spinner button-style2\" type=\"submit\" value=\"enviar\" \/>\n<\/p><div class=\"wpcf7-response-output\" aria-hidden=\"true\"><\/div>\n<input type=\"hidden\" name=\"trp-form-language\" value=\"es\"\/><\/form>\n<\/div>\n\n<h5><a href=\"https:\/\/livekaarten.nl\/es\/\">livekaarten.nl<\/a><\/h5>\n<p><strong>PAY SHIELD LTD<\/strong><\/p>\n<p><strong>Direcci\u00f3n:<\/strong> Westwood Business Centre Unit A5a, Continental Approach, Margate, Inglaterra, CT9 4JG<br \/>\n<strong>Correo: <\/strong><a href='mailto:info@livekaarten.nl'>info@livekaarten.nl<\/a><br \/>\n<strong>Apoyo:<\/strong> Atenci\u00f3n al cliente 24 horas al d\u00eda, 7 d\u00edas a la semana.<br \/>\n<strong>Correo electr\u00f3nico: <\/strong><a href=\"mailto:&lt;a href=&#039;mailto:info@livekaarten.nl&#039;&gt;info@livekaarten.nl&lt;\/a&gt;\"><a href='mailto:info@livekaarten.nl'>info@livekaarten.nl<\/a><\/a><\/p>","protected":false},"excerpt":{"rendered":"<p>Heb je vragen? Vul dan het korte formulier hieronder in en we reageren razendsnel. livekaarten.nl Adres: Mail: Support: 24\/7 klantenondersteuning. E-mail:<\/p>","protected":false},"author":1,"featured_media":0,"parent":0,"menu_order":0,"comment_status":"closed","ping_status":"closed","template":"","meta":{"footnotes":""},"class_list":["post-844","page","type-page","status-publish","hentry"],"yoast_head":"<!-- This site is optimized with the Yoast SEO plugin v27.3 - https:\/\/yoast.com\/product\/yoast-seo-wordpress\/ -->\n<title>Contacteer ons | livekaarten.nl<\/title>\n<meta name=\"robots\" content=\"index, follow, max-snippet:-1, max-image-preview:large, max-video-preview:-1\" \/>\n<link rel=\"canonical\" href=\"https:\/\/livekaarten.nl\/es\/contact-us\/\" \/>\n<meta property=\"og:locale\" content=\"es_ES\" \/>\n<meta property=\"og:type\" content=\"article\" \/>\n<meta property=\"og:title\" content=\"Contacteer ons | livekaarten.nl\" \/>\n<meta property=\"og:description\" content=\"Heb je vragen? Vul dan het korte formulier hieronder in en we reageren razendsnel. livekaarten.nl Adres: Mail: Support: 24\/7 klantenondersteuning. E-mail:\" \/>\n<meta property=\"og:url\" content=\"https:\/\/livekaarten.nl\/es\/contact-us\/\" \/>\n<meta property=\"og:site_name\" content=\"livekaarten.nl\" \/>\n<meta property=\"article:modified_time\" content=\"2025-11-12T15:36:51+00:00\" \/>\n<meta name=\"twitter:card\" content=\"summary_large_image\" \/>\n<meta name=\"twitter:label1\" content=\"Tiempo de lectura\" \/>\n\t<meta name=\"twitter:data1\" content=\"1 minuto\" \/>\n<script type=\"application\/ld+json\" class=\"yoast-schema-graph\">{\"@context\":\"https:\\\/\\\/schema.org\",\"@graph\":[{\"@type\":\"WebPage\",\"@id\":\"https:\\\/\\\/livekaarten.nl\\\/contact-us\\\/\",\"url\":\"https:\\\/\\\/livekaarten.nl\\\/contact-us\\\/\",\"name\":\"Contacteer ons | livekaarten.nl\",\"isPartOf\":{\"@id\":\"https:\\\/\\\/livekaarten.nl\\\/#website\"},\"datePublished\":\"2017-10-03T13:23:02+00:00\",\"dateModified\":\"2025-11-12T15:36:51+00:00\",\"breadcrumb\":{\"@id\":\"https:\\\/\\\/livekaarten.nl\\\/contact-us\\\/#breadcrumb\"},\"inLanguage\":\"es\",\"potentialAction\":[{\"@type\":\"ReadAction\",\"target\":[\"https:\\\/\\\/livekaarten.nl\\\/contact-us\\\/\"]}]},{\"@type\":\"BreadcrumbList\",\"@id\":\"https:\\\/\\\/livekaarten.nl\\\/contact-us\\\/#breadcrumb\",\"itemListElement\":[{\"@type\":\"ListItem\",\"position\":1,\"name\":\"Home\",\"item\":\"https:\\\/\\\/livekaarten.nl\\\/\"},{\"@type\":\"ListItem\",\"position\":2,\"name\":\"Contacteer ons\"}]},{\"@type\":\"WebSite\",\"@id\":\"https:\\\/\\\/livekaarten.nl\\\/#website\",\"url\":\"https:\\\/\\\/livekaarten.nl\\\/\",\"name\":\"Livekaarten.nl\",\"description\":\"Koop uw kantoor\",\"potentialAction\":[{\"@type\":\"SearchAction\",\"target\":{\"@type\":\"EntryPoint\",\"urlTemplate\":\"https:\\\/\\\/livekaarten.nl\\\/?s={search_term_string}\"},\"query-input\":{\"@type\":\"PropertyValueSpecification\",\"valueRequired\":true,\"valueName\":\"search_term_string\"}}],\"inLanguage\":\"es\"}]}<\/script>\n<!-- \/ Yoast SEO plugin. -->","yoast_head_json":{"title":"Contacteer ons | livekaarten.nl","robots":{"index":"index","follow":"follow","max-snippet":"max-snippet:-1","max-image-preview":"max-image-preview:large","max-video-preview":"max-video-preview:-1"},"canonical":"https:\/\/livekaarten.nl\/es\/contact-us\/","og_locale":"es_ES","og_type":"article","og_title":"Contacteer ons | livekaarten.nl","og_description":"Heb je vragen? Vul dan het korte formulier hieronder in en we reageren razendsnel. livekaarten.nl Adres: Mail: Support: 24\/7 klantenondersteuning. E-mail:","og_url":"https:\/\/livekaarten.nl\/es\/contact-us\/","og_site_name":"livekaarten.nl","article_modified_time":"2025-11-12T15:36:51+00:00","twitter_card":"summary_large_image","twitter_misc":{"Tiempo de lectura":"1 minuto"},"schema":{"@context":"https:\/\/schema.org","@graph":[{"@type":"WebPage","@id":"https:\/\/livekaarten.nl\/contact-us\/","url":"https:\/\/livekaarten.nl\/contact-us\/","name":"Contacteer ons | livekaarten.nl","isPartOf":{"@id":"https:\/\/livekaarten.nl\/#website"},"datePublished":"2017-10-03T13:23:02+00:00","dateModified":"2025-11-12T15:36:51+00:00","breadcrumb":{"@id":"https:\/\/livekaarten.nl\/contact-us\/#breadcrumb"},"inLanguage":"es","potentialAction":[{"@type":"ReadAction","target":["https:\/\/livekaarten.nl\/contact-us\/"]}]},{"@type":"BreadcrumbList","@id":"https:\/\/livekaarten.nl\/contact-us\/#breadcrumb","itemListElement":[{"@type":"ListItem","position":1,"name":"Home","item":"https:\/\/livekaarten.nl\/"},{"@type":"ListItem","position":2,"name":"Contacteer ons"}]},{"@type":"WebSite","@id":"https:\/\/livekaarten.nl\/#website","url":"https:\/\/livekaarten.nl\/","name":"Livecards.es","description":"Compre su oficina","potentialAction":[{"@type":"SearchAction","target":{"@type":"EntryPoint","urlTemplate":"https:\/\/livekaarten.nl\/?s={search_term_string}"},"query-input":{"@type":"PropertyValueSpecification","valueRequired":true,"valueName":"search_term_string"}}],"inLanguage":"es"}]}},"_links":{"self":[{"href":"https:\/\/livekaarten.nl\/es\/wp-json\/wp\/v2\/pages\/844","targetHints":{"allow":["GET"]}}],"collection":[{"href":"https:\/\/livekaarten.nl\/es\/wp-json\/wp\/v2\/pages"}],"about":[{"href":"https:\/\/livekaarten.nl\/es\/wp-json\/wp\/v2\/types\/page"}],"author":[{"embeddable":true,"href":"https:\/\/livekaarten.nl\/es\/wp-json\/wp\/v2\/users\/1"}],"replies":[{"embeddable":true,"href":"https:\/\/livekaarten.nl\/es\/wp-json\/wp\/v2\/comments?post=844"}],"version-history":[{"count":0,"href":"https:\/\/livekaarten.nl\/es\/wp-json\/wp\/v2\/pages\/844\/revisions"}],"wp:attachment":[{"href":"https:\/\/livekaarten.nl\/es\/wp-json\/wp\/v2\/media?parent=844"}],"curies":[{"name":"wp","href":"https:\/\/api.w.org\/{rel}","templated":true}]}}