{"id":257,"date":"2020-09-14T13:27:07","date_gmt":"2020-09-14T13:27:07","guid":{"rendered":"http:\/\/localhost\/shopingcart\/?page_id=257"},"modified":"2025-12-14T15:41:02","modified_gmt":"2025-12-14T14:41:02","slug":"about-us","status":"publish","type":"page","link":"https:\/\/livekaarten.nl\/es\/about-us\/","title":{"rendered":"Qui\u00e9nes somos"},"content":{"rendered":"<p>&nbsp;<\/p>\r\n<p><img fetchpriority=\"high\" decoding=\"async\" class=\"alignnone wp-image-12801 size-full\" src=\"https:\/\/livekaarten.nl\/wp-content\/uploads\/2025\/04\/logo.jpg\" alt=\"\" width=\"1710\" height=\"175\" \/><\/p>\r\n<h5>\u00a0<\/h5>\r\n<h5><a href=\"https:\/\/livekaarten.nl\/es\/\">livekaarten.nl<\/a>: Su plataforma de software para la calidad y la fiabilidad<\/h5>\r\n<p>Como socio de confianza de Microsoft, livekaarten.nl le ofrece una amplia gama de soluciones de software, desde Microsoft Office hasta sistemas operativos para servidores. Con nosotros, solo encontrar\u00e1 productos de fabricantes de software de renombre, lo que garantiza la calidad y la eficacia.<\/p>\r\n<p><strong>Sistemas operativos: El coraz\u00f3n de su PC<\/strong><\/p>\r\n<p>Un ordenador sin sistema operativo es como un coche sin motor. Controla el hardware, asigna los recursos y proporciona una interfaz de usuario intuitiva. Para obtener el m\u00e1ximo rendimiento de su ordenador, confiamos en l\u00edderes del mercado como Windows 11, conocido por su eficacia y facilidad de uso. Todas nuestras licencias son aut\u00e9nticas y pueden activarse directamente a trav\u00e9s de nosotros.<\/p>\r\n<p><strong>Sistemas operativos para servidores: Potencia para su empresa<\/strong><\/p>\r\n<p>Los servidores requieren sistemas operativos especializados. En livekaarten.nl, le ofrecemos los potentes sistemas Windows Server de Microsoft. Tambi\u00e9n encontrar\u00e1 otras soluciones de servidor como SQL Server, Exchange Server y SharePoint Server.<\/p>\r\n<p><strong>Microsoft Office: m\u00e1xima productividad en la oficina<\/strong><\/p>\r\n<p>Con Microsoft Office trabajar\u00e1 con m\u00e1s eficacia que nunca. Ya se trate de procesadores de texto, hojas de c\u00e1lculo o presentaciones, en livekaarten.nl encontrar\u00e1 la edici\u00f3n adecuada para cada necesidad, ya sea profesional o personal.<\/p>\r\n<p><strong>livekaarten.nl: Precios bajos, m\u00e1xima calidad y servicio de primera<\/strong><\/p>\r\n<p>En livecards.es, no s\u00f3lo se beneficiar\u00e1 de precios competitivos, sino tambi\u00e9n de un servicio fiable. Nuestro servicio multiling\u00fce de atenci\u00f3n al cliente est\u00e1 disponible las 24 horas del d\u00eda, los 7 d\u00edas de la semana, por correo electr\u00f3nico. Nuestros expertos estar\u00e1n encantados de ayudarle a instalar y utilizar su software. Conf\u00ede en nuestra experiencia y conocimientos. Cada pedido incluye una factura con nuestro n\u00famero de IVA, una pol\u00edtica de devoluciones clara y una garant\u00eda de por vida, para su seguridad y tranquilidad.<\/p>","protected":false},"excerpt":{"rendered":"<p>&nbsp; \u00a0 livekaarten.nl: Jouw softwareplatform voor kwaliteit en betrouwbaarheid Als vertrouwde Microsoft-partner biedt livekaarten.nl je een breed scala aan softwareoplossingen \u2013 van Microsoft Office tot serverbesturingssystemen. Bij ons vind je uitsluitend producten van gerenommeerde softwarefabrikanten, zodat je verzekerd bent van kwaliteit en effici\u00ebntie. Besturingssystemen: Het hart van je pc Een computer zonder besturingssysteem is als [&hellip;]<\/p>\n","protected":false},"author":1,"featured_media":0,"parent":0,"menu_order":0,"comment_status":"closed","ping_status":"closed","template":"","meta":{"footnotes":""},"class_list":["post-257","page","type-page","status-publish","hentry"],"yoast_head":"<!-- This site is optimized with the Yoast SEO plugin v27.3 - https:\/\/yoast.com\/product\/yoast-seo-wordpress\/ -->\n<title>Over ons | livekaarten.nl<\/title>\n<meta name=\"robots\" content=\"index, follow, max-snippet:-1, max-image-preview:large, max-video-preview:-1\" \/>\n<link rel=\"canonical\" href=\"https:\/\/livekaarten.nl\/es\/about-us\/\" \/>\n<meta property=\"og:locale\" content=\"es_ES\" \/>\n<meta property=\"og:type\" content=\"article\" \/>\n<meta property=\"og:title\" content=\"Over ons | livekaarten.nl\" \/>\n<meta property=\"og:description\" content=\"&nbsp; \u00a0 livekaarten.nl: Jouw softwareplatform voor kwaliteit en betrouwbaarheid Als vertrouwde Microsoft-partner biedt livekaarten.nl je een breed scala aan softwareoplossingen \u2013 van Microsoft Office tot serverbesturingssystemen. Bij ons vind je uitsluitend producten van gerenommeerde softwarefabrikanten, zodat je verzekerd bent van kwaliteit en effici\u00ebntie. Besturingssystemen: Het hart van je pc Een computer zonder besturingssysteem is als [&hellip;]\" \/>\n<meta property=\"og:url\" content=\"https:\/\/livekaarten.nl\/es\/about-us\/\" \/>\n<meta property=\"og:site_name\" content=\"livekaarten.nl\" \/>\n<meta property=\"article:modified_time\" content=\"2025-12-14T14:41:02+00:00\" \/>\n<meta name=\"twitter:card\" content=\"summary_large_image\" \/>\n<meta name=\"twitter:label1\" content=\"Tiempo de lectura\" \/>\n\t<meta name=\"twitter:data1\" content=\"2 minutos\" \/>\n<script type=\"application\/ld+json\" class=\"yoast-schema-graph\">{\"@context\":\"https:\\\/\\\/schema.org\",\"@graph\":[{\"@type\":\"WebPage\",\"@id\":\"https:\\\/\\\/livekaarten.nl\\\/about-us\\\/\",\"url\":\"https:\\\/\\\/livekaarten.nl\\\/about-us\\\/\",\"name\":\"Over ons | livekaarten.nl\",\"isPartOf\":{\"@id\":\"https:\\\/\\\/livekaarten.nl\\\/#website\"},\"primaryImageOfPage\":{\"@id\":\"https:\\\/\\\/livekaarten.nl\\\/about-us\\\/#primaryimage\"},\"image\":{\"@id\":\"https:\\\/\\\/livekaarten.nl\\\/about-us\\\/#primaryimage\"},\"thumbnailUrl\":\"https:\\\/\\\/livekaarten.nl\\\/wp-content\\\/uploads\\\/2025\\\/04\\\/logo.jpg\",\"datePublished\":\"2020-09-14T13:27:07+00:00\",\"dateModified\":\"2025-12-14T14:41:02+00:00\",\"breadcrumb\":{\"@id\":\"https:\\\/\\\/livekaarten.nl\\\/about-us\\\/#breadcrumb\"},\"inLanguage\":\"es\",\"potentialAction\":[{\"@type\":\"ReadAction\",\"target\":[\"https:\\\/\\\/livekaarten.nl\\\/about-us\\\/\"]}]},{\"@type\":\"ImageObject\",\"inLanguage\":\"es\",\"@id\":\"https:\\\/\\\/livekaarten.nl\\\/about-us\\\/#primaryimage\",\"url\":\"https:\\\/\\\/livekaarten.nl\\\/wp-content\\\/uploads\\\/2025\\\/04\\\/logo.jpg\",\"contentUrl\":\"https:\\\/\\\/livekaarten.nl\\\/wp-content\\\/uploads\\\/2025\\\/04\\\/logo.jpg\"},{\"@type\":\"BreadcrumbList\",\"@id\":\"https:\\\/\\\/livekaarten.nl\\\/about-us\\\/#breadcrumb\",\"itemListElement\":[{\"@type\":\"ListItem\",\"position\":1,\"name\":\"Home\",\"item\":\"https:\\\/\\\/livekaarten.nl\\\/\"},{\"@type\":\"ListItem\",\"position\":2,\"name\":\"Over ons\"}]},{\"@type\":\"WebSite\",\"@id\":\"https:\\\/\\\/livekaarten.nl\\\/#website\",\"url\":\"https:\\\/\\\/livekaarten.nl\\\/\",\"name\":\"Livekaarten.nl\",\"description\":\"Koop uw kantoor\",\"potentialAction\":[{\"@type\":\"SearchAction\",\"target\":{\"@type\":\"EntryPoint\",\"urlTemplate\":\"https:\\\/\\\/livekaarten.nl\\\/?s={search_term_string}\"},\"query-input\":{\"@type\":\"PropertyValueSpecification\",\"valueRequired\":true,\"valueName\":\"search_term_string\"}}],\"inLanguage\":\"es\"}]}<\/script>\n<!-- \/ Yoast SEO plugin. -->","yoast_head_json":{"title":"Over ons | livekaarten.nl","robots":{"index":"index","follow":"follow","max-snippet":"max-snippet:-1","max-image-preview":"max-image-preview:large","max-video-preview":"max-video-preview:-1"},"canonical":"https:\/\/livekaarten.nl\/es\/about-us\/","og_locale":"es_ES","og_type":"article","og_title":"Over ons | livekaarten.nl","og_description":"&nbsp; \u00a0 livekaarten.nl: Jouw softwareplatform voor kwaliteit en betrouwbaarheid Als vertrouwde Microsoft-partner biedt livekaarten.nl je een breed scala aan softwareoplossingen \u2013 van Microsoft Office tot serverbesturingssystemen. Bij ons vind je uitsluitend producten van gerenommeerde softwarefabrikanten, zodat je verzekerd bent van kwaliteit en effici\u00ebntie. Besturingssystemen: Het hart van je pc Een computer zonder besturingssysteem is als [&hellip;]","og_url":"https:\/\/livekaarten.nl\/es\/about-us\/","og_site_name":"livekaarten.nl","article_modified_time":"2025-12-14T14:41:02+00:00","twitter_card":"summary_large_image","twitter_misc":{"Tiempo de lectura":"2 minutos"},"schema":{"@context":"https:\/\/schema.org","@graph":[{"@type":"WebPage","@id":"https:\/\/livekaarten.nl\/about-us\/","url":"https:\/\/livekaarten.nl\/about-us\/","name":"Over ons | livekaarten.nl","isPartOf":{"@id":"https:\/\/livekaarten.nl\/#website"},"primaryImageOfPage":{"@id":"https:\/\/livekaarten.nl\/about-us\/#primaryimage"},"image":{"@id":"https:\/\/livekaarten.nl\/about-us\/#primaryimage"},"thumbnailUrl":"https:\/\/livekaarten.nl\/wp-content\/uploads\/2025\/04\/logo.jpg","datePublished":"2020-09-14T13:27:07+00:00","dateModified":"2025-12-14T14:41:02+00:00","breadcrumb":{"@id":"https:\/\/livekaarten.nl\/about-us\/#breadcrumb"},"inLanguage":"es","potentialAction":[{"@type":"ReadAction","target":["https:\/\/livekaarten.nl\/about-us\/"]}]},{"@type":"ImageObject","inLanguage":"es","@id":"https:\/\/livekaarten.nl\/about-us\/#primaryimage","url":"https:\/\/livekaarten.nl\/wp-content\/uploads\/2025\/04\/logo.jpg","contentUrl":"https:\/\/livekaarten.nl\/wp-content\/uploads\/2025\/04\/logo.jpg"},{"@type":"BreadcrumbList","@id":"https:\/\/livekaarten.nl\/about-us\/#breadcrumb","itemListElement":[{"@type":"ListItem","position":1,"name":"Home","item":"https:\/\/livekaarten.nl\/"},{"@type":"ListItem","position":2,"name":"Over ons"}]},{"@type":"WebSite","@id":"https:\/\/livekaarten.nl\/#website","url":"https:\/\/livekaarten.nl\/","name":"Livecards.es","description":"Compre su oficina","potentialAction":[{"@type":"SearchAction","target":{"@type":"EntryPoint","urlTemplate":"https:\/\/livekaarten.nl\/?s={search_term_string}"},"query-input":{"@type":"PropertyValueSpecification","valueRequired":true,"valueName":"search_term_string"}}],"inLanguage":"es"}]}},"_links":{"self":[{"href":"https:\/\/livekaarten.nl\/es\/wp-json\/wp\/v2\/pages\/257","targetHints":{"allow":["GET"]}}],"collection":[{"href":"https:\/\/livekaarten.nl\/es\/wp-json\/wp\/v2\/pages"}],"about":[{"href":"https:\/\/livekaarten.nl\/es\/wp-json\/wp\/v2\/types\/page"}],"author":[{"embeddable":true,"href":"https:\/\/livekaarten.nl\/es\/wp-json\/wp\/v2\/users\/1"}],"replies":[{"embeddable":true,"href":"https:\/\/livekaarten.nl\/es\/wp-json\/wp\/v2\/comments?post=257"}],"version-history":[{"count":0,"href":"https:\/\/livekaarten.nl\/es\/wp-json\/wp\/v2\/pages\/257\/revisions"}],"wp:attachment":[{"href":"https:\/\/livekaarten.nl\/es\/wp-json\/wp\/v2\/media?parent=257"}],"curies":[{"name":"wp","href":"https:\/\/api.w.org\/{rel}","templated":true}]}}