{"id":2096,"date":"2020-12-16T16:19:20","date_gmt":"2020-12-16T16:19:20","guid":{"rendered":"https:\/\/shop.winandoffice.com\/?page_id=1163"},"modified":"2026-03-09T14:43:56","modified_gmt":"2026-03-09T13:43:56","slug":"terms-and-conditions","status":"publish","type":"page","link":"https:\/\/livekaarten.nl\/es\/terms-and-conditions\/","title":{"rendered":"Condiciones generales"},"content":{"rendered":"<article id=\"page-1163\" class=\"post-1163 page type-page status-publish hentry\">\n<div class=\"entry-content\">\n<p>&nbsp;<\/p>\n<p><strong>1. Disposiciones b\u00e1sicas<\/strong><\/p>\n<p>1.1. Las transacciones con<strong> livekaarten.nl<\/strong> (en adelante, \u201cvendedor\u201d) tienen lugar exclusivamente sobre la base de las presentes condiciones generales de contrataci\u00f3n (en adelante, \u201cCGC\u201d). Por lo tanto, tambi\u00e9n se aplican a todas las relaciones comerciales futuras, incluso si no se han acordado expresamente de nuevo. Se contradicen las referencias del comprador (en adelante \u201ccliente\u201d) a sus condiciones generales.<\/p>\n<p>1.2. Estas CGC se aplican tanto a consumidores (\u00a7 13 BGB) como a empresarios (\u00a7 14 BGB). Si los siguientes t\u00e9rminos no contienen una nota separada, todos los t\u00e9rminos se aplican por igual a los contratos con empresarios y consumidores.<\/p>\n<p>1.3. Las adiciones o modificaciones de las condiciones requieren la confirmaci\u00f3n por escrito de la empresa de transportes. El original de la orden de compra determinar\u00e1 el contenido del acuerdo.<\/p>\n<p>1.4. Podremos realizar cambios en el dise\u00f1o y la forma de los Productos, siempre que dichos cambios no sean de car\u00e1cter fundamental y no limiten sustancialmente el objeto contractual.<\/p>\n<p>1.5 Al realizar el pedido de conformidad con el apartado 2.2, el cliente acepta las presentes CGC.<\/p>\n<p>&nbsp;<\/p>\n<p><strong>2. Formaci\u00f3n del contrato<\/strong><\/p>\n<p>2.1. El objeto del contrato es la venta de productos descargables (contenidos digitales que no se entregan en un soporte f\u00edsico de datos, como claves de productos disponibles digitalmente, c\u00f3digos de acceso u otra informaci\u00f3n disponible digitalmente), incluidas las licencias asociadas. Al colocar el producto descargable correspondiente en nuestro sitio web, hacemos al cliente una oferta vinculante para celebrar un acuerdo en los t\u00e9rminos y condiciones especificados en la descripci\u00f3n del art\u00edculo.<\/p>\n<p>2.2. En el caso de un contrato de suministro de bienes digitales, en el caso de un contrato de suministro de software (en adelante \u201ccompra de software\u201d), el vendedor est\u00e1 obligado a transferir de forma permanente el software especificado en el certificado de licencia al c\u00f3digo objeto. El vendedor es responsable de indicar la posibilidad de descargar el software y de proporcionar una versi\u00f3n impresa o descargable de la documentaci\u00f3n de usuario correspondiente. Antes del pago \u00edntegro del precio de compra conforme al apartado 8, la documentaci\u00f3n de usuario entregada est\u00e1 sujeta a la reserva de dominio del vendedor. Para la naturaleza del software, es determinante la descripci\u00f3n del producto correspondiente en la respectiva tienda online o marketplace del Vendedor. El vendedor tambi\u00e9n debe conceder derechos de conformidad con el apartado 4.8.<\/p>\n<p>2.3. El contrato se celebra a trav\u00e9s del sistema de cesta de la compra en l\u00ednea: el cliente coloca los productos seleccionados en la cesta de la compra virtual y lleva a cabo el proceso de pedido electr\u00f3nico. Al hacer clic en el bot\u00f3n para completar el proceso de pedido, el cliente concluye una oferta de contrato jur\u00eddicamente vinculante en relaci\u00f3n con los productos de la cesta de la compra. El cliente tambi\u00e9n puede enviar la oferta al vendedor por correo electr\u00f3nico.<\/p>\n<p>2.4. El vendedor puede aceptar la oferta del cliente en un plazo de cinco d\u00edas solicitando al cliente el pago despu\u00e9s de que \u00e9ste haya realizado su pedido. Esto incluye la selecci\u00f3n de un m\u00e9todo de pago en el proceso de pedido, mediante el cual el pago se realiza antes de que se env\u00eden los productos solicitados. El plazo de aceptaci\u00f3n de la oferta comienza el d\u00eda siguiente al env\u00edo de la oferta por parte del cliente y finaliza al t\u00e9rmino del quinto d\u00eda siguiente al env\u00edo de la oferta. Si el vendedor no acepta la oferta del cliente en el plazo mencionado, esto se considerar\u00e1 un rechazo de la oferta con la consecuencia de que el cliente deja de estar vinculado por su declaraci\u00f3n de intenciones.<\/p>\n<p>2.5. La tramitaci\u00f3n del pedido y la transmisi\u00f3n de toda la informaci\u00f3n necesaria en relaci\u00f3n con la celebraci\u00f3n del contrato se realiza por correo electr\u00f3nico, al igual que la entrega de productos descargables. Por lo tanto, el cliente debe asegurarse de que la direcci\u00f3n de correo electr\u00f3nico que nos ha facilitado es correcta y de que los filtros de SPAM no impiden la recepci\u00f3n de correos electr\u00f3nicos.<\/p>\n<p>&nbsp;<\/p>\n<p><strong>3. 3. Derecho de retractaci\u00f3n<\/strong><\/p>\n<p>3.1. En general, los consumidores tienen derecho de desistimiento.<\/p>\n<p>3.2. Encontrar\u00e1 m\u00e1s informaci\u00f3n sobre el derecho de desistimiento en las condiciones de cancelaci\u00f3n del vendedor.<\/p>\n<p>3.3. Usted tiene derecho a revocar este acuerdo de por vida a partir de la fecha en que se celebr\u00f3 el acuerdo, sin dar razones.<\/p>\n<p>&nbsp;<\/p>\n<p><strong>4. Garant\u00eda<\/strong><\/p>\n<p>4.1. Se aplican los derechos de garant\u00eda legales.<\/p>\n<p>4.2. Se ruega al cliente que compruebe la integridad y los defectos visibles del art\u00edculo inmediatamente despu\u00e9s de la entrega y que nos comunique cualquier reclamaci\u00f3n lo antes posible. En caso de incumplimiento por parte del cliente, ello no afectar\u00e1 a sus derechos legales de garant\u00eda.<\/p>\n<p>4.3. Con respecto a la calidad del art\u00edculo, s\u00f3lo nuestra propia informaci\u00f3n y la descripci\u00f3n del producto del fabricante se aplican seg\u00fan lo acordado, pero no otros anuncios, promociones p\u00fablicas y declaraciones del fabricante.<\/p>\n<p>4.4. El plazo de garant\u00eda es de un a\u00f1o a partir de la entrega de la mercanc\u00eda. No se aplica el periodo reducido:<\/p>\n<ul>\n<li>Da\u00f1os il\u00edcitamente imputables a nosotros como consecuencia de lesiones a la vida, el cuerpo o la salud y otros da\u00f1os causados intencionadamente o por negligencia grave;<\/li>\n<li>en la medida en que hayamos ocultado fraudulentamente el defecto o asumido una garant\u00eda sobre el estado del art\u00edculo;<\/li>\n<li>en caso de cualquier recurso legal que pueda interponer contra nosotros en relaci\u00f3n con los derechos de garant\u00eda.<\/li>\n<\/ul>\n<p>4.5. Si el cliente rechaza la entrega del vendedor por cualquier motivo que no sea un defecto material que limite gravemente o haga imposible su uso, aunque el vendedor se haya comprometido a cumplirlo, el cliente incurrir\u00e1 en mora de aceptaci\u00f3n. La aceptaci\u00f3n de la entrega no podr\u00e1 rechazarse por defectos insignificantes.<\/p>\n<p>4.6. La garant\u00eda no se aplica a defectos debidos a un uso inadecuado, componentes del sistema modificados en contra de las bases contractuales, uso de recursos organizativos inadecuados, uso en un entorno de hardware o software que no cumpla los requisitos especificados en el certificado de licencia, condiciones de uso inusuales o intervenciones en el sistema por parte de clientes o terceros. Si la mercanc\u00eda se utiliza en combinaci\u00f3n con dispositivos de terceros, s\u00f3lo existe garant\u00eda por defectos funcionales y defectos de rendimiento si tales defectos tambi\u00e9n se producen sin dicha conexi\u00f3n o si la compatibilidad con estos elementos forma parte de la calidad acordada contractualmente.<\/p>\n<p>4.7. Si una entrega es defectuosa, el vendedor puede optar por subsanar el defecto (rectificaci\u00f3n) o entregar un art\u00edculo sin defectos (entrega de sustituci\u00f3n). En este \u00faltimo caso, el cliente est\u00e1 obligado a devolver la mercanc\u00eda defectuosa a petici\u00f3n del vendedor de conformidad con las disposiciones legales. Si el cliente es un consumidor, se aplica la frase anterior, entendi\u00e9ndose que el uso no puede cederse ni sustituirse por su valor. El cliente debe dar al vendedor tiempo y oportunidad para el cumplimiento posterior, en particular para la mejora.<\/p>\n<p>&nbsp;<\/p>\n<p><strong>5. Precios y condiciones de pago<\/strong><\/p>\n<p>5.1. Salvo que se indique lo contrario en la descripci\u00f3n del producto del vendedor, los precios indicados son precios totales que incluyen el impuesto legal sobre las ventas. Los gastos de entrega y env\u00edo adicionales se indican por separado en la descripci\u00f3n del producto correspondiente.<\/p>\n<p>5.2. Para los env\u00edos a pa\u00edses fuera de la Uni\u00f3n Europea, pueden surgir costes adicionales en casos individuales de los que el vendedor no es responsable y que corren a cargo del cliente. Entre ellos se incluyen, por ejemplo, las comisiones por transferencia bancaria (por ejemplo, comisiones de transferencia, comisiones de cambio) o derechos o impuestos de importaci\u00f3n (por ejemplo, derechos de aduana). Dichos costes tambi\u00e9n pueden producirse en relaci\u00f3n con la transferencia bancaria si la entrega no se realiza en un pa\u00eds fuera de la Uni\u00f3n Europea, pero el cliente realiza el pago desde un pa\u00eds fuera de la Uni\u00f3n Europea.<\/p>\n<p>5.3. La(s) opci\u00f3n(es) de pago se comunicar\u00e1(n) al cliente en la tienda online del vendedor o en el respectivo marketplace.<\/p>\n<p>5.4. Si se ha acordado el pago por adelantado mediante transferencia bancaria, el pago deber\u00e1 efectuarse inmediatamente despu\u00e9s de la celebraci\u00f3n del contrato, a menos que las partes hayan acordado una fecha de vencimiento posterior.<\/p>\n<p>5.5. En caso de pago mediante un m\u00e9todo de pago ofrecido por el proveedor de servicios de pago PayPal (Europe) S.\u00e0 rl et Cie, SCA, 22-24 Boulevard Royal, L-2449 Luxemburgo (en adelante, \u201cPayPal\u201d), el pago se procesa a trav\u00e9s de PayPal, con sujeci\u00f3n a las Condiciones de uso de PayPal, disponibles en https:\/\/www.paypal.com\/de\/webapps\/mpp\/ua\/useragreement-full o, si el Cliente no dispone de una cuenta PayPal , con arreglo a los t\u00e9rminos y condiciones para pagos sin cuenta PayPal, disponibles en https:\/\/www.paypal.com\/de\/webapps\/mpp\/ua\/privacywax-full.<\/p>\n<p>5.6. Si el cliente incurre en mora, tenemos derecho a cobrar intereses al tipo aplicado por los bancos comerciales a los descubiertos pendientes, pero como m\u00ednimo 4% por encima del tipo de descuento del Bundesbank, m\u00e1s el IVA legal aplicable. Los intereses son pagaderos inmediatamente.<\/p>\n<p>&nbsp;<\/p>\n<p><strong>6. Condiciones de entrega y env\u00edo<\/strong><\/p>\n<p>6.1. Los contenidos digitales se ponen a disposici\u00f3n del cliente en formato electr\u00f3nico como descarga proporcionando un enlace de descarga. Los c\u00f3digos de los productos se enviar\u00e1n por correo electr\u00f3nico al cliente.<\/p>\n<p>&nbsp;<\/p>\n<p><strong>7. Conservaci\u00f3n del t\u00edtulo<\/strong><\/p>\n<p>7.1. Nos reservamos la propiedad de la mercanc\u00eda hasta el pago \u00edntegro de todos los cr\u00e9ditos que nos correspondan por las relaciones comerciales con el cliente.<\/p>\n<p>7.2. La confirmaci\u00f3n de la reserva de dominio no constituye una rescisi\u00f3n del contrato. No obstante, tendremos derecho a disponer de la mercanc\u00eda sujeta a reserva de dominio por otros medios transcurrido un plazo razonable y a entregar al cliente la misma mercanc\u00eda u otra equivalente previo pago \u00edntegro del precio de compra.<\/p>\n<p>&nbsp;<\/p>\n<p><strong>8. Disposiciones finales<\/strong><\/p>\n<p>8.1. La parte contratante s\u00f3lo est\u00e1 autorizada a ceder a terceros los derechos y reclamaciones derivados de la relaci\u00f3n contractual con el consentimiento previo por escrito del vendedor. El \u00a7 354a HGB no se ve afectado; el \u00a7 354a HGB no se aplica a los consumidores.<\/p>\n<p>8.2. Con el inicio de la relaci\u00f3n comercial, los datos del cliente, que tambi\u00e9n pueden ser datos personales, se almacenar\u00e1n y, en la medida en que sea necesario para la ejecuci\u00f3n del pedido, se procesar\u00e1n y transmitir\u00e1n.<\/p>\n<p>8.3. S\u00f3lo se aplicar\u00e1 el derecho alem\u00e1n, excluyendo el derecho de compra de la ONU y las referencias al derecho procesal y privado internacional. Para los consumidores, esta elecci\u00f3n del derecho s\u00f3lo se aplicar\u00e1 en la medida en que las disposiciones no imperativas del derecho del Estado en el que el consumidor tenga su residencia habitual ofrezcan una protecci\u00f3n m\u00e1s amplia.<\/p>\n<p>8.4. De exclusieve plaats van jurisdictie voor alle geschillen die voortvloeien uit en verband houden met de contracten waarop deze AV van toepassing zijn, is de statutaire zetel van de verkoper; de verkoper heeft echter het recht om de klant te dagvaarden in elke wettelijk toegelaten plaats van jurisdictie. Deze regeling is niet van toepassing op consumenten.<\/p>\n<p>8.5. Houd er rekening mee dat Pay Shield Ltd, met statutaire zetel te Jhumat House, 160 London Road Barking, Greater London, IG11 8BB, Verenigd Koninkrijk (\u201cLIVECARDS\u201d), zelf geen digitale content aan klanten verkoopt en slechts optreedt als openbaar agent van King Of Shopping Pte. Ltd., met statutaire zetel te 1 Raffles Place #40-02, One Raffles Place, Singapore 048616, registratienummer 202016263D (\u201cVerkoper\u201d), bij het sluiten van verkoopovereenkomsten met klanten namens de Verkoper. Elke acceptatie van bestellingen en het sluiten van verkoopovereenkomsten door LIVECARDS is uitsluitend bindend voor de Verkoper, die de producten verkoopt. Bij het sluiten van de verkoopovereenkomsten zal LIVECARDS te allen tijde handelen in het belang van de Verkoper. Elke verwijzing in de Algemene Voorwaarden naar rechten en verplichtingen van LIVECARDS met betrekking tot de Verkoopovereenkomst, heeft betrekking op de rechten en verplichtingen van de Verkoper die LIVECARDS van tijd tot tijd namens en in het belang van de Verkoper kan uitvoeren.<\/p>\n<\/div>\n<\/article>","protected":false},"excerpt":{"rendered":"<p>&nbsp; 1. Basisbepalingen 1.1. Transacties met livekaarten.nl (hierna &#8220;verkoper&#8221;) vinden uitsluitend plaats op basis van deze algemene voorwaarden (hierna &#8220;AV&#8221;). Daarom zijn ze ook van toepassing op alle toekomstige zakelijke relaties, zelfs als ze niet opnieuw uitdrukkelijk zijn overeengekomen. Verwijzingen van de koper (hierna &#8220;klant&#8221;) naar zijn algemene voorwaarden worden tegengesproken. 1.2. Deze AV gelden [&hellip;]<\/p>\n","protected":false},"author":1,"featured_media":0,"parent":0,"menu_order":0,"comment_status":"closed","ping_status":"closed","template":"","meta":{"footnotes":""},"class_list":["post-2096","page","type-page","status-publish","hentry"],"yoast_head":"<!-- This site is optimized with the Yoast SEO plugin v27.3 - https:\/\/yoast.com\/product\/yoast-seo-wordpress\/ -->\n<title>Algemene voorwaarden | livekaarten.nl<\/title>\n<meta name=\"robots\" content=\"index, follow, max-snippet:-1, max-image-preview:large, max-video-preview:-1\" \/>\n<link rel=\"canonical\" href=\"https:\/\/livekaarten.nl\/es\/terms-and-conditions\/\" \/>\n<meta property=\"og:locale\" content=\"es_ES\" \/>\n<meta property=\"og:type\" content=\"article\" \/>\n<meta property=\"og:title\" content=\"Algemene voorwaarden | livekaarten.nl\" \/>\n<meta property=\"og:description\" content=\"&nbsp; 1. Basisbepalingen 1.1. Transacties met livekaarten.nl (hierna &#8220;verkoper&#8221;) vinden uitsluitend plaats op basis van deze algemene voorwaarden (hierna &#8220;AV&#8221;). Daarom zijn ze ook van toepassing op alle toekomstige zakelijke relaties, zelfs als ze niet opnieuw uitdrukkelijk zijn overeengekomen. Verwijzingen van de koper (hierna &#8220;klant&#8221;) naar zijn algemene voorwaarden worden tegengesproken. 1.2. Deze AV gelden [&hellip;]\" \/>\n<meta property=\"og:url\" content=\"https:\/\/livekaarten.nl\/es\/terms-and-conditions\/\" \/>\n<meta property=\"og:site_name\" content=\"livekaarten.nl\" \/>\n<meta property=\"article:modified_time\" content=\"2026-03-09T13:43:56+00:00\" \/>\n<meta name=\"twitter:card\" content=\"summary_large_image\" \/>\n<meta name=\"twitter:label1\" content=\"Tiempo de lectura\" \/>\n\t<meta name=\"twitter:data1\" content=\"9 minutos\" \/>\n<script type=\"application\/ld+json\" class=\"yoast-schema-graph\">{\"@context\":\"https:\\\/\\\/schema.org\",\"@graph\":[{\"@type\":\"WebPage\",\"@id\":\"https:\\\/\\\/livekaarten.nl\\\/terms-and-conditions\\\/\",\"url\":\"https:\\\/\\\/livekaarten.nl\\\/terms-and-conditions\\\/\",\"name\":\"Algemene voorwaarden | livekaarten.nl\",\"isPartOf\":{\"@id\":\"https:\\\/\\\/livekaarten.nl\\\/#website\"},\"datePublished\":\"2020-12-16T16:19:20+00:00\",\"dateModified\":\"2026-03-09T13:43:56+00:00\",\"breadcrumb\":{\"@id\":\"https:\\\/\\\/livekaarten.nl\\\/terms-and-conditions\\\/#breadcrumb\"},\"inLanguage\":\"es\",\"potentialAction\":[{\"@type\":\"ReadAction\",\"target\":[\"https:\\\/\\\/livekaarten.nl\\\/terms-and-conditions\\\/\"]}]},{\"@type\":\"BreadcrumbList\",\"@id\":\"https:\\\/\\\/livekaarten.nl\\\/terms-and-conditions\\\/#breadcrumb\",\"itemListElement\":[{\"@type\":\"ListItem\",\"position\":1,\"name\":\"Home\",\"item\":\"https:\\\/\\\/livekaarten.nl\\\/\"},{\"@type\":\"ListItem\",\"position\":2,\"name\":\"Algemene voorwaarden\"}]},{\"@type\":\"WebSite\",\"@id\":\"https:\\\/\\\/livekaarten.nl\\\/#website\",\"url\":\"https:\\\/\\\/livekaarten.nl\\\/\",\"name\":\"Livekaarten.nl\",\"description\":\"Koop uw kantoor\",\"potentialAction\":[{\"@type\":\"SearchAction\",\"target\":{\"@type\":\"EntryPoint\",\"urlTemplate\":\"https:\\\/\\\/livekaarten.nl\\\/?s={search_term_string}\"},\"query-input\":{\"@type\":\"PropertyValueSpecification\",\"valueRequired\":true,\"valueName\":\"search_term_string\"}}],\"inLanguage\":\"es\"}]}<\/script>\n<!-- \/ Yoast SEO plugin. -->","yoast_head_json":{"title":"Algemene voorwaarden | livekaarten.nl","robots":{"index":"index","follow":"follow","max-snippet":"max-snippet:-1","max-image-preview":"max-image-preview:large","max-video-preview":"max-video-preview:-1"},"canonical":"https:\/\/livekaarten.nl\/es\/terms-and-conditions\/","og_locale":"es_ES","og_type":"article","og_title":"Algemene voorwaarden | livekaarten.nl","og_description":"&nbsp; 1. Basisbepalingen 1.1. Transacties met livekaarten.nl (hierna &#8220;verkoper&#8221;) vinden uitsluitend plaats op basis van deze algemene voorwaarden (hierna &#8220;AV&#8221;). Daarom zijn ze ook van toepassing op alle toekomstige zakelijke relaties, zelfs als ze niet opnieuw uitdrukkelijk zijn overeengekomen. Verwijzingen van de koper (hierna &#8220;klant&#8221;) naar zijn algemene voorwaarden worden tegengesproken. 1.2. Deze AV gelden [&hellip;]","og_url":"https:\/\/livekaarten.nl\/es\/terms-and-conditions\/","og_site_name":"livekaarten.nl","article_modified_time":"2026-03-09T13:43:56+00:00","twitter_card":"summary_large_image","twitter_misc":{"Tiempo de lectura":"9 minutos"},"schema":{"@context":"https:\/\/schema.org","@graph":[{"@type":"WebPage","@id":"https:\/\/livekaarten.nl\/terms-and-conditions\/","url":"https:\/\/livekaarten.nl\/terms-and-conditions\/","name":"Algemene voorwaarden | livekaarten.nl","isPartOf":{"@id":"https:\/\/livekaarten.nl\/#website"},"datePublished":"2020-12-16T16:19:20+00:00","dateModified":"2026-03-09T13:43:56+00:00","breadcrumb":{"@id":"https:\/\/livekaarten.nl\/terms-and-conditions\/#breadcrumb"},"inLanguage":"es","potentialAction":[{"@type":"ReadAction","target":["https:\/\/livekaarten.nl\/terms-and-conditions\/"]}]},{"@type":"BreadcrumbList","@id":"https:\/\/livekaarten.nl\/terms-and-conditions\/#breadcrumb","itemListElement":[{"@type":"ListItem","position":1,"name":"Home","item":"https:\/\/livekaarten.nl\/"},{"@type":"ListItem","position":2,"name":"Algemene voorwaarden"}]},{"@type":"WebSite","@id":"https:\/\/livekaarten.nl\/#website","url":"https:\/\/livekaarten.nl\/","name":"Livecards.es","description":"Compre su oficina","potentialAction":[{"@type":"SearchAction","target":{"@type":"EntryPoint","urlTemplate":"https:\/\/livekaarten.nl\/?s={search_term_string}"},"query-input":{"@type":"PropertyValueSpecification","valueRequired":true,"valueName":"search_term_string"}}],"inLanguage":"es"}]}},"_links":{"self":[{"href":"https:\/\/livekaarten.nl\/es\/wp-json\/wp\/v2\/pages\/2096","targetHints":{"allow":["GET"]}}],"collection":[{"href":"https:\/\/livekaarten.nl\/es\/wp-json\/wp\/v2\/pages"}],"about":[{"href":"https:\/\/livekaarten.nl\/es\/wp-json\/wp\/v2\/types\/page"}],"author":[{"embeddable":true,"href":"https:\/\/livekaarten.nl\/es\/wp-json\/wp\/v2\/users\/1"}],"replies":[{"embeddable":true,"href":"https:\/\/livekaarten.nl\/es\/wp-json\/wp\/v2\/comments?post=2096"}],"version-history":[{"count":0,"href":"https:\/\/livekaarten.nl\/es\/wp-json\/wp\/v2\/pages\/2096\/revisions"}],"wp:attachment":[{"href":"https:\/\/livekaarten.nl\/es\/wp-json\/wp\/v2\/media?parent=2096"}],"curies":[{"name":"wp","href":"https:\/\/api.w.org\/{rel}","templated":true}]}}