{"id":2095,"date":"2020-12-16T16:14:33","date_gmt":"2020-12-16T16:14:33","guid":{"rendered":"https:\/\/shop.winandoffice.com\/?page_id=1159"},"modified":"2025-09-05T21:59:34","modified_gmt":"2025-09-05T19:59:34","slug":"warranty-policy","status":"publish","type":"page","link":"https:\/\/livekaarten.nl\/es\/warranty-policy\/","title":{"rendered":"Pol\u00edtica de garant\u00eda"},"content":{"rendered":"<article id=\"page-1159\" class=\"post-1159 page type-page status-publish hentry\">\n<div class=\"entry-content\">\n<p>&nbsp;<\/p>\n<p>1. Se aplican los derechos de garant\u00eda legales.<\/p>\n<p>2. Se ruega al cliente que compruebe la integridad y los defectos visibles del art\u00edculo inmediatamente despu\u00e9s de la entrega y que nos comunique cualquier reclamaci\u00f3n lo antes posible. Si el cliente no lo hace, ello no afectar\u00e1 a sus derechos legales de garant\u00eda.<\/p>\n<p>3. S\u00f3lo nuestra propia informaci\u00f3n y la descripci\u00f3n del producto del fabricante cuentan como acuerdo sobre la calidad del art\u00edculo, pero no otros anuncios, promociones p\u00fablicas y declaraciones del fabricante.<\/p>\n<p>4. El periodo de garant\u00eda es de dos a\u00f1os a partir de la entrega de la mercanc\u00eda.<\/p>\n<p>5. Si el cliente rechaza la entrega del vendedor por motivos distintos de un defecto importante que limite gravemente o haga imposible su uso, aunque el vendedor se haya comprometido a cumplirlo, el cliente ser\u00e1 responsable de la no aceptaci\u00f3n. No podr\u00e1 rechazarse la aceptaci\u00f3n de la entrega por defectos insignificantes.<\/p>\n<p>6. La garant\u00eda no cubre los defectos derivados de un funcionamiento inadecuado, de componentes del sistema modificados en contra de las bases contractuales, del uso de recursos organizativos inadecuados, del uso en un entorno de hardware o software que no cumpla los requisitos indicados en el certificado de licencia, de un uso inusual, de condiciones de uso o de intervenciones en el sistema imputables a clientes o terceros.<\/p>\n<p>7. Si una entrega es defectuosa, el vendedor puede optar por subsanar el defecto (rectificaci\u00f3n) o entregar un art\u00edculo sin defectos (entrega de sustituci\u00f3n). En este \u00faltimo caso, el cliente est\u00e1 obligado a devolver la mercanc\u00eda defectuosa a petici\u00f3n del vendedor de conformidad con las disposiciones legales.<\/p>\n<p>Concesi\u00f3n de derechos en un contrato de suministro de software<\/p>\n<p>El art\u00edculo 4.8 s\u00f3lo se aplica a los acuerdos de compra de software de conformidad con el art\u00edculo 2.2.<br \/>\nCon el pago \u00edntegro del precio de compra, el cliente recibe un derecho no exclusivo y sin restricciones para utilizar la mercanc\u00eda en la medida concedida en el contrato. Los bienes s\u00f3lo podr\u00e1n ser utilizados simult\u00e1neamente por un n\u00famero m\u00e1ximo de personas f\u00edsicas correspondiente a los bienes adquiridos por el cliente. El uso permitido incluye la instalaci\u00f3n del software, su carga en la memoria principal y su utilizaci\u00f3n conforme a lo previsto por el cliente. En ning\u00fan caso el cliente tiene derecho a alquilar o sublicenciar los bienes adquiridos, reproducirlos p\u00fablicamente o hacerlos accesibles por cable o inal\u00e1mbricamente, ni ponerlos a disposici\u00f3n de terceros a t\u00edtulo oneroso o gratuito.<\/p>\n<p>El cliente tiene derecho a hacer una copia de seguridad del software si es necesario para garantizar su uso futuro.<\/p>\n<\/div>\n<\/article>","protected":false},"excerpt":{"rendered":"<p>&nbsp; 1. Wettelijke garantierechten zijn van toepassing. 2. De klant wordt verzocht het artikel onmiddellijk na levering op volledigheid en zichtbare gebreken te controleren en eventuele klachten zo snel mogelijk aan ons te melden. Als de klant dit niet doet, heeft dit geen invloed op zijn wettelijke garantieaanspraken. 3. Alleen onze eigen informatie en de [&hellip;]<\/p>\n","protected":false},"author":1,"featured_media":0,"parent":0,"menu_order":0,"comment_status":"closed","ping_status":"closed","template":"","meta":{"footnotes":""},"class_list":["post-2095","page","type-page","status-publish","hentry"],"yoast_head":"<!-- This site is optimized with the Yoast SEO plugin v27.3 - https:\/\/yoast.com\/product\/yoast-seo-wordpress\/ -->\n<title>Garantiebeleid | livekaarten.nl<\/title>\n<meta name=\"robots\" content=\"index, follow, max-snippet:-1, max-image-preview:large, max-video-preview:-1\" \/>\n<link rel=\"canonical\" href=\"https:\/\/livekaarten.nl\/es\/warranty-policy\/\" \/>\n<meta property=\"og:locale\" content=\"es_ES\" \/>\n<meta property=\"og:type\" content=\"article\" \/>\n<meta property=\"og:title\" content=\"Garantiebeleid | livekaarten.nl\" \/>\n<meta property=\"og:description\" content=\"&nbsp; 1. Wettelijke garantierechten zijn van toepassing. 2. De klant wordt verzocht het artikel onmiddellijk na levering op volledigheid en zichtbare gebreken te controleren en eventuele klachten zo snel mogelijk aan ons te melden. Als de klant dit niet doet, heeft dit geen invloed op zijn wettelijke garantieaanspraken. 3. Alleen onze eigen informatie en de [&hellip;]\" \/>\n<meta property=\"og:url\" content=\"https:\/\/livekaarten.nl\/es\/warranty-policy\/\" \/>\n<meta property=\"og:site_name\" content=\"livekaarten.nl\" \/>\n<meta property=\"article:modified_time\" content=\"2025-09-05T19:59:34+00:00\" \/>\n<meta name=\"twitter:card\" content=\"summary_large_image\" \/>\n<meta name=\"twitter:label1\" content=\"Tiempo de lectura\" \/>\n\t<meta name=\"twitter:data1\" content=\"3 minutos\" \/>\n<script type=\"application\/ld+json\" class=\"yoast-schema-graph\">{\"@context\":\"https:\\\/\\\/schema.org\",\"@graph\":[{\"@type\":\"WebPage\",\"@id\":\"https:\\\/\\\/livekaarten.nl\\\/warranty-policy\\\/\",\"url\":\"https:\\\/\\\/livekaarten.nl\\\/warranty-policy\\\/\",\"name\":\"Garantiebeleid | livekaarten.nl\",\"isPartOf\":{\"@id\":\"https:\\\/\\\/livekaarten.nl\\\/#website\"},\"datePublished\":\"2020-12-16T16:14:33+00:00\",\"dateModified\":\"2025-09-05T19:59:34+00:00\",\"breadcrumb\":{\"@id\":\"https:\\\/\\\/livekaarten.nl\\\/warranty-policy\\\/#breadcrumb\"},\"inLanguage\":\"es\",\"potentialAction\":[{\"@type\":\"ReadAction\",\"target\":[\"https:\\\/\\\/livekaarten.nl\\\/warranty-policy\\\/\"]}]},{\"@type\":\"BreadcrumbList\",\"@id\":\"https:\\\/\\\/livekaarten.nl\\\/warranty-policy\\\/#breadcrumb\",\"itemListElement\":[{\"@type\":\"ListItem\",\"position\":1,\"name\":\"Home\",\"item\":\"https:\\\/\\\/livekaarten.nl\\\/\"},{\"@type\":\"ListItem\",\"position\":2,\"name\":\"Garantiebeleid\"}]},{\"@type\":\"WebSite\",\"@id\":\"https:\\\/\\\/livekaarten.nl\\\/#website\",\"url\":\"https:\\\/\\\/livekaarten.nl\\\/\",\"name\":\"Livekaarten.nl\",\"description\":\"Koop uw kantoor\",\"potentialAction\":[{\"@type\":\"SearchAction\",\"target\":{\"@type\":\"EntryPoint\",\"urlTemplate\":\"https:\\\/\\\/livekaarten.nl\\\/?s={search_term_string}\"},\"query-input\":{\"@type\":\"PropertyValueSpecification\",\"valueRequired\":true,\"valueName\":\"search_term_string\"}}],\"inLanguage\":\"es\"}]}<\/script>\n<!-- \/ Yoast SEO plugin. -->","yoast_head_json":{"title":"Garantiebeleid | livekaarten.nl","robots":{"index":"index","follow":"follow","max-snippet":"max-snippet:-1","max-image-preview":"max-image-preview:large","max-video-preview":"max-video-preview:-1"},"canonical":"https:\/\/livekaarten.nl\/es\/warranty-policy\/","og_locale":"es_ES","og_type":"article","og_title":"Garantiebeleid | livekaarten.nl","og_description":"&nbsp; 1. Wettelijke garantierechten zijn van toepassing. 2. De klant wordt verzocht het artikel onmiddellijk na levering op volledigheid en zichtbare gebreken te controleren en eventuele klachten zo snel mogelijk aan ons te melden. Als de klant dit niet doet, heeft dit geen invloed op zijn wettelijke garantieaanspraken. 3. Alleen onze eigen informatie en de [&hellip;]","og_url":"https:\/\/livekaarten.nl\/es\/warranty-policy\/","og_site_name":"livekaarten.nl","article_modified_time":"2025-09-05T19:59:34+00:00","twitter_card":"summary_large_image","twitter_misc":{"Tiempo de lectura":"3 minutos"},"schema":{"@context":"https:\/\/schema.org","@graph":[{"@type":"WebPage","@id":"https:\/\/livekaarten.nl\/warranty-policy\/","url":"https:\/\/livekaarten.nl\/warranty-policy\/","name":"Garantiebeleid | livekaarten.nl","isPartOf":{"@id":"https:\/\/livekaarten.nl\/#website"},"datePublished":"2020-12-16T16:14:33+00:00","dateModified":"2025-09-05T19:59:34+00:00","breadcrumb":{"@id":"https:\/\/livekaarten.nl\/warranty-policy\/#breadcrumb"},"inLanguage":"es","potentialAction":[{"@type":"ReadAction","target":["https:\/\/livekaarten.nl\/warranty-policy\/"]}]},{"@type":"BreadcrumbList","@id":"https:\/\/livekaarten.nl\/warranty-policy\/#breadcrumb","itemListElement":[{"@type":"ListItem","position":1,"name":"Home","item":"https:\/\/livekaarten.nl\/"},{"@type":"ListItem","position":2,"name":"Garantiebeleid"}]},{"@type":"WebSite","@id":"https:\/\/livekaarten.nl\/#website","url":"https:\/\/livekaarten.nl\/","name":"Livecards.es","description":"Compre su oficina","potentialAction":[{"@type":"SearchAction","target":{"@type":"EntryPoint","urlTemplate":"https:\/\/livekaarten.nl\/?s={search_term_string}"},"query-input":{"@type":"PropertyValueSpecification","valueRequired":true,"valueName":"search_term_string"}}],"inLanguage":"es"}]}},"_links":{"self":[{"href":"https:\/\/livekaarten.nl\/es\/wp-json\/wp\/v2\/pages\/2095","targetHints":{"allow":["GET"]}}],"collection":[{"href":"https:\/\/livekaarten.nl\/es\/wp-json\/wp\/v2\/pages"}],"about":[{"href":"https:\/\/livekaarten.nl\/es\/wp-json\/wp\/v2\/types\/page"}],"author":[{"embeddable":true,"href":"https:\/\/livekaarten.nl\/es\/wp-json\/wp\/v2\/users\/1"}],"replies":[{"embeddable":true,"href":"https:\/\/livekaarten.nl\/es\/wp-json\/wp\/v2\/comments?post=2095"}],"version-history":[{"count":0,"href":"https:\/\/livekaarten.nl\/es\/wp-json\/wp\/v2\/pages\/2095\/revisions"}],"wp:attachment":[{"href":"https:\/\/livekaarten.nl\/es\/wp-json\/wp\/v2\/media?parent=2095"}],"curies":[{"name":"wp","href":"https:\/\/api.w.org\/{rel}","templated":true}]}}