{"id":1156,"date":"2020-12-16T16:09:41","date_gmt":"2020-12-16T16:09:41","guid":{"rendered":"https:\/\/shop.winandoffice.com\/?page_id=1156"},"modified":"2025-07-08T23:32:20","modified_gmt":"2025-07-08T21:32:20","slug":"returns-and-refunds","status":"publish","type":"page","link":"https:\/\/livekaarten.nl\/es\/returns-and-refunds\/","title":{"rendered":"Devoluciones y reembolsos"},"content":{"rendered":"<div style=\"width: 80%; margin: auto;\">\n<ul style=\"padding-left: 10px;\">\n<li>Sin gastos de devoluci\u00f3n<\/li>\n<li>Sin gastos de env\u00edo<\/li>\n<li>30 d\u00edas de devoluci\u00f3n \u00edntegra del dinero<\/li>\n<li>Garant\u00eda de sustituci\u00f3n de por vida<\/li>\n<\/ul>\n<p><strong>Pol\u00edtica de anulaci\u00f3n<\/strong><\/p>\n<p>Tiene derecho a rescindir este contrato sin indicar los motivos en un plazo de 30 d\u00edas a partir de la recepci\u00f3n de la mercanc\u00eda.<\/p>\n<p>Para ejercer su derecho de cancelaci\u00f3n, debe informarnos de su decisi\u00f3n de cancelar este acuerdo mediante una declaraci\u00f3n inequ\u00edvoca (por ejemplo, una carta enviada por correo postal, fax o correo electr\u00f3nico). Para ello, puede utilizar el ejemplo adjunto.<\/p>\n<div style=\"border: dashed 1px gray; border-radius: 5px; background-color: #f5f5f5; padding: 5px; margin-bottom: 15px;\">\n<p><strong>Propietario:<\/strong> PAY SHIELD LTD<\/p>\n<p><strong>Sede social:<\/strong> Westwood Business Centre Unit A5a, Continental Approach, Margate, Inglaterra, CT9 4JG<\/p>\n<p><strong>Tel:<\/strong> +49 15258547400<\/p>\n<p><strong>Correo electr\u00f3nico:<\/strong> <a href='mailto:info@livekaarten.nl'>info@livekaarten.nl<\/a><\/p>\n<\/div>\n<p><strong>Modelo de formulario de cancelaci\u00f3n<\/strong><\/p>\n<p>(Si desea cancelar el acuerdo, rellene y devuelva este formulario).<\/p>\n<div style=\"border: dashed 1px gray; border-radius: 5px; background-color: #f5f5f5; padding: 5px; margin-bottom: 15px;\">\n<p>Por la presente, yo\/nosotros (*) rescindimos el contrato suscrito por m\u00ed\/nosotros (*) para la adquisici\u00f3n de los siguientes bienes (\/prestaci\u00f3n del siguiente servicio (*)):<\/p>\n<ul style=\"padding-left: 20px;\">\n<li>Pedido el (*) \/ recibido el (*)<\/li>\n<li>Nombre del consumidor<\/li>\n<li>Direcci\u00f3n del (de los) consumidor(es)<\/li>\n<li>Firma del consumidor o consumidores (s\u00f3lo si la notificaci\u00f3n se realiza en papel)<\/li>\n<li>Fecha<\/li>\n<\/ul>\n<\/div>\n<p><em>(*) T\u00e1chese lo que no proceda.<\/em><\/p>\n<p>Para cumplir el plazo de cancelaci\u00f3n, basta con que env\u00ede la notificaci\u00f3n del ejercicio del derecho de cancelaci\u00f3n antes de que venza el plazo de cancelaci\u00f3n.<\/p>\n<p><strong>Consecuencias de la anulaci\u00f3n<\/strong><\/p>\n<p>Si cancela este contrato, le reembolsaremos inmediatamente todos los pagos que hayamos recibido de usted, incluidos los gastos de env\u00edo (excluidos los gastos adicionales resultantes de la elecci\u00f3n por su parte de un m\u00e9todo de env\u00edo distinto del env\u00edo est\u00e1ndar menos costoso que ofrecemos). Para este reembolso, utilizaremos el mismo medio de pago que usted utiliz\u00f3 para la transacci\u00f3n original, a menos que se acuerde expresamente otra cosa con usted; en ning\u00fan caso le cobraremos por este reembolso.<\/p>\n<p><strong>Garant\u00eda de sustituci\u00f3n de por vida:<\/strong><\/p>\n<p>Si se le pasa el plazo de devoluci\u00f3n de 30 d\u00edas, le ofrecemos una garant\u00eda de sustituci\u00f3n del producto de por vida. Si el producto se estropea durante su uso, recibir\u00e1 un recambio gratuito.<\/p>\n<div style=\"border: dashed 1px gray; border-radius: 5px; background-color: #f5f5f5; padding: 5px; margin-bottom: 15px;\"><strong>Propietario:<\/strong> PAY SHIELD LTD<br \/>\n<strong>Sede social:<\/strong> Westwood Business Centre Unit A5a, Continental Approach, Margate, Inglaterra, CT9 4JG<br \/>\n<strong>Tel:<\/strong> +49 15258547400<br \/>\n<strong>Correo electr\u00f3nico:<\/strong> <a href='mailto:info@livekaarten.nl'>info@livekaarten.nl<\/a><\/div>\n<\/div>","protected":false},"excerpt":{"rendered":"<p>Geen retourkosten Geen verzendkosten 30 dagen volledig geld terug Levenslange vervangingsgarantie Annuleringsbeleid U heeft het recht om deze overeenkomst zonder opgaaf van redenen binnen 30 dagen na ontvangst van de goederen te annuleren. Om uw recht op annulering uit te oefenen, moet u ons informeren over uw beslissing om deze overeenkomst te annuleren door middel [&hellip;]<\/p>\n","protected":false},"author":1,"featured_media":0,"parent":0,"menu_order":0,"comment_status":"closed","ping_status":"closed","template":"","meta":{"footnotes":""},"class_list":["post-1156","page","type-page","status-publish","hentry"],"yoast_head":"<!-- This site is optimized with the Yoast SEO plugin v27.3 - https:\/\/yoast.com\/product\/yoast-seo-wordpress\/ -->\n<title>Retourneren en terugbetalen | livekaarten.nl<\/title>\n<meta name=\"robots\" content=\"index, follow, max-snippet:-1, max-image-preview:large, max-video-preview:-1\" \/>\n<link rel=\"canonical\" href=\"https:\/\/livekaarten.nl\/es\/returns-and-refunds\/\" \/>\n<meta property=\"og:locale\" content=\"es_ES\" \/>\n<meta property=\"og:type\" content=\"article\" \/>\n<meta property=\"og:title\" content=\"Retourneren en terugbetalen | livekaarten.nl\" \/>\n<meta property=\"og:description\" content=\"Geen retourkosten Geen verzendkosten 30 dagen volledig geld terug Levenslange vervangingsgarantie Annuleringsbeleid U heeft het recht om deze overeenkomst zonder opgaaf van redenen binnen 30 dagen na ontvangst van de goederen te annuleren. Om uw recht op annulering uit te oefenen, moet u ons informeren over uw beslissing om deze overeenkomst te annuleren door middel [&hellip;]\" \/>\n<meta property=\"og:url\" content=\"https:\/\/livekaarten.nl\/es\/returns-and-refunds\/\" \/>\n<meta property=\"og:site_name\" content=\"livekaarten.nl\" \/>\n<meta property=\"article:modified_time\" content=\"2025-07-08T21:32:20+00:00\" \/>\n<meta name=\"twitter:card\" content=\"summary_large_image\" \/>\n<meta name=\"twitter:label1\" content=\"Tiempo de lectura\" \/>\n\t<meta name=\"twitter:data1\" content=\"2 minutos\" \/>\n<script type=\"application\/ld+json\" class=\"yoast-schema-graph\">{\"@context\":\"https:\\\/\\\/schema.org\",\"@graph\":[{\"@type\":\"WebPage\",\"@id\":\"https:\\\/\\\/livekaarten.nl\\\/returns-and-refunds\\\/\",\"url\":\"https:\\\/\\\/livekaarten.nl\\\/returns-and-refunds\\\/\",\"name\":\"Retourneren en terugbetalen | livekaarten.nl\",\"isPartOf\":{\"@id\":\"https:\\\/\\\/livekaarten.nl\\\/#website\"},\"datePublished\":\"2020-12-16T16:09:41+00:00\",\"dateModified\":\"2025-07-08T21:32:20+00:00\",\"breadcrumb\":{\"@id\":\"https:\\\/\\\/livekaarten.nl\\\/returns-and-refunds\\\/#breadcrumb\"},\"inLanguage\":\"es\",\"potentialAction\":[{\"@type\":\"ReadAction\",\"target\":[\"https:\\\/\\\/livekaarten.nl\\\/returns-and-refunds\\\/\"]}]},{\"@type\":\"BreadcrumbList\",\"@id\":\"https:\\\/\\\/livekaarten.nl\\\/returns-and-refunds\\\/#breadcrumb\",\"itemListElement\":[{\"@type\":\"ListItem\",\"position\":1,\"name\":\"Home\",\"item\":\"https:\\\/\\\/livekaarten.nl\\\/\"},{\"@type\":\"ListItem\",\"position\":2,\"name\":\"Retourneren en terugbetalen\"}]},{\"@type\":\"WebSite\",\"@id\":\"https:\\\/\\\/livekaarten.nl\\\/#website\",\"url\":\"https:\\\/\\\/livekaarten.nl\\\/\",\"name\":\"Livekaarten.nl\",\"description\":\"Koop uw kantoor\",\"potentialAction\":[{\"@type\":\"SearchAction\",\"target\":{\"@type\":\"EntryPoint\",\"urlTemplate\":\"https:\\\/\\\/livekaarten.nl\\\/?s={search_term_string}\"},\"query-input\":{\"@type\":\"PropertyValueSpecification\",\"valueRequired\":true,\"valueName\":\"search_term_string\"}}],\"inLanguage\":\"es\"}]}<\/script>\n<!-- \/ Yoast SEO plugin. -->","yoast_head_json":{"title":"Retourneren en terugbetalen | livekaarten.nl","robots":{"index":"index","follow":"follow","max-snippet":"max-snippet:-1","max-image-preview":"max-image-preview:large","max-video-preview":"max-video-preview:-1"},"canonical":"https:\/\/livekaarten.nl\/es\/returns-and-refunds\/","og_locale":"es_ES","og_type":"article","og_title":"Retourneren en terugbetalen | livekaarten.nl","og_description":"Geen retourkosten Geen verzendkosten 30 dagen volledig geld terug Levenslange vervangingsgarantie Annuleringsbeleid U heeft het recht om deze overeenkomst zonder opgaaf van redenen binnen 30 dagen na ontvangst van de goederen te annuleren. Om uw recht op annulering uit te oefenen, moet u ons informeren over uw beslissing om deze overeenkomst te annuleren door middel [&hellip;]","og_url":"https:\/\/livekaarten.nl\/es\/returns-and-refunds\/","og_site_name":"livekaarten.nl","article_modified_time":"2025-07-08T21:32:20+00:00","twitter_card":"summary_large_image","twitter_misc":{"Tiempo de lectura":"2 minutos"},"schema":{"@context":"https:\/\/schema.org","@graph":[{"@type":"WebPage","@id":"https:\/\/livekaarten.nl\/returns-and-refunds\/","url":"https:\/\/livekaarten.nl\/returns-and-refunds\/","name":"Retourneren en terugbetalen | livekaarten.nl","isPartOf":{"@id":"https:\/\/livekaarten.nl\/#website"},"datePublished":"2020-12-16T16:09:41+00:00","dateModified":"2025-07-08T21:32:20+00:00","breadcrumb":{"@id":"https:\/\/livekaarten.nl\/returns-and-refunds\/#breadcrumb"},"inLanguage":"es","potentialAction":[{"@type":"ReadAction","target":["https:\/\/livekaarten.nl\/returns-and-refunds\/"]}]},{"@type":"BreadcrumbList","@id":"https:\/\/livekaarten.nl\/returns-and-refunds\/#breadcrumb","itemListElement":[{"@type":"ListItem","position":1,"name":"Home","item":"https:\/\/livekaarten.nl\/"},{"@type":"ListItem","position":2,"name":"Retourneren en terugbetalen"}]},{"@type":"WebSite","@id":"https:\/\/livekaarten.nl\/#website","url":"https:\/\/livekaarten.nl\/","name":"Livecards.es","description":"Compre su oficina","potentialAction":[{"@type":"SearchAction","target":{"@type":"EntryPoint","urlTemplate":"https:\/\/livekaarten.nl\/?s={search_term_string}"},"query-input":{"@type":"PropertyValueSpecification","valueRequired":true,"valueName":"search_term_string"}}],"inLanguage":"es"}]}},"_links":{"self":[{"href":"https:\/\/livekaarten.nl\/es\/wp-json\/wp\/v2\/pages\/1156","targetHints":{"allow":["GET"]}}],"collection":[{"href":"https:\/\/livekaarten.nl\/es\/wp-json\/wp\/v2\/pages"}],"about":[{"href":"https:\/\/livekaarten.nl\/es\/wp-json\/wp\/v2\/types\/page"}],"author":[{"embeddable":true,"href":"https:\/\/livekaarten.nl\/es\/wp-json\/wp\/v2\/users\/1"}],"replies":[{"embeddable":true,"href":"https:\/\/livekaarten.nl\/es\/wp-json\/wp\/v2\/comments?post=1156"}],"version-history":[{"count":0,"href":"https:\/\/livekaarten.nl\/es\/wp-json\/wp\/v2\/pages\/1156\/revisions"}],"wp:attachment":[{"href":"https:\/\/livekaarten.nl\/es\/wp-json\/wp\/v2\/media?parent=1156"}],"curies":[{"name":"wp","href":"https:\/\/api.w.org\/{rel}","templated":true}]}}