{"id":1150,"date":"2020-12-16T15:58:31","date_gmt":"2020-12-16T15:58:31","guid":{"rendered":"https:\/\/shop.winandoffice.com\/?page_id=1150"},"modified":"2025-05-30T20:06:15","modified_gmt":"2025-05-30T18:06:15","slug":"payment-and-delivery","status":"publish","type":"page","link":"https:\/\/livekaarten.nl\/es\/payment-and-delivery\/","title":{"rendered":"Pago y entrega"},"content":{"rendered":"<h6>\u00a0<\/h6>\r\n<h6>Env\u00edo<\/h6>\r\n<p>Nuestros productos se env\u00edan en formato digital. Una vez que hayamos confirmado la recepci\u00f3n de su pago, recibir\u00e1 un correo electr\u00f3nico con toda la informaci\u00f3n necesaria sobre la descarga, instalaci\u00f3n y activaci\u00f3n.<\/p>\r\n<p>Para garantizar la entrega de los productos, aseg\u00farese de introducir correctamente su direcci\u00f3n de correo electr\u00f3nico al realizar el pedido.<\/p>\r\n<p>El env\u00edo por correo electr\u00f3nico no conlleva gastos de env\u00edo.<\/p>\r\n<h6>Formas y condiciones de pago<\/h6>\r\n<p><strong>PayPal<\/strong><\/p>\r\n<p>Pague r\u00e1pida y f\u00e1cilmente con PayPal. Es la forma m\u00e1s r\u00e1pida de recibir su pedido, normalmente en 15 minutos.<\/p>\r\n<p><strong>Tarjeta de cr\u00e9dito<\/strong><\/p>\r\n<p>Tambi\u00e9n puede pagar con tarjeta de cr\u00e9dito a trav\u00e9s del sistema PayPal. Al igual que con el pago por PayPal, el pago se confirmar\u00e1 en nuestro sistema en unos minutos y el pedido se enviar\u00e1 poco despu\u00e9s.<\/p>\r\n<p><strong>Transferencia<\/strong><\/p>\r\n<p>Al finalizar el pedido, recibir\u00e1 informaci\u00f3n sobre la transferencia a nuestra cuenta bancaria. El env\u00edo se realiza tan pronto como podamos confirmar la recepci\u00f3n del pago. Si nos env\u00eda un resguardo de la transferencia bancaria, el pedido se enviar\u00e1 el mismo d\u00eda.<\/p>","protected":false},"excerpt":{"rendered":"<p>\u00a0 Verzending Onze producten worden digitaal verzonden. Zodra we de ontvangst van je betaling hebben bevestigd, ontvang je een e-mail met alle benodigde informatie over downloaden, installeren en activeren. Om de levering van de producten te garanderen, moet je ervoor zorgen dat je je e-mailadres correct invult bij de bestelling! Er zijn geen verzendkosten voor [&hellip;]<\/p>\n","protected":false},"author":1,"featured_media":0,"parent":0,"menu_order":0,"comment_status":"closed","ping_status":"closed","template":"","meta":{"footnotes":""},"class_list":["post-1150","page","type-page","status-publish","hentry"],"yoast_head":"<!-- This site is optimized with the Yoast SEO plugin v27.3 - https:\/\/yoast.com\/product\/yoast-seo-wordpress\/ -->\n<title>Betaling en levering | livekaarten.nl<\/title>\n<meta name=\"robots\" content=\"index, follow, max-snippet:-1, max-image-preview:large, max-video-preview:-1\" \/>\n<link rel=\"canonical\" href=\"https:\/\/livekaarten.nl\/es\/payment-and-delivery\/\" \/>\n<meta property=\"og:locale\" content=\"es_ES\" \/>\n<meta property=\"og:type\" content=\"article\" \/>\n<meta property=\"og:title\" content=\"Betaling en levering | livekaarten.nl\" \/>\n<meta property=\"og:description\" content=\"\u00a0 Verzending Onze producten worden digitaal verzonden. Zodra we de ontvangst van je betaling hebben bevestigd, ontvang je een e-mail met alle benodigde informatie over downloaden, installeren en activeren. Om de levering van de producten te garanderen, moet je ervoor zorgen dat je je e-mailadres correct invult bij de bestelling! Er zijn geen verzendkosten voor [&hellip;]\" \/>\n<meta property=\"og:url\" content=\"https:\/\/livekaarten.nl\/es\/payment-and-delivery\/\" \/>\n<meta property=\"og:site_name\" content=\"livekaarten.nl\" \/>\n<meta property=\"article:modified_time\" content=\"2025-05-30T18:06:15+00:00\" \/>\n<meta name=\"twitter:card\" content=\"summary_large_image\" \/>\n<meta name=\"twitter:label1\" content=\"Tiempo de lectura\" \/>\n\t<meta name=\"twitter:data1\" content=\"1 minuto\" \/>\n<script type=\"application\/ld+json\" class=\"yoast-schema-graph\">{\"@context\":\"https:\\\/\\\/schema.org\",\"@graph\":[{\"@type\":\"WebPage\",\"@id\":\"https:\\\/\\\/livekaarten.nl\\\/payment-and-delivery\\\/\",\"url\":\"https:\\\/\\\/livekaarten.nl\\\/payment-and-delivery\\\/\",\"name\":\"Betaling en levering | livekaarten.nl\",\"isPartOf\":{\"@id\":\"https:\\\/\\\/livekaarten.nl\\\/#website\"},\"datePublished\":\"2020-12-16T15:58:31+00:00\",\"dateModified\":\"2025-05-30T18:06:15+00:00\",\"breadcrumb\":{\"@id\":\"https:\\\/\\\/livekaarten.nl\\\/payment-and-delivery\\\/#breadcrumb\"},\"inLanguage\":\"es\",\"potentialAction\":[{\"@type\":\"ReadAction\",\"target\":[\"https:\\\/\\\/livekaarten.nl\\\/payment-and-delivery\\\/\"]}]},{\"@type\":\"BreadcrumbList\",\"@id\":\"https:\\\/\\\/livekaarten.nl\\\/payment-and-delivery\\\/#breadcrumb\",\"itemListElement\":[{\"@type\":\"ListItem\",\"position\":1,\"name\":\"Home\",\"item\":\"https:\\\/\\\/livekaarten.nl\\\/\"},{\"@type\":\"ListItem\",\"position\":2,\"name\":\"Betaling en levering\"}]},{\"@type\":\"WebSite\",\"@id\":\"https:\\\/\\\/livekaarten.nl\\\/#website\",\"url\":\"https:\\\/\\\/livekaarten.nl\\\/\",\"name\":\"Livekaarten.nl\",\"description\":\"Koop uw kantoor\",\"potentialAction\":[{\"@type\":\"SearchAction\",\"target\":{\"@type\":\"EntryPoint\",\"urlTemplate\":\"https:\\\/\\\/livekaarten.nl\\\/?s={search_term_string}\"},\"query-input\":{\"@type\":\"PropertyValueSpecification\",\"valueRequired\":true,\"valueName\":\"search_term_string\"}}],\"inLanguage\":\"es\"}]}<\/script>\n<!-- \/ Yoast SEO plugin. -->","yoast_head_json":{"title":"Betaling en levering | livekaarten.nl","robots":{"index":"index","follow":"follow","max-snippet":"max-snippet:-1","max-image-preview":"max-image-preview:large","max-video-preview":"max-video-preview:-1"},"canonical":"https:\/\/livekaarten.nl\/es\/payment-and-delivery\/","og_locale":"es_ES","og_type":"article","og_title":"Betaling en levering | livekaarten.nl","og_description":"\u00a0 Verzending Onze producten worden digitaal verzonden. Zodra we de ontvangst van je betaling hebben bevestigd, ontvang je een e-mail met alle benodigde informatie over downloaden, installeren en activeren. Om de levering van de producten te garanderen, moet je ervoor zorgen dat je je e-mailadres correct invult bij de bestelling! Er zijn geen verzendkosten voor [&hellip;]","og_url":"https:\/\/livekaarten.nl\/es\/payment-and-delivery\/","og_site_name":"livekaarten.nl","article_modified_time":"2025-05-30T18:06:15+00:00","twitter_card":"summary_large_image","twitter_misc":{"Tiempo de lectura":"1 minuto"},"schema":{"@context":"https:\/\/schema.org","@graph":[{"@type":"WebPage","@id":"https:\/\/livekaarten.nl\/payment-and-delivery\/","url":"https:\/\/livekaarten.nl\/payment-and-delivery\/","name":"Betaling en levering | livekaarten.nl","isPartOf":{"@id":"https:\/\/livekaarten.nl\/#website"},"datePublished":"2020-12-16T15:58:31+00:00","dateModified":"2025-05-30T18:06:15+00:00","breadcrumb":{"@id":"https:\/\/livekaarten.nl\/payment-and-delivery\/#breadcrumb"},"inLanguage":"es","potentialAction":[{"@type":"ReadAction","target":["https:\/\/livekaarten.nl\/payment-and-delivery\/"]}]},{"@type":"BreadcrumbList","@id":"https:\/\/livekaarten.nl\/payment-and-delivery\/#breadcrumb","itemListElement":[{"@type":"ListItem","position":1,"name":"Home","item":"https:\/\/livekaarten.nl\/"},{"@type":"ListItem","position":2,"name":"Betaling en levering"}]},{"@type":"WebSite","@id":"https:\/\/livekaarten.nl\/#website","url":"https:\/\/livekaarten.nl\/","name":"Livecards.es","description":"Compre su oficina","potentialAction":[{"@type":"SearchAction","target":{"@type":"EntryPoint","urlTemplate":"https:\/\/livekaarten.nl\/?s={search_term_string}"},"query-input":{"@type":"PropertyValueSpecification","valueRequired":true,"valueName":"search_term_string"}}],"inLanguage":"es"}]}},"_links":{"self":[{"href":"https:\/\/livekaarten.nl\/es\/wp-json\/wp\/v2\/pages\/1150","targetHints":{"allow":["GET"]}}],"collection":[{"href":"https:\/\/livekaarten.nl\/es\/wp-json\/wp\/v2\/pages"}],"about":[{"href":"https:\/\/livekaarten.nl\/es\/wp-json\/wp\/v2\/types\/page"}],"author":[{"embeddable":true,"href":"https:\/\/livekaarten.nl\/es\/wp-json\/wp\/v2\/users\/1"}],"replies":[{"embeddable":true,"href":"https:\/\/livekaarten.nl\/es\/wp-json\/wp\/v2\/comments?post=1150"}],"version-history":[{"count":0,"href":"https:\/\/livekaarten.nl\/es\/wp-json\/wp\/v2\/pages\/1150\/revisions"}],"wp:attachment":[{"href":"https:\/\/livekaarten.nl\/es\/wp-json\/wp\/v2\/media?parent=1150"}],"curies":[{"name":"wp","href":"https:\/\/api.w.org\/{rel}","templated":true}]}}