{"id":11056,"date":"2021-03-03T15:10:06","date_gmt":"2021-03-03T14:10:06","guid":{"rendered":"https:\/\/shop.winandoffice.com\/?page_id=11056"},"modified":"2025-06-03T11:12:57","modified_gmt":"2025-06-03T09:12:57","slug":"legal-basis","status":"publish","type":"page","link":"https:\/\/livekaarten.nl\/es\/legal-basis\/","title":{"rendered":"Bases jur\u00eddicas"},"content":{"rendered":"<p>&nbsp;<\/p>\n<p><strong>Derecho de distribuci\u00f3n<\/strong><\/p>\n<p>Los fabricantes de software, como Microsoft o Corel, permiten a los distribuidores certificados (revendedores) vender productos a los consumidores. Se conceden los llamados derechos de revendedor. S\u00f3lo los socios autorizados pueden vender licencias de software y son miembros obligatorios del programa de socios del fabricante. Los revendedores tienen el derecho no exclusivo de comercializar y distribuir activamente software con licencia dentro de la UE\/AELC. Sin embargo, los revendedores tambi\u00e9n pueden operar en otras regiones. Para ello es necesario un acuerdo por escrito.<\/p>\n<p>El distribuidor est\u00e1 obligado a ofrecer los productos de software bajo el nombre de producto respectivo del fabricante. Deben observarse y respetarse los derechos de propiedad y los avisos de copyright pertinentes. Todas las marcas comerciales y nombres de marca registrados son propiedad de sus respectivos fabricantes. La informaci\u00f3n t\u00e9cnica debe corresponder siempre a las especificaciones del fabricante. Las im\u00e1genes, pictogramas y logotipos s\u00f3lo pueden utilizarse para identificar art\u00edculos. Los bienes vendidos son propiedad del distribuidor hasta que se reciba el pago completo.<\/p>\n<p><strong>Derecho de admisi\u00f3n<\/strong><\/p>\n<p>Seg\u00fan la jurisprudencia actual del Tribunal Federal de Justicia (BGH, sentencia de 17 de julio de 2013 - I ZR 129\/08), los comerciantes especializados est\u00e1n obligados a documentar la legalidad y regularidad del software ofrecido. Las licencias de software solo pueden comercializarse con el consentimiento del titular de los derechos. La licencia se concede por un canon que permite al distribuidor obtener una remuneraci\u00f3n correspondiente al valor econ\u00f3mico del software. El titular del derecho obliga al distribuidor a vender el software para su uso permanente e indefinido en el tiempo. Se informa al consumidor de que el software est\u00e1 sujeto a las condiciones de licencia y a los derechos de uso del producto del productor del software.<\/p>\n<p>El comprador tiene un derecho simple y sin restricciones a utilizar el software. No puede copiar el software ni ponerlo a disposici\u00f3n de terceros para su uso. Los derechos de uso m\u00faltiples requieren un acuerdo independiente.<\/p>","protected":false},"excerpt":{"rendered":"<p>&nbsp; Distributierecht Softwarefabrikanten zoals Microsoft of Corel staan gecertificeerde distributeurs (wederverkopers) toe om producten aan consumenten te verkopen. Er worden zogenoemde wederverkopersrechten toegekend. Alleen erkende partners mogen softwarelicenties verkopen en zijn verplicht lid van het partnerprogramma van de fabrikant. Wederverkopers hebben het niet-exclusieve recht om gelicentieerde software binnen de EU\/EVA actief op de markt te [&hellip;]<\/p>\n","protected":false},"author":1,"featured_media":0,"parent":0,"menu_order":0,"comment_status":"closed","ping_status":"closed","template":"","meta":{"footnotes":""},"class_list":["post-11056","page","type-page","status-publish","hentry"],"yoast_head":"<!-- This site is optimized with the Yoast SEO plugin v27.3 - https:\/\/yoast.com\/product\/yoast-seo-wordpress\/ -->\n<title>Wettelijke grondslagen | livekaarten.nl<\/title>\n<meta name=\"robots\" content=\"index, follow, max-snippet:-1, max-image-preview:large, max-video-preview:-1\" \/>\n<link rel=\"canonical\" href=\"https:\/\/livekaarten.nl\/es\/legal-basis\/\" \/>\n<meta property=\"og:locale\" content=\"es_ES\" \/>\n<meta property=\"og:type\" content=\"article\" \/>\n<meta property=\"og:title\" content=\"Wettelijke grondslagen | livekaarten.nl\" \/>\n<meta property=\"og:description\" content=\"&nbsp; Distributierecht Softwarefabrikanten zoals Microsoft of Corel staan gecertificeerde distributeurs (wederverkopers) toe om producten aan consumenten te verkopen. Er worden zogenoemde wederverkopersrechten toegekend. Alleen erkende partners mogen softwarelicenties verkopen en zijn verplicht lid van het partnerprogramma van de fabrikant. Wederverkopers hebben het niet-exclusieve recht om gelicentieerde software binnen de EU\/EVA actief op de markt te [&hellip;]\" \/>\n<meta property=\"og:url\" content=\"https:\/\/livekaarten.nl\/es\/legal-basis\/\" \/>\n<meta property=\"og:site_name\" content=\"livekaarten.nl\" \/>\n<meta property=\"article:modified_time\" content=\"2025-06-03T09:12:57+00:00\" \/>\n<meta name=\"twitter:card\" content=\"summary_large_image\" \/>\n<meta name=\"twitter:label1\" content=\"Tiempo de lectura\" \/>\n\t<meta name=\"twitter:data1\" content=\"2 minutos\" \/>\n<script type=\"application\/ld+json\" class=\"yoast-schema-graph\">{\"@context\":\"https:\\\/\\\/schema.org\",\"@graph\":[{\"@type\":\"WebPage\",\"@id\":\"https:\\\/\\\/livekaarten.nl\\\/legal-basis\\\/\",\"url\":\"https:\\\/\\\/livekaarten.nl\\\/legal-basis\\\/\",\"name\":\"Wettelijke grondslagen | livekaarten.nl\",\"isPartOf\":{\"@id\":\"https:\\\/\\\/livekaarten.nl\\\/#website\"},\"datePublished\":\"2021-03-03T14:10:06+00:00\",\"dateModified\":\"2025-06-03T09:12:57+00:00\",\"breadcrumb\":{\"@id\":\"https:\\\/\\\/livekaarten.nl\\\/legal-basis\\\/#breadcrumb\"},\"inLanguage\":\"es\",\"potentialAction\":[{\"@type\":\"ReadAction\",\"target\":[\"https:\\\/\\\/livekaarten.nl\\\/legal-basis\\\/\"]}]},{\"@type\":\"BreadcrumbList\",\"@id\":\"https:\\\/\\\/livekaarten.nl\\\/legal-basis\\\/#breadcrumb\",\"itemListElement\":[{\"@type\":\"ListItem\",\"position\":1,\"name\":\"Home\",\"item\":\"https:\\\/\\\/livekaarten.nl\\\/\"},{\"@type\":\"ListItem\",\"position\":2,\"name\":\"Wettelijke grondslagen\"}]},{\"@type\":\"WebSite\",\"@id\":\"https:\\\/\\\/livekaarten.nl\\\/#website\",\"url\":\"https:\\\/\\\/livekaarten.nl\\\/\",\"name\":\"Livekaarten.nl\",\"description\":\"Koop uw kantoor\",\"potentialAction\":[{\"@type\":\"SearchAction\",\"target\":{\"@type\":\"EntryPoint\",\"urlTemplate\":\"https:\\\/\\\/livekaarten.nl\\\/?s={search_term_string}\"},\"query-input\":{\"@type\":\"PropertyValueSpecification\",\"valueRequired\":true,\"valueName\":\"search_term_string\"}}],\"inLanguage\":\"es\"}]}<\/script>\n<!-- \/ Yoast SEO plugin. -->","yoast_head_json":{"title":"Wettelijke grondslagen | livekaarten.nl","robots":{"index":"index","follow":"follow","max-snippet":"max-snippet:-1","max-image-preview":"max-image-preview:large","max-video-preview":"max-video-preview:-1"},"canonical":"https:\/\/livekaarten.nl\/es\/legal-basis\/","og_locale":"es_ES","og_type":"article","og_title":"Wettelijke grondslagen | livekaarten.nl","og_description":"&nbsp; Distributierecht Softwarefabrikanten zoals Microsoft of Corel staan gecertificeerde distributeurs (wederverkopers) toe om producten aan consumenten te verkopen. Er worden zogenoemde wederverkopersrechten toegekend. Alleen erkende partners mogen softwarelicenties verkopen en zijn verplicht lid van het partnerprogramma van de fabrikant. Wederverkopers hebben het niet-exclusieve recht om gelicentieerde software binnen de EU\/EVA actief op de markt te [&hellip;]","og_url":"https:\/\/livekaarten.nl\/es\/legal-basis\/","og_site_name":"livekaarten.nl","article_modified_time":"2025-06-03T09:12:57+00:00","twitter_card":"summary_large_image","twitter_misc":{"Tiempo de lectura":"2 minutos"},"schema":{"@context":"https:\/\/schema.org","@graph":[{"@type":"WebPage","@id":"https:\/\/livekaarten.nl\/legal-basis\/","url":"https:\/\/livekaarten.nl\/legal-basis\/","name":"Wettelijke grondslagen | livekaarten.nl","isPartOf":{"@id":"https:\/\/livekaarten.nl\/#website"},"datePublished":"2021-03-03T14:10:06+00:00","dateModified":"2025-06-03T09:12:57+00:00","breadcrumb":{"@id":"https:\/\/livekaarten.nl\/legal-basis\/#breadcrumb"},"inLanguage":"es","potentialAction":[{"@type":"ReadAction","target":["https:\/\/livekaarten.nl\/legal-basis\/"]}]},{"@type":"BreadcrumbList","@id":"https:\/\/livekaarten.nl\/legal-basis\/#breadcrumb","itemListElement":[{"@type":"ListItem","position":1,"name":"Home","item":"https:\/\/livekaarten.nl\/"},{"@type":"ListItem","position":2,"name":"Wettelijke grondslagen"}]},{"@type":"WebSite","@id":"https:\/\/livekaarten.nl\/#website","url":"https:\/\/livekaarten.nl\/","name":"Livecards.es","description":"Compre su oficina","potentialAction":[{"@type":"SearchAction","target":{"@type":"EntryPoint","urlTemplate":"https:\/\/livekaarten.nl\/?s={search_term_string}"},"query-input":{"@type":"PropertyValueSpecification","valueRequired":true,"valueName":"search_term_string"}}],"inLanguage":"es"}]}},"_links":{"self":[{"href":"https:\/\/livekaarten.nl\/es\/wp-json\/wp\/v2\/pages\/11056","targetHints":{"allow":["GET"]}}],"collection":[{"href":"https:\/\/livekaarten.nl\/es\/wp-json\/wp\/v2\/pages"}],"about":[{"href":"https:\/\/livekaarten.nl\/es\/wp-json\/wp\/v2\/types\/page"}],"author":[{"embeddable":true,"href":"https:\/\/livekaarten.nl\/es\/wp-json\/wp\/v2\/users\/1"}],"replies":[{"embeddable":true,"href":"https:\/\/livekaarten.nl\/es\/wp-json\/wp\/v2\/comments?post=11056"}],"version-history":[{"count":0,"href":"https:\/\/livekaarten.nl\/es\/wp-json\/wp\/v2\/pages\/11056\/revisions"}],"wp:attachment":[{"href":"https:\/\/livekaarten.nl\/es\/wp-json\/wp\/v2\/media?parent=11056"}],"curies":[{"name":"wp","href":"https:\/\/api.w.org\/{rel}","templated":true}]}}