{"id":1957,"date":"2022-10-20T21:47:49","date_gmt":"2022-10-20T21:47:49","guid":{"rendered":"https:\/\/gamecardshop.com\/livecards\/?post_type=product&#038;p=1957"},"modified":"2026-04-20T12:59:58","modified_gmt":"2026-04-20T10:59:58","slug":"microsoft-windows-11-home","status":"publish","type":"product","link":"https:\/\/livekaarten.nl\/en\/product\/microsoft-windows-11-home\/","title":{"rendered":"Microsoft Windows 11 Home"},"content":{"rendered":"<div class=\"product-content\">\n<h2>Microsoft Windows 11 Professional<\/h2>\n<h3>System requirements<\/h3>\n<hr \/>\n<p>Make sure you're ready for Microsoft's latest and greatest operating system!<\/p>\n<p>These are the minimum requirements for installing Microsoft Windows 11 on a PC. If your device does not meet these requirements, you may not be able to install Microsoft Windows 11. If you're not sure if your PC meets these requirements, you can use the PC Health Check app to assess compatibility <strong>(Requires Windows 10, <a href=\"https:\/\/aka.ms\/GetPCHealthCheckApp\">click here to download<\/a>)<\/strong>.<\/p>\n<ul>\n<li><strong>Processor:<\/strong> 1 gigahertz (GHz) faster with 2 or more cores on a compatible 64-bit processor or System on a Chip (SoC).<\/li>\n<li><strong>RAM:<\/strong> 4 gigabytes (GB).<\/li>\n<li><strong>Storage:<\/strong> 64 GB or larger storage device. Note: See \u201cMore information on storage space for keeping Windows 11 up to date\u201d below for more details.<\/li>\n<li><strong>System firmware:<\/strong> UEFI, suitable for Secure Boot.<\/li>\n<li><strong>TPM:<\/strong> Trusted Platform Module (TPM) version 2.0.<\/li>\n<li><strong>Graphics card:<\/strong> Compatible with DirectX 12 or higher with WDDM 2.0 driver.<\/li>\n<li><strong>Display:<\/strong> High definition (720p) display with a diagonal larger than 9\", 8 bits per color channel.<\/li>\n<li><strong>Internet connection and Microsoft accounts:<\/strong> Microsoft Windows 11 requires an internet connection and a Microsoft account to complete device setup the first time you use it. Switching a device out of Microsoft Windows 11 Home in S mode also requires an internet connection. All editions of Microsoft Windows 11 require internet access to update and to download and use some features. Some features require a Microsoft account.<\/li>\n<\/ul>\n<p>Over time, there may be additional requirements for updates and requirements to enable specific features in the operating system.<\/p>\n<hr \/>\n<h3>Additional requirements for key features<\/h3>\n<p>Some features in Microsoft Windows 11 have higher requirements than those listed above in the minimum requirements section. Below is more information about the requirements for key features:<\/p>\n<ul>\n<li>5G support requires a 5G-enabled modem.<\/li>\n<li>Auto HDR requires an HDR monitor.<\/li>\n<li>BitLocker to Go requires a USB flash drive (available in Windows Pro and higher editions).<\/li>\n<li>Client Hyper-V requires a processor with second-level address translation (SLAT) capabilities (available in Windows Pro and higher editions).<\/li>\n<li>Cortana vereist een microfoon en luidspreker en is momenteel beschikbaar in Microsoft Windows 11 voor Australi\u00eb, Brazili\u00eb, Canada, China, Frankrijk, Duitsland, India, Itali\u00eb, Japan, Mexico, Spanje, het Verenigd Koninkrijk en de Verenigde Staten.<\/li>\n<li>DirectStorage requires an NVMe SSD to store and run games that use the \u201cStandard NVM Express Controller\u201d driver and a DirectX 12 GPU with Shader Model 6.0 support.<\/li>\n<li>DirectX 12 Ultimate is available with supported games and graphics chips.<\/li>\n<li>Presence requires a sensor that can detect a person's distance from the device or their intention to interact with the device.<\/li>\n<li>Intelligent video conferencing requires a video camera, microphone and speaker (audio output).<\/li>\n<li>Multiple Voice Assistant (MVA) requires a microphone and speaker.<\/li>\n<li>Snap layouts with three columns require a screen with an effective width of 1920 pixels or more.<\/li>\n<li>Mute\/Unmute from taskbar requires video camera, microphone and speaker (audio output). App must be compatible with feature to enable global mute\/unmute.<\/li>\n<li>Spatial Sound requires supporting hardware and software.<\/li>\n<li>Teams requires video camera, microphone and speaker (audio output).<\/li>\n<li>Touch requires a screen or monitor that supports multi-touch.<\/li>\n<li>Two-factor authentication requires use of PIN, biometrics (fingerprint reader or illuminated infrared camera) or a phone with Wi-Fi or Bluetooth capabilities.<\/li>\n<li>Voice Typing requires a PC with a microphone.<\/li>\n<li>Wake on Voice requires a Modern Standby power model and a microphone.<\/li>\n<li>Wi-Fi 6E requires new WLAN IHV hardware and driver and a Wi-Fi 6E-enabled AP\/router.<\/li>\n<li>Windows Hello requires a camera configured for near-infrared (IR) imaging or a fingerprint reader for biometric authentication. Devices without biometric sensors can use Windows Hello with a PIN or a Microsoft-compatible portable security key.<\/li>\n<li>Windows Projection requires a display adapter that supports Windows Display Driver Model (WDDM) 2.0 and a Wi-Fi adapter that supports Wi-Fi Direct.<\/li>\n<li>The Xbox app requires an Xbox Live account, which is not available in all regions. See Xbox Live countries and regions for the most current availability information. Some features in the Xbox app require an active Xbox Game Pass subscription. Learn more about the pass.<\/li>\n<\/ul>\n<\/div>","protected":false},"excerpt":{"rendered":"<p><strong>Before you buy, check that your computer is compatible with Windows 11:<\/strong> <span style=\"color: #ff0000;\"><strong><a style=\"color: #ff0000;\" href=\"https:\/\/aka.ms\/GetPCHealthCheckApp\">Download here<\/a><\/strong><\/span><\/p>\n<ul>\n<li>License: To be used on 3 PCs (activate online or by phone)<\/li>\n<li>Delivery: Download link, product key, instructions and invoice will be delivered directly by email.<\/li>\n<li>Version: Suitable for 32- and 64-bit systems. Full, unlimited versions of the software<\/li>\n<li>Languages: English, Spanish, Italian, German, French<\/li>\n<li>Support: 24\/7 in Dutch, French, German<\/li>\n<li><strong><span style=\"color: #008000;\">This product is compatible with Microsoft Windows.<\/span><\/strong><\/li>\n<li><strong><span style=\"color: #ff0000;\">Not compatible with Apple macOS\u2122, Android devices and Chromebooks.<\/span><\/strong><\/li>\n<\/ul>","protected":false},"featured_media":114616,"comment_status":"closed","ping_status":"closed","template":"","meta":{"rs_blank_template":"","rs_page_bg_color":"","slide_template_v7":""},"product_cat":[82,89],"product_tag":[],"class_list":{"0":"post-1957","1":"product","2":"type-product","3":"status-publish","4":"has-post-thumbnail","6":"product_cat-microsoft-windows","7":"product_cat-windows-11","9":"first","10":"instock","11":"sale","12":"virtual","13":"taxable","14":"purchasable","15":"product-type-simple"},"yoast_head":"<!-- This site is optimized with the Yoast SEO plugin v27.5 - https:\/\/yoast.com\/product\/yoast-seo-wordpress\/ -->\n<title>Microsoft Windows 11 Home | livekaarten.nl<\/title>\n<meta name=\"robots\" content=\"index, follow, max-snippet:-1, max-image-preview:large, max-video-preview:-1\" \/>\n<link rel=\"canonical\" href=\"https:\/\/livekaarten.nl\/en\/product\/microsoft-windows-11-home\/\" \/>\n<meta property=\"og:locale\" content=\"en_US\" \/>\n<meta property=\"og:type\" content=\"article\" \/>\n<meta property=\"og:title\" content=\"Microsoft Windows 11 Home | livekaarten.nl\" \/>\n<meta property=\"og:description\" content=\"Controleer voordat je koopt of je computer compatibel is met Windows 11: Download hier   Licentie: Te gebruiken op 3 pc\u2019s (online of telefonisch te activeren)  Levering: Downloadlink, productsleutel, instructies en factuur worden direct per e-mail geleverd.  Versie: Geschikt voor 32- en 64-bits systemen. Volledige, onbeperkte versies van de software  Talen: Engels, Spaans, Italiaans, Duits, Frans  Ondersteuning: 24\/7 in het Nederlands, Frans, Duits  Dit product is compatibel met Microsoft Windows.  Niet compatibel met Apple macOS\u2122, Android-apparaten en Chromebooks.\" \/>\n<meta property=\"og:url\" content=\"https:\/\/livekaarten.nl\/en\/product\/microsoft-windows-11-home\/\" \/>\n<meta property=\"og:site_name\" content=\"livekaarten.nl\" \/>\n<meta property=\"article:modified_time\" content=\"2026-04-20T10:59:58+00:00\" \/>\n<meta property=\"og:image\" content=\"https:\/\/livekaarten.nl\/wp-content\/uploads\/2025\/04\/W11H.jpg\" \/>\n\t<meta property=\"og:image:width\" content=\"1000\" \/>\n\t<meta property=\"og:image:height\" content=\"1500\" \/>\n\t<meta property=\"og:image:type\" content=\"image\/jpeg\" \/>\n<meta name=\"twitter:card\" content=\"summary_large_image\" \/>\n<meta name=\"twitter:label1\" content=\"Est. reading time\" \/>\n\t<meta name=\"twitter:data1\" content=\"4 minutes\" \/>\n<script type=\"application\/ld+json\" class=\"yoast-schema-graph\">{\"@context\":\"https:\\\/\\\/schema.org\",\"@graph\":[{\"@type\":\"WebPage\",\"@id\":\"https:\\\/\\\/livekaarten.nl\\\/product\\\/microsoft-windows-11-home\\\/\",\"url\":\"https:\\\/\\\/livekaarten.nl\\\/product\\\/microsoft-windows-11-home\\\/\",\"name\":\"Microsoft Windows 11 Home | livekaarten.nl\",\"isPartOf\":{\"@id\":\"https:\\\/\\\/livekaarten.nl\\\/#website\"},\"primaryImageOfPage\":{\"@id\":\"https:\\\/\\\/livekaarten.nl\\\/product\\\/microsoft-windows-11-home\\\/#primaryimage\"},\"image\":{\"@id\":\"https:\\\/\\\/livekaarten.nl\\\/product\\\/microsoft-windows-11-home\\\/#primaryimage\"},\"thumbnailUrl\":\"https:\\\/\\\/livekaarten.nl\\\/wp-content\\\/uploads\\\/2025\\\/04\\\/W11H.jpg\",\"datePublished\":\"2022-10-20T21:47:49+00:00\",\"dateModified\":\"2026-04-20T10:59:58+00:00\",\"breadcrumb\":{\"@id\":\"https:\\\/\\\/livekaarten.nl\\\/product\\\/microsoft-windows-11-home\\\/#breadcrumb\"},\"inLanguage\":\"en-US\",\"potentialAction\":[{\"@type\":\"ReadAction\",\"target\":[\"https:\\\/\\\/livekaarten.nl\\\/product\\\/microsoft-windows-11-home\\\/\"]}]},{\"@type\":\"ImageObject\",\"inLanguage\":\"en-US\",\"@id\":\"https:\\\/\\\/livekaarten.nl\\\/product\\\/microsoft-windows-11-home\\\/#primaryimage\",\"url\":\"https:\\\/\\\/livekaarten.nl\\\/wp-content\\\/uploads\\\/2025\\\/04\\\/W11H.jpg\",\"contentUrl\":\"https:\\\/\\\/livekaarten.nl\\\/wp-content\\\/uploads\\\/2025\\\/04\\\/W11H.jpg\",\"width\":1000,\"height\":1500},{\"@type\":\"BreadcrumbList\",\"@id\":\"https:\\\/\\\/livekaarten.nl\\\/product\\\/microsoft-windows-11-home\\\/#breadcrumb\",\"itemListElement\":[{\"@type\":\"ListItem\",\"position\":1,\"name\":\"Home\",\"item\":\"https:\\\/\\\/livekaarten.nl\\\/\"},{\"@type\":\"ListItem\",\"position\":2,\"name\":\"Winkel\",\"item\":\"https:\\\/\\\/livekaarten.nl\\\/shop\\\/\"},{\"@type\":\"ListItem\",\"position\":3,\"name\":\"Microsoft Windows 11 Home\"}]},{\"@type\":\"WebSite\",\"@id\":\"https:\\\/\\\/livekaarten.nl\\\/#website\",\"url\":\"https:\\\/\\\/livekaarten.nl\\\/\",\"name\":\"Livekaarten.nl\",\"description\":\"Koop uw kantoor\",\"potentialAction\":[{\"@type\":\"SearchAction\",\"target\":{\"@type\":\"EntryPoint\",\"urlTemplate\":\"https:\\\/\\\/livekaarten.nl\\\/?s={search_term_string}\"},\"query-input\":{\"@type\":\"PropertyValueSpecification\",\"valueRequired\":true,\"valueName\":\"search_term_string\"}}],\"inLanguage\":\"en-US\"}]}<\/script>\n<!-- \/ Yoast SEO plugin. -->","yoast_head_json":{"title":"Microsoft Windows 11 Home | livekaarten.nl","robots":{"index":"index","follow":"follow","max-snippet":"max-snippet:-1","max-image-preview":"max-image-preview:large","max-video-preview":"max-video-preview:-1"},"canonical":"https:\/\/livekaarten.nl\/en\/product\/microsoft-windows-11-home\/","og_locale":"en_US","og_type":"article","og_title":"Microsoft Windows 11 Home | livekaarten.nl","og_description":"Controleer voordat je koopt of je computer compatibel is met Windows 11: Download hier   Licentie: Te gebruiken op 3 pc\u2019s (online of telefonisch te activeren)  Levering: Downloadlink, productsleutel, instructies en factuur worden direct per e-mail geleverd.  Versie: Geschikt voor 32- en 64-bits systemen. Volledige, onbeperkte versies van de software  Talen: Engels, Spaans, Italiaans, Duits, Frans  Ondersteuning: 24\/7 in het Nederlands, Frans, Duits  Dit product is compatibel met Microsoft Windows.  Niet compatibel met Apple macOS\u2122, Android-apparaten en Chromebooks.","og_url":"https:\/\/livekaarten.nl\/en\/product\/microsoft-windows-11-home\/","og_site_name":"livekaarten.nl","article_modified_time":"2026-04-20T10:59:58+00:00","og_image":[{"width":1000,"height":1500,"url":"https:\/\/livekaarten.nl\/wp-content\/uploads\/2025\/04\/W11H.jpg","type":"image\/jpeg"}],"twitter_card":"summary_large_image","twitter_misc":{"Est. reading time":"4 minutes"},"schema":{"@context":"https:\/\/schema.org","@graph":[{"@type":"WebPage","@id":"https:\/\/livekaarten.nl\/product\/microsoft-windows-11-home\/","url":"https:\/\/livekaarten.nl\/product\/microsoft-windows-11-home\/","name":"Microsoft Windows 11 Home | livekaarten.nl","isPartOf":{"@id":"https:\/\/livekaarten.nl\/#website"},"primaryImageOfPage":{"@id":"https:\/\/livekaarten.nl\/product\/microsoft-windows-11-home\/#primaryimage"},"image":{"@id":"https:\/\/livekaarten.nl\/product\/microsoft-windows-11-home\/#primaryimage"},"thumbnailUrl":"https:\/\/livekaarten.nl\/wp-content\/uploads\/2025\/04\/W11H.jpg","datePublished":"2022-10-20T21:47:49+00:00","dateModified":"2026-04-20T10:59:58+00:00","breadcrumb":{"@id":"https:\/\/livekaarten.nl\/product\/microsoft-windows-11-home\/#breadcrumb"},"inLanguage":"en-US","potentialAction":[{"@type":"ReadAction","target":["https:\/\/livekaarten.nl\/product\/microsoft-windows-11-home\/"]}]},{"@type":"ImageObject","inLanguage":"en-US","@id":"https:\/\/livekaarten.nl\/product\/microsoft-windows-11-home\/#primaryimage","url":"https:\/\/livekaarten.nl\/wp-content\/uploads\/2025\/04\/W11H.jpg","contentUrl":"https:\/\/livekaarten.nl\/wp-content\/uploads\/2025\/04\/W11H.jpg","width":1000,"height":1500},{"@type":"BreadcrumbList","@id":"https:\/\/livekaarten.nl\/product\/microsoft-windows-11-home\/#breadcrumb","itemListElement":[{"@type":"ListItem","position":1,"name":"Home","item":"https:\/\/livekaarten.nl\/"},{"@type":"ListItem","position":2,"name":"Winkel","item":"https:\/\/livekaarten.nl\/shop\/"},{"@type":"ListItem","position":3,"name":"Microsoft Windows 11 Home"}]},{"@type":"WebSite","@id":"https:\/\/livekaarten.nl\/#website","url":"https:\/\/livekaarten.nl\/","name":"Livekaarten.nl","description":"Buy your office","potentialAction":[{"@type":"SearchAction","target":{"@type":"EntryPoint","urlTemplate":"https:\/\/livekaarten.nl\/?s={search_term_string}"},"query-input":{"@type":"PropertyValueSpecification","valueRequired":true,"valueName":"search_term_string"}}],"inLanguage":"en-US"}]}},"_links":{"self":[{"href":"https:\/\/livekaarten.nl\/en\/wp-json\/wp\/v2\/product\/1957","targetHints":{"allow":["GET"]}}],"collection":[{"href":"https:\/\/livekaarten.nl\/en\/wp-json\/wp\/v2\/product"}],"about":[{"href":"https:\/\/livekaarten.nl\/en\/wp-json\/wp\/v2\/types\/product"}],"replies":[{"embeddable":true,"href":"https:\/\/livekaarten.nl\/en\/wp-json\/wp\/v2\/comments?post=1957"}],"wp:featuredmedia":[{"embeddable":true,"href":"https:\/\/livekaarten.nl\/en\/wp-json\/wp\/v2\/media\/114616"}],"wp:attachment":[{"href":"https:\/\/livekaarten.nl\/en\/wp-json\/wp\/v2\/media?parent=1957"}],"wp:term":[{"taxonomy":"product_cat","embeddable":true,"href":"https:\/\/livekaarten.nl\/en\/wp-json\/wp\/v2\/product_cat?post=1957"},{"taxonomy":"product_tag","embeddable":true,"href":"https:\/\/livekaarten.nl\/en\/wp-json\/wp\/v2\/product_tag?post=1957"}],"curies":[{"name":"wp","href":"https:\/\/api.w.org\/{rel}","templated":true}]}}