{"id":1925,"date":"2022-10-20T21:47:33","date_gmt":"2022-10-20T19:47:33","guid":{"rendered":"https:\/\/gamecardshop.com\/livecards\/?post_type=product&#038;p=1925"},"modified":"2026-04-20T13:11:59","modified_gmt":"2026-04-20T11:11:59","slug":"microsoft-windows-11-professional-microsoft-office-2019-standard","status":"publish","type":"product","link":"https:\/\/livekaarten.nl\/en\/product\/microsoft-windows-11-professional-microsoft-office-2019-standard\/","title":{"rendered":"Microsoft Windows 11 Professional + Microsoft Office 2019 Standard - License for 3 devices"},"content":{"rendered":"<div class=\"product-content\">\n<h2>Microsoft Windows 11 Professional<\/h2>\n<ul>\n<li><strong>Processor:<\/strong> 1 gigahertz (GHz) of sneller met 2 of meer kernen op een compatibele 64-bits processor of System on a Chip (SoC).<\/li>\n<li><strong>RAM:<\/strong> 4 gigabyte (GB).<\/li>\n<li><strong>Storage:<\/strong> 64 GB of groter opslagapparaat. Opmerking: zie hieronder onder &#8220;Meer informatie over opslagruimte om Windows 11 up-to-date te houden&#8221; voor meer informatie.<\/li>\n<li><strong>System firmware:<\/strong> UEFI, geschikt voor Secure Boot.<\/li>\n<li><strong>TPM:<\/strong> Trusted Platform Module (TPM) versie 2.0.<\/li>\n<li><strong>Graphics card:<\/strong> Compatibel met DirectX 12 of hoger met WDDM 2.0 stuurprogramma.<\/li>\n<li><strong>Display:<\/strong> Hoge definitie (720p) beeldscherm met een diagonaal van meer dan 9&#8243;, 8 bits per kleurkanaal.<\/li>\n<li><strong>Internet connection and Microsoft account:<\/strong> Microsoft Windows 11 vereist een internetverbinding en een Microsoft-account om de installatie van het apparaat bij het eerste gebruik te voltooien. Om een apparaat uit Microsoft Windows 11 Home in de S-modus te schakelen, is ook een internetverbinding nodig. Voor alle Microsoft Windows 11-edities is internettoegang vereist om updates uit te voeren en bepaalde functies te downloaden en te gebruiken. Voor sommige functies is een Microsoft-account vereist.<\/li>\n<\/ul>\n<p>Over time, there may be additional requirements for updates and requirements to enable specific features in the operating system.<\/p>\n<hr \/>\n<h3>Extra vereisten voor belangrijke functies<\/h3>\n<p>Some features in Microsoft Windows 11 have higher requirements than those listed above in the minimum requirements section. Below is more information about the requirements for key features:<\/p>\n<ul>\n<li>5G support requires a 5G-enabled modem.<\/li>\n<li>Auto HDR requires an HDR monitor.<\/li>\n<li>BitLocker to Go requires a USB flash drive (available in Windows Pro and higher editions).<\/li>\n<li>Client Hyper-V requires a processor with second-level address translation (SLAT) capabilities (available in Windows Pro and higher editions).<\/li>\n<li>Cortana vereist een microfoon en luidspreker en is momenteel beschikbaar in Windows 11 voor Australi\u00eb, Brazili\u00eb, Canada, China, Frankrijk, Duitsland, India, Itali\u00eb, Japan, Mexico, Spanje, het Verenigd Koninkrijk en de Verenigde Staten.<\/li>\n<li>DirectStorage vereist een NVMe SSD om games op te slaan en uit te voeren die het stuurprogramma &#8220;Standard NVM Express Controller&#8221; gebruiken en een DirectX 12 GPU met ondersteuning voor Shader Model 6.0.<\/li>\n<li>DirectX 12 Ultimate is available with supported games and graphics chips.<\/li>\n<li>Aanwezigheid vereist een sensor die de menselijke afstand tot het apparaat of de intentie tot interactie met het apparaat kan detecteren.<\/li>\n<li>Intelligent video conferencing requires a video camera, microphone and speaker (audio output).<\/li>\n<li>Multiple Voice Assistant (MVA) requires a microphone and speaker.<\/li>\n<li>Snap layouts with three columns require a screen with an effective width of 1920 pixels or more.<\/li>\n<li>Mute\/Unmute from taskbar requires video camera, microphone and speaker (audio output). App must be compatible with feature to enable global mute\/unmute.<\/li>\n<li>Spatial Sound requires supporting hardware and software.<\/li>\n<li>Teams requires video camera, microphone and speaker (audio output).<\/li>\n<li>Touch requires a screen or monitor that supports multi-touch.<\/li>\n<li>Two-factor authentication requires use of PIN, biometrics (fingerprint reader or illuminated infrared camera) or a phone with Wi-Fi or Bluetooth capabilities.<\/li>\n<li>Voice Typing requires a PC with a microphone.<\/li>\n<li>Wake on Voice requires a Modern Standby power model and a microphone.<\/li>\n<li>Wi-Fi 6E requires new WLAN IHV hardware and driver and a Wi-Fi 6E-enabled AP\/router.<\/li>\n<li>Windows Hello requires a camera configured for near-infrared (IR) imaging or a fingerprint reader for biometric authentication. Devices without biometric sensors can use Windows Hello with a PIN or a Microsoft-compatible portable security key.<\/li>\n<li>Windows Projection requires a display adapter that supports Windows Display Driver Model (WDDM) 2.0 and a Wi-Fi adapter that supports Wi-Fi Direct.<\/li>\n<li>Xbox (app) vereist een Xbox Live-account, dat niet in alle regio&#8217;s beschikbaar is. Zie Landen en regio&#8217;s van Xbox Live voor de meest actuele informatie over beschikbaarheid. Voor sommige functies in de Xbox app is een actief Xbox Game Pass-abonnement vereist. Meer informatie over de pas.<\/li>\n<\/ul>\n<hr \/>\n<h3>Microsoft Office 2019 Standard<\/h3>\n<p>Microsoft Office 2019 Standard is intended for private users and small businesses. It includes the classic applications Microsoft Word, Microsoft Excel, Microsoft Outlook, Microsoft PowerPoint and Microsoft Publisher in both desktop and web versions. OneDrive storage including storage space is available for storing files that can be accessed from anywhere or shared with others. Microsoft OneNote is no longer included in Microsoft Office 2019. If you still want to continue using OneNote, you can do so through the Universal Windows app, integrated into Windows 10.<\/p>\n<p><strong>Minimum system requirements:<\/strong><\/p>\n<ul>\n<li>1,6 GHz of snellere dual-core CPU.<\/li>\n<li>2 GB RAM for 32-bit or 4 GB RAM for 64-bit.<\/li>\n<li>4 GB vrije ruimte op de harde schijf.<\/li>\n<\/ul>\n<\/div>","protected":false},"excerpt":{"rendered":"<ul>\n<li>License: This license allows the software to be activated on 3 different devices, e.g. home PC, notebook and work PC<\/li>\n<li>Delivery: Download link, product key, instructions and invoice will be delivered directly by email.<\/li>\n<li>Version: Full, unlimited version from a certified Microsoft Gold Partner - lifetime money-back guarantee!<\/li>\n<li>Languages: English, Spanish, Italian, German, French<\/li>\n<li>Support: 24\/7 in Dutch, French, German<\/li>\n<li><strong><span style=\"color: #008000;\"> This product is compatible with Microsoft Windows.<\/span><\/strong><\/li>\n<li><strong><span style=\"color: #ff0000;\">NOT compatible with Apple macOS\u2122, Android devices and Chromebooks.<\/span><\/strong><\/li>\n<\/ul>","protected":false},"featured_media":114614,"comment_status":"closed","ping_status":"closed","template":"","meta":{"rs_blank_template":"","rs_page_bg_color":"","slide_template_v7":""},"product_cat":[81,75,76,89],"product_tag":[79,84,86],"class_list":{"0":"post-1925","1":"product","2":"type-product","3":"status-publish","4":"has-post-thumbnail","6":"product_cat-combo","7":"product_cat-microsoft-office","8":"product_cat-office-2019","9":"product_cat-windows-11","10":"product_tag-ms-office","11":"product_tag-office","12":"product_tag-windows-11","14":"first","15":"instock","16":"sale","17":"virtual","18":"taxable","19":"purchasable","20":"product-type-simple"},"yoast_head":"<!-- This site is optimized with the Yoast SEO plugin v27.5 - https:\/\/yoast.com\/product\/yoast-seo-wordpress\/ -->\n<title>Microsoft Windows 11 Professional + Microsoft Office 2019 Standard \u2013 Licentie voor 3 apparaten | livekaarten.nl<\/title>\n<meta name=\"robots\" content=\"index, follow, max-snippet:-1, max-image-preview:large, max-video-preview:-1\" \/>\n<link rel=\"canonical\" href=\"https:\/\/livekaarten.nl\/en\/product\/microsoft-windows-11-professional-microsoft-office-2019-standard\/\" \/>\n<meta property=\"og:locale\" content=\"en_US\" \/>\n<meta property=\"og:type\" content=\"article\" \/>\n<meta property=\"og:title\" content=\"Microsoft Windows 11 Professional + Microsoft Office 2019 Standard \u2013 Licentie voor 3 apparaten | livekaarten.nl\" \/>\n<meta property=\"og:description\" content=\"Licentie: Met deze licentie kan de software op 3 verschillende apparaten worden geactiveerd, b.v. thuis-pc, notebook en werk-pc  Levering: Downloadlink, productsleutel, instructies en factuur worden direct per e-mail geleverd.  Versie: Volledige, onbeperkte versie van een gecertificeerde Microsoft Gold Partner \u2013 levenslange geld-teruggarantie!  Talen: Engels, Spaans, Italiaans, Duits, Frans  Ondersteuning: 24\/7 in het Nederlands, Frans, Duits   Dit product is compatibel met Microsoft Windows.  NIET compatibel met Apple macOS\u2122, Android-apparaten en Chromebooks.\" \/>\n<meta property=\"og:url\" content=\"https:\/\/livekaarten.nl\/en\/product\/microsoft-windows-11-professional-microsoft-office-2019-standard\/\" \/>\n<meta property=\"og:site_name\" content=\"livekaarten.nl\" \/>\n<meta property=\"article:modified_time\" content=\"2026-04-20T11:11:59+00:00\" \/>\n<meta property=\"og:image\" content=\"https:\/\/livekaarten.nl\/wp-content\/uploads\/2025\/04\/W11PO19S.jpg\" \/>\n\t<meta property=\"og:image:width\" content=\"1000\" \/>\n\t<meta property=\"og:image:height\" content=\"1500\" \/>\n\t<meta property=\"og:image:type\" content=\"image\/jpeg\" \/>\n<meta name=\"twitter:card\" content=\"summary_large_image\" \/>\n<meta name=\"twitter:label1\" content=\"Est. reading time\" \/>\n\t<meta name=\"twitter:data1\" content=\"4 minutes\" \/>\n<script type=\"application\/ld+json\" class=\"yoast-schema-graph\">{\"@context\":\"https:\\\/\\\/schema.org\",\"@graph\":[{\"@type\":\"WebPage\",\"@id\":\"https:\\\/\\\/livekaarten.nl\\\/product\\\/microsoft-windows-11-professional-microsoft-office-2019-standard\\\/\",\"url\":\"https:\\\/\\\/livekaarten.nl\\\/product\\\/microsoft-windows-11-professional-microsoft-office-2019-standard\\\/\",\"name\":\"Microsoft Windows 11 Professional + Microsoft Office 2019 Standard \u2013 Licentie voor 3 apparaten | livekaarten.nl\",\"isPartOf\":{\"@id\":\"https:\\\/\\\/livekaarten.nl\\\/#website\"},\"primaryImageOfPage\":{\"@id\":\"https:\\\/\\\/livekaarten.nl\\\/product\\\/microsoft-windows-11-professional-microsoft-office-2019-standard\\\/#primaryimage\"},\"image\":{\"@id\":\"https:\\\/\\\/livekaarten.nl\\\/product\\\/microsoft-windows-11-professional-microsoft-office-2019-standard\\\/#primaryimage\"},\"thumbnailUrl\":\"https:\\\/\\\/livekaarten.nl\\\/wp-content\\\/uploads\\\/2025\\\/04\\\/W11PO19S.jpg\",\"datePublished\":\"2022-10-20T19:47:33+00:00\",\"dateModified\":\"2026-04-20T11:11:59+00:00\",\"breadcrumb\":{\"@id\":\"https:\\\/\\\/livekaarten.nl\\\/product\\\/microsoft-windows-11-professional-microsoft-office-2019-standard\\\/#breadcrumb\"},\"inLanguage\":\"en-US\",\"potentialAction\":[{\"@type\":\"ReadAction\",\"target\":[\"https:\\\/\\\/livekaarten.nl\\\/product\\\/microsoft-windows-11-professional-microsoft-office-2019-standard\\\/\"]}]},{\"@type\":\"ImageObject\",\"inLanguage\":\"en-US\",\"@id\":\"https:\\\/\\\/livekaarten.nl\\\/product\\\/microsoft-windows-11-professional-microsoft-office-2019-standard\\\/#primaryimage\",\"url\":\"https:\\\/\\\/livekaarten.nl\\\/wp-content\\\/uploads\\\/2025\\\/04\\\/W11PO19S.jpg\",\"contentUrl\":\"https:\\\/\\\/livekaarten.nl\\\/wp-content\\\/uploads\\\/2025\\\/04\\\/W11PO19S.jpg\",\"width\":1000,\"height\":1500},{\"@type\":\"BreadcrumbList\",\"@id\":\"https:\\\/\\\/livekaarten.nl\\\/product\\\/microsoft-windows-11-professional-microsoft-office-2019-standard\\\/#breadcrumb\",\"itemListElement\":[{\"@type\":\"ListItem\",\"position\":1,\"name\":\"Home\",\"item\":\"https:\\\/\\\/livekaarten.nl\\\/\"},{\"@type\":\"ListItem\",\"position\":2,\"name\":\"Winkel\",\"item\":\"https:\\\/\\\/livekaarten.nl\\\/shop\\\/\"},{\"@type\":\"ListItem\",\"position\":3,\"name\":\"Microsoft Windows 11 Professional + Microsoft Office 2019 Standard \u2013 Licentie voor 3 apparaten\"}]},{\"@type\":\"WebSite\",\"@id\":\"https:\\\/\\\/livekaarten.nl\\\/#website\",\"url\":\"https:\\\/\\\/livekaarten.nl\\\/\",\"name\":\"Livekaarten.nl\",\"description\":\"Koop uw kantoor\",\"potentialAction\":[{\"@type\":\"SearchAction\",\"target\":{\"@type\":\"EntryPoint\",\"urlTemplate\":\"https:\\\/\\\/livekaarten.nl\\\/?s={search_term_string}\"},\"query-input\":{\"@type\":\"PropertyValueSpecification\",\"valueRequired\":true,\"valueName\":\"search_term_string\"}}],\"inLanguage\":\"en-US\"}]}<\/script>\n<!-- \/ Yoast SEO plugin. -->","yoast_head_json":{"title":"Microsoft Windows 11 Professional + Microsoft Office 2019 Standard \u2013 Licentie voor 3 apparaten | livekaarten.nl","robots":{"index":"index","follow":"follow","max-snippet":"max-snippet:-1","max-image-preview":"max-image-preview:large","max-video-preview":"max-video-preview:-1"},"canonical":"https:\/\/livekaarten.nl\/en\/product\/microsoft-windows-11-professional-microsoft-office-2019-standard\/","og_locale":"en_US","og_type":"article","og_title":"Microsoft Windows 11 Professional + Microsoft Office 2019 Standard \u2013 Licentie voor 3 apparaten | livekaarten.nl","og_description":"Licentie: Met deze licentie kan de software op 3 verschillende apparaten worden geactiveerd, b.v. thuis-pc, notebook en werk-pc  Levering: Downloadlink, productsleutel, instructies en factuur worden direct per e-mail geleverd.  Versie: Volledige, onbeperkte versie van een gecertificeerde Microsoft Gold Partner \u2013 levenslange geld-teruggarantie!  Talen: Engels, Spaans, Italiaans, Duits, Frans  Ondersteuning: 24\/7 in het Nederlands, Frans, Duits   Dit product is compatibel met Microsoft Windows.  NIET compatibel met Apple macOS\u2122, Android-apparaten en Chromebooks.","og_url":"https:\/\/livekaarten.nl\/en\/product\/microsoft-windows-11-professional-microsoft-office-2019-standard\/","og_site_name":"livekaarten.nl","article_modified_time":"2026-04-20T11:11:59+00:00","og_image":[{"width":1000,"height":1500,"url":"https:\/\/livekaarten.nl\/wp-content\/uploads\/2025\/04\/W11PO19S.jpg","type":"image\/jpeg"}],"twitter_card":"summary_large_image","twitter_misc":{"Est. reading time":"4 minutes"},"schema":{"@context":"https:\/\/schema.org","@graph":[{"@type":"WebPage","@id":"https:\/\/livekaarten.nl\/product\/microsoft-windows-11-professional-microsoft-office-2019-standard\/","url":"https:\/\/livekaarten.nl\/product\/microsoft-windows-11-professional-microsoft-office-2019-standard\/","name":"Microsoft Windows 11 Professional + Microsoft Office 2019 Standard \u2013 Licentie voor 3 apparaten | livekaarten.nl","isPartOf":{"@id":"https:\/\/livekaarten.nl\/#website"},"primaryImageOfPage":{"@id":"https:\/\/livekaarten.nl\/product\/microsoft-windows-11-professional-microsoft-office-2019-standard\/#primaryimage"},"image":{"@id":"https:\/\/livekaarten.nl\/product\/microsoft-windows-11-professional-microsoft-office-2019-standard\/#primaryimage"},"thumbnailUrl":"https:\/\/livekaarten.nl\/wp-content\/uploads\/2025\/04\/W11PO19S.jpg","datePublished":"2022-10-20T19:47:33+00:00","dateModified":"2026-04-20T11:11:59+00:00","breadcrumb":{"@id":"https:\/\/livekaarten.nl\/product\/microsoft-windows-11-professional-microsoft-office-2019-standard\/#breadcrumb"},"inLanguage":"en-US","potentialAction":[{"@type":"ReadAction","target":["https:\/\/livekaarten.nl\/product\/microsoft-windows-11-professional-microsoft-office-2019-standard\/"]}]},{"@type":"ImageObject","inLanguage":"en-US","@id":"https:\/\/livekaarten.nl\/product\/microsoft-windows-11-professional-microsoft-office-2019-standard\/#primaryimage","url":"https:\/\/livekaarten.nl\/wp-content\/uploads\/2025\/04\/W11PO19S.jpg","contentUrl":"https:\/\/livekaarten.nl\/wp-content\/uploads\/2025\/04\/W11PO19S.jpg","width":1000,"height":1500},{"@type":"BreadcrumbList","@id":"https:\/\/livekaarten.nl\/product\/microsoft-windows-11-professional-microsoft-office-2019-standard\/#breadcrumb","itemListElement":[{"@type":"ListItem","position":1,"name":"Home","item":"https:\/\/livekaarten.nl\/"},{"@type":"ListItem","position":2,"name":"Winkel","item":"https:\/\/livekaarten.nl\/shop\/"},{"@type":"ListItem","position":3,"name":"Microsoft Windows 11 Professional + Microsoft Office 2019 Standard \u2013 Licentie voor 3 apparaten"}]},{"@type":"WebSite","@id":"https:\/\/livekaarten.nl\/#website","url":"https:\/\/livekaarten.nl\/","name":"Livekaarten.nl","description":"Buy your office","potentialAction":[{"@type":"SearchAction","target":{"@type":"EntryPoint","urlTemplate":"https:\/\/livekaarten.nl\/?s={search_term_string}"},"query-input":{"@type":"PropertyValueSpecification","valueRequired":true,"valueName":"search_term_string"}}],"inLanguage":"en-US"}]}},"_links":{"self":[{"href":"https:\/\/livekaarten.nl\/en\/wp-json\/wp\/v2\/product\/1925","targetHints":{"allow":["GET"]}}],"collection":[{"href":"https:\/\/livekaarten.nl\/en\/wp-json\/wp\/v2\/product"}],"about":[{"href":"https:\/\/livekaarten.nl\/en\/wp-json\/wp\/v2\/types\/product"}],"replies":[{"embeddable":true,"href":"https:\/\/livekaarten.nl\/en\/wp-json\/wp\/v2\/comments?post=1925"}],"wp:featuredmedia":[{"embeddable":true,"href":"https:\/\/livekaarten.nl\/en\/wp-json\/wp\/v2\/media\/114614"}],"wp:attachment":[{"href":"https:\/\/livekaarten.nl\/en\/wp-json\/wp\/v2\/media?parent=1925"}],"wp:term":[{"taxonomy":"product_cat","embeddable":true,"href":"https:\/\/livekaarten.nl\/en\/wp-json\/wp\/v2\/product_cat?post=1925"},{"taxonomy":"product_tag","embeddable":true,"href":"https:\/\/livekaarten.nl\/en\/wp-json\/wp\/v2\/product_tag?post=1925"}],"curies":[{"name":"wp","href":"https:\/\/api.w.org\/{rel}","templated":true}]}}