{"id":114085,"date":"2024-11-03T18:31:41","date_gmt":"2024-11-03T16:31:41","guid":{"rendered":"https:\/\/gamecardshop.com\/livecards\/?post_type=product&#038;p=114085"},"modified":"2026-04-03T12:03:41","modified_gmt":"2026-04-03T10:03:41","slug":"microsoft-windows-10-professional-microsoft-project-2024-professional-licentie-voor-3-apparaten","status":"publish","type":"product","link":"https:\/\/livekaarten.nl\/en\/product\/microsoft-windows-10-professional-microsoft-project-2024-professional-licentie-voor-3-apparaten\/","title":{"rendered":"Microsoft Windows 10 Professional + Microsoft Project 2024 Professional License for 3 devices"},"content":{"rendered":"<h2><strong>Microsoft Windows 10 Professional Lizenz f\u00fcr 3 PC<\/strong><\/h2>\n<p><strong>Mit dieser Lizenz kann die Software auf 3 verschiedenen Ger\u00e4ten aktiviert werden, z.B. Heim-PC, Notebook und Arbeits-PC<\/strong><\/p>\n<p>Mit Microsoft Windows 10 Professional haben Sie ein zuverl\u00e4ssiges Betriebssystem auf ihrem Ger\u00e4t. Sie profitieren von schnelleren Systemstarts, einem vertrauten, jedoch verbesserten Startmen\u00fc und neuen M\u00f6glichkeiten, um Dinge schnell zu erledigen. Sie erhalten au\u00dferdem neue Features wie einen brandneuen Browser, um im Web noch besser unterwegs zu sein, und Ihre pers\u00f6nliche digitale Assistentin Cortana. Cortana ist Ihre pers\u00f6nliche digitale Assistentin, die Ihnen auf allen Ihren Microsoft Windows 10-Ger\u00e4ten folgt und Ihnen hilft, Dinge zu erledigen. Cortana lernt mit der Zeit immer mehr \u00fcber Sie und kann Sie jeden Tag besser unterst\u00fctzen. Microsoft Windows 10 Professional unterst\u00fctzt Sie optimal bei allem, was Sie tun.<\/p>\n<h2><strong>Microsoft Project 2024 Professional Lizenz f\u00fcr 3 PC<\/strong><\/h2>\n<p><strong>Mit dieser Lizenz kann die Software auf 3 verschiedenen Ger\u00e4ten aktiviert werden, z.B. Heim-PC, Notebook und Arbeits-PC<\/strong><\/p>\n<p>Microsoft Project 2024 bietet neue Funktionen und Verbesserungen, die Teams dabei helfen, ihre Arbeit noch effektiver zu organisieren, Aufgaben zu verwalten und Budgets und Ressourcen zu verwalten. Diese neue Version bietet wichtige Neuerungen, von denen sowohl Anf\u00e4nger als auch Profis profitieren, die an Projekten beliebiger Komplexit\u00e4t arbeiten:<\/p>\n<ul>\n<li>Neue, intuitivere und anpassbarere Benutzeroberfl\u00e4che und verbesserte Benutzernavigation mit flexibler Datenanzeige<\/li>\n<li>Vorgefertigte Vorlagen helfen Ihnen, Ihr Projekt im Handumdrehen zu starten<\/li>\n<li>Synchronisierung mit Project Online und Project Server f\u00fcr Integration und Ressourcesverwaltung<\/li>\n<li>Was-w\u00e4re-wenn-Szenarien helfen bei der Optimierung der Aufgabenzuweisung durch Szenariosimulationen<\/li>\n<li>Verbessern Sie Ihre Planung, indem Sie Start- und Enddaten basierend auf Abh\u00e4ngigkeiten automatisch ausf\u00fcllen<\/li>\n<li>Verwenden Sie mehrere Zeitleisten f\u00fcr eine klare visuelle Darstellung komplexer Zeitpl\u00e4ne<\/li>\n<li>Neue Funktionen f\u00fcr die Datenanzeige und -analyse, einfaches Wechseln zwischen verschiedenen Arten der Informationspr\u00e4sentation, einschlie\u00dflich Kanban und Scrum-Board<\/li>\n<li>Unterst\u00fctzung f\u00fcr Agile-, Scrum-, Waterfall- sowie hybride Ans\u00e4tze, sodass Benutzer Elemente verschiedener Methoden kombinieren k\u00f6nnen.<\/li>\n<\/ul>\n<p><strong>Support:<\/strong><\/p>\n<p class=\"translation-block\">Bei Fragen z\u00f6gern Sie bitte nicht, uns <a href=\"mailto:info@livekaarten.nl\" target=\"_self\" rel=\"noopener\">per E-Mail<\/a> zu kontaktieren. Unser Kundensupport ist 7 Tage die Woche, 24 Stunden am Tag verf\u00fcgbar.<\/p>\n<div id=\"gtx-trans\">\n<div class=\"gtx-trans-icon\"><\/div>\n<\/div>","protected":false},"excerpt":{"rendered":"<ul>\n<li>Microsoft Windows 10 Professional Lizenz f\u00fcr 3 PC<\/li>\n<li>Microsoft Project 2024 Professional Plus Lizenz f\u00fcr 3 PC<\/li>\n<li><strong>Mit dieser Lizenz kann die Software auf 3 verschiedenen Ger\u00e4ten aktiviert werden, z.B. Heim-PC, Notebook und Arbeits-PC<\/strong><\/li>\n<li>Versionen f\u00fcr 32 und 64 Bit Systeme verf\u00fcgbar<\/li>\n<li>Versand per E-Mail: Produktschl\u00fcssel, Anleitung, Downloadlinks, Rechnung<\/li>\n<li>Sofort Download!<\/li>\n<li>Keine zeitliche Begrenzung, kein Abo<\/li>\n<li>Free Support bei der Installation und Aktivierung<\/li>\n<li>Keine Lieferung auf Datentr\u00e4ger (USB, CD, usw.)<\/li>\n<li>Aktivierung online und per Telefon<\/li>\n<li><span style=\"color: #339966;\"><strong>Dieses Produkt ist mit Windows kompatibel.<\/strong><\/span><\/li>\n<li><span style=\"color: #ff0000;\"><strong>NICHT kompatibel mit Apple macOS\u2122\ufe0f, Android-Ger\u00e4ten oder Chromebooks.<\/strong><\/span><\/li>\n<\/ul>","protected":false},"featured_media":114633,"comment_status":"closed","ping_status":"closed","template":"","meta":[],"product_cat":[137,75,136],"product_tag":[79,84],"class_list":{"0":"post-114085","1":"product","2":"type-product","3":"status-publish","4":"has-post-thumbnail","6":"product_cat-bestseller","7":"product_cat-microsoft-office","8":"product_cat-project","9":"product_tag-ms-office","10":"product_tag-office","12":"first","13":"instock","14":"sale","15":"virtual","16":"taxable","17":"purchasable","18":"product-type-simple"},"yoast_head":"<!-- This site is optimized with the Yoast SEO plugin v27.3 - https:\/\/yoast.com\/product\/yoast-seo-wordpress\/ -->\n<title>Microsoft Windows 10 Professional + Microsoft Project 2024 Professional Licentie voor 3 apparaten | livekaarten.nl<\/title>\n<meta name=\"robots\" content=\"index, follow, max-snippet:-1, max-image-preview:large, max-video-preview:-1\" \/>\n<link rel=\"canonical\" href=\"https:\/\/livekaarten.nl\/en\/product\/microsoft-windows-10-professional-microsoft-project-2024-professional-licentie-voor-3-apparaten\/\" \/>\n<meta property=\"og:locale\" content=\"en_US\" \/>\n<meta property=\"og:type\" content=\"article\" \/>\n<meta property=\"og:title\" content=\"Microsoft Windows 10 Professional + Microsoft Project 2024 Professional Licentie voor 3 apparaten | livekaarten.nl\" \/>\n<meta property=\"og:description\" content=\"Microsoft Windows 10 Professional Lizenz f\u00fcr 3 PC  Microsoft Project 2024 Professional Plus Lizenz f\u00fcr 3 PC  Mit dieser Lizenz kann die Software auf 3 verschiedenen Ger\u00e4ten aktiviert werden, z.B. Heim-PC, Notebook und Arbeits-PC  Versionen f\u00fcr 32 und 64 Bit Systeme verf\u00fcgbar  Versand per E-Mail: Produktschl\u00fcssel, Anleitung, Downloadlinks, Rechnung  Sofort-Download!  Keine zeitliche Begrenzung, kein Abo  Gratis Support bei der Installation und Aktivierung  Keine Lieferung auf Datentr\u00e4ger (USB, CD, usw.)  Aktivierung online und per Telefon  Dieses Produkt ist mit Windows kompatibel.  NICHT kompatibel mit Apple macOS\u2122\ufe0f, Android-Ger\u00e4ten oder Chromebooks.\" \/>\n<meta property=\"og:url\" content=\"https:\/\/livekaarten.nl\/en\/product\/microsoft-windows-10-professional-microsoft-project-2024-professional-licentie-voor-3-apparaten\/\" \/>\n<meta property=\"og:site_name\" content=\"livekaarten.nl\" \/>\n<meta property=\"article:modified_time\" content=\"2026-04-03T10:03:41+00:00\" \/>\n<meta property=\"og:image\" content=\"https:\/\/livekaarten.nl\/wp-content\/uploads\/2025\/04\/W10PP24P.jpg\" \/>\n\t<meta property=\"og:image:width\" content=\"1000\" \/>\n\t<meta property=\"og:image:height\" content=\"1500\" \/>\n\t<meta property=\"og:image:type\" content=\"image\/jpeg\" \/>\n<meta name=\"twitter:card\" content=\"summary_large_image\" \/>\n<meta name=\"twitter:label1\" content=\"Est. reading time\" \/>\n\t<meta name=\"twitter:data1\" content=\"2 minutes\" \/>\n<script type=\"application\/ld+json\" class=\"yoast-schema-graph\">{\"@context\":\"https:\\\/\\\/schema.org\",\"@graph\":[{\"@type\":\"WebPage\",\"@id\":\"https:\\\/\\\/livekaarten.nl\\\/product\\\/microsoft-windows-10-professional-microsoft-project-2024-professional-licentie-voor-3-apparaten\\\/\",\"url\":\"https:\\\/\\\/livekaarten.nl\\\/product\\\/microsoft-windows-10-professional-microsoft-project-2024-professional-licentie-voor-3-apparaten\\\/\",\"name\":\"Microsoft Windows 10 Professional + Microsoft Project 2024 Professional Licentie voor 3 apparaten | livekaarten.nl\",\"isPartOf\":{\"@id\":\"https:\\\/\\\/livekaarten.nl\\\/#website\"},\"primaryImageOfPage\":{\"@id\":\"https:\\\/\\\/livekaarten.nl\\\/product\\\/microsoft-windows-10-professional-microsoft-project-2024-professional-licentie-voor-3-apparaten\\\/#primaryimage\"},\"image\":{\"@id\":\"https:\\\/\\\/livekaarten.nl\\\/product\\\/microsoft-windows-10-professional-microsoft-project-2024-professional-licentie-voor-3-apparaten\\\/#primaryimage\"},\"thumbnailUrl\":\"https:\\\/\\\/livekaarten.nl\\\/wp-content\\\/uploads\\\/2025\\\/04\\\/W10PP24P.jpg\",\"datePublished\":\"2024-11-03T16:31:41+00:00\",\"dateModified\":\"2026-04-03T10:03:41+00:00\",\"breadcrumb\":{\"@id\":\"https:\\\/\\\/livekaarten.nl\\\/product\\\/microsoft-windows-10-professional-microsoft-project-2024-professional-licentie-voor-3-apparaten\\\/#breadcrumb\"},\"inLanguage\":\"en-US\",\"potentialAction\":[{\"@type\":\"ReadAction\",\"target\":[\"https:\\\/\\\/livekaarten.nl\\\/product\\\/microsoft-windows-10-professional-microsoft-project-2024-professional-licentie-voor-3-apparaten\\\/\"]}]},{\"@type\":\"ImageObject\",\"inLanguage\":\"en-US\",\"@id\":\"https:\\\/\\\/livekaarten.nl\\\/product\\\/microsoft-windows-10-professional-microsoft-project-2024-professional-licentie-voor-3-apparaten\\\/#primaryimage\",\"url\":\"https:\\\/\\\/livekaarten.nl\\\/wp-content\\\/uploads\\\/2025\\\/04\\\/W10PP24P.jpg\",\"contentUrl\":\"https:\\\/\\\/livekaarten.nl\\\/wp-content\\\/uploads\\\/2025\\\/04\\\/W10PP24P.jpg\",\"width\":1000,\"height\":1500},{\"@type\":\"BreadcrumbList\",\"@id\":\"https:\\\/\\\/livekaarten.nl\\\/product\\\/microsoft-windows-10-professional-microsoft-project-2024-professional-licentie-voor-3-apparaten\\\/#breadcrumb\",\"itemListElement\":[{\"@type\":\"ListItem\",\"position\":1,\"name\":\"Home\",\"item\":\"https:\\\/\\\/livekaarten.nl\\\/\"},{\"@type\":\"ListItem\",\"position\":2,\"name\":\"Winkel\",\"item\":\"https:\\\/\\\/livekaarten.nl\\\/shop\\\/\"},{\"@type\":\"ListItem\",\"position\":3,\"name\":\"Microsoft Windows 10 Professional + Microsoft Project 2024 Professional Licentie voor 3 apparaten\"}]},{\"@type\":\"WebSite\",\"@id\":\"https:\\\/\\\/livekaarten.nl\\\/#website\",\"url\":\"https:\\\/\\\/livekaarten.nl\\\/\",\"name\":\"Livekaarten.nl\",\"description\":\"Koop uw kantoor\",\"potentialAction\":[{\"@type\":\"SearchAction\",\"target\":{\"@type\":\"EntryPoint\",\"urlTemplate\":\"https:\\\/\\\/livekaarten.nl\\\/?s={search_term_string}\"},\"query-input\":{\"@type\":\"PropertyValueSpecification\",\"valueRequired\":true,\"valueName\":\"search_term_string\"}}],\"inLanguage\":\"en-US\"}]}<\/script>\n<!-- \/ Yoast SEO plugin. -->","yoast_head_json":{"title":"Microsoft Windows 10 Professional + Microsoft Project 2024 Professional Licentie voor 3 apparaten | livekaarten.nl","robots":{"index":"index","follow":"follow","max-snippet":"max-snippet:-1","max-image-preview":"max-image-preview:large","max-video-preview":"max-video-preview:-1"},"canonical":"https:\/\/livekaarten.nl\/en\/product\/microsoft-windows-10-professional-microsoft-project-2024-professional-licentie-voor-3-apparaten\/","og_locale":"en_US","og_type":"article","og_title":"Microsoft Windows 10 Professional + Microsoft Project 2024 Professional Licentie voor 3 apparaten | livekaarten.nl","og_description":"Microsoft Windows 10 Professional Lizenz f\u00fcr 3 PC  Microsoft Project 2024 Professional Plus Lizenz f\u00fcr 3 PC  Mit dieser Lizenz kann die Software auf 3 verschiedenen Ger\u00e4ten aktiviert werden, z.B. Heim-PC, Notebook und Arbeits-PC  Versionen f\u00fcr 32 und 64 Bit Systeme verf\u00fcgbar  Versand per E-Mail: Produktschl\u00fcssel, Anleitung, Downloadlinks, Rechnung  Sofort-Download!  Keine zeitliche Begrenzung, kein Abo  Gratis Support bei der Installation und Aktivierung  Keine Lieferung auf Datentr\u00e4ger (USB, CD, usw.)  Aktivierung online und per Telefon  Dieses Produkt ist mit Windows kompatibel.  NICHT kompatibel mit Apple macOS\u2122\ufe0f, Android-Ger\u00e4ten oder Chromebooks.","og_url":"https:\/\/livekaarten.nl\/en\/product\/microsoft-windows-10-professional-microsoft-project-2024-professional-licentie-voor-3-apparaten\/","og_site_name":"livekaarten.nl","article_modified_time":"2026-04-03T10:03:41+00:00","og_image":[{"width":1000,"height":1500,"url":"https:\/\/livekaarten.nl\/wp-content\/uploads\/2025\/04\/W10PP24P.jpg","type":"image\/jpeg"}],"twitter_card":"summary_large_image","twitter_misc":{"Est. reading time":"2 minutes"},"schema":{"@context":"https:\/\/schema.org","@graph":[{"@type":"WebPage","@id":"https:\/\/livekaarten.nl\/product\/microsoft-windows-10-professional-microsoft-project-2024-professional-licentie-voor-3-apparaten\/","url":"https:\/\/livekaarten.nl\/product\/microsoft-windows-10-professional-microsoft-project-2024-professional-licentie-voor-3-apparaten\/","name":"Microsoft Windows 10 Professional + Microsoft Project 2024 Professional Licentie voor 3 apparaten | livekaarten.nl","isPartOf":{"@id":"https:\/\/livekaarten.nl\/#website"},"primaryImageOfPage":{"@id":"https:\/\/livekaarten.nl\/product\/microsoft-windows-10-professional-microsoft-project-2024-professional-licentie-voor-3-apparaten\/#primaryimage"},"image":{"@id":"https:\/\/livekaarten.nl\/product\/microsoft-windows-10-professional-microsoft-project-2024-professional-licentie-voor-3-apparaten\/#primaryimage"},"thumbnailUrl":"https:\/\/livekaarten.nl\/wp-content\/uploads\/2025\/04\/W10PP24P.jpg","datePublished":"2024-11-03T16:31:41+00:00","dateModified":"2026-04-03T10:03:41+00:00","breadcrumb":{"@id":"https:\/\/livekaarten.nl\/product\/microsoft-windows-10-professional-microsoft-project-2024-professional-licentie-voor-3-apparaten\/#breadcrumb"},"inLanguage":"en-US","potentialAction":[{"@type":"ReadAction","target":["https:\/\/livekaarten.nl\/product\/microsoft-windows-10-professional-microsoft-project-2024-professional-licentie-voor-3-apparaten\/"]}]},{"@type":"ImageObject","inLanguage":"en-US","@id":"https:\/\/livekaarten.nl\/product\/microsoft-windows-10-professional-microsoft-project-2024-professional-licentie-voor-3-apparaten\/#primaryimage","url":"https:\/\/livekaarten.nl\/wp-content\/uploads\/2025\/04\/W10PP24P.jpg","contentUrl":"https:\/\/livekaarten.nl\/wp-content\/uploads\/2025\/04\/W10PP24P.jpg","width":1000,"height":1500},{"@type":"BreadcrumbList","@id":"https:\/\/livekaarten.nl\/product\/microsoft-windows-10-professional-microsoft-project-2024-professional-licentie-voor-3-apparaten\/#breadcrumb","itemListElement":[{"@type":"ListItem","position":1,"name":"Home","item":"https:\/\/livekaarten.nl\/"},{"@type":"ListItem","position":2,"name":"Winkel","item":"https:\/\/livekaarten.nl\/shop\/"},{"@type":"ListItem","position":3,"name":"Microsoft Windows 10 Professional + Microsoft Project 2024 Professional Licentie voor 3 apparaten"}]},{"@type":"WebSite","@id":"https:\/\/livekaarten.nl\/#website","url":"https:\/\/livekaarten.nl\/","name":"Livekaarten.nl","description":"Buy your office","potentialAction":[{"@type":"SearchAction","target":{"@type":"EntryPoint","urlTemplate":"https:\/\/livekaarten.nl\/?s={search_term_string}"},"query-input":{"@type":"PropertyValueSpecification","valueRequired":true,"valueName":"search_term_string"}}],"inLanguage":"en-US"}]}},"_links":{"self":[{"href":"https:\/\/livekaarten.nl\/en\/wp-json\/wp\/v2\/product\/114085","targetHints":{"allow":["GET"]}}],"collection":[{"href":"https:\/\/livekaarten.nl\/en\/wp-json\/wp\/v2\/product"}],"about":[{"href":"https:\/\/livekaarten.nl\/en\/wp-json\/wp\/v2\/types\/product"}],"replies":[{"embeddable":true,"href":"https:\/\/livekaarten.nl\/en\/wp-json\/wp\/v2\/comments?post=114085"}],"wp:featuredmedia":[{"embeddable":true,"href":"https:\/\/livekaarten.nl\/en\/wp-json\/wp\/v2\/media\/114633"}],"wp:attachment":[{"href":"https:\/\/livekaarten.nl\/en\/wp-json\/wp\/v2\/media?parent=114085"}],"wp:term":[{"taxonomy":"product_cat","embeddable":true,"href":"https:\/\/livekaarten.nl\/en\/wp-json\/wp\/v2\/product_cat?post=114085"},{"taxonomy":"product_tag","embeddable":true,"href":"https:\/\/livekaarten.nl\/en\/wp-json\/wp\/v2\/product_tag?post=114085"}],"curies":[{"name":"wp","href":"https:\/\/api.w.org\/{rel}","templated":true}]}}