{"id":33838,"date":"2023-08-11T21:12:36","date_gmt":"2023-08-11T19:12:36","guid":{"rendered":"https:\/\/gamecardshop.com\/livecards\/?post_type=product&#038;p=33838"},"modified":"2026-04-03T12:03:25","modified_gmt":"2026-04-03T10:03:25","slug":"microsoft-windows-server-2022-standard","status":"publish","type":"product","link":"https:\/\/livekaarten.nl\/de\/produkt\/microsoft-windows-server-2022-standard\/","title":{"rendered":"Microsoft Windows Server 2022 Standard"},"content":{"rendered":"<p>Microsoft Windows Server 2022 hilft Ihnen, Ihr Unternehmen aus einer Position der St\u00e4rke heraus auszubauen und den Betrieb auf die Cloud auszuweiten. Es maximiert Ihre bestehenden Investitionen und baut auf den F\u00e4higkeiten von Windows Server in den Bereichen Sicherheit, App-Innovation und Hyper-Converged Infrastructure auf, um Ihnen zu helfen, die L\u00fccke zwischen Ihren Investitionen vor Ort und der Cloud zu schlie\u00dfen.<\/p>\n<p>Microsoft Windows Server 2022 ist in drei Editionen f\u00fcr unterschiedliche Umgebungen erh\u00e4ltlich:<\/p>\n<ul>\n<li><strong>Microsoft Windows Server 2022 Essentials<\/strong> ist f\u00fcr kleine Unternehmen mit bis zu 25 Benutzern und 50 Ger\u00e4ten gedacht. Es sind keine zus\u00e4tzlichen Serverzugriffslizenzen (CAL) erforderlich.<\/li>\n<li><strong>Microsoft Windows Server 2022 Standard<\/strong> ist ideal f\u00fcr physische oder minimal virtualisierte Umgebungen. Dieses Core-basierte Lizenzierungsmodell erfordert Serverzugriffslizenzen (CAL).<\/li>\n<li><strong>Microsoft Windows Server 2022 Datacenter<\/strong> ist ideal f\u00fcr stark virtualisierte Rechenzentren und Cloud-Umgebungen. Dieses Core-basierte Lizenzierungsmodell erfordert Serverzugriffslizenzen (CAL).<\/li>\n<\/ul>\n<p>Microsoft Windows Server 2022 ist das Betriebssystem, das die L\u00fccke zwischen lokalen Umgebungen und Azure \u00fcberbr\u00fcckt, zus\u00e4tzliche Sicherheitsebenen hinzuf\u00fcgt und Ihnen hilft, Ihre Anwendungen und Infrastruktur zu modernisieren.<\/p>\n<p><strong>Hybridfunktionen mit Azure<\/strong><\/p>\n<p>Erweitern Sie Ihr Rechenzentrum auf Azure, um Ihre Investitionen zu maximieren und neue hybride M\u00f6glichkeiten zu nutzen.<\/p>\n<p><strong>Erweiterte mehrschichtige Sicherheit<\/strong><\/p>\n<p>Erh\u00f6hen Sie Ihre Sicherheit durch den Schutz des Rechenzentrums, beginnend mit dem Betriebssystem.<\/p>\n<p><strong>Schnellere Innovation f\u00fcr Anwendungen<\/strong><\/p>\n<p>Erm\u00f6glichen Sie die Erstellung von Cloud-nativen Anwendungen und modernisieren Sie herk\u00f6mmliche Anwendungen mit Containern und Microservices.<\/p>\n<p><strong>Noch nie dagewesene hyperkonvergente Infrastruktur<\/strong><\/p>\n<p>Entwickeln Sie Ihre Rechenzentrumsinfrastruktur f\u00fcr mehr Effizienz und Sicherheit.<\/p>\n<p><strong>Systemanforderungen<\/strong><\/p>\n<ul>\n<li>Prozessor: 1,4 GHz 64-Bit-Prozessor mit NX \/ DEP<\/li>\n<li>RAM: 512 MB (Server Core und Server Nano), 2 GB (mit Desktop-Ansicht)<\/li>\n<li>Grafikkarte und Monitor: 1024 \u00d7 768 Pixel<\/li>\n<li>Netzwerk: Gigabit-Ethernet<\/li>\n<li>Freier Festplattenplatz: 32 GB freier Festplattenplatz<\/li>\n<li>BIOS: UEFI-System mit Secure Boot (UEFI 2.3.1c) (f\u00fcr bestimmte Funktionen)<\/li>\n<\/ul>","protected":false},"excerpt":{"rendered":"<ul>\n<li>Microsoft Windows Server 2022 Standard<\/li>\n<li>Verf\u00fcgbar f\u00fcr 64-Bit-Systeme<\/li>\n<li>Lieferung per E-Mail: Produktschl\u00fcssel, Anleitung, Download-Links, Rechnung<\/li>\n<li>Sofort herunterladen!<\/li>\n<li>Keine zeitliche Begrenzung, kein Abonnement<\/li>\n<li>Kostenlose Unterst\u00fctzung bei der Installation und Aktivierung<\/li>\n<li>Nicht auf physischen Medien verf\u00fcgbar (USB, CD usw.)<\/li>\n<li>Aktivierung online und per Telefon<\/li>\n<li><strong><span style=\"color: #ff0000;\">NICHT kompatibel mit Apple macOS\u2122, Android-Ger\u00e4ten und Chromebooks.<\/span><\/strong><\/li>\n<\/ul>","protected":false},"featured_media":114595,"comment_status":"closed","ping_status":"closed","template":"","meta":[],"product_cat":[82],"product_tag":[],"class_list":{"0":"post-33838","1":"product","2":"type-product","3":"status-publish","4":"has-post-thumbnail","6":"product_cat-microsoft-windows","8":"first","9":"instock","10":"sale","11":"virtual","12":"taxable","13":"purchasable","14":"product-type-simple"},"yoast_head":"<!-- This site is optimized with the Yoast SEO plugin v27.4 - https:\/\/yoast.com\/product\/yoast-seo-wordpress\/ -->\n<title>Microsoft Windows Server 2022 Standard | livekaarten.nl<\/title>\n<meta name=\"robots\" content=\"index, follow, max-snippet:-1, max-image-preview:large, max-video-preview:-1\" \/>\n<link rel=\"canonical\" href=\"https:\/\/livekaarten.nl\/de\/produkt\/microsoft-windows-server-2022-standard\/\" \/>\n<meta property=\"og:locale\" content=\"de_DE\" \/>\n<meta property=\"og:type\" content=\"article\" \/>\n<meta property=\"og:title\" content=\"Microsoft Windows Server 2022 Standard | livekaarten.nl\" \/>\n<meta property=\"og:description\" content=\"Microsoft Windows Server 2022 Standaard  Beschikbaar voor 64-bits systemen  Levering per e-mail: productsleutel, instructies, downloadlinks, factuur  Onmiddellijk downloaden!  Geen tijdslimiet, geen abonnement  Gratis ondersteuning bij installatie en activering  Niet beschikbaar op fysieke media (USB, CD, enz.)  Activering online en per telefoon  NIET compatibel met Apple macOS\u2122, Android-apparaten en Chromebooks.\" \/>\n<meta property=\"og:url\" content=\"https:\/\/livekaarten.nl\/de\/produkt\/microsoft-windows-server-2022-standard\/\" \/>\n<meta property=\"og:site_name\" content=\"livekaarten.nl\" \/>\n<meta property=\"article:modified_time\" content=\"2026-04-03T10:03:25+00:00\" \/>\n<meta property=\"og:image\" content=\"https:\/\/livekaarten.nl\/wp-content\/uploads\/2025\/04\/WS22S.png\" \/>\n\t<meta property=\"og:image:width\" content=\"1000\" \/>\n\t<meta property=\"og:image:height\" content=\"1500\" \/>\n\t<meta property=\"og:image:type\" content=\"image\/png\" \/>\n<meta name=\"twitter:card\" content=\"summary_large_image\" \/>\n<meta name=\"twitter:label1\" content=\"Gesch\u00e4tzte Lesezeit\" \/>\n\t<meta name=\"twitter:data1\" content=\"2\u00a0Minuten\" \/>\n<script type=\"application\/ld+json\" class=\"yoast-schema-graph\">{\"@context\":\"https:\\\/\\\/schema.org\",\"@graph\":[{\"@type\":\"WebPage\",\"@id\":\"https:\\\/\\\/livekaarten.nl\\\/product\\\/microsoft-windows-server-2022-standard\\\/\",\"url\":\"https:\\\/\\\/livekaarten.nl\\\/product\\\/microsoft-windows-server-2022-standard\\\/\",\"name\":\"Microsoft Windows Server 2022 Standard | livekaarten.nl\",\"isPartOf\":{\"@id\":\"https:\\\/\\\/livekaarten.nl\\\/#website\"},\"primaryImageOfPage\":{\"@id\":\"https:\\\/\\\/livekaarten.nl\\\/product\\\/microsoft-windows-server-2022-standard\\\/#primaryimage\"},\"image\":{\"@id\":\"https:\\\/\\\/livekaarten.nl\\\/product\\\/microsoft-windows-server-2022-standard\\\/#primaryimage\"},\"thumbnailUrl\":\"https:\\\/\\\/livekaarten.nl\\\/wp-content\\\/uploads\\\/2025\\\/04\\\/WS22S.png\",\"datePublished\":\"2023-08-11T19:12:36+00:00\",\"dateModified\":\"2026-04-03T10:03:25+00:00\",\"breadcrumb\":{\"@id\":\"https:\\\/\\\/livekaarten.nl\\\/product\\\/microsoft-windows-server-2022-standard\\\/#breadcrumb\"},\"inLanguage\":\"de\",\"potentialAction\":[{\"@type\":\"ReadAction\",\"target\":[\"https:\\\/\\\/livekaarten.nl\\\/product\\\/microsoft-windows-server-2022-standard\\\/\"]}]},{\"@type\":\"ImageObject\",\"inLanguage\":\"de\",\"@id\":\"https:\\\/\\\/livekaarten.nl\\\/product\\\/microsoft-windows-server-2022-standard\\\/#primaryimage\",\"url\":\"https:\\\/\\\/livekaarten.nl\\\/wp-content\\\/uploads\\\/2025\\\/04\\\/WS22S.png\",\"contentUrl\":\"https:\\\/\\\/livekaarten.nl\\\/wp-content\\\/uploads\\\/2025\\\/04\\\/WS22S.png\",\"width\":1000,\"height\":1500},{\"@type\":\"BreadcrumbList\",\"@id\":\"https:\\\/\\\/livekaarten.nl\\\/product\\\/microsoft-windows-server-2022-standard\\\/#breadcrumb\",\"itemListElement\":[{\"@type\":\"ListItem\",\"position\":1,\"name\":\"Home\",\"item\":\"https:\\\/\\\/livekaarten.nl\\\/\"},{\"@type\":\"ListItem\",\"position\":2,\"name\":\"Winkel\",\"item\":\"https:\\\/\\\/livekaarten.nl\\\/shop\\\/\"},{\"@type\":\"ListItem\",\"position\":3,\"name\":\"Microsoft Windows Server 2022 Standard\"}]},{\"@type\":\"WebSite\",\"@id\":\"https:\\\/\\\/livekaarten.nl\\\/#website\",\"url\":\"https:\\\/\\\/livekaarten.nl\\\/\",\"name\":\"Livekaarten.nl\",\"description\":\"Koop uw kantoor\",\"potentialAction\":[{\"@type\":\"SearchAction\",\"target\":{\"@type\":\"EntryPoint\",\"urlTemplate\":\"https:\\\/\\\/livekaarten.nl\\\/?s={search_term_string}\"},\"query-input\":{\"@type\":\"PropertyValueSpecification\",\"valueRequired\":true,\"valueName\":\"search_term_string\"}}],\"inLanguage\":\"de\"}]}<\/script>\n<!-- \/ Yoast SEO plugin. -->","yoast_head_json":{"title":"Microsoft Windows Server 2022 Standard | livekaarten.nl","robots":{"index":"index","follow":"follow","max-snippet":"max-snippet:-1","max-image-preview":"max-image-preview:large","max-video-preview":"max-video-preview:-1"},"canonical":"https:\/\/livekaarten.nl\/de\/produkt\/microsoft-windows-server-2022-standard\/","og_locale":"de_DE","og_type":"article","og_title":"Microsoft Windows Server 2022 Standard | livekaarten.nl","og_description":"Microsoft Windows Server 2022 Standaard  Beschikbaar voor 64-bits systemen  Levering per e-mail: productsleutel, instructies, downloadlinks, factuur  Onmiddellijk downloaden!  Geen tijdslimiet, geen abonnement  Gratis ondersteuning bij installatie en activering  Niet beschikbaar op fysieke media (USB, CD, enz.)  Activering online en per telefoon  NIET compatibel met Apple macOS\u2122, Android-apparaten en Chromebooks.","og_url":"https:\/\/livekaarten.nl\/de\/produkt\/microsoft-windows-server-2022-standard\/","og_site_name":"livekaarten.nl","article_modified_time":"2026-04-03T10:03:25+00:00","og_image":[{"width":1000,"height":1500,"url":"https:\/\/livekaarten.nl\/wp-content\/uploads\/2025\/04\/WS22S.png","type":"image\/png"}],"twitter_card":"summary_large_image","twitter_misc":{"Gesch\u00e4tzte Lesezeit":"2\u00a0Minuten"},"schema":{"@context":"https:\/\/schema.org","@graph":[{"@type":"WebPage","@id":"https:\/\/livekaarten.nl\/product\/microsoft-windows-server-2022-standard\/","url":"https:\/\/livekaarten.nl\/product\/microsoft-windows-server-2022-standard\/","name":"Microsoft Windows Server 2022 Standard | livekaarten.nl","isPartOf":{"@id":"https:\/\/livekaarten.nl\/#website"},"primaryImageOfPage":{"@id":"https:\/\/livekaarten.nl\/product\/microsoft-windows-server-2022-standard\/#primaryimage"},"image":{"@id":"https:\/\/livekaarten.nl\/product\/microsoft-windows-server-2022-standard\/#primaryimage"},"thumbnailUrl":"https:\/\/livekaarten.nl\/wp-content\/uploads\/2025\/04\/WS22S.png","datePublished":"2023-08-11T19:12:36+00:00","dateModified":"2026-04-03T10:03:25+00:00","breadcrumb":{"@id":"https:\/\/livekaarten.nl\/product\/microsoft-windows-server-2022-standard\/#breadcrumb"},"inLanguage":"de","potentialAction":[{"@type":"ReadAction","target":["https:\/\/livekaarten.nl\/product\/microsoft-windows-server-2022-standard\/"]}]},{"@type":"ImageObject","inLanguage":"de","@id":"https:\/\/livekaarten.nl\/product\/microsoft-windows-server-2022-standard\/#primaryimage","url":"https:\/\/livekaarten.nl\/wp-content\/uploads\/2025\/04\/WS22S.png","contentUrl":"https:\/\/livekaarten.nl\/wp-content\/uploads\/2025\/04\/WS22S.png","width":1000,"height":1500},{"@type":"BreadcrumbList","@id":"https:\/\/livekaarten.nl\/product\/microsoft-windows-server-2022-standard\/#breadcrumb","itemListElement":[{"@type":"ListItem","position":1,"name":"Home","item":"https:\/\/livekaarten.nl\/"},{"@type":"ListItem","position":2,"name":"Winkel","item":"https:\/\/livekaarten.nl\/shop\/"},{"@type":"ListItem","position":3,"name":"Microsoft Windows Server 2022 Standard"}]},{"@type":"WebSite","@id":"https:\/\/livekaarten.nl\/#website","url":"https:\/\/livekaarten.nl\/","name":"Livecards.co.uk","description":"Kaufen Sie Ihr B\u00fcro","potentialAction":[{"@type":"SearchAction","target":{"@type":"EntryPoint","urlTemplate":"https:\/\/livekaarten.nl\/?s={search_term_string}"},"query-input":{"@type":"PropertyValueSpecification","valueRequired":true,"valueName":"search_term_string"}}],"inLanguage":"de"}]}},"_links":{"self":[{"href":"https:\/\/livekaarten.nl\/de\/wp-json\/wp\/v2\/product\/33838","targetHints":{"allow":["GET"]}}],"collection":[{"href":"https:\/\/livekaarten.nl\/de\/wp-json\/wp\/v2\/product"}],"about":[{"href":"https:\/\/livekaarten.nl\/de\/wp-json\/wp\/v2\/types\/product"}],"replies":[{"embeddable":true,"href":"https:\/\/livekaarten.nl\/de\/wp-json\/wp\/v2\/comments?post=33838"}],"wp:featuredmedia":[{"embeddable":true,"href":"https:\/\/livekaarten.nl\/de\/wp-json\/wp\/v2\/media\/114595"}],"wp:attachment":[{"href":"https:\/\/livekaarten.nl\/de\/wp-json\/wp\/v2\/media?parent=33838"}],"wp:term":[{"taxonomy":"product_cat","embeddable":true,"href":"https:\/\/livekaarten.nl\/de\/wp-json\/wp\/v2\/product_cat?post=33838"},{"taxonomy":"product_tag","embeddable":true,"href":"https:\/\/livekaarten.nl\/de\/wp-json\/wp\/v2\/product_tag?post=33838"}],"curies":[{"name":"wp","href":"https:\/\/api.w.org\/{rel}","templated":true}]}}