{"id":33836,"date":"2023-08-11T21:12:35","date_gmt":"2023-08-11T19:12:35","guid":{"rendered":"https:\/\/gamecardshop.com\/livecards\/?post_type=product&#038;p=33836"},"modified":"2026-04-03T12:01:43","modified_gmt":"2026-04-03T10:01:43","slug":"office-2013-professional-plus","status":"publish","type":"product","link":"https:\/\/livekaarten.nl\/de\/produkt\/office-2013-professional-plus\/","title":{"rendered":"Microsoft Office 2013 Professional Plus-Lizenz f\u00fcr 3 Ger\u00e4te"},"content":{"rendered":"<div>\n<p>Microsoft Office 2013 Professional Plus erf\u00fcllt mit den enthaltenen Programmen alle Anforderungen an eine umfassende B\u00fcrosoftware. Ob Sie Serienbriefe erstellen, Gesch\u00e4ftszahlen und Tabellenkalkulationen verwalten, Pr\u00e4sentationen entwerfen, Datenbanken erstellen oder Ihre E-Mails f\u00fcr Ihre gesch\u00e4ftlichen und privaten Projekte organisieren, mit den Office-Anwendungen ist das alles im Handumdrehen erledigt.<\/p>\n<p><strong>Welche Programme sind in Microsoft Office 2013 Professional Plus enthalten?<\/strong><\/p>\n<ul>\n<li><strong>Microsoft Word 2013<\/strong> - zum Erstellen und Bearbeiten Ihrer Texte und Dokumente<\/li>\n<li><strong>Microsoft Excel 2013<\/strong> - f\u00fcr die Verarbeitung tabellarischer Datens\u00e4tze<\/li>\n<li><strong>Microsoft PowerPoint 2013<\/strong> - f\u00fcr die Erstellung inspirierender Pr\u00e4sentationen<\/li>\n<li><strong>Microsoft Outlook 2013<\/strong> - zur Verwaltung von E-Mails, Kontakten, Terminen und Aufgaben<\/li>\n<li><strong>Microsoft OneNote 2013<\/strong> - zum Erstellen und Verwalten Ihrer Notizen<\/li>\n<li><strong>Microsoft Publisher 2013<\/strong> - f\u00fcr die einfache Erstellung von professionell aussehenden Publikationen<\/li>\n<li><strong>Microsoft Access 2013<\/strong> - zur Erstellung von Datenbanken mit Internetzugang<\/li>\n<\/ul>\n<p>Microsoft macht in Microsoft Office 2013 ausgiebig Gebrauch von der Cloud. Die Suite erm\u00f6glicht es Nutzern, Dokumente direkt in Microsofts Cloud-Dienst SkyDrive zu speichern. Mit dieser Funktion k\u00f6nnen Sie sich bei einem Computer anmelden, auf dem die Office-Software nicht installiert ist, und die Web-Office-Komponenten von Microsoft zum \u00d6ffnen, Bearbeiten und Freigeben eines Dokuments verwenden. F\u00fcr die Version 2013 der Suite sind keine zus\u00e4tzlichen Softwarekomponenten erforderlich, was den Prozess in fr\u00fcheren Versionen umst\u00e4ndlich machte.<\/p>\n<p>Microsoft hat einige willkommene Verbesserungen an bestimmten Softwareelementen in der Office-Suite vorgenommen. Eine der Verbesserungen in Word 2013 ist die M\u00f6glichkeit, PDF-Dokumente direkt aus Word zu \u00f6ffnen und zu bearbeiten, was eine echte Zeitersparnis sein kann. Es kann auch aktiv Text um Bilder oder Videoclips herum anordnen, w\u00e4hrend Sie tippen. Word verf\u00fcgt au\u00dferdem \u00fcber Simple Markup, eine neue \u00dcberarbeitungsoption, die den Nutzern eine saubere, unkomplizierte Ansicht eines Dokuments bietet, aber dennoch \u00fcber Indikatoren verf\u00fcgt, um verfolgte \u00c4nderungen zu vermerken.<\/p>\n<p><strong>Zus\u00e4tzliche Funktionen<\/strong><\/p>\n<ul>\n<li>\u201cInsights\u201d-Suche direkt aus Ihren Dokumenten. So k\u00f6nnen Sie relevante Informationen aus dem Internet abrufen und in Ihre Dokumente oder Pr\u00e4sentationen integrieren. Eine Verkn\u00fcpfung zu Bing sorgt f\u00fcr schnelle Suchergebnisse<\/li>\n<li>Suchassistent \u201cTell me\u201d, der jedes Programm schneller und benutzerfreundlicher macht<\/li>\n<li>Excel mit einer Autofill-Funktion erkennt Muster und f\u00fcllt Daten automatisch aus. Sie k\u00f6nnen auch leicht Vorhersagen \u00fcber Datens\u00e4tze und Formen f\u00fcr zuk\u00fcnftige Trends machen<\/li>\n<li>Nutzen Sie die in Publisher integrierte Option, um Fotos online zu drucken. Sparen Sie Zeit und sorgen Sie f\u00fcr professionelle Ergebnisse<\/li>\n<li>PowerPoint bietet die M\u00f6glichkeit, Pr\u00e4sentationen \u00fcber das Internet zu teilen. Sie brauchen PowerPoint nicht zu installieren, um sie anzusehen<\/li>\n<li>Aktivieren Sie den Bildschirmhintergrund \u201cSchwarzes Thema\u201d f\u00fcr augenfreundliches Arbeiten<\/li>\n<li>Nutzen Sie OneDrive mit 5 GB kostenlosem Cloud-Speicher und arbeiten Sie mit anderen in Echtzeit zusammen.<\/li>\n<\/ul>\n<p>Mit anderen Worten: Die intuitive Benutzeroberfl\u00e4che von Microsoft Office Professional Plus 2013 erm\u00f6glicht eine schnelle Navigation innerhalb der Programme. Die \u00fcberarbeitete Multifunktionsleiste macht das Auffinden von Funktionen einfach. Und wenn Sie einmal nicht weiterkommen, hilft Ihnen der Suchassistent \u201cTell me\u201d, die gew\u00fcnschte Funktion schnell zu finden. Sie gew\u00f6hnen sich schnell an die verschiedenen Programme und nutzen sie optimal f\u00fcr Ihre Arbeit.<\/p>\n<p>Dank der Skype for Business-Integration bleiben Sie immer in Kontakt mit Ihren Kollegen und Mitarbeitern. Microsoft Office Professional Plus 2013 bietet erweiterte Funktionen f\u00fcr Instant Messaging, Videokonferenzen und IP-Telefonie. Sie k\u00f6nnen Informationen austauschen, Projekte kl\u00e4ren und besprechen. Der Cloud-Dienst OneDrive vereinfacht zudem die gemeinsame Nutzung von Daten. Arbeiten Sie gemeinsam f\u00fcr den Erfolg Ihres Unternehmens, egal wo Sie sind. Die Oberfl\u00e4che von Microsoft Office 2013 Professional Plus integriert sich nahtlos in Windows 10 und ist f\u00fcr die Touch-Steuerung optimiert. Flexibel arbeiten und die Produktivit\u00e4t steigern mit Microsoft Office Professional Plus 2013.<\/p>\n<p><strong>Systemanforderungen<\/strong><\/p>\n<ul>\n<li>1,4 GHz, 2-Kern-Prozessor<\/li>\n<li>Windows 7, Windows 8, Windows 10<\/li>\n<li>1 GB (32bit), 2 GB (64bit) RAM<\/li>\n<li>3 GB verf\u00fcgbarer Festplattenspeicher<\/li>\n<li>DirectX 9-Grafikkarte zur Verwendung der Hardware-Beschleunigung von Grafiken<\/li>\n<\/ul>\n<\/div>","protected":false},"excerpt":{"rendered":"<ul>\n<li>Lizenz: F\u00fcr die Aktivierung auf 3 PCs (online oder per Telefon)<\/li>\n<li>Lieferung: Download-Link, Produktschl\u00fcssel, Anleitung und Rechnung werden direkt per E-Mail zugestellt. Nicht auf physischen Datentr\u00e4gern (USB, CD, etc.) erh\u00e4ltlich.<\/li>\n<li>Version: F\u00fcr 32- und 64-Bit-Systeme, unbegrenzte Vollversionen der Software<\/li>\n<li>Sprachen: Englisch, Spanisch, Italienisch, Deutsch, Franz\u00f6sisch<\/li>\n<li>Support: 24\/7-Support in Englisch, Spanisch und Deutsch<\/li>\n<li><strong><span style=\"color: #008000;\">Dieses Produkt ist mit Windows kompatibel.<\/span><\/strong><\/li>\n<li><strong><span style=\"color: #ff0000;\">NICHT kompatibel mit Apple macOS\u2122, Android-Ger\u00e4ten und Chromebooks.<\/span><\/strong><\/li>\n<\/ul>","protected":false},"featured_media":114643,"comment_status":"closed","ping_status":"closed","template":"","meta":[],"product_cat":[75],"product_tag":[79],"class_list":{"0":"post-33836","1":"product","2":"type-product","3":"status-publish","4":"has-post-thumbnail","6":"product_cat-microsoft-office","7":"product_tag-ms-office","9":"first","10":"instock","11":"sale","12":"virtual","13":"taxable","14":"purchasable","15":"product-type-simple"},"yoast_head":"<!-- This site is optimized with the Yoast SEO plugin v27.3 - https:\/\/yoast.com\/product\/yoast-seo-wordpress\/ -->\n<title>Microsoft Office 2013 Professional Plus Licentie voor 3 apparaten | Your best option, at the best price<\/title>\n<meta name=\"description\" content=\"Microsoft Office 2013 Professional Plus Licentie voor 3 apparaten Application for editing digital texts. | Best market prices. | 24\/7 Customer support | Immediate delivery\" \/>\n<meta name=\"robots\" content=\"index, follow, max-snippet:-1, max-image-preview:large, max-video-preview:-1\" \/>\n<link rel=\"canonical\" href=\"https:\/\/livekaarten.nl\/de\/produkt\/office-2013-professional-plus\/\" \/>\n<meta property=\"og:locale\" content=\"de_DE\" \/>\n<meta property=\"og:type\" content=\"article\" \/>\n<meta property=\"og:title\" content=\"Microsoft Office 2013 Professional Plus Licentie voor 3 apparaten | Your best option, at the best price\" \/>\n<meta property=\"og:description\" content=\"Microsoft Office 2013 Professional Plus Licentie voor 3 apparaten Application for editing digital texts. | Best market prices. | 24\/7 Customer support | Immediate delivery\" \/>\n<meta property=\"og:url\" content=\"https:\/\/livekaarten.nl\/de\/produkt\/office-2013-professional-plus\/\" \/>\n<meta property=\"og:site_name\" content=\"livekaarten.nl\" \/>\n<meta property=\"article:modified_time\" content=\"2026-04-03T10:01:43+00:00\" \/>\n<meta property=\"og:image\" content=\"https:\/\/livekaarten.nl\/wp-content\/uploads\/2025\/04\/O13PP.jpg\" \/>\n\t<meta property=\"og:image:width\" content=\"1000\" \/>\n\t<meta property=\"og:image:height\" content=\"1500\" \/>\n\t<meta property=\"og:image:type\" content=\"image\/jpeg\" \/>\n<meta name=\"twitter:card\" content=\"summary_large_image\" \/>\n<meta name=\"twitter:label1\" content=\"Gesch\u00e4tzte Lesezeit\" \/>\n\t<meta name=\"twitter:data1\" content=\"4\u00a0Minuten\" \/>\n<script type=\"application\/ld+json\" class=\"yoast-schema-graph\">{\"@context\":\"https:\\\/\\\/schema.org\",\"@graph\":[{\"@type\":\"WebPage\",\"@id\":\"https:\\\/\\\/livekaarten.nl\\\/product\\\/office-2013-professional-plus\\\/\",\"url\":\"https:\\\/\\\/livekaarten.nl\\\/product\\\/office-2013-professional-plus\\\/\",\"name\":\"Microsoft Office 2013 Professional Plus Licentie voor 3 apparaten | Your best option, at the best price\",\"isPartOf\":{\"@id\":\"https:\\\/\\\/livekaarten.nl\\\/#website\"},\"primaryImageOfPage\":{\"@id\":\"https:\\\/\\\/livekaarten.nl\\\/product\\\/office-2013-professional-plus\\\/#primaryimage\"},\"image\":{\"@id\":\"https:\\\/\\\/livekaarten.nl\\\/product\\\/office-2013-professional-plus\\\/#primaryimage\"},\"thumbnailUrl\":\"https:\\\/\\\/livekaarten.nl\\\/wp-content\\\/uploads\\\/2025\\\/04\\\/O13PP.jpg\",\"datePublished\":\"2023-08-11T19:12:35+00:00\",\"dateModified\":\"2026-04-03T10:01:43+00:00\",\"description\":\"Microsoft Office 2013 Professional Plus Licentie voor 3 apparaten Application for editing digital texts. | Best market prices. | 24\\\/7 Customer support | Immediate delivery\",\"breadcrumb\":{\"@id\":\"https:\\\/\\\/livekaarten.nl\\\/product\\\/office-2013-professional-plus\\\/#breadcrumb\"},\"inLanguage\":\"de\",\"potentialAction\":[{\"@type\":\"ReadAction\",\"target\":[\"https:\\\/\\\/livekaarten.nl\\\/product\\\/office-2013-professional-plus\\\/\"]}]},{\"@type\":\"ImageObject\",\"inLanguage\":\"de\",\"@id\":\"https:\\\/\\\/livekaarten.nl\\\/product\\\/office-2013-professional-plus\\\/#primaryimage\",\"url\":\"https:\\\/\\\/livekaarten.nl\\\/wp-content\\\/uploads\\\/2025\\\/04\\\/O13PP.jpg\",\"contentUrl\":\"https:\\\/\\\/livekaarten.nl\\\/wp-content\\\/uploads\\\/2025\\\/04\\\/O13PP.jpg\",\"width\":1000,\"height\":1500},{\"@type\":\"BreadcrumbList\",\"@id\":\"https:\\\/\\\/livekaarten.nl\\\/product\\\/office-2013-professional-plus\\\/#breadcrumb\",\"itemListElement\":[{\"@type\":\"ListItem\",\"position\":1,\"name\":\"Home\",\"item\":\"https:\\\/\\\/livekaarten.nl\\\/\"},{\"@type\":\"ListItem\",\"position\":2,\"name\":\"Winkel\",\"item\":\"https:\\\/\\\/livekaarten.nl\\\/shop\\\/\"},{\"@type\":\"ListItem\",\"position\":3,\"name\":\"Microsoft Office 2013 Professional Plus Licentie voor 3 apparaten\"}]},{\"@type\":\"WebSite\",\"@id\":\"https:\\\/\\\/livekaarten.nl\\\/#website\",\"url\":\"https:\\\/\\\/livekaarten.nl\\\/\",\"name\":\"Livekaarten.nl\",\"description\":\"Koop uw kantoor\",\"potentialAction\":[{\"@type\":\"SearchAction\",\"target\":{\"@type\":\"EntryPoint\",\"urlTemplate\":\"https:\\\/\\\/livekaarten.nl\\\/?s={search_term_string}\"},\"query-input\":{\"@type\":\"PropertyValueSpecification\",\"valueRequired\":true,\"valueName\":\"search_term_string\"}}],\"inLanguage\":\"de\"}]}<\/script>\n<!-- \/ Yoast SEO plugin. -->","yoast_head_json":{"title":"Microsoft Office 2013 Professional Plus Licentie voor 3 apparaten | Your best option, at the best price","description":"Microsoft Office 2013 Professional Plus Licentie voor 3 apparaten Application for editing digital texts. | Best market prices. | 24\/7 Customer support | Immediate delivery","robots":{"index":"index","follow":"follow","max-snippet":"max-snippet:-1","max-image-preview":"max-image-preview:large","max-video-preview":"max-video-preview:-1"},"canonical":"https:\/\/livekaarten.nl\/de\/produkt\/office-2013-professional-plus\/","og_locale":"de_DE","og_type":"article","og_title":"Microsoft Office 2013 Professional Plus Licentie voor 3 apparaten | Your best option, at the best price","og_description":"Microsoft Office 2013 Professional Plus Licentie voor 3 apparaten Application for editing digital texts. | Best market prices. | 24\/7 Customer support | Immediate delivery","og_url":"https:\/\/livekaarten.nl\/de\/produkt\/office-2013-professional-plus\/","og_site_name":"livekaarten.nl","article_modified_time":"2026-04-03T10:01:43+00:00","og_image":[{"width":1000,"height":1500,"url":"https:\/\/livekaarten.nl\/wp-content\/uploads\/2025\/04\/O13PP.jpg","type":"image\/jpeg"}],"twitter_card":"summary_large_image","twitter_misc":{"Gesch\u00e4tzte Lesezeit":"4\u00a0Minuten"},"schema":{"@context":"https:\/\/schema.org","@graph":[{"@type":"WebPage","@id":"https:\/\/livekaarten.nl\/product\/office-2013-professional-plus\/","url":"https:\/\/livekaarten.nl\/product\/office-2013-professional-plus\/","name":"Microsoft Office 2013 Professional Plus Licentie voor 3 apparaten | Your best option, at the best price","isPartOf":{"@id":"https:\/\/livekaarten.nl\/#website"},"primaryImageOfPage":{"@id":"https:\/\/livekaarten.nl\/product\/office-2013-professional-plus\/#primaryimage"},"image":{"@id":"https:\/\/livekaarten.nl\/product\/office-2013-professional-plus\/#primaryimage"},"thumbnailUrl":"https:\/\/livekaarten.nl\/wp-content\/uploads\/2025\/04\/O13PP.jpg","datePublished":"2023-08-11T19:12:35+00:00","dateModified":"2026-04-03T10:01:43+00:00","description":"Microsoft Office 2013 Professional Plus Licentie voor 3 apparaten Application for editing digital texts. | Best market prices. | 24\/7 Customer support | Immediate delivery","breadcrumb":{"@id":"https:\/\/livekaarten.nl\/product\/office-2013-professional-plus\/#breadcrumb"},"inLanguage":"de","potentialAction":[{"@type":"ReadAction","target":["https:\/\/livekaarten.nl\/product\/office-2013-professional-plus\/"]}]},{"@type":"ImageObject","inLanguage":"de","@id":"https:\/\/livekaarten.nl\/product\/office-2013-professional-plus\/#primaryimage","url":"https:\/\/livekaarten.nl\/wp-content\/uploads\/2025\/04\/O13PP.jpg","contentUrl":"https:\/\/livekaarten.nl\/wp-content\/uploads\/2025\/04\/O13PP.jpg","width":1000,"height":1500},{"@type":"BreadcrumbList","@id":"https:\/\/livekaarten.nl\/product\/office-2013-professional-plus\/#breadcrumb","itemListElement":[{"@type":"ListItem","position":1,"name":"Home","item":"https:\/\/livekaarten.nl\/"},{"@type":"ListItem","position":2,"name":"Winkel","item":"https:\/\/livekaarten.nl\/shop\/"},{"@type":"ListItem","position":3,"name":"Microsoft Office 2013 Professional Plus Licentie voor 3 apparaten"}]},{"@type":"WebSite","@id":"https:\/\/livekaarten.nl\/#website","url":"https:\/\/livekaarten.nl\/","name":"Livecards.co.uk","description":"Kaufen Sie Ihr B\u00fcro","potentialAction":[{"@type":"SearchAction","target":{"@type":"EntryPoint","urlTemplate":"https:\/\/livekaarten.nl\/?s={search_term_string}"},"query-input":{"@type":"PropertyValueSpecification","valueRequired":true,"valueName":"search_term_string"}}],"inLanguage":"de"}]}},"_links":{"self":[{"href":"https:\/\/livekaarten.nl\/de\/wp-json\/wp\/v2\/product\/33836","targetHints":{"allow":["GET"]}}],"collection":[{"href":"https:\/\/livekaarten.nl\/de\/wp-json\/wp\/v2\/product"}],"about":[{"href":"https:\/\/livekaarten.nl\/de\/wp-json\/wp\/v2\/types\/product"}],"replies":[{"embeddable":true,"href":"https:\/\/livekaarten.nl\/de\/wp-json\/wp\/v2\/comments?post=33836"}],"wp:featuredmedia":[{"embeddable":true,"href":"https:\/\/livekaarten.nl\/de\/wp-json\/wp\/v2\/media\/114643"}],"wp:attachment":[{"href":"https:\/\/livekaarten.nl\/de\/wp-json\/wp\/v2\/media?parent=33836"}],"wp:term":[{"taxonomy":"product_cat","embeddable":true,"href":"https:\/\/livekaarten.nl\/de\/wp-json\/wp\/v2\/product_cat?post=33836"},{"taxonomy":"product_tag","embeddable":true,"href":"https:\/\/livekaarten.nl\/de\/wp-json\/wp\/v2\/product_tag?post=33836"}],"curies":[{"name":"wp","href":"https:\/\/api.w.org\/{rel}","templated":true}]}}