{"id":33835,"date":"2023-08-11T21:12:35","date_gmt":"2023-08-11T19:12:35","guid":{"rendered":"https:\/\/gamecardshop.com\/livecards\/?post_type=product&#038;p=33835"},"modified":"2026-04-03T12:01:43","modified_gmt":"2026-04-03T10:01:43","slug":"office-2016-professional-plus","status":"publish","type":"product","link":"https:\/\/livekaarten.nl\/de\/produkt\/office-2016-professional-plus\/","title":{"rendered":"Microsoft Office 2016 Professional Plus-Lizenz f\u00fcr 3 Ger\u00e4te"},"content":{"rendered":"<p>Mit den enthaltenen Programmen erf\u00fcllt Microsoft Office 2016 Professional Plus alle Anforderungen an eine umfassende B\u00fcrosoftware. Ob Sie nun Serienbriefe erstellen, Gesch\u00e4ftszahlen und Tabellenkalkulationen verwalten oder Pr\u00e4sentationen entwerfen. Auch das Erstellen von Datenbanken oder das Organisieren Ihrer E-Mails f\u00fcr Ihre gesch\u00e4ftlichen und privaten Projekte ist mit den Office-Anwendungen im Handumdrehen erledigt.<\/p>\n<p><strong>Welche Programme sind in Microsoft Office 2016 Professional Plus enthalten?<\/strong><\/p>\n<ul>\n<li><strong>Microsoft Word 2016.<\/strong> Zum Erstellen und Bearbeiten Ihrer Texte und Dokumente<\/li>\n<li><strong>Microsoft Excel 2016.<\/strong> F\u00fcr die Verarbeitung von Tabellendatens\u00e4tzen<\/li>\n<li><strong>Microsoft PowerPoint 2016.<\/strong> F\u00fcr die Erstellung inspirierender Pr\u00e4sentationen<\/li>\n<li><strong>Microsoft Outlook 2016.<\/strong> Zur Verwaltung von E-Mails, Kontakten, Terminen und Aufgaben<\/li>\n<li><strong>Microsoft OneNote 2016.<\/strong> Zum Erstellen und Verwalten Ihrer Notizen<\/li>\n<li><strong>Microsoft Publisher 2016.<\/strong> F\u00fcr die einfache Erstellung von professionell aussehenden Publikationen<\/li>\n<li><strong>Microsoft Access 2016.<\/strong> Zur Erstellung von Datenbanken mit Internetzugang<\/li>\n<li><strong>Skype f\u00fcr Unternehmen.<\/strong> Zur Steigerung der Produktivit\u00e4t durch Instant Messaging und einfache Kommunikation<\/li>\n<\/ul>\n<p><strong>Neue Funktionen in Microsoft Office 2016 Professional Plus<\/strong><\/p>\n<ul>\n<li>\u201cInsights\u201d-Suche direkt aus Ihren Dokumenten. So k\u00f6nnen Sie relevante Informationen aus dem Internet abrufen und in Ihre Dokumente oder Pr\u00e4sentationen integrieren. Eine Verkn\u00fcpfung zu Bing sorgt f\u00fcr schnelle Suchergebnisse<\/li>\n<li>Suchassistent \u201cTell me\u201d. Dann werden Sie feststellen, dass jedes Programm schneller funktioniert.<\/li>\n<li>Excel verf\u00fcgt \u00fcber eine Funktion zum automatischen Ausf\u00fcllen, die das Muster erkennt und Ihre Daten automatisch ausf\u00fcllt. Sie k\u00f6nnen auch leicht Vorhersagen \u00fcber Datens\u00e4tze und Formen f\u00fcr zuk\u00fcnftige Trends treffen.<\/li>\n<li>Nutzen Sie die in Publisher integrierte Option, Fotos online zu drucken. So sparen Sie Zeit und erhalten professionelle Ergebnisse.<\/li>\n<li>PowerPoint bietet die M\u00f6glichkeit, Pr\u00e4sentationen \u00fcber das Internet zu teilen. Sie brauchen PowerPoint nicht zu installieren, um sie anzusehen.<\/li>\n<li>Aktivieren Sie den Bildschirmhintergrund \u201cSchwarzes Thema\u201d. So k\u00f6nnen Sie augenschonend arbeiten.<\/li>\n<li>Nutzen Sie auch OneDrive mit 5 GB kostenlosem Cloud-Speicher. Daher k\u00f6nnen Sie in einem Team mit Echtzeit-Vernetzung \u00fcber arbeiten.<\/li>\n<\/ul>\n<p><strong>Wichtige Dinge \u00fcber diese Version von Microsoft Office<\/strong><\/p>\n<p>Mit anderen Worten: Die intuitive Benutzeroberfl\u00e4che von Microsoft Office Professional Plus 2016 erm\u00f6glicht eine schnelle und effiziente Navigation. Die \u00fcberarbeitete Multifunktionsleiste macht es einfach, neue Funktionen schnell zu finden. Sollten Sie dennoch einmal nicht weiterkommen, hilft Ihnen der Suchassistent \u201cTell Me\u201d, die gew\u00fcnschte Funktion zu finden und effizient zu nutzen. Sie werden sich schnell an die verschiedenen Programme gew\u00f6hnen und sie optimal f\u00fcr Ihre Arbeit nutzen.<\/p>\n<p>Durch die Integration von Skype for Business bleiben Sie und Ihre Mitarbeiter und Kollegen also immer in Verbindung. Microsoft Office Professional Plus 2016 bietet somit neue M\u00f6glichkeiten f\u00fcr Instant Messaging, Videokonferenzen und IP-Telefonie. So k\u00f6nnen Sie Informationen austauschen, Fragen zu Projekten kl\u00e4ren und stellen. Auch die Nutzung des Cloud-Dienstes OneDrive vereinfacht die gemeinsame Nutzung von Daten. Arbeiten Sie gemeinsam f\u00fcr den Erfolg Ihres Unternehmens und bleiben Sie flexibel. Auch Ihr Arbeitsplatz ist jetzt ortsunabh\u00e4ngig. Das Design und die Benutzeroberfl\u00e4che von Microsoft Office 2016 Professional Plus basieren auf Microsoft Windows 10. Die beiden Programme sind perfekt aufeinander abgestimmt. Optimiert f\u00fcr Touch-Ger\u00e4te, k\u00f6nnen Sie flexibel arbeiten. Arbeiten Sie \u00fcberall kreativ mit Microsoft Office Professional Plus 2016 und steigern Sie die Produktivit\u00e4t Ihres Unternehmens.<\/p>\n<p><strong>Systemanforderungen<\/strong>:<\/p>\n<ul>\n<li>1,4 GHz, 2-Kern-Prozessor<\/li>\n<li>Windows 7 SP1, Windows 8, Windows 10<\/li>\n<li>1 GB (32bit), 2 GB (64bit) RAM<\/li>\n<li>3 GB verf\u00fcgbarer Festplattenspeicher<\/li>\n<li>DirectX 9-Grafikkarte zur Verwendung der Hardware-Beschleunigung von Grafiken<\/li>\n<\/ul>","protected":false},"excerpt":{"rendered":"<ul>\n<li>Lizenz: F\u00fcr die Aktivierung auf 3 PCs (online oder per Telefon)<\/li>\n<li>Lieferung: Download-Link, Produktschl\u00fcssel, Anleitung und Rechnung werden direkt per E-Mail zugestellt. Nicht auf physischen Datentr\u00e4gern (USB, CD, etc.) erh\u00e4ltlich.<\/li>\n<li>Version: F\u00fcr 32- und 64-Bit-Systeme, unbegrenzte Vollversion der Software<\/li>\n<li>Sprachen: Englisch, Spanisch, Italienisch, Deutsch, Franz\u00f6sisch<\/li>\n<li>Support: 24\/7 auf Niederl\u00e4ndisch, Franz\u00f6sisch, Deutsch<\/li>\n<li><strong><span style=\"color: #008000;\">Dieses Produkt ist mit Windows kompatibel.<\/span><\/strong><\/li>\n<li><strong><span style=\"color: #ff0000;\">NICHT kompatibel mit Apple macOS\u2122, Android-Ger\u00e4ten und Chromebooks.<\/span><\/strong><\/li>\n<\/ul>","protected":false},"featured_media":100000114645,"comment_status":"closed","ping_status":"closed","template":"","meta":[],"product_cat":[75],"product_tag":[79,105],"class_list":{"0":"post-33835","1":"product","2":"type-product","3":"status-publish","4":"has-post-thumbnail","6":"product_cat-microsoft-office","7":"product_tag-ms-office","8":"product_tag-ms-office-2016","10":"first","11":"instock","12":"sale","13":"virtual","14":"taxable","15":"purchasable","16":"product-type-simple"},"yoast_head":"<!-- This site is optimized with the Yoast SEO plugin v27.3 - https:\/\/yoast.com\/product\/yoast-seo-wordpress\/ -->\n<title>Microsoft Office 2016 Professional Plus Licentie voor 3 apparaten | Your best option, at the best price<\/title>\n<meta name=\"description\" content=\"Microsoft Office 2016 Professional Plus Licentie voor 3 apparaten Application for editing digital texts. | Best market prices. | 24\/7 Customer support | Immediate delivery\" \/>\n<meta name=\"robots\" content=\"index, follow, max-snippet:-1, max-image-preview:large, max-video-preview:-1\" \/>\n<link rel=\"canonical\" href=\"https:\/\/livekaarten.nl\/de\/produkt\/office-2016-professional-plus\/\" \/>\n<meta property=\"og:locale\" content=\"de_DE\" \/>\n<meta property=\"og:type\" content=\"article\" \/>\n<meta property=\"og:title\" content=\"Microsoft Office 2016 Professional Plus Licentie voor 3 apparaten | Your best option, at the best price\" \/>\n<meta property=\"og:description\" content=\"Microsoft Office 2016 Professional Plus Licentie voor 3 apparaten Application for editing digital texts. | Best market prices. | 24\/7 Customer support | Immediate delivery\" \/>\n<meta property=\"og:url\" content=\"https:\/\/livekaarten.nl\/de\/produkt\/office-2016-professional-plus\/\" \/>\n<meta property=\"og:site_name\" content=\"livekaarten.nl\" \/>\n<meta property=\"article:modified_time\" content=\"2026-04-03T10:01:43+00:00\" \/>\n<meta name=\"twitter:card\" content=\"summary_large_image\" \/>\n<meta name=\"twitter:label1\" content=\"Gesch\u00e4tzte Lesezeit\" \/>\n\t<meta name=\"twitter:data1\" content=\"3\u00a0Minuten\" \/>\n<script type=\"application\/ld+json\" class=\"yoast-schema-graph\">{\"@context\":\"https:\\\/\\\/schema.org\",\"@graph\":[{\"@type\":\"WebPage\",\"@id\":\"https:\\\/\\\/livekaarten.nl\\\/product\\\/office-2016-professional-plus\\\/\",\"url\":\"https:\\\/\\\/livekaarten.nl\\\/product\\\/office-2016-professional-plus\\\/\",\"name\":\"Microsoft Office 2016 Professional Plus Licentie voor 3 apparaten | Your best option, at the best price\",\"isPartOf\":{\"@id\":\"https:\\\/\\\/livekaarten.nl\\\/#website\"},\"primaryImageOfPage\":{\"@id\":\"https:\\\/\\\/livekaarten.nl\\\/product\\\/office-2016-professional-plus\\\/#primaryimage\"},\"image\":{\"@id\":\"https:\\\/\\\/livekaarten.nl\\\/product\\\/office-2016-professional-plus\\\/#primaryimage\"},\"thumbnailUrl\":\"https:\\\/\\\/livekaarten.nl\\\/wp-content\\\/uploads\\\/2025\\\/04\\\/O16PP.jpg\",\"datePublished\":\"2023-08-11T19:12:35+00:00\",\"dateModified\":\"2026-04-03T10:01:43+00:00\",\"description\":\"Microsoft Office 2016 Professional Plus Licentie voor 3 apparaten Application for editing digital texts. | Best market prices. | 24\\\/7 Customer support | Immediate delivery\",\"breadcrumb\":{\"@id\":\"https:\\\/\\\/livekaarten.nl\\\/product\\\/office-2016-professional-plus\\\/#breadcrumb\"},\"inLanguage\":\"de\",\"potentialAction\":[{\"@type\":\"ReadAction\",\"target\":[\"https:\\\/\\\/livekaarten.nl\\\/product\\\/office-2016-professional-plus\\\/\"]}]},{\"@type\":\"ImageObject\",\"inLanguage\":\"de\",\"@id\":\"https:\\\/\\\/livekaarten.nl\\\/product\\\/office-2016-professional-plus\\\/#primaryimage\",\"url\":\"https:\\\/\\\/livekaarten.nl\\\/wp-content\\\/uploads\\\/2025\\\/04\\\/O16PP.jpg\",\"contentUrl\":\"https:\\\/\\\/livekaarten.nl\\\/wp-content\\\/uploads\\\/2025\\\/04\\\/O16PP.jpg\"},{\"@type\":\"BreadcrumbList\",\"@id\":\"https:\\\/\\\/livekaarten.nl\\\/product\\\/office-2016-professional-plus\\\/#breadcrumb\",\"itemListElement\":[{\"@type\":\"ListItem\",\"position\":1,\"name\":\"Home\",\"item\":\"https:\\\/\\\/livekaarten.nl\\\/\"},{\"@type\":\"ListItem\",\"position\":2,\"name\":\"Winkel\",\"item\":\"https:\\\/\\\/livekaarten.nl\\\/shop\\\/\"},{\"@type\":\"ListItem\",\"position\":3,\"name\":\"Microsoft Office 2016 Professional Plus Licentie voor 3 apparaten\"}]},{\"@type\":\"WebSite\",\"@id\":\"https:\\\/\\\/livekaarten.nl\\\/#website\",\"url\":\"https:\\\/\\\/livekaarten.nl\\\/\",\"name\":\"Livekaarten.nl\",\"description\":\"Koop uw kantoor\",\"potentialAction\":[{\"@type\":\"SearchAction\",\"target\":{\"@type\":\"EntryPoint\",\"urlTemplate\":\"https:\\\/\\\/livekaarten.nl\\\/?s={search_term_string}\"},\"query-input\":{\"@type\":\"PropertyValueSpecification\",\"valueRequired\":true,\"valueName\":\"search_term_string\"}}],\"inLanguage\":\"de\"}]}<\/script>\n<!-- \/ Yoast SEO plugin. -->","yoast_head_json":{"title":"Microsoft Office 2016 Professional Plus Licentie voor 3 apparaten | Your best option, at the best price","description":"Microsoft Office 2016 Professional Plus Licentie voor 3 apparaten Application for editing digital texts. | Best market prices. | 24\/7 Customer support | Immediate delivery","robots":{"index":"index","follow":"follow","max-snippet":"max-snippet:-1","max-image-preview":"max-image-preview:large","max-video-preview":"max-video-preview:-1"},"canonical":"https:\/\/livekaarten.nl\/de\/produkt\/office-2016-professional-plus\/","og_locale":"de_DE","og_type":"article","og_title":"Microsoft Office 2016 Professional Plus Licentie voor 3 apparaten | Your best option, at the best price","og_description":"Microsoft Office 2016 Professional Plus Licentie voor 3 apparaten Application for editing digital texts. | Best market prices. | 24\/7 Customer support | Immediate delivery","og_url":"https:\/\/livekaarten.nl\/de\/produkt\/office-2016-professional-plus\/","og_site_name":"livekaarten.nl","article_modified_time":"2026-04-03T10:01:43+00:00","twitter_card":"summary_large_image","twitter_misc":{"Gesch\u00e4tzte Lesezeit":"3\u00a0Minuten"},"schema":{"@context":"https:\/\/schema.org","@graph":[{"@type":"WebPage","@id":"https:\/\/livekaarten.nl\/product\/office-2016-professional-plus\/","url":"https:\/\/livekaarten.nl\/product\/office-2016-professional-plus\/","name":"Microsoft Office 2016 Professional Plus Licentie voor 3 apparaten | Your best option, at the best price","isPartOf":{"@id":"https:\/\/livekaarten.nl\/#website"},"primaryImageOfPage":{"@id":"https:\/\/livekaarten.nl\/product\/office-2016-professional-plus\/#primaryimage"},"image":{"@id":"https:\/\/livekaarten.nl\/product\/office-2016-professional-plus\/#primaryimage"},"thumbnailUrl":"https:\/\/livekaarten.nl\/wp-content\/uploads\/2025\/04\/O16PP.jpg","datePublished":"2023-08-11T19:12:35+00:00","dateModified":"2026-04-03T10:01:43+00:00","description":"Microsoft Office 2016 Professional Plus Licentie voor 3 apparaten Application for editing digital texts. | Best market prices. | 24\/7 Customer support | Immediate delivery","breadcrumb":{"@id":"https:\/\/livekaarten.nl\/product\/office-2016-professional-plus\/#breadcrumb"},"inLanguage":"de","potentialAction":[{"@type":"ReadAction","target":["https:\/\/livekaarten.nl\/product\/office-2016-professional-plus\/"]}]},{"@type":"ImageObject","inLanguage":"de","@id":"https:\/\/livekaarten.nl\/product\/office-2016-professional-plus\/#primaryimage","url":"https:\/\/livekaarten.nl\/wp-content\/uploads\/2025\/04\/O16PP.jpg","contentUrl":"https:\/\/livekaarten.nl\/wp-content\/uploads\/2025\/04\/O16PP.jpg"},{"@type":"BreadcrumbList","@id":"https:\/\/livekaarten.nl\/product\/office-2016-professional-plus\/#breadcrumb","itemListElement":[{"@type":"ListItem","position":1,"name":"Home","item":"https:\/\/livekaarten.nl\/"},{"@type":"ListItem","position":2,"name":"Winkel","item":"https:\/\/livekaarten.nl\/shop\/"},{"@type":"ListItem","position":3,"name":"Microsoft Office 2016 Professional Plus Licentie voor 3 apparaten"}]},{"@type":"WebSite","@id":"https:\/\/livekaarten.nl\/#website","url":"https:\/\/livekaarten.nl\/","name":"Livecards.co.uk","description":"Kaufen Sie Ihr B\u00fcro","potentialAction":[{"@type":"SearchAction","target":{"@type":"EntryPoint","urlTemplate":"https:\/\/livekaarten.nl\/?s={search_term_string}"},"query-input":{"@type":"PropertyValueSpecification","valueRequired":true,"valueName":"search_term_string"}}],"inLanguage":"de"}]}},"_links":{"self":[{"href":"https:\/\/livekaarten.nl\/de\/wp-json\/wp\/v2\/product\/33835","targetHints":{"allow":["GET"]}}],"collection":[{"href":"https:\/\/livekaarten.nl\/de\/wp-json\/wp\/v2\/product"}],"about":[{"href":"https:\/\/livekaarten.nl\/de\/wp-json\/wp\/v2\/types\/product"}],"replies":[{"embeddable":true,"href":"https:\/\/livekaarten.nl\/de\/wp-json\/wp\/v2\/comments?post=33835"}],"wp:featuredmedia":[{"embeddable":true,"href":"https:\/\/livekaarten.nl\/de\/wp-json\/"}],"wp:attachment":[{"href":"https:\/\/livekaarten.nl\/de\/wp-json\/wp\/v2\/media?parent=33835"}],"wp:term":[{"taxonomy":"product_cat","embeddable":true,"href":"https:\/\/livekaarten.nl\/de\/wp-json\/wp\/v2\/product_cat?post=33835"},{"taxonomy":"product_tag","embeddable":true,"href":"https:\/\/livekaarten.nl\/de\/wp-json\/wp\/v2\/product_tag?post=33835"}],"curies":[{"name":"wp","href":"https:\/\/api.w.org\/{rel}","templated":true}]}}