{"id":1957,"date":"2022-10-20T21:47:49","date_gmt":"2022-10-20T21:47:49","guid":{"rendered":"https:\/\/gamecardshop.com\/livecards\/?post_type=product&#038;p=1957"},"modified":"2026-04-20T12:59:58","modified_gmt":"2026-04-20T10:59:58","slug":"microsoft-windows-11-home","status":"publish","type":"product","link":"https:\/\/livekaarten.nl\/de\/produkt\/microsoft-windows-11-home\/","title":{"rendered":"Microsoft Windows 11 Startseite"},"content":{"rendered":"<div class=\"product-content\">\n<h2>Microsoft Windows 11 Professional<\/h2>\n<h3>Systemanforderungen<\/h3>\n<hr \/>\n<p>Stellen Sie sicher, dass Sie f\u00fcr das neueste und beste Betriebssystem von Microsoft bereit sind!<\/p>\n<p>Dies sind die Mindestanforderungen f\u00fcr die Installation von Microsoft Windows 11 auf einem PC. Wenn Ihr Ger\u00e4t diese Anforderungen nicht erf\u00fcllt, k\u00f6nnen Sie Microsoft Windows 11 m\u00f6glicherweise nicht installieren. Wenn Sie sich nicht sicher sind, ob Ihr PC diese Anforderungen erf\u00fcllt, k\u00f6nnen Sie die Kompatibilit\u00e4t mit der App PC Health Check \u00fcberpr\u00fcfen <strong>(Erfordert Windows 10, <a href=\"https:\/\/aka.ms\/GetPCHealthCheckApp\">Hier klicken zum Herunterladen<\/a>)<\/strong>.<\/p>\n<ul>\n<li><strong>Prozessor:<\/strong> 1 gigahertz (GHz) of sneller met 2 of meer kernen op een compatibele 64-bits processor of System on a Chip (SoC).<\/li>\n<li><strong>RAM:<\/strong> 4 gigabyte (GB).<\/li>\n<li><strong>Lagerung:<\/strong> 64 GB of groter opslagapparaat. Opmerking: zie hieronder onder &#8220;Meer informatie over opslagruimte om Windows 11 up-to-date te houden&#8221; voor meer informatie.<\/li>\n<li><strong>System-Firmware:<\/strong> UEFI, geschikt voor Secure Boot.<\/li>\n<li><strong>TPM:<\/strong> Trusted Platform Module (TPM) versie 2.0.<\/li>\n<li><strong>Grafikkarte:<\/strong> Compatibel met DirectX 12 of hoger met WDDM 2.0 stuurprogramma.<\/li>\n<li><strong>Anzeige:<\/strong> Hoge definitie (720p) beeldscherm met een diagonaal van meer dan 9&#8243;, 8 bits per kleurkanaal.<\/li>\n<li><strong>Internetverbindung und Microsoft-Konten:<\/strong> Microsoft Windows 11 vereist een internetverbinding en een Microsoft-account om de installatie van het apparaat bij het eerste gebruik te voltooien. Om een apparaat uit Microsoft Windows 11 Home in de S-modus te schakelen, is ook een internetverbinding nodig. Voor alle Microsoft Windows 11-edities is internettoegang vereist om updates uit te voeren en bepaalde functies te downloaden en te gebruiken. Voor sommige functies is een Microsoft-account vereist.<\/li>\n<\/ul>\n<p>Im Laufe der Zeit k\u00f6nnen zus\u00e4tzliche Anforderungen f\u00fcr Aktualisierungen und Anforderungen zur Aktivierung bestimmter Funktionen des Betriebssystems entstehen.<\/p>\n<hr \/>\n<h3>Extra vereisten voor belangrijke functies<\/h3>\n<p>F\u00fcr einige Funktionen in Microsoft Windows 11 gelten h\u00f6here Anforderungen als die oben im Abschnitt Mindestanforderungen aufgef\u00fchrten. Weitere Informationen zu den Anforderungen f\u00fcr wichtige Funktionen finden Sie unten:<\/p>\n<ul>\n<li>Die 5G-Unterst\u00fctzung erfordert ein 5G-f\u00e4higes Modem.<\/li>\n<li>F\u00fcr die automatische HDR-Funktion ist ein HDR-Monitor erforderlich.<\/li>\n<li>BitLocker to Go erfordert ein USB-Flash-Laufwerk (verf\u00fcgbar in Windows Pro und h\u00f6heren Editionen).<\/li>\n<li>F\u00fcr den Hyper-V-Client ist ein Prozessor mit SLAT-Funktionen (Second-Level Address Translation) erforderlich (verf\u00fcgbar in Windows Pro und h\u00f6heren Editionen).<\/li>\n<li>Cortana vereist een microfoon en luidspreker en is momenteel beschikbaar in Microsoft Windows 11 voor Australi\u00eb, Brazili\u00eb, Canada, China, Frankrijk, Duitsland, India, Itali\u00eb, Japan, Mexico, Spanje, het Verenigd Koninkrijk en de Verenigde Staten.<\/li>\n<li>DirectStorage vereist een NVMe SSD om games op te slaan en uit te voeren die het stuurprogramma &#8220;Standard NVM Express Controller&#8221; gebruiken en een DirectX 12 GPU met ondersteuning voor Shader Model 6.0.<\/li>\n<li>DirectX 12 Ultimate ist f\u00fcr unterst\u00fctzte Spiele und Grafikchips verf\u00fcgbar.<\/li>\n<li>Aanwezigheid vereist een sensor die de menselijke afstand tot het apparaat of de intentie tot interactie met het apparaat kan detecteren.<\/li>\n<li>Intelligente Videokonferenzen erfordern eine Videokamera, ein Mikrofon und einen Lautsprecher (Audioausgang).<\/li>\n<li>Der Multiple Voice Assistant (MVA) ben\u00f6tigt ein Mikrofon und einen Lautsprecher.<\/li>\n<li>Snap-Layouts mit drei Spalten erfordern einen Bildschirm mit einer effektiven Breite von 1920 Pixeln oder mehr.<\/li>\n<li>Stummschalten\/Aufheben der Stummschaltung \u00fcber die Taskleiste erfordert Videokamera, Mikrofon und Lautsprecher (Audioausgang). Die App muss mit der Funktion kompatibel sein, um die globale Stummschaltung aufzuheben.<\/li>\n<li>Spatial Sound erfordert unterst\u00fctzende Hardware und Software.<\/li>\n<li>Die Teams ben\u00f6tigen eine Videokamera, ein Mikrofon und einen Lautsprecher (Audioausgang).<\/li>\n<li>Touch erfordert einen Bildschirm oder Monitor, der Multi-Touch unterst\u00fctzt.<\/li>\n<li>Die Zwei-Faktor-Authentifizierung erfordert die Verwendung einer PIN, biometrischer Daten (Fingerabdruckleser oder beleuchtete Infrarotkamera) oder eines Telefons mit Wi-Fi- oder Bluetooth-Funktionen.<\/li>\n<li>Voice Typing erfordert einen PC mit Mikrofon.<\/li>\n<li>Wake on Voice erfordert ein Modernes Standby-Strommodell und ein Mikrofon.<\/li>\n<li>Wi-Fi 6E erfordert neue WLAN-IHV-Hardware und -Treiber sowie einen Wi-Fi 6E-f\u00e4higen AP\/Router.<\/li>\n<li>Windows Hello erfordert eine f\u00fcr Nah-Infrarot (IR) konfigurierte Kamera oder einen Fingerabdruckleser f\u00fcr die biometrische Authentifizierung. Ger\u00e4te ohne biometrische Sensoren k\u00f6nnen Windows Hello mit einer PIN oder einem Microsoft-kompatiblen tragbaren Sicherheitsschl\u00fcssel verwenden.<\/li>\n<li>Windows Projection erfordert einen Display-Adapter, der Windows Display Driver Model (WDDM) 2.0 unterst\u00fctzt, und einen Wi-Fi-Adapter, der Wi-Fi Direct unterst\u00fctzt.<\/li>\n<li>Xbox (app) vereist een Xbox Live-account, dat niet in alle regio&#8217;s beschikbaar is. Zie Landen en regio&#8217;s van Xbox Live voor de meest actuele informatie over beschikbaarheid. Voor sommige functies in de Xbox app is een actief Xbox Game Pass-abonnement vereist. Meer informatie over de pas.<\/li>\n<\/ul>\n<\/div>","protected":false},"excerpt":{"rendered":"<p><strong>Vergewissern Sie sich vor dem Kauf, dass Ihr Computer mit Windows 11 kompatibel ist:<\/strong> <span style=\"color: #ff0000;\"><strong><a style=\"color: #ff0000;\" href=\"https:\/\/aka.ms\/GetPCHealthCheckApp\">Hier herunterladen<\/a><\/strong><\/span><\/p>\n<ul>\n<li>Lizenz: F\u00fcr die Nutzung auf 3 PCs (online oder telefonisch zu aktivieren)<\/li>\n<li>Lieferung: Download-Link, Produktschl\u00fcssel, Anleitung und Rechnung werden direkt per E-Mail zugestellt.<\/li>\n<li>Version: Geeignet f\u00fcr 32- und 64-Bit-Systeme. Vollst\u00e4ndige, unbegrenzte Versionen der Software<\/li>\n<li>Sprachen: Englisch, Spanisch, Italienisch, Deutsch, Franz\u00f6sisch<\/li>\n<li>Support: 24\/7 auf Niederl\u00e4ndisch, Franz\u00f6sisch, Deutsch<\/li>\n<li><strong><span style=\"color: #008000;\">Dieses Produkt ist mit Microsoft Windows kompatibel.<\/span><\/strong><\/li>\n<li><strong><span style=\"color: #ff0000;\">Nicht kompatibel mit Apple macOS\u2122, Android-Ger\u00e4ten und Chromebooks.<\/span><\/strong><\/li>\n<\/ul>","protected":false},"featured_media":114616,"comment_status":"closed","ping_status":"closed","template":"","meta":[],"product_cat":[82,89],"product_tag":[],"class_list":{"0":"post-1957","1":"product","2":"type-product","3":"status-publish","4":"has-post-thumbnail","6":"product_cat-microsoft-windows","7":"product_cat-windows-11","9":"first","10":"instock","11":"sale","12":"virtual","13":"taxable","14":"purchasable","15":"product-type-simple"},"yoast_head":"<!-- This site is optimized with the Yoast SEO plugin v27.4 - https:\/\/yoast.com\/product\/yoast-seo-wordpress\/ -->\n<title>Microsoft Windows 11 Home | livekaarten.nl<\/title>\n<meta name=\"robots\" content=\"index, follow, max-snippet:-1, max-image-preview:large, max-video-preview:-1\" \/>\n<link rel=\"canonical\" href=\"https:\/\/livekaarten.nl\/de\/produkt\/microsoft-windows-11-home\/\" \/>\n<meta property=\"og:locale\" content=\"de_DE\" \/>\n<meta property=\"og:type\" content=\"article\" \/>\n<meta property=\"og:title\" content=\"Microsoft Windows 11 Home | livekaarten.nl\" \/>\n<meta property=\"og:description\" content=\"Controleer voordat je koopt of je computer compatibel is met Windows 11: Download hier   Licentie: Te gebruiken op 3 pc\u2019s (online of telefonisch te activeren)  Levering: Downloadlink, productsleutel, instructies en factuur worden direct per e-mail geleverd.  Versie: Geschikt voor 32- en 64-bits systemen. Volledige, onbeperkte versies van de software  Talen: Engels, Spaans, Italiaans, Duits, Frans  Ondersteuning: 24\/7 in het Nederlands, Frans, Duits  Dit product is compatibel met Microsoft Windows.  Niet compatibel met Apple macOS\u2122, Android-apparaten en Chromebooks.\" \/>\n<meta property=\"og:url\" content=\"https:\/\/livekaarten.nl\/de\/produkt\/microsoft-windows-11-home\/\" \/>\n<meta property=\"og:site_name\" content=\"livekaarten.nl\" \/>\n<meta property=\"article:modified_time\" content=\"2026-04-20T10:59:58+00:00\" \/>\n<meta property=\"og:image\" content=\"https:\/\/livekaarten.nl\/wp-content\/uploads\/2025\/04\/W11H.jpg\" \/>\n\t<meta property=\"og:image:width\" content=\"1000\" \/>\n\t<meta property=\"og:image:height\" content=\"1500\" \/>\n\t<meta property=\"og:image:type\" content=\"image\/jpeg\" \/>\n<meta name=\"twitter:card\" content=\"summary_large_image\" \/>\n<meta name=\"twitter:label1\" content=\"Gesch\u00e4tzte Lesezeit\" \/>\n\t<meta name=\"twitter:data1\" content=\"4\u00a0Minuten\" \/>\n<script type=\"application\/ld+json\" class=\"yoast-schema-graph\">{\"@context\":\"https:\\\/\\\/schema.org\",\"@graph\":[{\"@type\":\"WebPage\",\"@id\":\"https:\\\/\\\/livekaarten.nl\\\/product\\\/microsoft-windows-11-home\\\/\",\"url\":\"https:\\\/\\\/livekaarten.nl\\\/product\\\/microsoft-windows-11-home\\\/\",\"name\":\"Microsoft Windows 11 Home | livekaarten.nl\",\"isPartOf\":{\"@id\":\"https:\\\/\\\/livekaarten.nl\\\/#website\"},\"primaryImageOfPage\":{\"@id\":\"https:\\\/\\\/livekaarten.nl\\\/product\\\/microsoft-windows-11-home\\\/#primaryimage\"},\"image\":{\"@id\":\"https:\\\/\\\/livekaarten.nl\\\/product\\\/microsoft-windows-11-home\\\/#primaryimage\"},\"thumbnailUrl\":\"https:\\\/\\\/livekaarten.nl\\\/wp-content\\\/uploads\\\/2025\\\/04\\\/W11H.jpg\",\"datePublished\":\"2022-10-20T21:47:49+00:00\",\"dateModified\":\"2026-04-20T10:59:58+00:00\",\"breadcrumb\":{\"@id\":\"https:\\\/\\\/livekaarten.nl\\\/product\\\/microsoft-windows-11-home\\\/#breadcrumb\"},\"inLanguage\":\"de\",\"potentialAction\":[{\"@type\":\"ReadAction\",\"target\":[\"https:\\\/\\\/livekaarten.nl\\\/product\\\/microsoft-windows-11-home\\\/\"]}]},{\"@type\":\"ImageObject\",\"inLanguage\":\"de\",\"@id\":\"https:\\\/\\\/livekaarten.nl\\\/product\\\/microsoft-windows-11-home\\\/#primaryimage\",\"url\":\"https:\\\/\\\/livekaarten.nl\\\/wp-content\\\/uploads\\\/2025\\\/04\\\/W11H.jpg\",\"contentUrl\":\"https:\\\/\\\/livekaarten.nl\\\/wp-content\\\/uploads\\\/2025\\\/04\\\/W11H.jpg\",\"width\":1000,\"height\":1500},{\"@type\":\"BreadcrumbList\",\"@id\":\"https:\\\/\\\/livekaarten.nl\\\/product\\\/microsoft-windows-11-home\\\/#breadcrumb\",\"itemListElement\":[{\"@type\":\"ListItem\",\"position\":1,\"name\":\"Home\",\"item\":\"https:\\\/\\\/livekaarten.nl\\\/\"},{\"@type\":\"ListItem\",\"position\":2,\"name\":\"Winkel\",\"item\":\"https:\\\/\\\/livekaarten.nl\\\/shop\\\/\"},{\"@type\":\"ListItem\",\"position\":3,\"name\":\"Microsoft Windows 11 Home\"}]},{\"@type\":\"WebSite\",\"@id\":\"https:\\\/\\\/livekaarten.nl\\\/#website\",\"url\":\"https:\\\/\\\/livekaarten.nl\\\/\",\"name\":\"Livekaarten.nl\",\"description\":\"Koop uw kantoor\",\"potentialAction\":[{\"@type\":\"SearchAction\",\"target\":{\"@type\":\"EntryPoint\",\"urlTemplate\":\"https:\\\/\\\/livekaarten.nl\\\/?s={search_term_string}\"},\"query-input\":{\"@type\":\"PropertyValueSpecification\",\"valueRequired\":true,\"valueName\":\"search_term_string\"}}],\"inLanguage\":\"de\"}]}<\/script>\n<!-- \/ Yoast SEO plugin. -->","yoast_head_json":{"title":"Microsoft Windows 11 Home | livekaarten.nl","robots":{"index":"index","follow":"follow","max-snippet":"max-snippet:-1","max-image-preview":"max-image-preview:large","max-video-preview":"max-video-preview:-1"},"canonical":"https:\/\/livekaarten.nl\/de\/produkt\/microsoft-windows-11-home\/","og_locale":"de_DE","og_type":"article","og_title":"Microsoft Windows 11 Home | livekaarten.nl","og_description":"Controleer voordat je koopt of je computer compatibel is met Windows 11: Download hier   Licentie: Te gebruiken op 3 pc\u2019s (online of telefonisch te activeren)  Levering: Downloadlink, productsleutel, instructies en factuur worden direct per e-mail geleverd.  Versie: Geschikt voor 32- en 64-bits systemen. Volledige, onbeperkte versies van de software  Talen: Engels, Spaans, Italiaans, Duits, Frans  Ondersteuning: 24\/7 in het Nederlands, Frans, Duits  Dit product is compatibel met Microsoft Windows.  Niet compatibel met Apple macOS\u2122, Android-apparaten en Chromebooks.","og_url":"https:\/\/livekaarten.nl\/de\/produkt\/microsoft-windows-11-home\/","og_site_name":"livekaarten.nl","article_modified_time":"2026-04-20T10:59:58+00:00","og_image":[{"width":1000,"height":1500,"url":"https:\/\/livekaarten.nl\/wp-content\/uploads\/2025\/04\/W11H.jpg","type":"image\/jpeg"}],"twitter_card":"summary_large_image","twitter_misc":{"Gesch\u00e4tzte Lesezeit":"4\u00a0Minuten"},"schema":{"@context":"https:\/\/schema.org","@graph":[{"@type":"WebPage","@id":"https:\/\/livekaarten.nl\/product\/microsoft-windows-11-home\/","url":"https:\/\/livekaarten.nl\/product\/microsoft-windows-11-home\/","name":"Microsoft Windows 11 Home | livekaarten.nl","isPartOf":{"@id":"https:\/\/livekaarten.nl\/#website"},"primaryImageOfPage":{"@id":"https:\/\/livekaarten.nl\/product\/microsoft-windows-11-home\/#primaryimage"},"image":{"@id":"https:\/\/livekaarten.nl\/product\/microsoft-windows-11-home\/#primaryimage"},"thumbnailUrl":"https:\/\/livekaarten.nl\/wp-content\/uploads\/2025\/04\/W11H.jpg","datePublished":"2022-10-20T21:47:49+00:00","dateModified":"2026-04-20T10:59:58+00:00","breadcrumb":{"@id":"https:\/\/livekaarten.nl\/product\/microsoft-windows-11-home\/#breadcrumb"},"inLanguage":"de","potentialAction":[{"@type":"ReadAction","target":["https:\/\/livekaarten.nl\/product\/microsoft-windows-11-home\/"]}]},{"@type":"ImageObject","inLanguage":"de","@id":"https:\/\/livekaarten.nl\/product\/microsoft-windows-11-home\/#primaryimage","url":"https:\/\/livekaarten.nl\/wp-content\/uploads\/2025\/04\/W11H.jpg","contentUrl":"https:\/\/livekaarten.nl\/wp-content\/uploads\/2025\/04\/W11H.jpg","width":1000,"height":1500},{"@type":"BreadcrumbList","@id":"https:\/\/livekaarten.nl\/product\/microsoft-windows-11-home\/#breadcrumb","itemListElement":[{"@type":"ListItem","position":1,"name":"Home","item":"https:\/\/livekaarten.nl\/"},{"@type":"ListItem","position":2,"name":"Winkel","item":"https:\/\/livekaarten.nl\/shop\/"},{"@type":"ListItem","position":3,"name":"Microsoft Windows 11 Home"}]},{"@type":"WebSite","@id":"https:\/\/livekaarten.nl\/#website","url":"https:\/\/livekaarten.nl\/","name":"Livecards.co.uk","description":"Kaufen Sie Ihr B\u00fcro","potentialAction":[{"@type":"SearchAction","target":{"@type":"EntryPoint","urlTemplate":"https:\/\/livekaarten.nl\/?s={search_term_string}"},"query-input":{"@type":"PropertyValueSpecification","valueRequired":true,"valueName":"search_term_string"}}],"inLanguage":"de"}]}},"_links":{"self":[{"href":"https:\/\/livekaarten.nl\/de\/wp-json\/wp\/v2\/product\/1957","targetHints":{"allow":["GET"]}}],"collection":[{"href":"https:\/\/livekaarten.nl\/de\/wp-json\/wp\/v2\/product"}],"about":[{"href":"https:\/\/livekaarten.nl\/de\/wp-json\/wp\/v2\/types\/product"}],"replies":[{"embeddable":true,"href":"https:\/\/livekaarten.nl\/de\/wp-json\/wp\/v2\/comments?post=1957"}],"wp:featuredmedia":[{"embeddable":true,"href":"https:\/\/livekaarten.nl\/de\/wp-json\/wp\/v2\/media\/114616"}],"wp:attachment":[{"href":"https:\/\/livekaarten.nl\/de\/wp-json\/wp\/v2\/media?parent=1957"}],"wp:term":[{"taxonomy":"product_cat","embeddable":true,"href":"https:\/\/livekaarten.nl\/de\/wp-json\/wp\/v2\/product_cat?post=1957"},{"taxonomy":"product_tag","embeddable":true,"href":"https:\/\/livekaarten.nl\/de\/wp-json\/wp\/v2\/product_tag?post=1957"}],"curies":[{"name":"wp","href":"https:\/\/api.w.org\/{rel}","templated":true}]}}