{"id":1894,"date":"2022-10-20T21:47:08","date_gmt":"2022-10-20T21:47:08","guid":{"rendered":"https:\/\/gamecardshop.com\/livecards\/?post_type=product&#038;p=1894"},"modified":"2026-04-03T12:01:28","modified_gmt":"2026-04-03T10:01:28","slug":"microsoft-windows-10-professional-microsoft-office-2019-professional-plus","status":"publish","type":"product","link":"https:\/\/livekaarten.nl\/de\/produkt\/microsoft-windows-10-professional-microsoft-office-2019-professional-plus\/","title":{"rendered":"Microsoft Windows 10 Professional + Microsoft Office 2019 Professional Plus - Lizenz f\u00fcr 3 Ger\u00e4te"},"content":{"rendered":"<p><span style=\"font-size: 32px;\"><strong>Microsoft Windows 10 Professional<\/strong><\/span><\/p>\n<p>Mit der neuen Version von Microsoft Windows 10 Professional bietet Microsoft besonders anspruchsvollen Privatanwendern und Unternehmen ein modernes und intuitives Betriebssystem. Zu den Features von Microsoft Windows 10 Professional geh\u00f6ren erweiterte Sicherheitsfunktionen, Remote-Desktop-Zugriff, BitLocker-Verschl\u00fcsselung und die pers\u00f6nliche virtuelle Assistentin Cortana. Das System passt sich mit seinen fortschrittlichen Funktionen an jedes Ger\u00e4t an und hat den Vorteil, dass sich die Systemanforderungen im Vergleich zu seinen Vorg\u00e4ngern kaum ver\u00e4ndert haben. Das bedeutet, dass Sie nicht in neue Hardware investieren m\u00fcssen, um von Microsoft Windows 10 Professional zu profitieren.<\/p>\n<p><span style=\"font-size: 32px;\"><strong>Microsoft Office 2019 Professional Plus<\/strong><\/span><\/p>\n<p>Microsoft Office 2019 Standard Edition richtet sich an Privatanwender oder kleine Unternehmen. Sie enth\u00e4lt die klassischen Anwendungen Word, Excel, PowerPoint, Outlook und Publisher in Desktop- und Webversionen. OneDrive Cloud-Speicher inklusive Speicherplatz ist verf\u00fcgbar, um Daten zu speichern, auf die Sie \u00fcberall zugreifen k\u00f6nnen, oder um sie mit anderen Nutzern zu teilen. OneNote von Microsoft ist in Microsoft Office 2019 nicht mehr enthalten. Wenn Sie OneNote weiterhin verwenden m\u00f6chten, k\u00f6nnen Sie dies \u00fcber die in Windows 10 integrierte Universal Windows App tun.<\/p>\n<p><strong>Minimale Systemanforderungen<\/strong><\/p>\n<ul>\n<li>1,6 GHz oder schnellere Dual-Core-CPU<\/li>\n<li>2 GB RAM f\u00fcr 32-Bit oder 4 GB RAM f\u00fcr 64-Bit.<\/li>\n<li>4 GB verf\u00fcgbarer Festplattenspeicher<\/li>\n<\/ul>\n<div id=\"simple-translate\" class=\"simple-translate-system-theme\"><\/div>","protected":false},"excerpt":{"rendered":"<ul>\n<li>Lizenz: mit dieser Lizenz kann die Software auf 3 verschiedenen Ger\u00e4ten aktiviert werden, z.B. Heim-PC, Notebook und Arbeits-PC<\/li>\n<li>Lieferung: Download-Link, Produktschl\u00fcssel, Anleitung und Rechnung werden direkt per E-Mail zugestellt.<\/li>\n<li>Version: Vollst\u00e4ndige, unbegrenzte Version von einem zertifizierten Microsoft Gold Partner - lebenslange Geld-zur\u00fcck-Garantie!<\/li>\n<li>Sprachen: Englisch, Spanisch, Italienisch, Deutsch, Franz\u00f6sisch<\/li>\n<li>Support: 24\/7 auf Niederl\u00e4ndisch, Franz\u00f6sisch, Deutsch<\/li>\n<li><strong><span style=\"color: #008000;\"> Dieses Produkt ist mit Microsoft Windows kompatibel.<\/span><\/strong><\/li>\n<li><strong><span style=\"color: #ff0000;\">NICHT kompatibel mit Apple macOS\u2122, Android-Ger\u00e4ten und Chromebooks.<\/span><\/strong><\/li>\n<\/ul>","protected":false},"featured_media":114655,"comment_status":"closed","ping_status":"closed","template":"","meta":[],"product_cat":[81,75,82,76],"product_tag":[],"class_list":{"0":"post-1894","1":"product","2":"type-product","3":"status-publish","4":"has-post-thumbnail","6":"product_cat-combo","7":"product_cat-microsoft-office","8":"product_cat-microsoft-windows","9":"product_cat-office-2019","11":"first","12":"instock","13":"sale","14":"virtual","15":"taxable","16":"purchasable","17":"product-type-simple"},"yoast_head":"<!-- This site is optimized with the Yoast SEO plugin v27.3 - https:\/\/yoast.com\/product\/yoast-seo-wordpress\/ -->\n<title>Microsoft Windows 10 Professional + Microsoft Office 2019 Professional Plus \u2013 Licentie voor 3 apparaten | livekaarten.nl<\/title>\n<meta name=\"robots\" content=\"index, follow, max-snippet:-1, max-image-preview:large, max-video-preview:-1\" \/>\n<link rel=\"canonical\" href=\"https:\/\/livekaarten.nl\/de\/produkt\/microsoft-windows-10-professional-microsoft-office-2019-professional-plus\/\" \/>\n<meta property=\"og:locale\" content=\"de_DE\" \/>\n<meta property=\"og:type\" content=\"article\" \/>\n<meta property=\"og:title\" content=\"Microsoft Windows 10 Professional + Microsoft Office 2019 Professional Plus \u2013 Licentie voor 3 apparaten | livekaarten.nl\" \/>\n<meta property=\"og:description\" content=\"Licentie: Met deze licentie kan de software op 3 verschillende apparaten worden geactiveerd, b.v. thuis-pc, notebook en werk-pc  Levering: Downloadlink, productsleutel, instructies en factuur worden direct per e-mail geleverd.  Versie: Volledige, onbeperkte versie van een gecertificeerde Microsoft Gold Partner \u2013 levenslange geld-teruggarantie!  Talen: Engels, Spaans, Italiaans, Duits, Frans  Ondersteuning: 24\/7 in het Nederlands, Frans, Duits   Dit product is compatibel met Microsoft Windows.  NIET compatibel met Apple macOS\u2122, Android-apparaten en Chromebooks.\" \/>\n<meta property=\"og:url\" content=\"https:\/\/livekaarten.nl\/de\/produkt\/microsoft-windows-10-professional-microsoft-office-2019-professional-plus\/\" \/>\n<meta property=\"og:site_name\" content=\"livekaarten.nl\" \/>\n<meta property=\"article:modified_time\" content=\"2026-04-03T10:01:28+00:00\" \/>\n<meta property=\"og:image\" content=\"https:\/\/livekaarten.nl\/wp-content\/uploads\/2022\/10\/W10PP19PP.jpg\" \/>\n\t<meta property=\"og:image:width\" content=\"1000\" \/>\n\t<meta property=\"og:image:height\" content=\"1500\" \/>\n\t<meta property=\"og:image:type\" content=\"image\/jpeg\" \/>\n<meta name=\"twitter:card\" content=\"summary_large_image\" \/>\n<meta name=\"twitter:label1\" content=\"Gesch\u00e4tzte Lesezeit\" \/>\n\t<meta name=\"twitter:data1\" content=\"2\u00a0Minuten\" \/>\n<script type=\"application\/ld+json\" class=\"yoast-schema-graph\">{\"@context\":\"https:\\\/\\\/schema.org\",\"@graph\":[{\"@type\":\"WebPage\",\"@id\":\"https:\\\/\\\/livekaarten.nl\\\/product\\\/microsoft-windows-10-professional-microsoft-office-2019-professional-plus\\\/\",\"url\":\"https:\\\/\\\/livekaarten.nl\\\/product\\\/microsoft-windows-10-professional-microsoft-office-2019-professional-plus\\\/\",\"name\":\"Microsoft Windows 10 Professional + Microsoft Office 2019 Professional Plus \u2013 Licentie voor 3 apparaten | livekaarten.nl\",\"isPartOf\":{\"@id\":\"https:\\\/\\\/livekaarten.nl\\\/#website\"},\"primaryImageOfPage\":{\"@id\":\"https:\\\/\\\/livekaarten.nl\\\/product\\\/microsoft-windows-10-professional-microsoft-office-2019-professional-plus\\\/#primaryimage\"},\"image\":{\"@id\":\"https:\\\/\\\/livekaarten.nl\\\/product\\\/microsoft-windows-10-professional-microsoft-office-2019-professional-plus\\\/#primaryimage\"},\"thumbnailUrl\":\"https:\\\/\\\/livekaarten.nl\\\/wp-content\\\/uploads\\\/2022\\\/10\\\/W10PP19PP.jpg\",\"datePublished\":\"2022-10-20T21:47:08+00:00\",\"dateModified\":\"2026-04-03T10:01:28+00:00\",\"breadcrumb\":{\"@id\":\"https:\\\/\\\/livekaarten.nl\\\/product\\\/microsoft-windows-10-professional-microsoft-office-2019-professional-plus\\\/#breadcrumb\"},\"inLanguage\":\"de\",\"potentialAction\":[{\"@type\":\"ReadAction\",\"target\":[\"https:\\\/\\\/livekaarten.nl\\\/product\\\/microsoft-windows-10-professional-microsoft-office-2019-professional-plus\\\/\"]}]},{\"@type\":\"ImageObject\",\"inLanguage\":\"de\",\"@id\":\"https:\\\/\\\/livekaarten.nl\\\/product\\\/microsoft-windows-10-professional-microsoft-office-2019-professional-plus\\\/#primaryimage\",\"url\":\"https:\\\/\\\/livekaarten.nl\\\/wp-content\\\/uploads\\\/2022\\\/10\\\/W10PP19PP.jpg\",\"contentUrl\":\"https:\\\/\\\/livekaarten.nl\\\/wp-content\\\/uploads\\\/2022\\\/10\\\/W10PP19PP.jpg\",\"width\":1000,\"height\":1500},{\"@type\":\"BreadcrumbList\",\"@id\":\"https:\\\/\\\/livekaarten.nl\\\/product\\\/microsoft-windows-10-professional-microsoft-office-2019-professional-plus\\\/#breadcrumb\",\"itemListElement\":[{\"@type\":\"ListItem\",\"position\":1,\"name\":\"Home\",\"item\":\"https:\\\/\\\/livekaarten.nl\\\/\"},{\"@type\":\"ListItem\",\"position\":2,\"name\":\"Winkel\",\"item\":\"https:\\\/\\\/livekaarten.nl\\\/shop\\\/\"},{\"@type\":\"ListItem\",\"position\":3,\"name\":\"Microsoft Windows 10 Professional + Microsoft Office 2019 Professional Plus \u2013 Licentie voor 3 apparaten\"}]},{\"@type\":\"WebSite\",\"@id\":\"https:\\\/\\\/livekaarten.nl\\\/#website\",\"url\":\"https:\\\/\\\/livekaarten.nl\\\/\",\"name\":\"Livekaarten.nl\",\"description\":\"Koop uw kantoor\",\"potentialAction\":[{\"@type\":\"SearchAction\",\"target\":{\"@type\":\"EntryPoint\",\"urlTemplate\":\"https:\\\/\\\/livekaarten.nl\\\/?s={search_term_string}\"},\"query-input\":{\"@type\":\"PropertyValueSpecification\",\"valueRequired\":true,\"valueName\":\"search_term_string\"}}],\"inLanguage\":\"de\"}]}<\/script>\n<!-- \/ Yoast SEO plugin. -->","yoast_head_json":{"title":"Microsoft Windows 10 Professional + Microsoft Office 2019 Professional Plus \u2013 Licentie voor 3 apparaten | livekaarten.nl","robots":{"index":"index","follow":"follow","max-snippet":"max-snippet:-1","max-image-preview":"max-image-preview:large","max-video-preview":"max-video-preview:-1"},"canonical":"https:\/\/livekaarten.nl\/de\/produkt\/microsoft-windows-10-professional-microsoft-office-2019-professional-plus\/","og_locale":"de_DE","og_type":"article","og_title":"Microsoft Windows 10 Professional + Microsoft Office 2019 Professional Plus \u2013 Licentie voor 3 apparaten | livekaarten.nl","og_description":"Licentie: Met deze licentie kan de software op 3 verschillende apparaten worden geactiveerd, b.v. thuis-pc, notebook en werk-pc  Levering: Downloadlink, productsleutel, instructies en factuur worden direct per e-mail geleverd.  Versie: Volledige, onbeperkte versie van een gecertificeerde Microsoft Gold Partner \u2013 levenslange geld-teruggarantie!  Talen: Engels, Spaans, Italiaans, Duits, Frans  Ondersteuning: 24\/7 in het Nederlands, Frans, Duits   Dit product is compatibel met Microsoft Windows.  NIET compatibel met Apple macOS\u2122, Android-apparaten en Chromebooks.","og_url":"https:\/\/livekaarten.nl\/de\/produkt\/microsoft-windows-10-professional-microsoft-office-2019-professional-plus\/","og_site_name":"livekaarten.nl","article_modified_time":"2026-04-03T10:01:28+00:00","og_image":[{"width":1000,"height":1500,"url":"https:\/\/livekaarten.nl\/wp-content\/uploads\/2022\/10\/W10PP19PP.jpg","type":"image\/jpeg"}],"twitter_card":"summary_large_image","twitter_misc":{"Gesch\u00e4tzte Lesezeit":"2\u00a0Minuten"},"schema":{"@context":"https:\/\/schema.org","@graph":[{"@type":"WebPage","@id":"https:\/\/livekaarten.nl\/product\/microsoft-windows-10-professional-microsoft-office-2019-professional-plus\/","url":"https:\/\/livekaarten.nl\/product\/microsoft-windows-10-professional-microsoft-office-2019-professional-plus\/","name":"Microsoft Windows 10 Professional + Microsoft Office 2019 Professional Plus \u2013 Licentie voor 3 apparaten | livekaarten.nl","isPartOf":{"@id":"https:\/\/livekaarten.nl\/#website"},"primaryImageOfPage":{"@id":"https:\/\/livekaarten.nl\/product\/microsoft-windows-10-professional-microsoft-office-2019-professional-plus\/#primaryimage"},"image":{"@id":"https:\/\/livekaarten.nl\/product\/microsoft-windows-10-professional-microsoft-office-2019-professional-plus\/#primaryimage"},"thumbnailUrl":"https:\/\/livekaarten.nl\/wp-content\/uploads\/2022\/10\/W10PP19PP.jpg","datePublished":"2022-10-20T21:47:08+00:00","dateModified":"2026-04-03T10:01:28+00:00","breadcrumb":{"@id":"https:\/\/livekaarten.nl\/product\/microsoft-windows-10-professional-microsoft-office-2019-professional-plus\/#breadcrumb"},"inLanguage":"de","potentialAction":[{"@type":"ReadAction","target":["https:\/\/livekaarten.nl\/product\/microsoft-windows-10-professional-microsoft-office-2019-professional-plus\/"]}]},{"@type":"ImageObject","inLanguage":"de","@id":"https:\/\/livekaarten.nl\/product\/microsoft-windows-10-professional-microsoft-office-2019-professional-plus\/#primaryimage","url":"https:\/\/livekaarten.nl\/wp-content\/uploads\/2022\/10\/W10PP19PP.jpg","contentUrl":"https:\/\/livekaarten.nl\/wp-content\/uploads\/2022\/10\/W10PP19PP.jpg","width":1000,"height":1500},{"@type":"BreadcrumbList","@id":"https:\/\/livekaarten.nl\/product\/microsoft-windows-10-professional-microsoft-office-2019-professional-plus\/#breadcrumb","itemListElement":[{"@type":"ListItem","position":1,"name":"Home","item":"https:\/\/livekaarten.nl\/"},{"@type":"ListItem","position":2,"name":"Winkel","item":"https:\/\/livekaarten.nl\/shop\/"},{"@type":"ListItem","position":3,"name":"Microsoft Windows 10 Professional + Microsoft Office 2019 Professional Plus \u2013 Licentie voor 3 apparaten"}]},{"@type":"WebSite","@id":"https:\/\/livekaarten.nl\/#website","url":"https:\/\/livekaarten.nl\/","name":"Livecards.co.uk","description":"Kaufen Sie Ihr B\u00fcro","potentialAction":[{"@type":"SearchAction","target":{"@type":"EntryPoint","urlTemplate":"https:\/\/livekaarten.nl\/?s={search_term_string}"},"query-input":{"@type":"PropertyValueSpecification","valueRequired":true,"valueName":"search_term_string"}}],"inLanguage":"de"}]}},"_links":{"self":[{"href":"https:\/\/livekaarten.nl\/de\/wp-json\/wp\/v2\/product\/1894","targetHints":{"allow":["GET"]}}],"collection":[{"href":"https:\/\/livekaarten.nl\/de\/wp-json\/wp\/v2\/product"}],"about":[{"href":"https:\/\/livekaarten.nl\/de\/wp-json\/wp\/v2\/types\/product"}],"replies":[{"embeddable":true,"href":"https:\/\/livekaarten.nl\/de\/wp-json\/wp\/v2\/comments?post=1894"}],"wp:featuredmedia":[{"embeddable":true,"href":"https:\/\/livekaarten.nl\/de\/wp-json\/wp\/v2\/media\/114655"}],"wp:attachment":[{"href":"https:\/\/livekaarten.nl\/de\/wp-json\/wp\/v2\/media?parent=1894"}],"wp:term":[{"taxonomy":"product_cat","embeddable":true,"href":"https:\/\/livekaarten.nl\/de\/wp-json\/wp\/v2\/product_cat?post=1894"},{"taxonomy":"product_tag","embeddable":true,"href":"https:\/\/livekaarten.nl\/de\/wp-json\/wp\/v2\/product_tag?post=1894"}],"curies":[{"name":"wp","href":"https:\/\/api.w.org\/{rel}","templated":true}]}}