{"id":1893,"date":"2022-10-20T21:47:08","date_gmt":"2022-10-20T21:47:08","guid":{"rendered":"https:\/\/gamecardshop.com\/livecards\/?post_type=product&#038;p=1893"},"modified":"2026-04-03T12:01:28","modified_gmt":"2026-04-03T10:01:28","slug":"microsoft-office-2019-standard","status":"publish","type":"product","link":"https:\/\/livekaarten.nl\/de\/produkt\/microsoft-office-2019-standard\/","title":{"rendered":"Microsoft Office 2019 Standard - Lizenz f\u00fcr 3 Ger\u00e4te"},"content":{"rendered":"<p><strong><span style=\"font-size: 18pt;\">Microsoft Office 2019 Standard<\/span><\/strong><\/p>\n<hr class=\"c-divider f-pad-top-3x\" data-grid=\"col-12\" \/>\n<p>Die Microsoft Office 2019 Standard Edition richtet sich an Privatanwender oder kleine Unternehmen. Sie enth\u00e4lt die klassischen Anwendungen Microsoft Word, Microsoft Excel, Microsoft PowerPoint, Microsoft Outlook und Microsoft Publisher in Desktop- und Webversionen. Zum Speichern von ortsunabh\u00e4ngig zug\u00e4nglichen Daten oder zum Teilen mit anderen Nutzern steht der Cloud-Speicher OneDrive inklusive Speicherplatz zur Verf\u00fcgung. OneNote von Microsoft ist in Microsoft Office 2019 nicht mehr enthalten. Wenn Sie OneNote weiterhin nutzen m\u00f6chten, k\u00f6nnen Sie dies \u00fcber die in Windows 10 integrierte Universal Windows App tun.<\/p>\n<p><strong>Minimale Systemanforderungen<\/strong><\/p>\n<ul>\n<li>1,6 GHz oder schnellere Dual-Core-CPU<\/li>\n<li>2 GB RAM f\u00fcr 32-Bit oder 4 GB RAM f\u00fcr 64-Bit.<\/li>\n<li>4 GB verf\u00fcgbarer Festplattenspeicher<\/li>\n<\/ul>","protected":false},"excerpt":{"rendered":"<ul>\n<li>Lizenz: mit dieser Lizenz kann die Software auf 3 verschiedenen Ger\u00e4ten aktiviert werden, z.B. Heim-PC, Notebook und Arbeits-PC<\/li>\n<li>Lieferumfang: Mit dieser Lizenz kann die Software auf 3 verschiedenen Ger\u00e4ten aktiviert werden, z.B. Heim-PC, Notebook und Arbeits-PC<\/li>\n<li>Version: Vollst\u00e4ndige, unbegrenzte Version von einem zertifizierten Microsoft Gold Partner - lebenslange Geld-zur\u00fcck-Garantie!<\/li>\n<li>Sprachen:Englisch, Spanisch, Italienisch, Deutsch, Franz\u00f6sisch<\/li>\n<li>Support: 24\/7 auf Niederl\u00e4ndisch, Franz\u00f6sisch, Deutsch<\/li>\n<li><strong><span style=\"color: #008000;\"> Dieses Produkt ist mit Microsoft Windows kompatibel.<\/span><\/strong><\/li>\n<li><strong><span style=\"color: #ff0000;\">NICHT kompatibel mit Apple macOS\u2122, Android-Ger\u00e4ten und Chromebooks.<\/span><\/strong><\/li>\n<\/ul>","protected":false},"featured_media":114654,"comment_status":"closed","ping_status":"closed","template":"","meta":[],"product_cat":[75,76],"product_tag":[79],"class_list":{"0":"post-1893","1":"product","2":"type-product","3":"status-publish","4":"has-post-thumbnail","6":"product_cat-microsoft-office","7":"product_cat-office-2019","8":"product_tag-ms-office","10":"first","11":"instock","12":"sale","13":"virtual","14":"taxable","15":"purchasable","16":"product-type-simple"},"yoast_head":"<!-- This site is optimized with the Yoast SEO plugin v27.3 - https:\/\/yoast.com\/product\/yoast-seo-wordpress\/ -->\n<title>Microsoft Office 2019 Standard \u2013 Licentie voor 3 apparaten | livekaarten.nl<\/title>\n<meta name=\"robots\" content=\"index, follow, max-snippet:-1, max-image-preview:large, max-video-preview:-1\" \/>\n<link rel=\"canonical\" href=\"https:\/\/livekaarten.nl\/de\/produkt\/microsoft-office-2019-standard\/\" \/>\n<meta property=\"og:locale\" content=\"de_DE\" \/>\n<meta property=\"og:type\" content=\"article\" \/>\n<meta property=\"og:title\" content=\"Microsoft Office 2019 Standard \u2013 Licentie voor 3 apparaten | livekaarten.nl\" \/>\n<meta property=\"og:description\" content=\"Licentie: Met deze licentie kan de software op 3 verschillende apparaten worden geactiveerd, b.v. thuis-pc, notebook en werk-pc  Levering: Met deze licentie kan de software op 3 verschillende apparaten worden geactiveerd, b.v. thuis-pc, notebook en werk-pc  Versie: Volledige, onbeperkte versie van een gecertificeerde Microsoft Gold Partner \u2013 levenslange geld-teruggarantie!  Talen:Engels, Spaans, Italiaans, Duits, Frans  Ondersteuning: 24\/7 in het Nederlands, Frans, Duits   Dit product is compatibel met Microsoft Windows.  NIET compatibel met Apple macOS\u2122, Android-apparaten en Chromebooks.\" \/>\n<meta property=\"og:url\" content=\"https:\/\/livekaarten.nl\/de\/produkt\/microsoft-office-2019-standard\/\" \/>\n<meta property=\"og:site_name\" content=\"livekaarten.nl\" \/>\n<meta property=\"article:modified_time\" content=\"2026-04-03T10:01:28+00:00\" \/>\n<meta property=\"og:image\" content=\"https:\/\/livekaarten.nl\/wp-content\/uploads\/2022\/10\/O19S.jpg\" \/>\n\t<meta property=\"og:image:width\" content=\"1000\" \/>\n\t<meta property=\"og:image:height\" content=\"1500\" \/>\n\t<meta property=\"og:image:type\" content=\"image\/jpeg\" \/>\n<meta name=\"twitter:card\" content=\"summary_large_image\" \/>\n<meta name=\"twitter:label1\" content=\"Gesch\u00e4tzte Lesezeit\" \/>\n\t<meta name=\"twitter:data1\" content=\"1\u00a0Minute\" \/>\n<script type=\"application\/ld+json\" class=\"yoast-schema-graph\">{\"@context\":\"https:\\\/\\\/schema.org\",\"@graph\":[{\"@type\":\"WebPage\",\"@id\":\"https:\\\/\\\/livekaarten.nl\\\/product\\\/microsoft-office-2019-standard\\\/\",\"url\":\"https:\\\/\\\/livekaarten.nl\\\/product\\\/microsoft-office-2019-standard\\\/\",\"name\":\"Microsoft Office 2019 Standard \u2013 Licentie voor 3 apparaten | livekaarten.nl\",\"isPartOf\":{\"@id\":\"https:\\\/\\\/livekaarten.nl\\\/#website\"},\"primaryImageOfPage\":{\"@id\":\"https:\\\/\\\/livekaarten.nl\\\/product\\\/microsoft-office-2019-standard\\\/#primaryimage\"},\"image\":{\"@id\":\"https:\\\/\\\/livekaarten.nl\\\/product\\\/microsoft-office-2019-standard\\\/#primaryimage\"},\"thumbnailUrl\":\"https:\\\/\\\/livekaarten.nl\\\/wp-content\\\/uploads\\\/2022\\\/10\\\/O19S.jpg\",\"datePublished\":\"2022-10-20T21:47:08+00:00\",\"dateModified\":\"2026-04-03T10:01:28+00:00\",\"breadcrumb\":{\"@id\":\"https:\\\/\\\/livekaarten.nl\\\/product\\\/microsoft-office-2019-standard\\\/#breadcrumb\"},\"inLanguage\":\"de\",\"potentialAction\":[{\"@type\":\"ReadAction\",\"target\":[\"https:\\\/\\\/livekaarten.nl\\\/product\\\/microsoft-office-2019-standard\\\/\"]}]},{\"@type\":\"ImageObject\",\"inLanguage\":\"de\",\"@id\":\"https:\\\/\\\/livekaarten.nl\\\/product\\\/microsoft-office-2019-standard\\\/#primaryimage\",\"url\":\"https:\\\/\\\/livekaarten.nl\\\/wp-content\\\/uploads\\\/2022\\\/10\\\/O19S.jpg\",\"contentUrl\":\"https:\\\/\\\/livekaarten.nl\\\/wp-content\\\/uploads\\\/2022\\\/10\\\/O19S.jpg\",\"width\":1000,\"height\":1500},{\"@type\":\"BreadcrumbList\",\"@id\":\"https:\\\/\\\/livekaarten.nl\\\/product\\\/microsoft-office-2019-standard\\\/#breadcrumb\",\"itemListElement\":[{\"@type\":\"ListItem\",\"position\":1,\"name\":\"Home\",\"item\":\"https:\\\/\\\/livekaarten.nl\\\/\"},{\"@type\":\"ListItem\",\"position\":2,\"name\":\"Winkel\",\"item\":\"https:\\\/\\\/livekaarten.nl\\\/shop\\\/\"},{\"@type\":\"ListItem\",\"position\":3,\"name\":\"Microsoft Office 2019 Standard \u2013 Licentie voor 3 apparaten\"}]},{\"@type\":\"WebSite\",\"@id\":\"https:\\\/\\\/livekaarten.nl\\\/#website\",\"url\":\"https:\\\/\\\/livekaarten.nl\\\/\",\"name\":\"Livekaarten.nl\",\"description\":\"Koop uw kantoor\",\"potentialAction\":[{\"@type\":\"SearchAction\",\"target\":{\"@type\":\"EntryPoint\",\"urlTemplate\":\"https:\\\/\\\/livekaarten.nl\\\/?s={search_term_string}\"},\"query-input\":{\"@type\":\"PropertyValueSpecification\",\"valueRequired\":true,\"valueName\":\"search_term_string\"}}],\"inLanguage\":\"de\"}]}<\/script>\n<!-- \/ Yoast SEO plugin. -->","yoast_head_json":{"title":"Microsoft Office 2019 Standard \u2013 Licentie voor 3 apparaten | livekaarten.nl","robots":{"index":"index","follow":"follow","max-snippet":"max-snippet:-1","max-image-preview":"max-image-preview:large","max-video-preview":"max-video-preview:-1"},"canonical":"https:\/\/livekaarten.nl\/de\/produkt\/microsoft-office-2019-standard\/","og_locale":"de_DE","og_type":"article","og_title":"Microsoft Office 2019 Standard \u2013 Licentie voor 3 apparaten | livekaarten.nl","og_description":"Licentie: Met deze licentie kan de software op 3 verschillende apparaten worden geactiveerd, b.v. thuis-pc, notebook en werk-pc  Levering: Met deze licentie kan de software op 3 verschillende apparaten worden geactiveerd, b.v. thuis-pc, notebook en werk-pc  Versie: Volledige, onbeperkte versie van een gecertificeerde Microsoft Gold Partner \u2013 levenslange geld-teruggarantie!  Talen:Engels, Spaans, Italiaans, Duits, Frans  Ondersteuning: 24\/7 in het Nederlands, Frans, Duits   Dit product is compatibel met Microsoft Windows.  NIET compatibel met Apple macOS\u2122, Android-apparaten en Chromebooks.","og_url":"https:\/\/livekaarten.nl\/de\/produkt\/microsoft-office-2019-standard\/","og_site_name":"livekaarten.nl","article_modified_time":"2026-04-03T10:01:28+00:00","og_image":[{"width":1000,"height":1500,"url":"https:\/\/livekaarten.nl\/wp-content\/uploads\/2022\/10\/O19S.jpg","type":"image\/jpeg"}],"twitter_card":"summary_large_image","twitter_misc":{"Gesch\u00e4tzte Lesezeit":"1\u00a0Minute"},"schema":{"@context":"https:\/\/schema.org","@graph":[{"@type":"WebPage","@id":"https:\/\/livekaarten.nl\/product\/microsoft-office-2019-standard\/","url":"https:\/\/livekaarten.nl\/product\/microsoft-office-2019-standard\/","name":"Microsoft Office 2019 Standard \u2013 Licentie voor 3 apparaten | livekaarten.nl","isPartOf":{"@id":"https:\/\/livekaarten.nl\/#website"},"primaryImageOfPage":{"@id":"https:\/\/livekaarten.nl\/product\/microsoft-office-2019-standard\/#primaryimage"},"image":{"@id":"https:\/\/livekaarten.nl\/product\/microsoft-office-2019-standard\/#primaryimage"},"thumbnailUrl":"https:\/\/livekaarten.nl\/wp-content\/uploads\/2022\/10\/O19S.jpg","datePublished":"2022-10-20T21:47:08+00:00","dateModified":"2026-04-03T10:01:28+00:00","breadcrumb":{"@id":"https:\/\/livekaarten.nl\/product\/microsoft-office-2019-standard\/#breadcrumb"},"inLanguage":"de","potentialAction":[{"@type":"ReadAction","target":["https:\/\/livekaarten.nl\/product\/microsoft-office-2019-standard\/"]}]},{"@type":"ImageObject","inLanguage":"de","@id":"https:\/\/livekaarten.nl\/product\/microsoft-office-2019-standard\/#primaryimage","url":"https:\/\/livekaarten.nl\/wp-content\/uploads\/2022\/10\/O19S.jpg","contentUrl":"https:\/\/livekaarten.nl\/wp-content\/uploads\/2022\/10\/O19S.jpg","width":1000,"height":1500},{"@type":"BreadcrumbList","@id":"https:\/\/livekaarten.nl\/product\/microsoft-office-2019-standard\/#breadcrumb","itemListElement":[{"@type":"ListItem","position":1,"name":"Home","item":"https:\/\/livekaarten.nl\/"},{"@type":"ListItem","position":2,"name":"Winkel","item":"https:\/\/livekaarten.nl\/shop\/"},{"@type":"ListItem","position":3,"name":"Microsoft Office 2019 Standard \u2013 Licentie voor 3 apparaten"}]},{"@type":"WebSite","@id":"https:\/\/livekaarten.nl\/#website","url":"https:\/\/livekaarten.nl\/","name":"Livecards.co.uk","description":"Kaufen Sie Ihr B\u00fcro","potentialAction":[{"@type":"SearchAction","target":{"@type":"EntryPoint","urlTemplate":"https:\/\/livekaarten.nl\/?s={search_term_string}"},"query-input":{"@type":"PropertyValueSpecification","valueRequired":true,"valueName":"search_term_string"}}],"inLanguage":"de"}]}},"_links":{"self":[{"href":"https:\/\/livekaarten.nl\/de\/wp-json\/wp\/v2\/product\/1893","targetHints":{"allow":["GET"]}}],"collection":[{"href":"https:\/\/livekaarten.nl\/de\/wp-json\/wp\/v2\/product"}],"about":[{"href":"https:\/\/livekaarten.nl\/de\/wp-json\/wp\/v2\/types\/product"}],"replies":[{"embeddable":true,"href":"https:\/\/livekaarten.nl\/de\/wp-json\/wp\/v2\/comments?post=1893"}],"wp:featuredmedia":[{"embeddable":true,"href":"https:\/\/livekaarten.nl\/de\/wp-json\/wp\/v2\/media\/114654"}],"wp:attachment":[{"href":"https:\/\/livekaarten.nl\/de\/wp-json\/wp\/v2\/media?parent=1893"}],"wp:term":[{"taxonomy":"product_cat","embeddable":true,"href":"https:\/\/livekaarten.nl\/de\/wp-json\/wp\/v2\/product_cat?post=1893"},{"taxonomy":"product_tag","embeddable":true,"href":"https:\/\/livekaarten.nl\/de\/wp-json\/wp\/v2\/product_tag?post=1893"}],"curies":[{"name":"wp","href":"https:\/\/api.w.org\/{rel}","templated":true}]}}