{"id":1892,"date":"2022-10-20T21:47:08","date_gmt":"2022-10-20T21:47:08","guid":{"rendered":"https:\/\/gamecardshop.com\/livecards\/?post_type=product&#038;p=1892"},"modified":"2026-04-03T12:01:28","modified_gmt":"2026-04-03T10:01:28","slug":"microsoft-office-2019-professional-plus","status":"publish","type":"product","link":"https:\/\/livekaarten.nl\/de\/produkt\/microsoft-office-2019-professional-plus\/","title":{"rendered":"Microsoft Office 2019 Professional Plus - Lizenz f\u00fcr 3 Ger\u00e4te"},"content":{"rendered":"<h3><strong>Microsoft Office 2019 Professional Plus<\/strong><\/h3>\n<hr class=\"c-divider f-pad-top-3x\" data-grid=\"col-12\" \/>\n<p>Microsoft Office 2019 Professional Plus ist f\u00fcr Privatanwender und kleine Unternehmen konzipiert. Es enth\u00e4lt die klassischen Anwendungen: Microsoft Word, Excel, PowerPoint, Outlook und Publisher - sowohl in der Desktop- als auch in der Web-Version. OneDrive-Speicher ist enthalten, damit Sie Dateien einfach speichern und teilen k\u00f6nnen, wo immer Sie sind. Microsoft OneNote ist nicht mehr Teil von Office 2019 Professional Plus. M\u00f6chten Sie OneNote trotzdem weiter nutzen? Dann k\u00f6nnen Sie dies \u00fcber die Universal Windows App tun, die in Windows 10 integriert ist.<\/p>\n<p><strong>Minimale Systemanforderungen<\/strong><\/p>\n<ul>\n<li>1 GHz oder schnellerer Prozessor<\/li>\n<li>1 GB RAM f\u00fcr 32-Bit, oder 2 GB RAM f\u00fcr 64-Bit<\/li>\n<li>16 GB freier Festplattenspeicher f\u00fcr 32-Bit-Betriebssysteme bzw. 20 GB f\u00fcr 64-Bit-Betriebssysteme<\/li>\n<\/ul>","protected":false},"excerpt":{"rendered":"<ul>\n<li>Lizenz: mit dieser Lizenz kann die Software auf 3 verschiedenen Ger\u00e4ten aktiviert werden, z.B. Heim-PC, Notebook und Arbeits-PC<\/li>\n<li>Lieferung: Download-Link, Produktschl\u00fcssel, Anleitung und Rechnung werden direkt per E-Mail zugestellt.<\/li>\n<li>Version: Vollst\u00e4ndige, unbegrenzte Version von einem zertifizierten Microsoft Gold Partner - lebenslange Geld-zur\u00fcck-Garantie!<\/li>\n<li>Sprachen: Englisch, Spanisch, Italienisch, Deutsch, Franz\u00f6sisch<\/li>\n<li>Support: 24\/7 auf Niederl\u00e4ndisch, Franz\u00f6sisch, Deutsch<\/li>\n<li><strong><span style=\"color: #008000;\"> Dieses Produkt ist mit Microsoft Windows kompatibel.<\/span><\/strong><\/li>\n<li><strong><span style=\"color: #ff0000;\">NICHT kompatibel mit Apple macOS\u2122, Android-Ger\u00e4ten und Chromebooks.<\/span><\/strong><\/li>\n<\/ul>","protected":false},"featured_media":114658,"comment_status":"closed","ping_status":"closed","template":"","meta":[],"product_cat":[75,76,77],"product_tag":[],"class_list":{"0":"post-1892","1":"product","2":"type-product","3":"status-publish","4":"has-post-thumbnail","6":"product_cat-microsoft-office","7":"product_cat-office-2019","8":"product_cat-popular","10":"first","11":"instock","12":"sale","13":"featured","14":"virtual","15":"taxable","16":"purchasable","17":"product-type-simple"},"yoast_head":"<!-- This site is optimized with the Yoast SEO plugin v27.4 - https:\/\/yoast.com\/product\/yoast-seo-wordpress\/ -->\n<title>Microsoft Office 2019 Professional Plus \u2013 Licentie voor 3 apparaten | livekaarten.nl<\/title>\n<meta name=\"robots\" content=\"index, follow, max-snippet:-1, max-image-preview:large, max-video-preview:-1\" \/>\n<link rel=\"canonical\" href=\"https:\/\/livekaarten.nl\/de\/produkt\/microsoft-office-2019-professional-plus\/\" \/>\n<meta property=\"og:locale\" content=\"de_DE\" \/>\n<meta property=\"og:type\" content=\"article\" \/>\n<meta property=\"og:title\" content=\"Microsoft Office 2019 Professional Plus \u2013 Licentie voor 3 apparaten | livekaarten.nl\" \/>\n<meta property=\"og:description\" content=\"Licentie: Met deze licentie kan de software op 3 verschillende apparaten worden geactiveerd, b.v. thuis-pc, notebook en werk-pc  Levering: Downloadlink, productsleutel, instructies en factuur worden direct per e-mail geleverd.  Versie: Volledige, onbeperkte versie van een gecertificeerde Microsoft Gold Partner \u2013 levenslange geld-teruggarantie!  Talen: Engels, Spaans, Italiaans, Duits, Frans  Ondersteuning: 24\/7 in het Nederlands, Frans, Duits   Dit product is compatibel met Microsoft Windows.  NIET compatibel met Apple macOS\u2122, Android-apparaten en Chromebooks.\" \/>\n<meta property=\"og:url\" content=\"https:\/\/livekaarten.nl\/de\/produkt\/microsoft-office-2019-professional-plus\/\" \/>\n<meta property=\"og:site_name\" content=\"livekaarten.nl\" \/>\n<meta property=\"article:modified_time\" content=\"2026-04-03T10:01:28+00:00\" \/>\n<meta property=\"og:image\" content=\"https:\/\/livekaarten.nl\/wp-content\/uploads\/2022\/10\/O19PP.jpg\" \/>\n\t<meta property=\"og:image:width\" content=\"1000\" \/>\n\t<meta property=\"og:image:height\" content=\"1500\" \/>\n\t<meta property=\"og:image:type\" content=\"image\/jpeg\" \/>\n<meta name=\"twitter:card\" content=\"summary_large_image\" \/>\n<meta name=\"twitter:label1\" content=\"Gesch\u00e4tzte Lesezeit\" \/>\n\t<meta name=\"twitter:data1\" content=\"1\u00a0Minute\" \/>\n<script type=\"application\/ld+json\" class=\"yoast-schema-graph\">{\"@context\":\"https:\\\/\\\/schema.org\",\"@graph\":[{\"@type\":\"WebPage\",\"@id\":\"https:\\\/\\\/livekaarten.nl\\\/product\\\/microsoft-office-2019-professional-plus\\\/\",\"url\":\"https:\\\/\\\/livekaarten.nl\\\/product\\\/microsoft-office-2019-professional-plus\\\/\",\"name\":\"Microsoft Office 2019 Professional Plus \u2013 Licentie voor 3 apparaten | livekaarten.nl\",\"isPartOf\":{\"@id\":\"https:\\\/\\\/livekaarten.nl\\\/#website\"},\"primaryImageOfPage\":{\"@id\":\"https:\\\/\\\/livekaarten.nl\\\/product\\\/microsoft-office-2019-professional-plus\\\/#primaryimage\"},\"image\":{\"@id\":\"https:\\\/\\\/livekaarten.nl\\\/product\\\/microsoft-office-2019-professional-plus\\\/#primaryimage\"},\"thumbnailUrl\":\"https:\\\/\\\/livekaarten.nl\\\/wp-content\\\/uploads\\\/2022\\\/10\\\/O19PP.jpg\",\"datePublished\":\"2022-10-20T21:47:08+00:00\",\"dateModified\":\"2026-04-03T10:01:28+00:00\",\"breadcrumb\":{\"@id\":\"https:\\\/\\\/livekaarten.nl\\\/product\\\/microsoft-office-2019-professional-plus\\\/#breadcrumb\"},\"inLanguage\":\"de\",\"potentialAction\":[{\"@type\":\"ReadAction\",\"target\":[\"https:\\\/\\\/livekaarten.nl\\\/product\\\/microsoft-office-2019-professional-plus\\\/\"]}]},{\"@type\":\"ImageObject\",\"inLanguage\":\"de\",\"@id\":\"https:\\\/\\\/livekaarten.nl\\\/product\\\/microsoft-office-2019-professional-plus\\\/#primaryimage\",\"url\":\"https:\\\/\\\/livekaarten.nl\\\/wp-content\\\/uploads\\\/2022\\\/10\\\/O19PP.jpg\",\"contentUrl\":\"https:\\\/\\\/livekaarten.nl\\\/wp-content\\\/uploads\\\/2022\\\/10\\\/O19PP.jpg\",\"width\":1000,\"height\":1500},{\"@type\":\"BreadcrumbList\",\"@id\":\"https:\\\/\\\/livekaarten.nl\\\/product\\\/microsoft-office-2019-professional-plus\\\/#breadcrumb\",\"itemListElement\":[{\"@type\":\"ListItem\",\"position\":1,\"name\":\"Home\",\"item\":\"https:\\\/\\\/livekaarten.nl\\\/\"},{\"@type\":\"ListItem\",\"position\":2,\"name\":\"Winkel\",\"item\":\"https:\\\/\\\/livekaarten.nl\\\/shop\\\/\"},{\"@type\":\"ListItem\",\"position\":3,\"name\":\"Microsoft Office 2019 Professional Plus \u2013 Licentie voor 3 apparaten\"}]},{\"@type\":\"WebSite\",\"@id\":\"https:\\\/\\\/livekaarten.nl\\\/#website\",\"url\":\"https:\\\/\\\/livekaarten.nl\\\/\",\"name\":\"Livekaarten.nl\",\"description\":\"Koop uw kantoor\",\"potentialAction\":[{\"@type\":\"SearchAction\",\"target\":{\"@type\":\"EntryPoint\",\"urlTemplate\":\"https:\\\/\\\/livekaarten.nl\\\/?s={search_term_string}\"},\"query-input\":{\"@type\":\"PropertyValueSpecification\",\"valueRequired\":true,\"valueName\":\"search_term_string\"}}],\"inLanguage\":\"de\"}]}<\/script>\n<!-- \/ Yoast SEO plugin. -->","yoast_head_json":{"title":"Microsoft Office 2019 Professional Plus \u2013 Licentie voor 3 apparaten | livekaarten.nl","robots":{"index":"index","follow":"follow","max-snippet":"max-snippet:-1","max-image-preview":"max-image-preview:large","max-video-preview":"max-video-preview:-1"},"canonical":"https:\/\/livekaarten.nl\/de\/produkt\/microsoft-office-2019-professional-plus\/","og_locale":"de_DE","og_type":"article","og_title":"Microsoft Office 2019 Professional Plus \u2013 Licentie voor 3 apparaten | livekaarten.nl","og_description":"Licentie: Met deze licentie kan de software op 3 verschillende apparaten worden geactiveerd, b.v. thuis-pc, notebook en werk-pc  Levering: Downloadlink, productsleutel, instructies en factuur worden direct per e-mail geleverd.  Versie: Volledige, onbeperkte versie van een gecertificeerde Microsoft Gold Partner \u2013 levenslange geld-teruggarantie!  Talen: Engels, Spaans, Italiaans, Duits, Frans  Ondersteuning: 24\/7 in het Nederlands, Frans, Duits   Dit product is compatibel met Microsoft Windows.  NIET compatibel met Apple macOS\u2122, Android-apparaten en Chromebooks.","og_url":"https:\/\/livekaarten.nl\/de\/produkt\/microsoft-office-2019-professional-plus\/","og_site_name":"livekaarten.nl","article_modified_time":"2026-04-03T10:01:28+00:00","og_image":[{"width":1000,"height":1500,"url":"https:\/\/livekaarten.nl\/wp-content\/uploads\/2022\/10\/O19PP.jpg","type":"image\/jpeg"}],"twitter_card":"summary_large_image","twitter_misc":{"Gesch\u00e4tzte Lesezeit":"1\u00a0Minute"},"schema":{"@context":"https:\/\/schema.org","@graph":[{"@type":"WebPage","@id":"https:\/\/livekaarten.nl\/product\/microsoft-office-2019-professional-plus\/","url":"https:\/\/livekaarten.nl\/product\/microsoft-office-2019-professional-plus\/","name":"Microsoft Office 2019 Professional Plus \u2013 Licentie voor 3 apparaten | livekaarten.nl","isPartOf":{"@id":"https:\/\/livekaarten.nl\/#website"},"primaryImageOfPage":{"@id":"https:\/\/livekaarten.nl\/product\/microsoft-office-2019-professional-plus\/#primaryimage"},"image":{"@id":"https:\/\/livekaarten.nl\/product\/microsoft-office-2019-professional-plus\/#primaryimage"},"thumbnailUrl":"https:\/\/livekaarten.nl\/wp-content\/uploads\/2022\/10\/O19PP.jpg","datePublished":"2022-10-20T21:47:08+00:00","dateModified":"2026-04-03T10:01:28+00:00","breadcrumb":{"@id":"https:\/\/livekaarten.nl\/product\/microsoft-office-2019-professional-plus\/#breadcrumb"},"inLanguage":"de","potentialAction":[{"@type":"ReadAction","target":["https:\/\/livekaarten.nl\/product\/microsoft-office-2019-professional-plus\/"]}]},{"@type":"ImageObject","inLanguage":"de","@id":"https:\/\/livekaarten.nl\/product\/microsoft-office-2019-professional-plus\/#primaryimage","url":"https:\/\/livekaarten.nl\/wp-content\/uploads\/2022\/10\/O19PP.jpg","contentUrl":"https:\/\/livekaarten.nl\/wp-content\/uploads\/2022\/10\/O19PP.jpg","width":1000,"height":1500},{"@type":"BreadcrumbList","@id":"https:\/\/livekaarten.nl\/product\/microsoft-office-2019-professional-plus\/#breadcrumb","itemListElement":[{"@type":"ListItem","position":1,"name":"Home","item":"https:\/\/livekaarten.nl\/"},{"@type":"ListItem","position":2,"name":"Winkel","item":"https:\/\/livekaarten.nl\/shop\/"},{"@type":"ListItem","position":3,"name":"Microsoft Office 2019 Professional Plus \u2013 Licentie voor 3 apparaten"}]},{"@type":"WebSite","@id":"https:\/\/livekaarten.nl\/#website","url":"https:\/\/livekaarten.nl\/","name":"Livecards.co.uk","description":"Kaufen Sie Ihr B\u00fcro","potentialAction":[{"@type":"SearchAction","target":{"@type":"EntryPoint","urlTemplate":"https:\/\/livekaarten.nl\/?s={search_term_string}"},"query-input":{"@type":"PropertyValueSpecification","valueRequired":true,"valueName":"search_term_string"}}],"inLanguage":"de"}]}},"_links":{"self":[{"href":"https:\/\/livekaarten.nl\/de\/wp-json\/wp\/v2\/product\/1892","targetHints":{"allow":["GET"]}}],"collection":[{"href":"https:\/\/livekaarten.nl\/de\/wp-json\/wp\/v2\/product"}],"about":[{"href":"https:\/\/livekaarten.nl\/de\/wp-json\/wp\/v2\/types\/product"}],"replies":[{"embeddable":true,"href":"https:\/\/livekaarten.nl\/de\/wp-json\/wp\/v2\/comments?post=1892"}],"wp:featuredmedia":[{"embeddable":true,"href":"https:\/\/livekaarten.nl\/de\/wp-json\/wp\/v2\/media\/114658"}],"wp:attachment":[{"href":"https:\/\/livekaarten.nl\/de\/wp-json\/wp\/v2\/media?parent=1892"}],"wp:term":[{"taxonomy":"product_cat","embeddable":true,"href":"https:\/\/livekaarten.nl\/de\/wp-json\/wp\/v2\/product_cat?post=1892"},{"taxonomy":"product_tag","embeddable":true,"href":"https:\/\/livekaarten.nl\/de\/wp-json\/wp\/v2\/product_tag?post=1892"}],"curies":[{"name":"wp","href":"https:\/\/api.w.org\/{rel}","templated":true}]}}