{"id":116664,"date":"2025-08-27T20:47:22","date_gmt":"2025-08-27T18:47:22","guid":{"rendered":"https:\/\/livekaarten.nl\/?post_type=product&#038;p=116664"},"modified":"2026-04-03T12:03:49","modified_gmt":"2026-04-03T10:03:49","slug":"microsoft-office-2024-standard-microsoft-windows-11-professional-licentie-voor-3-apparaten","status":"publish","type":"product","link":"https:\/\/livekaarten.nl\/de\/produkt\/microsoft-office-2024-standard-microsoft-windows-11-professional-licentie-voor-3-apparaten\/","title":{"rendered":"Microsoft Office 2024 Standard - Microsoft Windows 11 Professional Lizenz f\u00fcr 3 Ger\u00e4te"},"content":{"rendered":"<h3><strong>Microsoft Office 2024 Standard<\/strong><\/h3>\n<div style=\"margin-bottom: 15px;\"><strong>Mit dieser Lizenz k\u00f6nnen Sie die Software auf 3 verschiedenen Ger\u00e4ten aktivieren, z. B. auf einem Heim-PC, einem Notebook und einem Arbeitscomputer.<\/strong><\/div>\n<div style=\"margin-bottom: 15px;\">F\u00fcr Anwender, die zu Hause oder im B\u00fcro einen zuverl\u00e4ssigen Satz von Office-Anwendungen ben\u00f6tigen, ist Microsoft Office 2024 Standard Edition eine ausgezeichnete Wahl. Die wichtigsten enthaltenen Programme sind: Word, Excel, Outlook, PowerPoint und Access (Publisher ist nicht mehr enthalten, da es im Jahr 2026 ausl\u00e4uft). OneNote steht als Download im Microsoft Store zur Verf\u00fcgung, so dass Sie schnell Notizen machen und diese \u00fcber die Cloud auf all Ihren Ger\u00e4ten synchronisieren k\u00f6nnen. Die breite Palette von Anwendungen macht diese Edition ideal f\u00fcr Heimb\u00fcros und professionelle Arbeitsumgebungen, wo Effizienz und Organisation wichtig sind.<\/div>\n<ul>\n<li><strong>Word<\/strong>: Erstellen Sie m\u00fchelos professionelle Textdokumente.<\/li>\n<li><strong>Excel:<\/strong>Leistungsstarke Tabellenkalkulationen f\u00fcr die Datenverwaltung.<\/li>\n<li><strong>PowerPoint:<\/strong>Erstellen Sie beeindruckende und dynamische Pr\u00e4sentationen.<\/li>\n<li><strong>OneNote<\/strong>: Ihr digitaler Notizblock f\u00fcr schnelle Notizen.<\/li>\n<li><strong>Outlook:<\/strong>E-Mail und Kalender in einer \u00fcbersichtlichen Anwendung.<\/li>\n<\/ul>\n<div><strong>Anforderungen an das Betriebssystem: Microsoft Windows 10 oder 11<\/strong><\/div>\n<p>&nbsp;<\/p>\n<div id=\"primaryR2\" data-grid=\"container\" data-region-key=\"primaryr2\" data-m=\"{&quot;cN&quot;:&quot;primaryR2 1&quot;,&quot;cT&quot;:&quot;Region_coreui-region&quot;,&quot;id&quot;:&quot;r2a2&quot;,&quot;sN&quot;:2,&quot;aN&quot;:&quot;a2&quot;}\">\n<div id=\"coreui-banner-l03vzh8\" data-m=\"{&quot;cN&quot;:&quot;R2Banner 1&quot;,&quot;cT&quot;:&quot;Module_coreui-banner&quot;,&quot;id&quot;:&quot;m1r2a2&quot;,&quot;sN&quot;:1,&quot;aN&quot;:&quot;r2a2&quot;}\" data-module-id=\"WDG-Windows|primaryR2|coreui-region|coreui-banner-l03vzh8|coreui-banner\">\n<div class=\"m-banner f-align-left\" data-grid=\"col-12\">\n<p class=\"c-heading-3\"><strong><span style=\"font-size: 32px;\">Microsoft Windows 11 Professional<\/span><\/strong><\/p>\n<h4 class=\"c-heading-3\">Systemanforderungen<\/h4>\n<\/div>\n<\/div>\n<div id=\"coreui-divider-f6wmnt9\" data-m=\"{&quot;cN&quot;:&quot;R2Divider 1&quot;,&quot;cT&quot;:&quot;Module_coreui-divider&quot;,&quot;id&quot;:&quot;m2r2a2&quot;,&quot;sN&quot;:2,&quot;aN&quot;:&quot;r2a2&quot;}\" data-module-id=\"WDG-Windows|primaryR2|coreui-region|coreui-divider-f6wmnt9|coreui-divider\">\n<hr class=\"c-divider f-pad-top-3x\" data-grid=\"col-12\" \/>\n<\/div>\n<div id=\"coreui-contentrichblock-o5iouct\" data-m=\"{&quot;cN&quot;:&quot;R2ContentRichBlock 1&quot;,&quot;cT&quot;:&quot;Module_coreui-contentrichblock&quot;,&quot;id&quot;:&quot;m3r2a2&quot;,&quot;sN&quot;:3,&quot;aN&quot;:&quot;r2a2&quot;}\" data-module-id=\"WDG-Windows|primaryR2|coreui-region|coreui-contentrichblock-o5iouct|coreui-contentrichblock\">\n<div class=\"m-rich-content-block context-ucx\" data-grid=\"col-12\">\n<p>&nbsp;<\/p>\n<\/div>\n<\/div>\n<div id=\"coreui-tablev2-62jrfm3\" data-m=\"{&quot;cN&quot;:&quot;R2TableV2 1&quot;,&quot;cT&quot;:&quot;Module_coreui-tablev2&quot;,&quot;id&quot;:&quot;m4r2a2&quot;,&quot;sN&quot;:4,&quot;aN&quot;:&quot;r2a2&quot;}\" data-module-id=\"WDG-Windows|primaryR2|coreui-region|coreui-tablev2-62jrfm3|coreui-tablev2\">\n<div class=\"m-table\">\n<div class=\"c-table\" data-f-loc-ascending=\"Sorted by {0} - ascending\" data-f-loc-descending=\"Sorted by {0} - descending\">\n<table>\n<tbody>\n<tr>\n<td class=\"f-divided\"><strong>Prozessor:<\/strong><\/td>\n<td class=\"f-divided\">1 Gigahertz (GHz) oder schneller mit 2 oder mehr Kernen auf einem kompatiblen 64-Bit-Prozessor oder System on a Chip (SoC)<\/td>\n<\/tr>\n<tr>\n<td class=\"f-divided\"><strong>RAM:<\/strong><\/td>\n<td class=\"f-divided\">4 Gigabyte (GB)<\/td>\n<\/tr>\n<tr>\n<td class=\"f-divided\"><strong>Lagerung:<\/strong><\/td>\n<td class=\"f-divided\">64 GB oder gr\u00f6\u00dferes Speicherger\u00e4t<\/p>\n<p>Hinweis: Weitere Informationen finden Sie weiter unten unter \u201cWeitere Informationen zum Speichern, um Windows 11 auf dem neuesten Stand zu halten\u201d.<\/td>\n<\/tr>\n<tr>\n<td class=\"f-divided\"><strong>System-Firmware:<\/strong><\/td>\n<td class=\"f-divided\">UEFI, geeignet f\u00fcr Secure Boot<\/td>\n<\/tr>\n<tr>\n<td class=\"f-divided\"><strong>TPM:<\/strong><\/td>\n<td class=\"f-divided\">Vertrauensw\u00fcrdiges Plattformmodul (TPM) Version 2.0<\/td>\n<\/tr>\n<tr>\n<td class=\"f-divided\"><strong>Grafikkarte:<\/strong><\/td>\n<td class=\"f-divided\">Kompatibel mit DirectX 12 oder h\u00f6her mit WDDM 2.0 Treiber<\/td>\n<\/tr>\n<tr>\n<td class=\"f-divided\"><strong>Anzeige:<\/strong><\/td>\n<td class=\"f-divided\">Hochaufl\u00f6sendes (720p) Display mit einer Diagonale von \u00fcber 9\u2033, 8 Bit pro Farbkanal<\/td>\n<\/tr>\n<tr>\n<td class=\"f-divided\"><strong>Internetverbindung und Microsoft-Konten:<\/strong><\/td>\n<td class=\"f-divided\">Windows 11 erfordert eine Internetverbindung und ein Microsoft-Konto, um die Installation des Ger\u00e4ts bei der ersten Verwendung abzuschlie\u00dfen.<\/p>\n<p>Das Umschalten eines Ger\u00e4ts von Windows 11 Home in den S-Modus erfordert ebenfalls eine Internetverbindung.<\/p>\n<p>Alle Windows 11-Editionen erfordern einen Internetzugang, um Updates durchzuf\u00fchren und bestimmte Funktionen herunterzuladen und zu nutzen. F\u00fcr einige Funktionen ist ein Microsoft-Konto erforderlich.<\/td>\n<\/tr>\n<\/tbody>\n<\/table>\n<\/div>\n<\/div>\n<\/div>\n<div id=\"coreui-contentrichblock-wqm7a2a\" data-m=\"{&quot;cN&quot;:&quot;R2ContentRichBlock 2&quot;,&quot;cT&quot;:&quot;Module_coreui-contentrichblock&quot;,&quot;id&quot;:&quot;m5r2a2&quot;,&quot;sN&quot;:5,&quot;aN&quot;:&quot;r2a2&quot;}\" data-module-id=\"WDG-Windows|primaryR2|coreui-region|coreui-contentrichblock-wqm7a2a|coreui-contentrichblock\">\n<div class=\"m-rich-content-block context-ucx\" data-grid=\"col-12\">\n<p>Im Laufe der Zeit k\u00f6nnen zus\u00e4tzliche Anforderungen f\u00fcr Aktualisierungen oder f\u00fcr die Nutzung bestimmter Funktionen des Betriebssystems entstehen.<\/p>\n<\/div>\n<\/div>\n<\/div>\n<div id=\"primaryR3\" data-grid=\"container\" data-region-key=\"primaryr3\" data-m=\"{&quot;cN&quot;:&quot;primaryR3 1&quot;,&quot;cT&quot;:&quot;Region_coreui-region&quot;,&quot;id&quot;:&quot;r3a2&quot;,&quot;sN&quot;:3,&quot;aN&quot;:&quot;a2&quot;}\">\n<div id=\"coreui-divider-xjbne9z\" data-m=\"{&quot;cN&quot;:&quot;R2Divider 1&quot;,&quot;cT&quot;:&quot;Module_coreui-divider&quot;,&quot;id&quot;:&quot;m2r3a2&quot;,&quot;sN&quot;:2,&quot;aN&quot;:&quot;r3a2&quot;}\" data-module-id=\"WDG-Windows|primaryR3|coreui-region|coreui-divider-xjbne9z|coreui-divider\">\n<hr class=\"c-divider f-pad-top-3x\" data-grid=\"col-12\" \/>\n<\/div>\n<div id=\"coreui-contentrichblock-rhi1sei\" data-m=\"{&quot;cN&quot;:&quot;R2ContentRichBlock 1&quot;,&quot;cT&quot;:&quot;Module_coreui-contentrichblock&quot;,&quot;id&quot;:&quot;m3r3a2&quot;,&quot;sN&quot;:3,&quot;aN&quot;:&quot;r3a2&quot;}\" data-module-id=\"WDG-Windows|primaryR3|coreui-region|coreui-contentrichblock-rhi1sei|coreui-contentrichblock\">\n<div class=\"m-rich-content-block context-ucx\" data-grid=\"col-12\">\n<p>Einige Funktionen in Windows 11 erfordern h\u00f6here Systemanforderungen als die oben unter Mindestanforderungen aufgef\u00fchrten. Weitere Informationen zu den Anforderungen f\u00fcr wichtige Funktionen finden Sie unten:<\/p>\n<div>\n<ul class=\"c-list\">\n<li>Die 5G-Unterst\u00fctzung erfordert ein 5G-f\u00e4higes Modem.<\/li>\n<li>F\u00fcr die automatische HDR-Funktion ist ein HDR-Monitor erforderlich.<\/li>\n<li>BitLocker to Go erfordert ein USB-Flash-Laufwerk (verf\u00fcgbar in Windows Pro und h\u00f6heren Editionen).<\/li>\n<li>F\u00fcr den Hyper-V-Client ist ein Prozessor mit SLAT-Funktionen (Second-Level Address Translation) erforderlich (verf\u00fcgbar in Windows Pro und h\u00f6heren Editionen).<\/li>\n<li>Cortana ben\u00f6tigt ein Mikrofon und einen Lautsprecher und ist derzeit verf\u00fcgbar in<\/li>\n<li>Windows 11 f\u00fcr Australien, Brasilien, Kanada, China, Frankreich, Deutschland, Indien, Italien, Japan, Mexiko, Spanien, das Vereinigte K\u00f6nigreich und die Vereinigten Staaten.<\/li>\n<li>DirectStorage erfordert eine NVMe-SSD zum Speichern und Ausf\u00fchren von Spielen mit dem \u201cStandard NVM Express Controller\u201d-Treiber und einem<\/li>\n<li>DirectX12-GPU mit Unterst\u00fctzung f\u00fcr Shader Model 6.0.<\/li>\n<li>DirectX 12 Ultimate ist f\u00fcr unterst\u00fctzte Spiele und Grafikchips verf\u00fcgbar.<\/li>\n<li>Die Anwesenheit erfordert einen Sensor, der die Entfernung des Menschen zum Ger\u00e4t oder die Absicht zur Interaktion erkennen kann.<\/li>\n<li>Intelligente Videokonferenzen erfordern eine Videokamera, ein Mikrofon und einen Lautsprecher (Audioausgang).<\/li>\n<li>Der Multiple Voice Assistant (MVA) ben\u00f6tigt ein Mikrofon und einen Lautsprecher.<\/li>\n<li>Snap-Layouts mit drei Spalten erfordern einen Bildschirm mit einer effektiven Breite von 1920 Pixeln oder mehr.<\/li>\n<li>Zum Stummschalten\/Aufheben der Stummschaltung \u00fcber die Taskleiste sind eine Videokamera, ein Mikrofon und ein Lautsprecher (Audioausgang) erforderlich. Die App muss mit der globalen Funktion zum Stummschalten\/Aufheben der Stummschaltung kompatibel sein.<\/li>\n<li>Spatial Sound erfordert unterst\u00fctzende Hardware und Software.<\/li>\n<li>Die Teams ben\u00f6tigen eine Videokamera, ein Mikrofon und einen Lautsprecher (Audioausgang).<\/li>\n<li>Touch erfordert einen Bildschirm oder Monitor, der Multi-Touch unterst\u00fctzt.<\/li>\n<li>Die Zwei-Faktor-Authentifizierung erfordert die Verwendung einer PIN, biometrischer Daten (Fingerabdruckleser oder beleuchtete Infrarotkamera) oder eines Telefons mit Wi-Fi- oder Bluetooth-Funktionen.<\/li>\n<li>Voice Typing erfordert einen PC mit Mikrofon.<\/li>\n<li>Wake on Voice erfordert ein Modernes Standby-Strommodell und ein Mikrofon.<\/li>\n<li>Wi-Fi 6E erfordert neue WLAN-IHV-Hardware und -Treiber sowie einen Wi-Fi 6E-f\u00e4higen AP\/Router.<\/li>\n<li>Windows Hello erfordert eine f\u00fcr Nah-Infrarot (IR) konfigurierte Kamera oder einen Fingerabdruckleser f\u00fcr die biometrische Authentifizierung. Ger\u00e4te ohne biometrische Sensoren k\u00f6nnen Windows Hello mit einer PIN oder einem Microsoft-kompatiblen tragbaren Sicherheitsschl\u00fcssel verwenden.<\/li>\n<li>Windows Projection erfordert einen Display-Adapter, der Windows Display Driver Model (WDDM) 2.0 unterst\u00fctzt, und einen Wi-Fi-Adapter, der Wi-Fi Direct unterst\u00fctzt.<\/li>\n<li>Xbox (App) erfordert ein Xbox Live-Konto, das nicht in allen Regionen verf\u00fcgbar ist.<\/li>\n<li>Unter L\u00e4nder und Regionen von Xbox Live finden Sie die aktuellsten Informationen zur Verf\u00fcgbarkeit. F\u00fcr einige Funktionen in der Xbox-App ist ein aktives Xbox Game Pass-Abonnement erforderlich. Erfahren Sie mehr \u00fcber den Pass.<\/li>\n<\/ul>\n<\/div>\n<\/div>\n<\/div>\n<\/div>","protected":false},"excerpt":{"rendered":"<ul>\n<li>Microsoft Office 2024 Standard Lizenz f\u00fcr 3 Ger\u00e4te<\/li>\n<li>Microsoft Windows 11 Professional f\u00fcr 3 PC<\/li>\n<li><strong>Mit dieser Lizenz k\u00f6nnen Sie die Software auf 3 verschiedenen Ger\u00e4ten aktivieren, z. B. auf einem Heim-PC, einem Notebook und einem Arbeitscomputer.<\/strong><\/li>\n<li>Geeignet f\u00fcr 32- und 64-Bit-Systeme, uneingeschr\u00e4nkte Software-Versionen <strong>von einem zertifizierten Microsoft Gold Partner<\/strong><\/li>\n<li><strong>Lebenslange Geld-zur\u00fcck-Garantie!<\/strong><\/li>\n<li>Lieferung per E-Mail: Produktschl\u00fcssel, Anleitung, Download-Links, Rechnung<\/li>\n<li>Sofortiger Download!<\/li>\n<li>Keine zeitliche Begrenzung, kein Abonnement erforderlich<\/li>\n<li>Kostenloser 24\/7-Support f\u00fcr Installation und Aktivierung<\/li>\n<li>Nicht auf physischen Medien verf\u00fcgbar (USB, CD usw.)<\/li>\n<li>Online- und telefonische Aktivierung<\/li>\n<li>Sprachen: Englisch, Spanisch, Italienisch, Deutsch, Franz\u00f6sisch<\/li>\n<li><strong><span style=\"color: #008000;\">Dieses Produkt ist mit Microsoft Windows kompatibel.<\/span><\/strong><\/li>\n<li><strong><span style=\"color: #ff0000;\">NICHT kompatibel mit Apple macOS\u2122, Android-Ger\u00e4ten und Chromebooks.<\/span><\/strong><\/li>\n<\/ul>","protected":false},"featured_media":114621,"comment_status":"open","ping_status":"closed","template":"","meta":[],"product_cat":[75,129],"product_tag":[79,232],"class_list":{"0":"post-116664","1":"product","2":"type-product","3":"status-publish","4":"has-post-thumbnail","6":"product_cat-microsoft-office","7":"product_cat-office-2024","8":"product_tag-ms-office","9":"product_tag-standard","11":"first","12":"instock","13":"sale","14":"taxable","15":"shipping-taxable","16":"purchasable","17":"product-type-simple"},"yoast_head":"<!-- This site is optimized with the Yoast SEO plugin v27.3 - https:\/\/yoast.com\/product\/yoast-seo-wordpress\/ -->\n<title>Microsoft Office 2024 Standard - Microsoft Windows 11 Professional licentie voor 3 apparaten | livekaarten.nl<\/title>\n<meta name=\"robots\" content=\"index, follow, max-snippet:-1, max-image-preview:large, max-video-preview:-1\" \/>\n<link rel=\"canonical\" href=\"https:\/\/livekaarten.nl\/de\/produkt\/microsoft-office-2024-standard-microsoft-windows-11-professional-licentie-voor-3-apparaten\/\" \/>\n<meta property=\"og:locale\" content=\"de_DE\" \/>\n<meta property=\"og:type\" content=\"article\" \/>\n<meta property=\"og:title\" content=\"Microsoft Office 2024 Standard - Microsoft Windows 11 Professional licentie voor 3 apparaten | livekaarten.nl\" \/>\n<meta property=\"og:description\" content=\"Microsoft Office 2024 Standard licentie voor 3 apparaten  Microsoft Windows 11 Professional f\u00fcr 3 PC  Met deze licentie kunt u de software activeren op 3 verschillende apparaten, zoals een thuis-pc, notebook en werkcomputer.  Geschikt voor 32- en 64-bits systemen, volledige onbeperkte softwareversies van een gecertificeerde Microsoft Gold Partner  Levenslange geld-terug-garantie!  Levering via e-mail: productsleutel, instructies, downloadlinks, factuur  Direct te downloaden!  Geen tijdslimiet, geen abonnement vereist  Gratis 24\/7 ondersteuning bij installatie en activering  Niet beschikbaar op fysieke media (USB, CD, enz.)  Online en telefonische activering  Talen: Engels, Spaans, Italiaans, Duits, Frans  Dit product is compatibel met Microsoft Windows.  NIET compatibel met Apple macOS\u2122, Android-apparaten en Chromebooks.\" \/>\n<meta property=\"og:url\" content=\"https:\/\/livekaarten.nl\/de\/produkt\/microsoft-office-2024-standard-microsoft-windows-11-professional-licentie-voor-3-apparaten\/\" \/>\n<meta property=\"og:site_name\" content=\"livekaarten.nl\" \/>\n<meta property=\"article:modified_time\" content=\"2026-04-03T10:03:49+00:00\" \/>\n<meta property=\"og:image\" content=\"https:\/\/livekaarten.nl\/wp-content\/uploads\/2025\/04\/W11PO24S.jpg\" \/>\n\t<meta property=\"og:image:width\" content=\"1000\" \/>\n\t<meta property=\"og:image:height\" content=\"1500\" \/>\n\t<meta property=\"og:image:type\" content=\"image\/jpeg\" \/>\n<meta name=\"twitter:card\" content=\"summary_large_image\" \/>\n<meta name=\"twitter:label1\" content=\"Gesch\u00e4tzte Lesezeit\" \/>\n\t<meta name=\"twitter:data1\" content=\"4\u00a0Minuten\" \/>\n<script type=\"application\/ld+json\" class=\"yoast-schema-graph\">{\"@context\":\"https:\\\/\\\/schema.org\",\"@graph\":[{\"@type\":\"WebPage\",\"@id\":\"https:\\\/\\\/livekaarten.nl\\\/product\\\/microsoft-office-2024-standard-microsoft-windows-11-professional-licentie-voor-3-apparaten\\\/\",\"url\":\"https:\\\/\\\/livekaarten.nl\\\/product\\\/microsoft-office-2024-standard-microsoft-windows-11-professional-licentie-voor-3-apparaten\\\/\",\"name\":\"Microsoft Office 2024 Standard - Microsoft Windows 11 Professional licentie voor 3 apparaten | livekaarten.nl\",\"isPartOf\":{\"@id\":\"https:\\\/\\\/livekaarten.nl\\\/#website\"},\"primaryImageOfPage\":{\"@id\":\"https:\\\/\\\/livekaarten.nl\\\/product\\\/microsoft-office-2024-standard-microsoft-windows-11-professional-licentie-voor-3-apparaten\\\/#primaryimage\"},\"image\":{\"@id\":\"https:\\\/\\\/livekaarten.nl\\\/product\\\/microsoft-office-2024-standard-microsoft-windows-11-professional-licentie-voor-3-apparaten\\\/#primaryimage\"},\"thumbnailUrl\":\"https:\\\/\\\/livekaarten.nl\\\/wp-content\\\/uploads\\\/2025\\\/04\\\/W11PO24S.jpg\",\"datePublished\":\"2025-08-27T18:47:22+00:00\",\"dateModified\":\"2026-04-03T10:03:49+00:00\",\"breadcrumb\":{\"@id\":\"https:\\\/\\\/livekaarten.nl\\\/product\\\/microsoft-office-2024-standard-microsoft-windows-11-professional-licentie-voor-3-apparaten\\\/#breadcrumb\"},\"inLanguage\":\"de\",\"potentialAction\":[{\"@type\":\"ReadAction\",\"target\":[\"https:\\\/\\\/livekaarten.nl\\\/product\\\/microsoft-office-2024-standard-microsoft-windows-11-professional-licentie-voor-3-apparaten\\\/\"]}]},{\"@type\":\"ImageObject\",\"inLanguage\":\"de\",\"@id\":\"https:\\\/\\\/livekaarten.nl\\\/product\\\/microsoft-office-2024-standard-microsoft-windows-11-professional-licentie-voor-3-apparaten\\\/#primaryimage\",\"url\":\"https:\\\/\\\/livekaarten.nl\\\/wp-content\\\/uploads\\\/2025\\\/04\\\/W11PO24S.jpg\",\"contentUrl\":\"https:\\\/\\\/livekaarten.nl\\\/wp-content\\\/uploads\\\/2025\\\/04\\\/W11PO24S.jpg\",\"width\":1000,\"height\":1500},{\"@type\":\"BreadcrumbList\",\"@id\":\"https:\\\/\\\/livekaarten.nl\\\/product\\\/microsoft-office-2024-standard-microsoft-windows-11-professional-licentie-voor-3-apparaten\\\/#breadcrumb\",\"itemListElement\":[{\"@type\":\"ListItem\",\"position\":1,\"name\":\"Home\",\"item\":\"https:\\\/\\\/livekaarten.nl\\\/\"},{\"@type\":\"ListItem\",\"position\":2,\"name\":\"Winkel\",\"item\":\"https:\\\/\\\/livekaarten.nl\\\/shop\\\/\"},{\"@type\":\"ListItem\",\"position\":3,\"name\":\"Microsoft Office 2024 Standard &#8211; Microsoft Windows 11 Professional licentie voor 3 apparaten\"}]},{\"@type\":\"WebSite\",\"@id\":\"https:\\\/\\\/livekaarten.nl\\\/#website\",\"url\":\"https:\\\/\\\/livekaarten.nl\\\/\",\"name\":\"Livekaarten.nl\",\"description\":\"Koop uw kantoor\",\"potentialAction\":[{\"@type\":\"SearchAction\",\"target\":{\"@type\":\"EntryPoint\",\"urlTemplate\":\"https:\\\/\\\/livekaarten.nl\\\/?s={search_term_string}\"},\"query-input\":{\"@type\":\"PropertyValueSpecification\",\"valueRequired\":true,\"valueName\":\"search_term_string\"}}],\"inLanguage\":\"de\"}]}<\/script>\n<!-- \/ Yoast SEO plugin. -->","yoast_head_json":{"title":"Microsoft Office 2024 Standard - Microsoft Windows 11 Professional licentie voor 3 apparaten | livekaarten.nl","robots":{"index":"index","follow":"follow","max-snippet":"max-snippet:-1","max-image-preview":"max-image-preview:large","max-video-preview":"max-video-preview:-1"},"canonical":"https:\/\/livekaarten.nl\/de\/produkt\/microsoft-office-2024-standard-microsoft-windows-11-professional-licentie-voor-3-apparaten\/","og_locale":"de_DE","og_type":"article","og_title":"Microsoft Office 2024 Standard - Microsoft Windows 11 Professional licentie voor 3 apparaten | livekaarten.nl","og_description":"Microsoft Office 2024 Standard licentie voor 3 apparaten  Microsoft Windows 11 Professional f\u00fcr 3 PC  Met deze licentie kunt u de software activeren op 3 verschillende apparaten, zoals een thuis-pc, notebook en werkcomputer.  Geschikt voor 32- en 64-bits systemen, volledige onbeperkte softwareversies van een gecertificeerde Microsoft Gold Partner  Levenslange geld-terug-garantie!  Levering via e-mail: productsleutel, instructies, downloadlinks, factuur  Direct te downloaden!  Geen tijdslimiet, geen abonnement vereist  Gratis 24\/7 ondersteuning bij installatie en activering  Niet beschikbaar op fysieke media (USB, CD, enz.)  Online en telefonische activering  Talen: Engels, Spaans, Italiaans, Duits, Frans  Dit product is compatibel met Microsoft Windows.  NIET compatibel met Apple macOS\u2122, Android-apparaten en Chromebooks.","og_url":"https:\/\/livekaarten.nl\/de\/produkt\/microsoft-office-2024-standard-microsoft-windows-11-professional-licentie-voor-3-apparaten\/","og_site_name":"livekaarten.nl","article_modified_time":"2026-04-03T10:03:49+00:00","og_image":[{"width":1000,"height":1500,"url":"https:\/\/livekaarten.nl\/wp-content\/uploads\/2025\/04\/W11PO24S.jpg","type":"image\/jpeg"}],"twitter_card":"summary_large_image","twitter_misc":{"Gesch\u00e4tzte Lesezeit":"4\u00a0Minuten"},"schema":{"@context":"https:\/\/schema.org","@graph":[{"@type":"WebPage","@id":"https:\/\/livekaarten.nl\/product\/microsoft-office-2024-standard-microsoft-windows-11-professional-licentie-voor-3-apparaten\/","url":"https:\/\/livekaarten.nl\/product\/microsoft-office-2024-standard-microsoft-windows-11-professional-licentie-voor-3-apparaten\/","name":"Microsoft Office 2024 Standard - Microsoft Windows 11 Professional licentie voor 3 apparaten | livekaarten.nl","isPartOf":{"@id":"https:\/\/livekaarten.nl\/#website"},"primaryImageOfPage":{"@id":"https:\/\/livekaarten.nl\/product\/microsoft-office-2024-standard-microsoft-windows-11-professional-licentie-voor-3-apparaten\/#primaryimage"},"image":{"@id":"https:\/\/livekaarten.nl\/product\/microsoft-office-2024-standard-microsoft-windows-11-professional-licentie-voor-3-apparaten\/#primaryimage"},"thumbnailUrl":"https:\/\/livekaarten.nl\/wp-content\/uploads\/2025\/04\/W11PO24S.jpg","datePublished":"2025-08-27T18:47:22+00:00","dateModified":"2026-04-03T10:03:49+00:00","breadcrumb":{"@id":"https:\/\/livekaarten.nl\/product\/microsoft-office-2024-standard-microsoft-windows-11-professional-licentie-voor-3-apparaten\/#breadcrumb"},"inLanguage":"de","potentialAction":[{"@type":"ReadAction","target":["https:\/\/livekaarten.nl\/product\/microsoft-office-2024-standard-microsoft-windows-11-professional-licentie-voor-3-apparaten\/"]}]},{"@type":"ImageObject","inLanguage":"de","@id":"https:\/\/livekaarten.nl\/product\/microsoft-office-2024-standard-microsoft-windows-11-professional-licentie-voor-3-apparaten\/#primaryimage","url":"https:\/\/livekaarten.nl\/wp-content\/uploads\/2025\/04\/W11PO24S.jpg","contentUrl":"https:\/\/livekaarten.nl\/wp-content\/uploads\/2025\/04\/W11PO24S.jpg","width":1000,"height":1500},{"@type":"BreadcrumbList","@id":"https:\/\/livekaarten.nl\/product\/microsoft-office-2024-standard-microsoft-windows-11-professional-licentie-voor-3-apparaten\/#breadcrumb","itemListElement":[{"@type":"ListItem","position":1,"name":"Home","item":"https:\/\/livekaarten.nl\/"},{"@type":"ListItem","position":2,"name":"Winkel","item":"https:\/\/livekaarten.nl\/shop\/"},{"@type":"ListItem","position":3,"name":"Microsoft Office 2024 Standard &#8211; Microsoft Windows 11 Professional licentie voor 3 apparaten"}]},{"@type":"WebSite","@id":"https:\/\/livekaarten.nl\/#website","url":"https:\/\/livekaarten.nl\/","name":"Livecards.co.uk","description":"Kaufen Sie Ihr B\u00fcro","potentialAction":[{"@type":"SearchAction","target":{"@type":"EntryPoint","urlTemplate":"https:\/\/livekaarten.nl\/?s={search_term_string}"},"query-input":{"@type":"PropertyValueSpecification","valueRequired":true,"valueName":"search_term_string"}}],"inLanguage":"de"}]}},"_links":{"self":[{"href":"https:\/\/livekaarten.nl\/de\/wp-json\/wp\/v2\/product\/116664","targetHints":{"allow":["GET"]}}],"collection":[{"href":"https:\/\/livekaarten.nl\/de\/wp-json\/wp\/v2\/product"}],"about":[{"href":"https:\/\/livekaarten.nl\/de\/wp-json\/wp\/v2\/types\/product"}],"replies":[{"embeddable":true,"href":"https:\/\/livekaarten.nl\/de\/wp-json\/wp\/v2\/comments?post=116664"}],"wp:featuredmedia":[{"embeddable":true,"href":"https:\/\/livekaarten.nl\/de\/wp-json\/wp\/v2\/media\/114621"}],"wp:attachment":[{"href":"https:\/\/livekaarten.nl\/de\/wp-json\/wp\/v2\/media?parent=116664"}],"wp:term":[{"taxonomy":"product_cat","embeddable":true,"href":"https:\/\/livekaarten.nl\/de\/wp-json\/wp\/v2\/product_cat?post=116664"},{"taxonomy":"product_tag","embeddable":true,"href":"https:\/\/livekaarten.nl\/de\/wp-json\/wp\/v2\/product_tag?post=116664"}],"curies":[{"name":"wp","href":"https:\/\/api.w.org\/{rel}","templated":true}]}}