{"id":116662,"date":"2025-08-27T20:33:52","date_gmt":"2025-08-27T18:33:52","guid":{"rendered":"https:\/\/livekaarten.nl\/?post_type=product&#038;p=116662"},"modified":"2026-04-03T12:03:49","modified_gmt":"2026-04-03T10:03:49","slug":"microsoft-office-2024-standard-microsoft-office-2024-professional-plus-fuer-3-pc","status":"publish","type":"product","link":"https:\/\/livekaarten.nl\/de\/produkt\/microsoft-office-2024-standard-microsoft-office-2024-professional-plus-fuer-3-pc\/","title":{"rendered":"Microsoft Office 2024 Professional Plus + Microsoft Office 2024 Standard Lizenz f\u00fcr 3 Ger\u00e4te"},"content":{"rendered":"<h3><strong>Microsoft Office 2024 Standard<\/strong><\/h3>\n<div style=\"margin-bottom: 15px;\"><strong>Mit dieser Lizenz k\u00f6nnen Sie die Software auf 3 verschiedenen Ger\u00e4ten aktivieren, z. B. auf einem Heim-PC, einem Notebook und einem Arbeitscomputer.<\/strong><\/div>\n<div style=\"margin-bottom: 15px;\">F\u00fcr Anwender, die zu Hause oder im B\u00fcro einen zuverl\u00e4ssigen Satz von Office-Anwendungen ben\u00f6tigen, ist Microsoft Office 2024 Standard Edition eine ausgezeichnete Wahl. Die wichtigsten enthaltenen Programme sind: Word, Excel, Outlook, PowerPoint und Access (Publisher ist nicht mehr enthalten, da es im Jahr 2026 ausl\u00e4uft). OneNote steht als Download im Microsoft Store zur Verf\u00fcgung, so dass Sie schnell Notizen machen und diese \u00fcber die Cloud auf all Ihren Ger\u00e4ten synchronisieren k\u00f6nnen. Die breite Palette von Anwendungen macht diese Edition ideal f\u00fcr Heimb\u00fcros und professionelle Arbeitsumgebungen, wo Effizienz und Organisation wichtig sind.<\/div>\n<ul>\n<li><strong>Word<\/strong>: Erstellen Sie m\u00fchelos professionelle Textdokumente.<\/li>\n<li><strong>Excel:<\/strong>Leistungsstarke Tabellenkalkulationen f\u00fcr die Datenverwaltung.<\/li>\n<li><strong>PowerPoint:<\/strong>Erstellen Sie beeindruckende und dynamische Pr\u00e4sentationen.<\/li>\n<li><strong>OneNote<\/strong>: Ihr digitaler Notizblock f\u00fcr schnelle Notizen.<\/li>\n<li><strong>Outlook:<\/strong>E-Mail und Kalender in einer \u00fcbersichtlichen Anwendung.<\/li>\n<\/ul>\n<div><strong>Anforderungen an das Betriebssystem: Microsoft Windows 10 oder 11<\/strong><\/div>\n<div><\/div>\n<p>&nbsp;<\/p>\n<div>\n<h3><strong>Microsoft Office 2024 Professional Plus<\/strong><\/h3>\n<div style=\"margin-bottom: 15px;\"><strong>Mit dieser Lizenz kann die Software auf 3 verschiedenen Ger\u00e4ten aktiviert werden, z.B. auf einem Heim-PC, einem Notebook und einem Arbeits-PC.<\/strong><\/div>\n<div style=\"margin-bottom: 15px;\">Microsoft Office-Anwender, die zu Hause oder im B\u00fcro den vollen Umfang der Anwendungen nutzen wollen, sind mit der Microsoft Office 2024 Professional Plus Edition gut bedient. Alle wichtigen Programme sind enthalten: Word, Excel, Outlook, PowerPoint und Access (Publisher ist nicht mehr enthalten, da es 2026 ausl\u00e4uft). OneNote steht ab sofort im Microsoft Windows Store zum Download bereit, so dass Sie schnell Notizen machen und \u00fcber die Cloud auf allen Ihren Ger\u00e4ten darauf zugreifen k\u00f6nnen. Die Professional Plus Version eignet sich aufgrund der gro\u00dfen Auswahl an verschiedenen Programmen besonders f\u00fcr Menschen, die von zu Hause aus arbeiten, im B\u00fcro arbeiten oder eine leistungsstarke, zuverl\u00e4ssige Office-L\u00f6sung suchen, um Dokumente, Tabellen usw. zu organisieren.<\/div>\n<ul>\n<li><strong>Word<\/strong>Erstellen Sie im Handumdrehen Textdokumente in professioneller Qualit\u00e4t.<\/li>\n<li><strong>Excel:<\/strong>: Intelligente Tabellenkalkulation f\u00fcr das Informationsmanagement.<\/li>\n<li><strong>PowerPoint:<\/strong>Erstellen Sie beeindruckende, dynamische Pr\u00e4sentationen.<\/li>\n<li><strong>OneNote<\/strong>: Ihr digitales Notizbuch.<\/li>\n<li><strong>Outlook:<\/strong>: Kommunikation leicht gemacht.<\/li>\n<li><strong>Access:<\/strong>Datenbankprogramm f\u00fcr browserbasierte Anwendungen.<\/li>\n<\/ul>\n<p><strong>Wichtiger Hinweis:<\/strong> <strong>Teams<\/strong> ist <strong>NICHT<\/strong> in dieser Version von Office enthalten!<\/p>\n<div><strong>Anforderungen an das Betriebssystem: Microsoft Windows 10 oder 11<\/strong><\/div>\n<\/div>","protected":false},"excerpt":{"rendered":"<ul>\n<li>Microsoft Office 2024 Professional Plus Lizenz f\u00fcr 3 Ger\u00e4te<\/li>\n<li>Microsoft Office 2024 Standard Lizenz f\u00fcr 3 Ger\u00e4te<\/li>\n<li><strong>Mit dieser Lizenz kann die Software auf 3 verschiedenen Ger\u00e4ten aktiviert werden, z.B. auf einem Heim-PC, einem Notebook und einem Arbeits-PC.<\/strong><\/li>\n<li>Version f\u00fcr 32- und 64-Bit-Systeme, unbegrenzte Vollversionen der Software <strong>von einem zertifizierten Microsoft Gold Partner<\/strong><\/li>\n<li><strong>Lebenslange Geld-zur\u00fcck-Garantie!<\/strong><\/li>\n<li>Lieferung per E-Mail: Produktschl\u00fcssel, Anleitung, Download-Links, Rechnung<\/li>\n<li>Sofort herunterladen!<\/li>\n<li>Keine zeitliche Begrenzung, kein Abonnement<\/li>\n<li>Kostenloser Support 24\/7 w\u00e4hrend der Installation und Aktivierung<\/li>\n<li>Nicht auf physischen Medien verf\u00fcgbar (USB, CD usw.)<\/li>\n<li>Aktivierung online und per Telefon<\/li>\n<li>Sprachen: Englisch, Spanisch, Italienisch, Deutsch, Franz\u00f6sisch<\/li>\n<li><strong><span style=\"color: #008000;\">Dieses Produkt ist mit Microsoft Windows kompatibel.<\/span><\/strong><\/li>\n<li><strong><span style=\"color: #ff0000;\">NICHT kompatibel mit Apple macOS\u2122, Android-Ger\u00e4ten und Chromebooks.<\/span><\/strong><\/li>\n<\/ul>","protected":false},"featured_media":116856,"comment_status":"open","ping_status":"closed","template":"","meta":[],"product_cat":[75,129],"product_tag":[79,232],"class_list":{"0":"post-116662","1":"product","2":"type-product","3":"status-publish","4":"has-post-thumbnail","6":"product_cat-microsoft-office","7":"product_cat-office-2024","8":"product_tag-ms-office","9":"product_tag-standard","11":"first","12":"instock","13":"sale","14":"taxable","15":"shipping-taxable","16":"purchasable","17":"product-type-simple"},"yoast_head":"<!-- This site is optimized with the Yoast SEO plugin v27.3 - https:\/\/yoast.com\/product\/yoast-seo-wordpress\/ -->\n<title>Microsoft Office 2024 Professional Plus + Microsoft Office 2024 Standard licentie voor 3 apparaten | livekaarten.nl<\/title>\n<meta name=\"robots\" content=\"index, follow, max-snippet:-1, max-image-preview:large, max-video-preview:-1\" \/>\n<link rel=\"canonical\" href=\"https:\/\/livekaarten.nl\/de\/produkt\/microsoft-office-2024-standard-microsoft-office-2024-professional-plus-fuer-3-pc\/\" \/>\n<meta property=\"og:locale\" content=\"de_DE\" \/>\n<meta property=\"og:type\" content=\"article\" \/>\n<meta property=\"og:title\" content=\"Microsoft Office 2024 Professional Plus + Microsoft Office 2024 Standard licentie voor 3 apparaten | livekaarten.nl\" \/>\n<meta property=\"og:description\" content=\"Microsoft Office 2024 Professional Plus-licentie voor 3 apparaten  Microsoft Office 2024 Standard licentie voor 3 apparaten  Met deze licentie kan de software op 3 verschillende apparaten worden geactiveerd, bijv. een thuis-pc, notebook en werk-pc.  Versie voor 32- en 64-bits systemen, volledige onbeperkte versies van de software van een gecertificeerde Microsoft Gold Partner  Levenslange geld-terug-garantie!  Levering per e-mail: productsleutel, instructies, downloadlinks, factuur  Direct downloaden!  Geen tijdslimiet, geen abonnement  Gratis ondersteuning 24\/7 tijdens installatie en activering  Niet beschikbaar op fysieke media (USB, CD, enz.)  Activering online en telefonisch  Talen: Engels, Spaans, Italiaans, Duits, Frans  Dit product is compatibel met Microsoft Windows.  NIET compatibel met Apple macOS\u2122, Android-apparaten en Chromebooks.\" \/>\n<meta property=\"og:url\" content=\"https:\/\/livekaarten.nl\/de\/produkt\/microsoft-office-2024-standard-microsoft-office-2024-professional-plus-fuer-3-pc\/\" \/>\n<meta property=\"og:site_name\" content=\"livekaarten.nl\" \/>\n<meta property=\"article:modified_time\" content=\"2026-04-03T10:03:49+00:00\" \/>\n<meta property=\"og:image\" content=\"https:\/\/livekaarten.nl\/wp-content\/uploads\/2025\/08\/O24PPO24S.jpg\" \/>\n\t<meta property=\"og:image:width\" content=\"1000\" \/>\n\t<meta property=\"og:image:height\" content=\"1500\" \/>\n\t<meta property=\"og:image:type\" content=\"image\/jpeg\" \/>\n<meta name=\"twitter:card\" content=\"summary_large_image\" \/>\n<meta name=\"twitter:label1\" content=\"Gesch\u00e4tzte Lesezeit\" \/>\n\t<meta name=\"twitter:data1\" content=\"2\u00a0Minuten\" \/>\n<script type=\"application\/ld+json\" class=\"yoast-schema-graph\">{\"@context\":\"https:\\\/\\\/schema.org\",\"@graph\":[{\"@type\":\"WebPage\",\"@id\":\"https:\\\/\\\/livekaarten.nl\\\/product\\\/microsoft-office-2024-standard-microsoft-office-2024-professional-plus-fuer-3-pc\\\/\",\"url\":\"https:\\\/\\\/livekaarten.nl\\\/product\\\/microsoft-office-2024-standard-microsoft-office-2024-professional-plus-fuer-3-pc\\\/\",\"name\":\"Microsoft Office 2024 Professional Plus + Microsoft Office 2024 Standard licentie voor 3 apparaten | livekaarten.nl\",\"isPartOf\":{\"@id\":\"https:\\\/\\\/livekaarten.nl\\\/#website\"},\"primaryImageOfPage\":{\"@id\":\"https:\\\/\\\/livekaarten.nl\\\/product\\\/microsoft-office-2024-standard-microsoft-office-2024-professional-plus-fuer-3-pc\\\/#primaryimage\"},\"image\":{\"@id\":\"https:\\\/\\\/livekaarten.nl\\\/product\\\/microsoft-office-2024-standard-microsoft-office-2024-professional-plus-fuer-3-pc\\\/#primaryimage\"},\"thumbnailUrl\":\"https:\\\/\\\/livekaarten.nl\\\/wp-content\\\/uploads\\\/2025\\\/08\\\/O24PPO24S.jpg\",\"datePublished\":\"2025-08-27T18:33:52+00:00\",\"dateModified\":\"2026-04-03T10:03:49+00:00\",\"breadcrumb\":{\"@id\":\"https:\\\/\\\/livekaarten.nl\\\/product\\\/microsoft-office-2024-standard-microsoft-office-2024-professional-plus-fuer-3-pc\\\/#breadcrumb\"},\"inLanguage\":\"de\",\"potentialAction\":[{\"@type\":\"ReadAction\",\"target\":[\"https:\\\/\\\/livekaarten.nl\\\/product\\\/microsoft-office-2024-standard-microsoft-office-2024-professional-plus-fuer-3-pc\\\/\"]}]},{\"@type\":\"ImageObject\",\"inLanguage\":\"de\",\"@id\":\"https:\\\/\\\/livekaarten.nl\\\/product\\\/microsoft-office-2024-standard-microsoft-office-2024-professional-plus-fuer-3-pc\\\/#primaryimage\",\"url\":\"https:\\\/\\\/livekaarten.nl\\\/wp-content\\\/uploads\\\/2025\\\/08\\\/O24PPO24S.jpg\",\"contentUrl\":\"https:\\\/\\\/livekaarten.nl\\\/wp-content\\\/uploads\\\/2025\\\/08\\\/O24PPO24S.jpg\",\"width\":1000,\"height\":1500},{\"@type\":\"BreadcrumbList\",\"@id\":\"https:\\\/\\\/livekaarten.nl\\\/product\\\/microsoft-office-2024-standard-microsoft-office-2024-professional-plus-fuer-3-pc\\\/#breadcrumb\",\"itemListElement\":[{\"@type\":\"ListItem\",\"position\":1,\"name\":\"Home\",\"item\":\"https:\\\/\\\/livekaarten.nl\\\/\"},{\"@type\":\"ListItem\",\"position\":2,\"name\":\"Winkel\",\"item\":\"https:\\\/\\\/livekaarten.nl\\\/shop\\\/\"},{\"@type\":\"ListItem\",\"position\":3,\"name\":\"Microsoft Office 2024 Professional Plus + Microsoft Office 2024 Standard licentie voor 3 apparaten\"}]},{\"@type\":\"WebSite\",\"@id\":\"https:\\\/\\\/livekaarten.nl\\\/#website\",\"url\":\"https:\\\/\\\/livekaarten.nl\\\/\",\"name\":\"Livekaarten.nl\",\"description\":\"Koop uw kantoor\",\"potentialAction\":[{\"@type\":\"SearchAction\",\"target\":{\"@type\":\"EntryPoint\",\"urlTemplate\":\"https:\\\/\\\/livekaarten.nl\\\/?s={search_term_string}\"},\"query-input\":{\"@type\":\"PropertyValueSpecification\",\"valueRequired\":true,\"valueName\":\"search_term_string\"}}],\"inLanguage\":\"de\"}]}<\/script>\n<!-- \/ Yoast SEO plugin. -->","yoast_head_json":{"title":"Microsoft Office 2024 Professional Plus + Microsoft Office 2024 Standard licentie voor 3 apparaten | livekaarten.nl","robots":{"index":"index","follow":"follow","max-snippet":"max-snippet:-1","max-image-preview":"max-image-preview:large","max-video-preview":"max-video-preview:-1"},"canonical":"https:\/\/livekaarten.nl\/de\/produkt\/microsoft-office-2024-standard-microsoft-office-2024-professional-plus-fuer-3-pc\/","og_locale":"de_DE","og_type":"article","og_title":"Microsoft Office 2024 Professional Plus + Microsoft Office 2024 Standard licentie voor 3 apparaten | livekaarten.nl","og_description":"Microsoft Office 2024 Professional Plus-licentie voor 3 apparaten  Microsoft Office 2024 Standard licentie voor 3 apparaten  Met deze licentie kan de software op 3 verschillende apparaten worden geactiveerd, bijv. een thuis-pc, notebook en werk-pc.  Versie voor 32- en 64-bits systemen, volledige onbeperkte versies van de software van een gecertificeerde Microsoft Gold Partner  Levenslange geld-terug-garantie!  Levering per e-mail: productsleutel, instructies, downloadlinks, factuur  Direct downloaden!  Geen tijdslimiet, geen abonnement  Gratis ondersteuning 24\/7 tijdens installatie en activering  Niet beschikbaar op fysieke media (USB, CD, enz.)  Activering online en telefonisch  Talen: Engels, Spaans, Italiaans, Duits, Frans  Dit product is compatibel met Microsoft Windows.  NIET compatibel met Apple macOS\u2122, Android-apparaten en Chromebooks.","og_url":"https:\/\/livekaarten.nl\/de\/produkt\/microsoft-office-2024-standard-microsoft-office-2024-professional-plus-fuer-3-pc\/","og_site_name":"livekaarten.nl","article_modified_time":"2026-04-03T10:03:49+00:00","og_image":[{"width":1000,"height":1500,"url":"https:\/\/livekaarten.nl\/wp-content\/uploads\/2025\/08\/O24PPO24S.jpg","type":"image\/jpeg"}],"twitter_card":"summary_large_image","twitter_misc":{"Gesch\u00e4tzte Lesezeit":"2\u00a0Minuten"},"schema":{"@context":"https:\/\/schema.org","@graph":[{"@type":"WebPage","@id":"https:\/\/livekaarten.nl\/product\/microsoft-office-2024-standard-microsoft-office-2024-professional-plus-fuer-3-pc\/","url":"https:\/\/livekaarten.nl\/product\/microsoft-office-2024-standard-microsoft-office-2024-professional-plus-fuer-3-pc\/","name":"Microsoft Office 2024 Professional Plus + Microsoft Office 2024 Standard licentie voor 3 apparaten | livekaarten.nl","isPartOf":{"@id":"https:\/\/livekaarten.nl\/#website"},"primaryImageOfPage":{"@id":"https:\/\/livekaarten.nl\/product\/microsoft-office-2024-standard-microsoft-office-2024-professional-plus-fuer-3-pc\/#primaryimage"},"image":{"@id":"https:\/\/livekaarten.nl\/product\/microsoft-office-2024-standard-microsoft-office-2024-professional-plus-fuer-3-pc\/#primaryimage"},"thumbnailUrl":"https:\/\/livekaarten.nl\/wp-content\/uploads\/2025\/08\/O24PPO24S.jpg","datePublished":"2025-08-27T18:33:52+00:00","dateModified":"2026-04-03T10:03:49+00:00","breadcrumb":{"@id":"https:\/\/livekaarten.nl\/product\/microsoft-office-2024-standard-microsoft-office-2024-professional-plus-fuer-3-pc\/#breadcrumb"},"inLanguage":"de","potentialAction":[{"@type":"ReadAction","target":["https:\/\/livekaarten.nl\/product\/microsoft-office-2024-standard-microsoft-office-2024-professional-plus-fuer-3-pc\/"]}]},{"@type":"ImageObject","inLanguage":"de","@id":"https:\/\/livekaarten.nl\/product\/microsoft-office-2024-standard-microsoft-office-2024-professional-plus-fuer-3-pc\/#primaryimage","url":"https:\/\/livekaarten.nl\/wp-content\/uploads\/2025\/08\/O24PPO24S.jpg","contentUrl":"https:\/\/livekaarten.nl\/wp-content\/uploads\/2025\/08\/O24PPO24S.jpg","width":1000,"height":1500},{"@type":"BreadcrumbList","@id":"https:\/\/livekaarten.nl\/product\/microsoft-office-2024-standard-microsoft-office-2024-professional-plus-fuer-3-pc\/#breadcrumb","itemListElement":[{"@type":"ListItem","position":1,"name":"Home","item":"https:\/\/livekaarten.nl\/"},{"@type":"ListItem","position":2,"name":"Winkel","item":"https:\/\/livekaarten.nl\/shop\/"},{"@type":"ListItem","position":3,"name":"Microsoft Office 2024 Professional Plus + Microsoft Office 2024 Standard licentie voor 3 apparaten"}]},{"@type":"WebSite","@id":"https:\/\/livekaarten.nl\/#website","url":"https:\/\/livekaarten.nl\/","name":"Livecards.co.uk","description":"Kaufen Sie Ihr B\u00fcro","potentialAction":[{"@type":"SearchAction","target":{"@type":"EntryPoint","urlTemplate":"https:\/\/livekaarten.nl\/?s={search_term_string}"},"query-input":{"@type":"PropertyValueSpecification","valueRequired":true,"valueName":"search_term_string"}}],"inLanguage":"de"}]}},"_links":{"self":[{"href":"https:\/\/livekaarten.nl\/de\/wp-json\/wp\/v2\/product\/116662","targetHints":{"allow":["GET"]}}],"collection":[{"href":"https:\/\/livekaarten.nl\/de\/wp-json\/wp\/v2\/product"}],"about":[{"href":"https:\/\/livekaarten.nl\/de\/wp-json\/wp\/v2\/types\/product"}],"replies":[{"embeddable":true,"href":"https:\/\/livekaarten.nl\/de\/wp-json\/wp\/v2\/comments?post=116662"}],"wp:featuredmedia":[{"embeddable":true,"href":"https:\/\/livekaarten.nl\/de\/wp-json\/wp\/v2\/media\/116856"}],"wp:attachment":[{"href":"https:\/\/livekaarten.nl\/de\/wp-json\/wp\/v2\/media?parent=116662"}],"wp:term":[{"taxonomy":"product_cat","embeddable":true,"href":"https:\/\/livekaarten.nl\/de\/wp-json\/wp\/v2\/product_cat?post=116662"},{"taxonomy":"product_tag","embeddable":true,"href":"https:\/\/livekaarten.nl\/de\/wp-json\/wp\/v2\/product_tag?post=116662"}],"curies":[{"name":"wp","href":"https:\/\/api.w.org\/{rel}","templated":true}]}}