{"id":115524,"date":"2025-06-10T13:16:10","date_gmt":"2025-06-10T11:16:10","guid":{"rendered":"https:\/\/livekaarten.nl\/?post_type=product&#038;p=115524"},"modified":"2026-04-03T12:03:49","modified_gmt":"2026-04-03T10:03:49","slug":"microsoft-project-2021-professional","status":"publish","type":"product","link":"https:\/\/livekaarten.nl\/de\/produkt\/microsoft-project-2021-professional\/","title":{"rendered":"Microsoft Project 2021 Professional f\u00fcr 3 Ger\u00e4te"},"content":{"rendered":"<p>Arbeiten Sie mit anderen zusammen, um in k\u00fcrzester Zeit erfolgreiche Projekte zu starten und umzusetzen. Enth\u00e4lt alle Funktionen von Microsoft Project Standard sowie L\u00f6sungen f\u00fcr die Zusammenarbeit, das Ressourcenmanagement, die Synchronisierung von SharePoint-Aufgaben, die gemeinsame Nutzung von Zeiterfassung und vieles mehr. Microsoft Project Professional 2021 bietet flexible Funktionen, mit denen Sie Projekte planen, den Status verfolgen und praktisch \u00fcberall mit anderen zusammenarbeiten k\u00f6nnen. Die Anwendung bietet Echtzeit-Kommunikation und Instant Messaging, direkt in Ihren Projektplan \u00fcber Skype for Business, und konsolidiert alle potenziellen Projektressourcen in einer Ansicht.<\/p>\n<p>Bleiben Sie organisiert und behalten Sie alles unter Kontrolle. Egal, ob es sich um ein kleines Projekt oder eine gro\u00dfe Kampagne handelt, mit Microsoft Project k\u00f6nnen Sie jede Herausforderung meistern. Sie sind kein Projektmanager? Kein Problem, mit dieser leistungsstarken und praktischen App kann fast jeder Projekte erfolgreich managen.<\/p>\n<p>Starten Sie Projekte schnell und setzen Sie sie einfach um.<\/p>\n<p>Verlassen Sie sich auf ein leistungsstarkes Projektmanagement-Tool, um neue Projekte schnell und einfach einzurichten und zu verwalten.<\/p>\n<p>Verwalten Sie Projekte stressfrei.<\/p>\n<p>Mit den auf Ihre Bed\u00fcrfnisse zugeschnittenen Werkzeugen und Methoden haben Sie auch komplexe Projekte leicht unter Kontrolle.<\/p>\n<p>Arbeiten Sie problemlos im Team zusammen - praktisch \u00fcberall.<\/p>\n<p>Arbeiten Sie gemeinsam an Projekten, auch \u00fcber gro\u00dfe Entfernungen hinweg. Da alle Teammitglieder zur gleichen Zeit an derselben Version arbeiten, sind Sie noch produktiver.<\/p>\n<p>Projekte einfach planen<\/p>\n<p>Halten Sie Ihre Projekte auf Kurs, indem Sie Projektaufwand, Dauer und Einsatz von Teammitgliedern dynamisch planen.<\/p>\n<p>Business Intelligence - schnell bessere Erkenntnisse und Ergebnisse erzielen<\/p>\n<p>Erstellen Sie mit Power BI interaktive Dashboards, um den Gesamtstatus anzuzeigen und Projekte und Programme im Detail zu untersuchen.<\/p>\n<p>Innovativer denken und handeln<\/p>\n<p>Entwickeln Sie ma\u00dfgeschneiderte L\u00f6sungen f\u00fcr Desktop- oder Mobilger\u00e4te und automatisieren Sie Arbeitsabl\u00e4ufe in nur wenigen Schritten. Nutzen Sie eine flexible und sichere Plattform auf Azure, einer weltweit anerkannten Business Cloud.<\/p>\n<p><strong>Systemanforderungen:<\/strong><\/p>\n<ul>\n<li>1,6 GHz Dual-Core-Prozessor<\/li>\n<li>Microsoft Windows 10 oder 11 Betriebssystem f\u00fcr PC<\/li>\n<li>2 GB (32-Bit), 4 GB (64-Bit) RAM<\/li>\n<li>4 GB freier Festplattenspeicher<\/li>\n<li>F\u00fcr die Grafikbeschleunigung ist eine DirectX 10-kompatible Grafikkarte erforderlich.<\/li>\n<\/ul>\n<p><strong>Support:<\/strong><\/p>\n<p class=\"translation-block\">Haben Sie noch Fragen? Bitte kontaktieren Sie uns <a href=\"mailto:info@livekaarten.nl\" target=\"_self\" rel=\"noopener\">per E-Mail<\/a>. Unser Kundendienst ist 7 Tage die Woche, 24 Stunden am Tag erreichbar.<\/p>\n<div id=\"gtx-trans\">\n<div class=\"gtx-trans-icoon\"><\/div>\n<\/div>","protected":false},"excerpt":{"rendered":"<ul>\n<li>Microsoft Project 2021 Professional Lizenz f\u00fcr 1 PC<\/li>\n<li>Versionen f\u00fcr 32- und 64-Bit-Systeme verf\u00fcgbar<\/li>\n<li>Versand per E-Mail: Produktcode, Anleitung, Download-Links, Rechnung<\/li>\n<li><strong>30 Tage volle R\u00fcckerstattung - Lebenslange Ersatzgarantie!!!<\/strong><\/li>\n<li>Sofort herunterladen!<\/li>\n<li>Keine zeitliche Begrenzung, kein Abonnement erforderlich<\/li>\n<li>Kostenlose Unterst\u00fctzung bei der Installation und Aktivierung<\/li>\n<li>Keine Lieferung auf physischen Datentr\u00e4gern (USB, CD, usw.)<\/li>\n<li>Aktivierung online und per Telefon<\/li>\n<li><span style=\"color: #339966;\"><strong>Dieses Produkt ist mit Microsoft Windows kompatibel.<\/strong><\/span><\/li>\n<li><span style=\"color: #ff0000;\"><strong>NICHT kompatibel mit Apple macOS\u2122, Android-Ger\u00e4ten oder Chromebooks.<\/strong><\/span><\/li>\n<\/ul>","protected":false},"featured_media":100000114597,"comment_status":"closed","ping_status":"closed","template":"","meta":[],"product_cat":[75],"product_tag":[],"class_list":{"0":"post-115524","1":"product","2":"type-product","3":"status-publish","4":"has-post-thumbnail","6":"product_cat-microsoft-office","8":"first","9":"instock","10":"sale","11":"virtual","12":"taxable","13":"purchasable","14":"product-type-simple"},"yoast_head":"<!-- This site is optimized with the Yoast SEO plugin v27.3 - https:\/\/yoast.com\/product\/yoast-seo-wordpress\/ -->\n<title>Microsoft Project 2021 Professional voor 3 apparaten | livekaarten.nl<\/title>\n<meta name=\"robots\" content=\"index, follow, max-snippet:-1, max-image-preview:large, max-video-preview:-1\" \/>\n<link rel=\"canonical\" href=\"https:\/\/livekaarten.nl\/de\/produkt\/microsoft-project-2021-professional\/\" \/>\n<meta property=\"og:locale\" content=\"de_DE\" \/>\n<meta property=\"og:type\" content=\"article\" \/>\n<meta property=\"og:title\" content=\"Microsoft Project 2021 Professional voor 3 apparaten | livekaarten.nl\" \/>\n<meta property=\"og:description\" content=\"Microsoft Project 2021 Professional-licentie voor 1 pc  Versies beschikbaar voor 32- en 64-bits systemen  Verzonden per e-mail: productcode, instructies, downloadlinks, factuur  30 dagen volledige restitutie \u2013 Levenslange vervangingsgarantie!!!  Direct downloaden!  Geen tijdslimiet, geen abonnement vereist  Gratis ondersteuning bij installatie en activering  Geen levering op fysieke media (USB, cd, enz.)  Activering online en telefonisch  Dit product is compatibel met Microsoft Windows.  NIET compatibel met Apple macOS\u2122, Android-apparaten of Chromebooks.\" \/>\n<meta property=\"og:url\" content=\"https:\/\/livekaarten.nl\/de\/produkt\/microsoft-project-2021-professional\/\" \/>\n<meta property=\"og:site_name\" content=\"livekaarten.nl\" \/>\n<meta property=\"article:modified_time\" content=\"2026-04-03T10:03:49+00:00\" \/>\n<meta name=\"twitter:card\" content=\"summary_large_image\" \/>\n<meta name=\"twitter:label1\" content=\"Gesch\u00e4tzte Lesezeit\" \/>\n\t<meta name=\"twitter:data1\" content=\"2\u00a0Minuten\" \/>\n<script type=\"application\/ld+json\" class=\"yoast-schema-graph\">{\"@context\":\"https:\\\/\\\/schema.org\",\"@graph\":[{\"@type\":\"WebPage\",\"@id\":\"https:\\\/\\\/livekaarten.nl\\\/product\\\/microsoft-project-2021-professional\\\/\",\"url\":\"https:\\\/\\\/livekaarten.nl\\\/product\\\/microsoft-project-2021-professional\\\/\",\"name\":\"Microsoft Project 2021 Professional voor 3 apparaten | livekaarten.nl\",\"isPartOf\":{\"@id\":\"https:\\\/\\\/livekaarten.nl\\\/#website\"},\"primaryImageOfPage\":{\"@id\":\"https:\\\/\\\/livekaarten.nl\\\/product\\\/microsoft-project-2021-professional\\\/#primaryimage\"},\"image\":{\"@id\":\"https:\\\/\\\/livekaarten.nl\\\/product\\\/microsoft-project-2021-professional\\\/#primaryimage\"},\"thumbnailUrl\":\"https:\\\/\\\/livekaarten.nl\\\/wp-content\\\/uploads\\\/2025\\\/04\\\/P21P.jpg\",\"datePublished\":\"2025-06-10T11:16:10+00:00\",\"dateModified\":\"2026-04-03T10:03:49+00:00\",\"breadcrumb\":{\"@id\":\"https:\\\/\\\/livekaarten.nl\\\/product\\\/microsoft-project-2021-professional\\\/#breadcrumb\"},\"inLanguage\":\"de\",\"potentialAction\":[{\"@type\":\"ReadAction\",\"target\":[\"https:\\\/\\\/livekaarten.nl\\\/product\\\/microsoft-project-2021-professional\\\/\"]}]},{\"@type\":\"ImageObject\",\"inLanguage\":\"de\",\"@id\":\"https:\\\/\\\/livekaarten.nl\\\/product\\\/microsoft-project-2021-professional\\\/#primaryimage\",\"url\":\"https:\\\/\\\/livekaarten.nl\\\/wp-content\\\/uploads\\\/2025\\\/04\\\/P21P.jpg\",\"contentUrl\":\"https:\\\/\\\/livekaarten.nl\\\/wp-content\\\/uploads\\\/2025\\\/04\\\/P21P.jpg\"},{\"@type\":\"BreadcrumbList\",\"@id\":\"https:\\\/\\\/livekaarten.nl\\\/product\\\/microsoft-project-2021-professional\\\/#breadcrumb\",\"itemListElement\":[{\"@type\":\"ListItem\",\"position\":1,\"name\":\"Home\",\"item\":\"https:\\\/\\\/livekaarten.nl\\\/\"},{\"@type\":\"ListItem\",\"position\":2,\"name\":\"Winkel\",\"item\":\"https:\\\/\\\/livekaarten.nl\\\/shop\\\/\"},{\"@type\":\"ListItem\",\"position\":3,\"name\":\"Microsoft Project 2021 Professional voor 3 apparaten\"}]},{\"@type\":\"WebSite\",\"@id\":\"https:\\\/\\\/livekaarten.nl\\\/#website\",\"url\":\"https:\\\/\\\/livekaarten.nl\\\/\",\"name\":\"Livekaarten.nl\",\"description\":\"Koop uw kantoor\",\"potentialAction\":[{\"@type\":\"SearchAction\",\"target\":{\"@type\":\"EntryPoint\",\"urlTemplate\":\"https:\\\/\\\/livekaarten.nl\\\/?s={search_term_string}\"},\"query-input\":{\"@type\":\"PropertyValueSpecification\",\"valueRequired\":true,\"valueName\":\"search_term_string\"}}],\"inLanguage\":\"de\"}]}<\/script>\n<!-- \/ Yoast SEO plugin. -->","yoast_head_json":{"title":"Microsoft Project 2021 Professional voor 3 apparaten | livekaarten.nl","robots":{"index":"index","follow":"follow","max-snippet":"max-snippet:-1","max-image-preview":"max-image-preview:large","max-video-preview":"max-video-preview:-1"},"canonical":"https:\/\/livekaarten.nl\/de\/produkt\/microsoft-project-2021-professional\/","og_locale":"de_DE","og_type":"article","og_title":"Microsoft Project 2021 Professional voor 3 apparaten | livekaarten.nl","og_description":"Microsoft Project 2021 Professional-licentie voor 1 pc  Versies beschikbaar voor 32- en 64-bits systemen  Verzonden per e-mail: productcode, instructies, downloadlinks, factuur  30 dagen volledige restitutie \u2013 Levenslange vervangingsgarantie!!!  Direct downloaden!  Geen tijdslimiet, geen abonnement vereist  Gratis ondersteuning bij installatie en activering  Geen levering op fysieke media (USB, cd, enz.)  Activering online en telefonisch  Dit product is compatibel met Microsoft Windows.  NIET compatibel met Apple macOS\u2122, Android-apparaten of Chromebooks.","og_url":"https:\/\/livekaarten.nl\/de\/produkt\/microsoft-project-2021-professional\/","og_site_name":"livekaarten.nl","article_modified_time":"2026-04-03T10:03:49+00:00","twitter_card":"summary_large_image","twitter_misc":{"Gesch\u00e4tzte Lesezeit":"2\u00a0Minuten"},"schema":{"@context":"https:\/\/schema.org","@graph":[{"@type":"WebPage","@id":"https:\/\/livekaarten.nl\/product\/microsoft-project-2021-professional\/","url":"https:\/\/livekaarten.nl\/product\/microsoft-project-2021-professional\/","name":"Microsoft Project 2021 Professional voor 3 apparaten | livekaarten.nl","isPartOf":{"@id":"https:\/\/livekaarten.nl\/#website"},"primaryImageOfPage":{"@id":"https:\/\/livekaarten.nl\/product\/microsoft-project-2021-professional\/#primaryimage"},"image":{"@id":"https:\/\/livekaarten.nl\/product\/microsoft-project-2021-professional\/#primaryimage"},"thumbnailUrl":"https:\/\/livekaarten.nl\/wp-content\/uploads\/2025\/04\/P21P.jpg","datePublished":"2025-06-10T11:16:10+00:00","dateModified":"2026-04-03T10:03:49+00:00","breadcrumb":{"@id":"https:\/\/livekaarten.nl\/product\/microsoft-project-2021-professional\/#breadcrumb"},"inLanguage":"de","potentialAction":[{"@type":"ReadAction","target":["https:\/\/livekaarten.nl\/product\/microsoft-project-2021-professional\/"]}]},{"@type":"ImageObject","inLanguage":"de","@id":"https:\/\/livekaarten.nl\/product\/microsoft-project-2021-professional\/#primaryimage","url":"https:\/\/livekaarten.nl\/wp-content\/uploads\/2025\/04\/P21P.jpg","contentUrl":"https:\/\/livekaarten.nl\/wp-content\/uploads\/2025\/04\/P21P.jpg"},{"@type":"BreadcrumbList","@id":"https:\/\/livekaarten.nl\/product\/microsoft-project-2021-professional\/#breadcrumb","itemListElement":[{"@type":"ListItem","position":1,"name":"Home","item":"https:\/\/livekaarten.nl\/"},{"@type":"ListItem","position":2,"name":"Winkel","item":"https:\/\/livekaarten.nl\/shop\/"},{"@type":"ListItem","position":3,"name":"Microsoft Project 2021 Professional voor 3 apparaten"}]},{"@type":"WebSite","@id":"https:\/\/livekaarten.nl\/#website","url":"https:\/\/livekaarten.nl\/","name":"Livecards.co.uk","description":"Kaufen Sie Ihr B\u00fcro","potentialAction":[{"@type":"SearchAction","target":{"@type":"EntryPoint","urlTemplate":"https:\/\/livekaarten.nl\/?s={search_term_string}"},"query-input":{"@type":"PropertyValueSpecification","valueRequired":true,"valueName":"search_term_string"}}],"inLanguage":"de"}]}},"_links":{"self":[{"href":"https:\/\/livekaarten.nl\/de\/wp-json\/wp\/v2\/product\/115524","targetHints":{"allow":["GET"]}}],"collection":[{"href":"https:\/\/livekaarten.nl\/de\/wp-json\/wp\/v2\/product"}],"about":[{"href":"https:\/\/livekaarten.nl\/de\/wp-json\/wp\/v2\/types\/product"}],"replies":[{"embeddable":true,"href":"https:\/\/livekaarten.nl\/de\/wp-json\/wp\/v2\/comments?post=115524"}],"wp:featuredmedia":[{"embeddable":true,"href":"https:\/\/livekaarten.nl\/de\/wp-json\/"}],"wp:attachment":[{"href":"https:\/\/livekaarten.nl\/de\/wp-json\/wp\/v2\/media?parent=115524"}],"wp:term":[{"taxonomy":"product_cat","embeddable":true,"href":"https:\/\/livekaarten.nl\/de\/wp-json\/wp\/v2\/product_cat?post=115524"},{"taxonomy":"product_tag","embeddable":true,"href":"https:\/\/livekaarten.nl\/de\/wp-json\/wp\/v2\/product_tag?post=115524"}],"curies":[{"name":"wp","href":"https:\/\/api.w.org\/{rel}","templated":true}]}}