{"id":115522,"date":"2025-06-10T13:16:10","date_gmt":"2025-06-10T11:16:10","guid":{"rendered":"https:\/\/livekaarten.nl\/?post_type=product&#038;p=115522"},"modified":"2026-04-03T12:03:41","modified_gmt":"2026-04-03T10:03:41","slug":"microsoft-visio-2019-professional","status":"publish","type":"product","link":"https:\/\/livekaarten.nl\/de\/produkt\/microsoft-visio-2019-professional\/","title":{"rendered":"Microsoft Visio 2019 Professional Lizenz f\u00fcr 3 Ger\u00e4te"},"content":{"rendered":"<p>Microsoft Visio Professional 2019 ist nach wie vor das beste Werkzeug f\u00fcr die Erstellung von Diagrammen in Unternehmen, basierend auf g\u00e4ngigen Industriestandards wie IEEE. Dar\u00fcber hinaus hat Microsoft Tausende von Detailverbesserungen vorgenommen und neue Funktionen eingef\u00fchrt, die vor allem die Projektarbeit in gr\u00f6\u00dferen Teams erleichtern sollen. Die Software richtet sich also ausdr\u00fccklich an professionelle Anwender. Die gewohnte Benutzerfreundlichkeit des Programms bleibt jedoch erhalten, vor allem dank zahlreicher Vorlagen und der bew\u00e4hrten Microsoft Office-Oberfl\u00e4che. Jeder K\u00e4ufer erh\u00e4lt weiterhin 2 GB kostenlosen Speicherplatz auf der Microsoft-eigenen Cloud-L\u00f6sung OneDrive.<\/p>\n<p>Die Erstellung von Diagrammen in Microsoft Visio Professional 2019 ist von Anfang an m\u00f6glich: Hunderte von Vorlagen, die auf einer Auswahl von mehr als 250.000 Shapes basieren, sorgen f\u00fcr diese Aufgabe. Da sich die Desktop-Anwendung zudem st\u00e4ndig selbst aktualisiert, werden regelm\u00e4\u00dfig neue Vorlagen hinzugef\u00fcgt. Fertige Diagramme k\u00f6nnen Anwender dann nicht nur als Microsoft Visio-Datensatz, sondern auch \u00fcber das Internet teilen: Microsoft Visio Professional 2019 unterst\u00fctzt webbasierte Diagrammansichten und PDF-Ausgaben f\u00fcr Nutzer, die Microsoft Visio nicht auf ihrem Ger\u00e4t haben. Kommentare, die von anderen Benutzern zum Diagramm hinzugef\u00fcgt werden, sind f\u00fcr den Ersteller des Projekts sofort sichtbar und er erh\u00e4lt ein Feedback.<\/p>\n<p>Speziell f\u00fcr Microsoft Visio Professional 2019 und Microsoft Windows 10 hat Microsoft auch die Unterst\u00fctzung f\u00fcr Touch-Eingabe und Stifte wie den Microsoft Surface Pen verbessert. Diagramme k\u00f6nnen jetzt mit nat\u00fcrlichen Eingabemethoden verfeinert werden, mit virtueller Tinte oder sogar mit den Fingern zum Einf\u00e4rben, Verschieben von Formen und Neuordnen von Diagrammen. Dies erleichtert auch die Nutzung der Anwendung auf einem Tablet wie dem iPad Pro, f\u00fcr das eine eigene App im offiziellen Apple Store erh\u00e4ltlich ist. Um die Zusammenarbeit mit anderen zu erleichtern, wurden die Anmerkungsfunktionen verbessert und die Integration von Skype for Business in die Anwendungsoberfl\u00e4che erweitert.<\/p>\n<p>Neue Daten werden direkt aus anderen g\u00e4ngigen Programmen wie Excel in Microsoft Visio Professional 2019 importiert. Das spart Zeit bei der Bearbeitung von Diagrammen, da die manuelle Eingabe reduziert wird. Um diese Diagramme dann zum Leben zu erwecken und auch gro\u00dfe Mengen an Informationen \u00fcbersichtlich darzustellen, stehen zahlreiche Farben, Formen und Grafiken zur Verf\u00fcgung, die die Aufmerksamkeit auf die f\u00fcr den Betrachter wirklich wichtigen Daten lenken. Das Programm unterst\u00fctzt auch die Integration von Zeichnungen, die in der beliebten Software AutoCAD erstellt wurden. Dadurch wird der Funktionsumfang deutlich erweitert, da auch komplexe Formen m\u00f6glich werden.<\/p>\n<p>Sobald sich zuvor in das Diagramm integrierte Daten \u00e4ndern, \u00e4ndert Microsoft Visio Professional 2019 sofort die Ansicht des Projekts. Dazu scannt das Programm kontinuierlich die integrierten Daten - unabh\u00e4ngig davon, woher sie stammen und ob sie lokal oder im Netzwerk verf\u00fcgbar sind - und nimmt dann sofort \u00c4nderungen am aktuellen Diagramm vor. So ist sichergestellt, dass alle Projektbeteiligten immer den \u00dcberblick behalten und gemeinsam an einer Version des Diagramms arbeiten. Der Wegfall manueller Aktualisierungen vereinfacht zudem den Arbeitsprozess und spart auf Dauer viel Zeit.<\/p>\n<p>Microsoft hat Microsoft Visio Professional 2019 so entwickelt, dass es nur mit einer Edition von Microsoft Windows 10 und Microsoft Windows 10 S kompatibel ist. Es ist nicht m\u00f6glich, die Software auf einer \u00e4lteren Version von Microsoft Windows zu verwenden. Au\u00dferdem handelt es sich bei diesem Angebot um einen Produktschl\u00fcssel f\u00fcr einen Desktop-PC oder ein Notebook. Es fallen keine zus\u00e4tzlichen Abonnementgeb\u00fchren an. Microsoft garantiert Updates f\u00fcr diese Software f\u00fcr mindestens f\u00fcnf Jahre.<\/p>\n<p><strong>Systemanforderungen:<\/strong><\/p>\n<ul>\n<li>Microsoft Windows 10, Microsoft Windows Server 2019<\/li>\n<li>1,6 GHz Dual-Core-Prozessor oder schneller<\/li>\n<li>2 GB RAM (32-Bit); 4 GB RAM (64-Bit)<\/li>\n<li>4 GB verf\u00fcgbarer Festplattenspeicher<\/li>\n<li>Die Grafikbeschleunigung erfordert eine DirectX 9-kompatible Grafikkarte. Mit WDDM 2.0 oder h\u00f6her f\u00fcr Microsoft Windows 10 (oder WDDM 1.3 f\u00fcr Microsoft Windows 10 Fall Creators Update).<\/li>\n<\/ul>\n<p><strong>Support:<\/strong><\/p>\n<p>Haben Sie noch Fragen? Kontaktieren Sie uns einfach <a href=\"mailto:info@livekaarten.nl\" target=\"_self\" rel=\"noopener\">per E-Mail<\/a>. Unser Kundendienst ist 7 Tage die Woche, 24 Stunden am Tag erreichbar.<\/p>","protected":false},"excerpt":{"rendered":"<ul>\n<li>Microsoft Visio 2019 Professional f\u00fcr 1 PC<\/li>\n<li>Versionen f\u00fcr 32- und 64-Bit-Systeme verf\u00fcgbar<\/li>\n<li>Versand per E-Mail: Produktcode, Anleitung, Download-Links, Rechnung<\/li>\n<li><strong>30 Tage volle R\u00fcckerstattung - lebenslange Ersatzgarantie!!!<\/strong><\/li>\n<li>Sofort herunterladen!<\/li>\n<li>Keine zeitliche Begrenzung, kein Abonnement<\/li>\n<li>Kostenlose Unterst\u00fctzung bei der Installation und Aktivierung<\/li>\n<li>Kein Angebot an Datenspeichern (USB, CD, etc.)<\/li>\n<li>Aktivierung online und per Telefon<\/li>\n<li><span style=\"color: #339966;\"><strong>Dieses Produkt ist mit Windows kompatibel.<\/strong><\/span><\/li>\n<li><span style=\"color: #ff0000;\"><strong>NICHT kompatibel mit Apple macOS\u2122, Android-Ger\u00e4ten oder Chromebooks.<\/strong><\/span><\/li>\n<\/ul>","protected":false},"featured_media":100000114598,"comment_status":"open","ping_status":"closed","template":"","meta":[],"product_cat":[75],"product_tag":[],"class_list":{"0":"post-115522","1":"product","2":"type-product","3":"status-publish","4":"has-post-thumbnail","6":"product_cat-microsoft-office","8":"first","9":"instock","10":"sale","11":"virtual","12":"taxable","13":"purchasable","14":"product-type-simple"},"yoast_head":"<!-- This site is optimized with the Yoast SEO plugin v27.4 - https:\/\/yoast.com\/product\/yoast-seo-wordpress\/ -->\n<title>Microsoft Visio 2019 Professional voor 3 apparaten | livekaarten.nl<\/title>\n<meta name=\"robots\" content=\"index, follow, max-snippet:-1, max-image-preview:large, max-video-preview:-1\" \/>\n<link rel=\"canonical\" href=\"https:\/\/livekaarten.nl\/de\/produkt\/microsoft-visio-2019-professional\/\" \/>\n<meta property=\"og:locale\" content=\"de_DE\" \/>\n<meta property=\"og:type\" content=\"article\" \/>\n<meta property=\"og:title\" content=\"Microsoft Visio 2019 Professional voor 3 apparaten | livekaarten.nl\" \/>\n<meta property=\"og:description\" content=\"Microsoft Visio 2019 Professional voor 1 pc  Versies beschikbaar voor 32- en 64-bits systemen  Verzonden per e-mail: productcode, instructies, downloadlinks, factuur  30 dagen volledige restitutie \u2013 levenslange vervangingsgarantie!!!  Direct downloaden!  Geen tijdslimiet, geen abonnement  Gratis ondersteuning bij installatie en activering  Geen levering van gegevensopslag (USB, cd, enz.)  Activering online en telefonisch  Dit product is compatibel met Windows.  NIET compatibel met Apple macOS\u2122, Android-apparaten of Chromebooks.\" \/>\n<meta property=\"og:url\" content=\"https:\/\/livekaarten.nl\/de\/produkt\/microsoft-visio-2019-professional\/\" \/>\n<meta property=\"og:site_name\" content=\"livekaarten.nl\" \/>\n<meta property=\"article:modified_time\" content=\"2026-04-03T10:03:41+00:00\" \/>\n<meta name=\"twitter:card\" content=\"summary_large_image\" \/>\n<meta name=\"twitter:label1\" content=\"Gesch\u00e4tzte Lesezeit\" \/>\n\t<meta name=\"twitter:data1\" content=\"4\u00a0Minuten\" \/>\n<script type=\"application\/ld+json\" class=\"yoast-schema-graph\">{\"@context\":\"https:\\\/\\\/schema.org\",\"@graph\":[{\"@type\":\"WebPage\",\"@id\":\"https:\\\/\\\/livekaarten.nl\\\/product\\\/microsoft-visio-2019-professional\\\/\",\"url\":\"https:\\\/\\\/livekaarten.nl\\\/product\\\/microsoft-visio-2019-professional\\\/\",\"name\":\"Microsoft Visio 2019 Professional voor 3 apparaten | livekaarten.nl\",\"isPartOf\":{\"@id\":\"https:\\\/\\\/livekaarten.nl\\\/#website\"},\"primaryImageOfPage\":{\"@id\":\"https:\\\/\\\/livekaarten.nl\\\/product\\\/microsoft-visio-2019-professional\\\/#primaryimage\"},\"image\":{\"@id\":\"https:\\\/\\\/livekaarten.nl\\\/product\\\/microsoft-visio-2019-professional\\\/#primaryimage\"},\"thumbnailUrl\":\"https:\\\/\\\/livekaarten.nl\\\/wp-content\\\/uploads\\\/2025\\\/04\\\/V19P.jpg\",\"datePublished\":\"2025-06-10T11:16:10+00:00\",\"dateModified\":\"2026-04-03T10:03:41+00:00\",\"breadcrumb\":{\"@id\":\"https:\\\/\\\/livekaarten.nl\\\/product\\\/microsoft-visio-2019-professional\\\/#breadcrumb\"},\"inLanguage\":\"de\",\"potentialAction\":[{\"@type\":\"ReadAction\",\"target\":[\"https:\\\/\\\/livekaarten.nl\\\/product\\\/microsoft-visio-2019-professional\\\/\"]}]},{\"@type\":\"ImageObject\",\"inLanguage\":\"de\",\"@id\":\"https:\\\/\\\/livekaarten.nl\\\/product\\\/microsoft-visio-2019-professional\\\/#primaryimage\",\"url\":\"https:\\\/\\\/livekaarten.nl\\\/wp-content\\\/uploads\\\/2025\\\/04\\\/V19P.jpg\",\"contentUrl\":\"https:\\\/\\\/livekaarten.nl\\\/wp-content\\\/uploads\\\/2025\\\/04\\\/V19P.jpg\"},{\"@type\":\"BreadcrumbList\",\"@id\":\"https:\\\/\\\/livekaarten.nl\\\/product\\\/microsoft-visio-2019-professional\\\/#breadcrumb\",\"itemListElement\":[{\"@type\":\"ListItem\",\"position\":1,\"name\":\"Home\",\"item\":\"https:\\\/\\\/livekaarten.nl\\\/\"},{\"@type\":\"ListItem\",\"position\":2,\"name\":\"Winkel\",\"item\":\"https:\\\/\\\/livekaarten.nl\\\/shop\\\/\"},{\"@type\":\"ListItem\",\"position\":3,\"name\":\"Microsoft Visio 2019 Professional voor 3 apparaten\"}]},{\"@type\":\"WebSite\",\"@id\":\"https:\\\/\\\/livekaarten.nl\\\/#website\",\"url\":\"https:\\\/\\\/livekaarten.nl\\\/\",\"name\":\"Livekaarten.nl\",\"description\":\"Koop uw kantoor\",\"potentialAction\":[{\"@type\":\"SearchAction\",\"target\":{\"@type\":\"EntryPoint\",\"urlTemplate\":\"https:\\\/\\\/livekaarten.nl\\\/?s={search_term_string}\"},\"query-input\":{\"@type\":\"PropertyValueSpecification\",\"valueRequired\":true,\"valueName\":\"search_term_string\"}}],\"inLanguage\":\"de\"}]}<\/script>\n<!-- \/ Yoast SEO plugin. -->","yoast_head_json":{"title":"Microsoft Visio 2019 Professional voor 3 apparaten | livekaarten.nl","robots":{"index":"index","follow":"follow","max-snippet":"max-snippet:-1","max-image-preview":"max-image-preview:large","max-video-preview":"max-video-preview:-1"},"canonical":"https:\/\/livekaarten.nl\/de\/produkt\/microsoft-visio-2019-professional\/","og_locale":"de_DE","og_type":"article","og_title":"Microsoft Visio 2019 Professional voor 3 apparaten | livekaarten.nl","og_description":"Microsoft Visio 2019 Professional voor 1 pc  Versies beschikbaar voor 32- en 64-bits systemen  Verzonden per e-mail: productcode, instructies, downloadlinks, factuur  30 dagen volledige restitutie \u2013 levenslange vervangingsgarantie!!!  Direct downloaden!  Geen tijdslimiet, geen abonnement  Gratis ondersteuning bij installatie en activering  Geen levering van gegevensopslag (USB, cd, enz.)  Activering online en telefonisch  Dit product is compatibel met Windows.  NIET compatibel met Apple macOS\u2122, Android-apparaten of Chromebooks.","og_url":"https:\/\/livekaarten.nl\/de\/produkt\/microsoft-visio-2019-professional\/","og_site_name":"livekaarten.nl","article_modified_time":"2026-04-03T10:03:41+00:00","twitter_card":"summary_large_image","twitter_misc":{"Gesch\u00e4tzte Lesezeit":"4\u00a0Minuten"},"schema":{"@context":"https:\/\/schema.org","@graph":[{"@type":"WebPage","@id":"https:\/\/livekaarten.nl\/product\/microsoft-visio-2019-professional\/","url":"https:\/\/livekaarten.nl\/product\/microsoft-visio-2019-professional\/","name":"Microsoft Visio 2019 Professional voor 3 apparaten | livekaarten.nl","isPartOf":{"@id":"https:\/\/livekaarten.nl\/#website"},"primaryImageOfPage":{"@id":"https:\/\/livekaarten.nl\/product\/microsoft-visio-2019-professional\/#primaryimage"},"image":{"@id":"https:\/\/livekaarten.nl\/product\/microsoft-visio-2019-professional\/#primaryimage"},"thumbnailUrl":"https:\/\/livekaarten.nl\/wp-content\/uploads\/2025\/04\/V19P.jpg","datePublished":"2025-06-10T11:16:10+00:00","dateModified":"2026-04-03T10:03:41+00:00","breadcrumb":{"@id":"https:\/\/livekaarten.nl\/product\/microsoft-visio-2019-professional\/#breadcrumb"},"inLanguage":"de","potentialAction":[{"@type":"ReadAction","target":["https:\/\/livekaarten.nl\/product\/microsoft-visio-2019-professional\/"]}]},{"@type":"ImageObject","inLanguage":"de","@id":"https:\/\/livekaarten.nl\/product\/microsoft-visio-2019-professional\/#primaryimage","url":"https:\/\/livekaarten.nl\/wp-content\/uploads\/2025\/04\/V19P.jpg","contentUrl":"https:\/\/livekaarten.nl\/wp-content\/uploads\/2025\/04\/V19P.jpg"},{"@type":"BreadcrumbList","@id":"https:\/\/livekaarten.nl\/product\/microsoft-visio-2019-professional\/#breadcrumb","itemListElement":[{"@type":"ListItem","position":1,"name":"Home","item":"https:\/\/livekaarten.nl\/"},{"@type":"ListItem","position":2,"name":"Winkel","item":"https:\/\/livekaarten.nl\/shop\/"},{"@type":"ListItem","position":3,"name":"Microsoft Visio 2019 Professional voor 3 apparaten"}]},{"@type":"WebSite","@id":"https:\/\/livekaarten.nl\/#website","url":"https:\/\/livekaarten.nl\/","name":"Livecards.co.uk","description":"Kaufen Sie Ihr B\u00fcro","potentialAction":[{"@type":"SearchAction","target":{"@type":"EntryPoint","urlTemplate":"https:\/\/livekaarten.nl\/?s={search_term_string}"},"query-input":{"@type":"PropertyValueSpecification","valueRequired":true,"valueName":"search_term_string"}}],"inLanguage":"de"}]}},"_links":{"self":[{"href":"https:\/\/livekaarten.nl\/de\/wp-json\/wp\/v2\/product\/115522","targetHints":{"allow":["GET"]}}],"collection":[{"href":"https:\/\/livekaarten.nl\/de\/wp-json\/wp\/v2\/product"}],"about":[{"href":"https:\/\/livekaarten.nl\/de\/wp-json\/wp\/v2\/types\/product"}],"replies":[{"embeddable":true,"href":"https:\/\/livekaarten.nl\/de\/wp-json\/wp\/v2\/comments?post=115522"}],"wp:featuredmedia":[{"embeddable":true,"href":"https:\/\/livekaarten.nl\/de\/wp-json\/"}],"wp:attachment":[{"href":"https:\/\/livekaarten.nl\/de\/wp-json\/wp\/v2\/media?parent=115522"}],"wp:term":[{"taxonomy":"product_cat","embeddable":true,"href":"https:\/\/livekaarten.nl\/de\/wp-json\/wp\/v2\/product_cat?post=115522"},{"taxonomy":"product_tag","embeddable":true,"href":"https:\/\/livekaarten.nl\/de\/wp-json\/wp\/v2\/product_tag?post=115522"}],"curies":[{"name":"wp","href":"https:\/\/api.w.org\/{rel}","templated":true}]}}