{"id":114187,"date":"2024-12-01T07:42:54","date_gmt":"2024-12-01T05:42:54","guid":{"rendered":"https:\/\/gamecardshop.com\/livecards\/?post_type=product&#038;p=114187"},"modified":"2026-04-20T12:52:50","modified_gmt":"2026-04-20T10:52:50","slug":"microsoft-windows-11-pro-microsoft-project-2024-pro-microsoft-office-2024-pro-plus-microsoft-visio-2024-pro-premium-licentie-voor-3-apparaten","status":"publish","type":"product","link":"https:\/\/livekaarten.nl\/de\/produkt\/microsoft-windows-11-pro-microsoft-project-2024-pro-microsoft-office-2024-pro-plus-microsoft-visio-2024-pro-premium-licentie-voor-3-apparaten\/","title":{"rendered":"Microsoft Windows 11 Professional + Microsoft Project 2024 Professional + Microsoft Office 2024 Professional Plus + Microsoft Visio 2024 Professional Lizenz f\u00fcr 3 Ger\u00e4te"},"content":{"rendered":"<div class=\"product-content\">\n<h2>Microsoft Windows 11 Professional<\/h2>\n<h3>Systemanforderungen<\/h3>\n<ul>\n<li><strong>Prozessor:<\/strong> 1 Gigahertz (GHz) schneller auf einem kompatiblen 64-Bit-Prozessor oder System-on-a-Chip (SoC) mit 2 oder mehr Kernen.<\/li>\n<li><strong>RAM:<\/strong> 4 Gigabyte (GB).<\/li>\n<li><strong>Lagerung:<\/strong> 64 GB gro\u00dfer Speicher. Anmerkung: Weitere Informationen finden Sie weiter unten unter \u201cMehr erfahren \u00fcber Speicherplatz zum Aktualisieren von Windows 11\u201d.<\/li>\n<li><strong>System-Firmware:<\/strong> UEFI, geeignet f\u00fcr sicheren Start.<\/li>\n<li><strong>TPM:<\/strong> Trusted Platform Module (TPM) Version 2.0.<\/li>\n<li><strong>Grafikkarte:<\/strong> Kompatibel mit DirectX 12 oder h\u00f6her mit WDDM 2.0 Treiber.<\/li>\n<li><strong>Anzeige:<\/strong> Hochaufl\u00f6sender (720p) Bildschirm mit einer Diagonale von mehr als 9 Zoll, 8 Bit pro Farbkanal.<\/li>\n<li><strong>Internetverbindung und Microsoft-Konto:<\/strong> Microsoft Windows 11 erfordert eine Internetverbindung und ein Microsoft-Konto, um die Einrichtung des Ger\u00e4ts bei der ersten Verwendung abzuschlie\u00dfen. Um ein Ger\u00e4t aus dem Microsoft Windows 11 Home-Modus zu entfernen, ist ebenfalls eine Internetverbindung erforderlich. F\u00fcr alle Microsoft Windows 11-Editionen ist Internetzugang erforderlich, um Updates durchzuf\u00fchren und bestimmte Funktionen herunterzuladen und zu nutzen. F\u00fcr einige Funktionen ist ein Microsoft-Konto erforderlich.<\/li>\n<\/ul>\n<p>Im Laufe der Zeit k\u00f6nnen zus\u00e4tzliche Anforderungen f\u00fcr Aktualisierungen und Anforderungen zur Aktivierung bestimmter Funktionen des Betriebssystems entstehen.<\/p>\n<hr \/>\n<h3>Zus\u00e4tzlich vereisen f\u00fcr wichtige Funktionen<\/h3>\n<p>F\u00fcr einige Funktionen in Microsoft Windows 11 gelten h\u00f6here Anforderungen als die oben im Abschnitt Mindestanforderungen aufgef\u00fchrten. Weitere Informationen zu den Anforderungen f\u00fcr wichtige Funktionen finden Sie unten:<\/p>\n<ul>\n<li>Die 5G-Unterst\u00fctzung erfordert ein 5G-f\u00e4higes Modem.<\/li>\n<li>F\u00fcr die automatische HDR-Funktion ist ein HDR-Monitor erforderlich.<\/li>\n<li>BitLocker to Go erfordert ein USB-Flash-Laufwerk (verf\u00fcgbar in Windows Pro und h\u00f6heren Editionen).<\/li>\n<li>F\u00fcr den Hyper-V-Client ist ein Prozessor mit SLAT-Funktionen (Second-Level Address Translation) erforderlich (verf\u00fcgbar in Windows Pro und h\u00f6heren Editionen).<\/li>\n<li>Cortana vereist een microfoon en luidspreker en is momenteel beschikbaar in Windows 11 voor Australi\u00eb, Brazili\u00eb, Canada, China, Frankrijk, Duitsland, India, Itali\u00eb, Japan, Mexico, Spanje, het Verenigd Koninkrijk en de Verenigde Staten.<\/li>\n<li>DirectStorage erfordert eine NVMe SSD, um Spiele zu speichern und auszuf\u00fchren, die den Treiber \u201cStandard NVM Express Controller\u201d verwenden, sowie eine DirectX 12 GPU mit Unterst\u00fctzung f\u00fcr Shader Model 6.0.<\/li>\n<li>DirectX 12 Ultimate ist f\u00fcr unterst\u00fctzte Spiele und Grafikchips verf\u00fcgbar.<\/li>\n<li>Anwesenheit erfordert einen Sensor, der die menschliche Distanz zum Ger\u00e4t oder die Absicht zur Interaktion mit dem Ger\u00e4t erkennen kann.<\/li>\n<li>Intelligente Videokonferenzen erfordern eine Videokamera, ein Mikrofon und einen Lautsprecher (Audioausgang).<\/li>\n<li>Der Multiple Voice Assistant (MVA) ben\u00f6tigt ein Mikrofon und einen Lautsprecher.<\/li>\n<li>Snap-Layouts mit drei Spalten erfordern einen Bildschirm mit einer effektiven Breite von 1920 Pixeln oder mehr.<\/li>\n<li>Mute\/Unmute vanuit taakbalk vereist videocamera, microfoon en luidspreker (audio-uitgang). App moet compatibel zijn met de functie om globale mute\/unmute in te schakelen.<\/li>\n<li>Spatial Sound erfordert unterst\u00fctzende Hardware und Software.<\/li>\n<li>Die Teams ben\u00f6tigen eine Videokamera, ein Mikrofon und einen Lautsprecher (Audioausgang).<\/li>\n<li>Touch erfordert einen Bildschirm oder Monitor, der Multi-Touch unterst\u00fctzt.<\/li>\n<li>Die Zwei-Faktor-Authentifizierung erfordert die Verwendung einer PIN, biometrischer Daten (Fingerabdruckleser oder beleuchtete Infrarotkamera) oder eines Telefons mit Wi-Fi- oder Bluetooth-Funktionen.<\/li>\n<li>Voice Typing erfordert einen PC mit Mikrofon.<\/li>\n<li>Wake on Voice erfordert ein Modernes Standby-Strommodell und ein Mikrofon.<\/li>\n<li>Wi-Fi 6E erfordert neue WLAN-IHV-Hardware und -Treiber sowie einen Wi-Fi 6E-f\u00e4higen AP\/Router.<\/li>\n<li>Windows Hello erfordert eine f\u00fcr Nah-Infrarot (IR) konfigurierte Kamera oder einen Fingerabdruckleser f\u00fcr die biometrische Authentifizierung. Ger\u00e4te ohne biometrische Sensoren k\u00f6nnen Windows Hello mit einer PIN oder einem Microsoft-kompatiblen tragbaren Sicherheitsschl\u00fcssel verwenden.<\/li>\n<li>Windows Projection erfordert einen Display-Adapter, der Windows Display Driver Model (WDDM) 2.0 unterst\u00fctzt, und einen Wi-Fi-Adapter, der Wi-Fi Direct unterst\u00fctzt.<\/li>\n<li>Die Xbox (App) erfordert ein Xbox Live-Konto, das nicht in allen Regionen verf\u00fcgbar ist. Die aktuellsten Informationen zur Verf\u00fcgbarkeit finden Sie unter Xbox Live-L\u00e4nder und -Regionen. F\u00fcr einige Funktionen der Xbox App ist ein aktives Xbox Game Pass-Abonnement erforderlich. Mehr Informationen \u00fcber den Pass.<\/li>\n<\/ul>\n<hr \/>\n<h2>Microsoft Project 2024 Professional<\/h2>\n<p>De krachtige Microsoft Project Professional 2024 Edition beschikt over uitgebreide functies en nieuwe interfaces voor MS SharePoint, Project Server en Skype. De software maakt volledig gebruik van de vele voordelen van het Microsoft Windows 10 of 11 besturingssysteem, maar wordt niet ondersteund op oudere Windows-versies. MS Project Professional 2024 richt zich voornamelijk op projectmanagers in bedrijven die hun individuele projecten plannen, beheren, documenteren en later analyseren.<\/p>\n<hr \/>\n<h2>Microsoft Office 2024 Professional Plus<\/h2>\n<p>Microsoft Office-gebruikers die thuis of op kantoor het volledige scala aan toepassingen gebruiken, zitten goed met de Microsoft Office 2024 Professional Plus Edition. Alle belangrijke programma&#8217;s zijn inbegrepen: Word, Excel, Outlook, PowerPoint en Access. OneNote is nu te downloaden in de Windows Store zodat je snel notities kunt maken en deze via de cloud op alle apparaten beschikbaar kunt maken. Vanwege het brede scala aan verschillende programma&#8217;s is deze versie vooral gericht op mensen die thuis werken, in het thuiskantoor, of die op zoek zijn naar een krachtige en betrouwbare oplossing op kantoor om documenten, tabellen en meer te organiseren.<\/p>\n<ul>\n<li><strong>Microsoft Word:<\/strong> Erstellen Sie im Handumdrehen Textdokumente in professioneller Qualit\u00e4t.<\/li>\n<li><strong>Microsoft Excel:<\/strong> Intelligente Tabellenkalkulation f\u00fcr das Informationsmanagement.<\/li>\n<li><strong>Microsoft PowerPoint:<\/strong> Erstellung beeindruckender, dynamischer Pr\u00e4sentationen.<\/li>\n<li><strong>Microsoft OneNote:<\/strong> Ihr digitales Notizbuch.<\/li>\n<li><strong>Microsoft Outlook:<\/strong> Einfach zu kommunizieren.<\/li>\n<li><strong>Microsoft Access:<\/strong> Databaseprogrammering voor browsergebaseerde toepassingen.<\/li>\n<\/ul>\n<p><strong>Wichtiger Hinweis:<\/strong> <strong>Teams<\/strong> ist <strong>NICHT<\/strong> inbegrepen in deze versie van Office.<\/p>\n<hr \/>\n<h2>Microsoft Visio 2024 Professional<\/h2>\n<p>Microsoft Visio Professional 2024 ist die neueste Generation der beliebten Software von Microsoft zum Erstellen und Bearbeiten von Diagrammen und Visualisierungen. Visio Professional eignet sich besonders f\u00fcr Unternehmen, da mehrere Benutzer in einem Team oder einer Abteilung gleichzeitig an Diagrammen arbeiten k\u00f6nnen. Es stehen viele Schnittstellen zur Verf\u00fcgung, um die fertigen Visualisierungen sowohl intern als auch extern mit ausgew\u00e4hlten Personen zu teilen. Microsoft hat intensiv an den Vorlagen und Shapes gearbeitet, die in Visio st\u00e4ndig verwendet werden. Auch die Stile der Diagramme wurden verbessert, um sie visuell eindrucksvoller und gleichzeitig leichter lesbar zu machen. Mit Microsoft Visio Professional 2024 erhalten Sie au\u00dferdem die M\u00f6glichkeit, Daten in Echtzeit in eine bestehende Visualisierung einzugeben.<\/p>\n<\/div>","protected":false},"excerpt":{"rendered":"<ul>\n<li>Lizenz: mit dieser Lizenz kann die Software auf 3 verschiedenen Ger\u00e4ten aktiviert werden, z.B. Heim-PC, Notebook und Arbeits-PC<\/li>\n<li>Lieferung: Download-Link, Produktschl\u00fcssel, Anleitung und Rechnung werden direkt per E-Mail zugestellt.<\/li>\n<li>Version: Vollst\u00e4ndige, unbegrenzte Version von einem zertifizierten Microsoft Gold Partner - lebenslange Geld-zur\u00fcck-Garantie!<\/li>\n<li>Sprachen: Englisch, Spanisch, Italienisch, Deutsch, Franz\u00f6sisch<\/li>\n<li>Support: 24\/7 auf Niederl\u00e4ndisch, Franz\u00f6sisch, Deutsch<\/li>\n<li><strong><span style=\"color: #008000;\">Dieses Produkt ist mit Microsoft Windows kompatibel.<\/span><\/strong><\/li>\n<li><strong><span style=\"color: #ff0000;\">NICHT kompatibel mit Apple macOS\u2122, Android-Ger\u00e4ten und Chromebooks.<\/span><\/strong><\/li>\n<\/ul>","protected":false},"featured_media":114637,"comment_status":"open","ping_status":"closed","template":"","meta":{"rs_blank_template":"","rs_page_bg_color":"","slide_template_v7":""},"product_cat":[137,81,75,129,89],"product_tag":[120,119],"class_list":{"0":"post-114187","1":"product","2":"type-product","3":"status-publish","4":"has-post-thumbnail","6":"product_cat-bestseller","7":"product_cat-combo","8":"product_cat-microsoft-office","9":"product_cat-office-2024","10":"product_cat-windows-11","11":"product_tag-microsoft-windows-11-pro-project-2021-pro-office-2021-pro-visio-2021-standard","12":"product_tag-microsoft-windows-11-pro-project-2021-pro-office-2021-pro-visio-2021-standard-license-for-3-pcs","14":"first","15":"instock","16":"sale","17":"virtual","18":"taxable","19":"purchasable","20":"product-type-simple"},"yoast_head":"<!-- This site is optimized with the Yoast SEO plugin v27.5 - https:\/\/yoast.com\/product\/yoast-seo-wordpress\/ -->\n<title>Microsoft Windows 11 Professional + Microsoft Project 2024 Professional + Microsoft Office 2024 Professional Plus + Microsoft Visio 2024 Professional Premium-licentie voor 3 apparaten<\/title>\n<meta name=\"description\" content=\"With this license the software can be activated on 3 different devices, e.g. home PC, notebook and work PC. Lifetime Replacement Warranty!!!\" \/>\n<meta name=\"robots\" content=\"index, follow, max-snippet:-1, max-image-preview:large, max-video-preview:-1\" \/>\n<link rel=\"canonical\" href=\"https:\/\/livekaarten.nl\/de\/produkt\/microsoft-windows-11-pro-microsoft-project-2024-pro-microsoft-office-2024-pro-plus-microsoft-visio-2024-pro-premium-licentie-voor-3-apparaten\/\" \/>\n<meta property=\"og:locale\" content=\"de_DE\" \/>\n<meta property=\"og:type\" content=\"article\" \/>\n<meta property=\"og:title\" content=\"Microsoft Windows 11 Professional + Microsoft Project 2024 Professional + Microsoft Office 2024 Professional Plus + Microsoft Visio 2024 Professional Premium-licentie voor 3 apparaten\" \/>\n<meta property=\"og:description\" content=\"With this license the software can be activated on 3 different devices, e.g. home PC, notebook and work PC. Lifetime Replacement Warranty!!!\" \/>\n<meta property=\"og:url\" content=\"https:\/\/livekaarten.nl\/de\/produkt\/microsoft-windows-11-pro-microsoft-project-2024-pro-microsoft-office-2024-pro-plus-microsoft-visio-2024-pro-premium-licentie-voor-3-apparaten\/\" \/>\n<meta property=\"og:site_name\" content=\"livekaarten.nl\" \/>\n<meta property=\"article:modified_time\" content=\"2026-04-20T10:52:50+00:00\" \/>\n<meta property=\"og:image\" content=\"https:\/\/livekaarten.nl\/wp-content\/uploads\/2025\/04\/W11P-O24PP-P24P-V24P.jpg\" \/>\n\t<meta property=\"og:image:width\" content=\"1000\" \/>\n\t<meta property=\"og:image:height\" content=\"1500\" \/>\n\t<meta property=\"og:image:type\" content=\"image\/jpeg\" \/>\n<meta name=\"twitter:card\" content=\"summary_large_image\" \/>\n<meta name=\"twitter:label1\" content=\"Gesch\u00e4tzte Lesezeit\" \/>\n\t<meta name=\"twitter:data1\" content=\"5\u00a0Minuten\" \/>\n<script type=\"application\/ld+json\" class=\"yoast-schema-graph\">{\"@context\":\"https:\\\/\\\/schema.org\",\"@graph\":[{\"@type\":\"WebPage\",\"@id\":\"https:\\\/\\\/livekaarten.nl\\\/product\\\/microsoft-windows-11-pro-microsoft-project-2024-pro-microsoft-office-2024-pro-plus-microsoft-visio-2024-pro-premium-licentie-voor-3-apparaten\\\/\",\"url\":\"https:\\\/\\\/livekaarten.nl\\\/product\\\/microsoft-windows-11-pro-microsoft-project-2024-pro-microsoft-office-2024-pro-plus-microsoft-visio-2024-pro-premium-licentie-voor-3-apparaten\\\/\",\"name\":\"Microsoft Windows 11 Professional + Microsoft Project 2024 Professional + Microsoft Office 2024 Professional Plus + Microsoft Visio 2024 Professional Premium-licentie voor 3 apparaten\",\"isPartOf\":{\"@id\":\"https:\\\/\\\/livekaarten.nl\\\/#website\"},\"primaryImageOfPage\":{\"@id\":\"https:\\\/\\\/livekaarten.nl\\\/product\\\/microsoft-windows-11-pro-microsoft-project-2024-pro-microsoft-office-2024-pro-plus-microsoft-visio-2024-pro-premium-licentie-voor-3-apparaten\\\/#primaryimage\"},\"image\":{\"@id\":\"https:\\\/\\\/livekaarten.nl\\\/product\\\/microsoft-windows-11-pro-microsoft-project-2024-pro-microsoft-office-2024-pro-plus-microsoft-visio-2024-pro-premium-licentie-voor-3-apparaten\\\/#primaryimage\"},\"thumbnailUrl\":\"https:\\\/\\\/livekaarten.nl\\\/wp-content\\\/uploads\\\/2025\\\/04\\\/W11P-O24PP-P24P-V24P.jpg\",\"datePublished\":\"2024-12-01T05:42:54+00:00\",\"dateModified\":\"2026-04-20T10:52:50+00:00\",\"description\":\"With this license the software can be activated on 3 different devices, e.g. home PC, notebook and work PC. Lifetime Replacement Warranty!!!\",\"breadcrumb\":{\"@id\":\"https:\\\/\\\/livekaarten.nl\\\/product\\\/microsoft-windows-11-pro-microsoft-project-2024-pro-microsoft-office-2024-pro-plus-microsoft-visio-2024-pro-premium-licentie-voor-3-apparaten\\\/#breadcrumb\"},\"inLanguage\":\"de\",\"potentialAction\":[{\"@type\":\"ReadAction\",\"target\":[\"https:\\\/\\\/livekaarten.nl\\\/product\\\/microsoft-windows-11-pro-microsoft-project-2024-pro-microsoft-office-2024-pro-plus-microsoft-visio-2024-pro-premium-licentie-voor-3-apparaten\\\/\"]}]},{\"@type\":\"ImageObject\",\"inLanguage\":\"de\",\"@id\":\"https:\\\/\\\/livekaarten.nl\\\/product\\\/microsoft-windows-11-pro-microsoft-project-2024-pro-microsoft-office-2024-pro-plus-microsoft-visio-2024-pro-premium-licentie-voor-3-apparaten\\\/#primaryimage\",\"url\":\"https:\\\/\\\/livekaarten.nl\\\/wp-content\\\/uploads\\\/2025\\\/04\\\/W11P-O24PP-P24P-V24P.jpg\",\"contentUrl\":\"https:\\\/\\\/livekaarten.nl\\\/wp-content\\\/uploads\\\/2025\\\/04\\\/W11P-O24PP-P24P-V24P.jpg\",\"width\":1000,\"height\":1500},{\"@type\":\"BreadcrumbList\",\"@id\":\"https:\\\/\\\/livekaarten.nl\\\/product\\\/microsoft-windows-11-pro-microsoft-project-2024-pro-microsoft-office-2024-pro-plus-microsoft-visio-2024-pro-premium-licentie-voor-3-apparaten\\\/#breadcrumb\",\"itemListElement\":[{\"@type\":\"ListItem\",\"position\":1,\"name\":\"Home\",\"item\":\"https:\\\/\\\/livekaarten.nl\\\/\"},{\"@type\":\"ListItem\",\"position\":2,\"name\":\"Winkel\",\"item\":\"https:\\\/\\\/livekaarten.nl\\\/shop\\\/\"},{\"@type\":\"ListItem\",\"position\":3,\"name\":\"Microsoft Windows 11 Professional + Microsoft Project 2024 Professional + Microsoft Office 2024 Professional Plus + Microsoft Visio 2024 Professional Premium-licentie voor 3 apparaten\"}]},{\"@type\":\"WebSite\",\"@id\":\"https:\\\/\\\/livekaarten.nl\\\/#website\",\"url\":\"https:\\\/\\\/livekaarten.nl\\\/\",\"name\":\"Livekaarten.nl\",\"description\":\"Koop uw kantoor\",\"potentialAction\":[{\"@type\":\"SearchAction\",\"target\":{\"@type\":\"EntryPoint\",\"urlTemplate\":\"https:\\\/\\\/livekaarten.nl\\\/?s={search_term_string}\"},\"query-input\":{\"@type\":\"PropertyValueSpecification\",\"valueRequired\":true,\"valueName\":\"search_term_string\"}}],\"inLanguage\":\"de\"}]}<\/script>\n<!-- \/ Yoast SEO plugin. -->","yoast_head_json":{"title":"Microsoft Windows 11 Professional + Microsoft Project 2024 Professional + Microsoft Office 2024 Professional Plus + Microsoft Visio 2024 Professional Premium-licentie voor 3 apparaten","description":"With this license the software can be activated on 3 different devices, e.g. home PC, notebook and work PC. Lifetime Replacement Warranty!!!","robots":{"index":"index","follow":"follow","max-snippet":"max-snippet:-1","max-image-preview":"max-image-preview:large","max-video-preview":"max-video-preview:-1"},"canonical":"https:\/\/livekaarten.nl\/de\/produkt\/microsoft-windows-11-pro-microsoft-project-2024-pro-microsoft-office-2024-pro-plus-microsoft-visio-2024-pro-premium-licentie-voor-3-apparaten\/","og_locale":"de_DE","og_type":"article","og_title":"Microsoft Windows 11 Professional + Microsoft Project 2024 Professional + Microsoft Office 2024 Professional Plus + Microsoft Visio 2024 Professional Premium-licentie voor 3 apparaten","og_description":"With this license the software can be activated on 3 different devices, e.g. home PC, notebook and work PC. Lifetime Replacement Warranty!!!","og_url":"https:\/\/livekaarten.nl\/de\/produkt\/microsoft-windows-11-pro-microsoft-project-2024-pro-microsoft-office-2024-pro-plus-microsoft-visio-2024-pro-premium-licentie-voor-3-apparaten\/","og_site_name":"livekaarten.nl","article_modified_time":"2026-04-20T10:52:50+00:00","og_image":[{"width":1000,"height":1500,"url":"https:\/\/livekaarten.nl\/wp-content\/uploads\/2025\/04\/W11P-O24PP-P24P-V24P.jpg","type":"image\/jpeg"}],"twitter_card":"summary_large_image","twitter_misc":{"Gesch\u00e4tzte Lesezeit":"5\u00a0Minuten"},"schema":{"@context":"https:\/\/schema.org","@graph":[{"@type":"WebPage","@id":"https:\/\/livekaarten.nl\/product\/microsoft-windows-11-pro-microsoft-project-2024-pro-microsoft-office-2024-pro-plus-microsoft-visio-2024-pro-premium-licentie-voor-3-apparaten\/","url":"https:\/\/livekaarten.nl\/product\/microsoft-windows-11-pro-microsoft-project-2024-pro-microsoft-office-2024-pro-plus-microsoft-visio-2024-pro-premium-licentie-voor-3-apparaten\/","name":"Microsoft Windows 11 Professional + Microsoft Project 2024 Professional + Microsoft Office 2024 Professional Plus + Microsoft Visio 2024 Professional Premium-licentie voor 3 apparaten","isPartOf":{"@id":"https:\/\/livekaarten.nl\/#website"},"primaryImageOfPage":{"@id":"https:\/\/livekaarten.nl\/product\/microsoft-windows-11-pro-microsoft-project-2024-pro-microsoft-office-2024-pro-plus-microsoft-visio-2024-pro-premium-licentie-voor-3-apparaten\/#primaryimage"},"image":{"@id":"https:\/\/livekaarten.nl\/product\/microsoft-windows-11-pro-microsoft-project-2024-pro-microsoft-office-2024-pro-plus-microsoft-visio-2024-pro-premium-licentie-voor-3-apparaten\/#primaryimage"},"thumbnailUrl":"https:\/\/livekaarten.nl\/wp-content\/uploads\/2025\/04\/W11P-O24PP-P24P-V24P.jpg","datePublished":"2024-12-01T05:42:54+00:00","dateModified":"2026-04-20T10:52:50+00:00","description":"With this license the software can be activated on 3 different devices, e.g. home PC, notebook and work PC. Lifetime Replacement Warranty!!!","breadcrumb":{"@id":"https:\/\/livekaarten.nl\/product\/microsoft-windows-11-pro-microsoft-project-2024-pro-microsoft-office-2024-pro-plus-microsoft-visio-2024-pro-premium-licentie-voor-3-apparaten\/#breadcrumb"},"inLanguage":"de","potentialAction":[{"@type":"ReadAction","target":["https:\/\/livekaarten.nl\/product\/microsoft-windows-11-pro-microsoft-project-2024-pro-microsoft-office-2024-pro-plus-microsoft-visio-2024-pro-premium-licentie-voor-3-apparaten\/"]}]},{"@type":"ImageObject","inLanguage":"de","@id":"https:\/\/livekaarten.nl\/product\/microsoft-windows-11-pro-microsoft-project-2024-pro-microsoft-office-2024-pro-plus-microsoft-visio-2024-pro-premium-licentie-voor-3-apparaten\/#primaryimage","url":"https:\/\/livekaarten.nl\/wp-content\/uploads\/2025\/04\/W11P-O24PP-P24P-V24P.jpg","contentUrl":"https:\/\/livekaarten.nl\/wp-content\/uploads\/2025\/04\/W11P-O24PP-P24P-V24P.jpg","width":1000,"height":1500},{"@type":"BreadcrumbList","@id":"https:\/\/livekaarten.nl\/product\/microsoft-windows-11-pro-microsoft-project-2024-pro-microsoft-office-2024-pro-plus-microsoft-visio-2024-pro-premium-licentie-voor-3-apparaten\/#breadcrumb","itemListElement":[{"@type":"ListItem","position":1,"name":"Home","item":"https:\/\/livekaarten.nl\/"},{"@type":"ListItem","position":2,"name":"Winkel","item":"https:\/\/livekaarten.nl\/shop\/"},{"@type":"ListItem","position":3,"name":"Microsoft Windows 11 Professional + Microsoft Project 2024 Professional + Microsoft Office 2024 Professional Plus + Microsoft Visio 2024 Professional Premium-licentie voor 3 apparaten"}]},{"@type":"WebSite","@id":"https:\/\/livekaarten.nl\/#website","url":"https:\/\/livekaarten.nl\/","name":"Livecards.co.uk","description":"Kaufen Sie Ihr B\u00fcro","potentialAction":[{"@type":"SearchAction","target":{"@type":"EntryPoint","urlTemplate":"https:\/\/livekaarten.nl\/?s={search_term_string}"},"query-input":{"@type":"PropertyValueSpecification","valueRequired":true,"valueName":"search_term_string"}}],"inLanguage":"de"}]}},"_links":{"self":[{"href":"https:\/\/livekaarten.nl\/de\/wp-json\/wp\/v2\/product\/114187","targetHints":{"allow":["GET"]}}],"collection":[{"href":"https:\/\/livekaarten.nl\/de\/wp-json\/wp\/v2\/product"}],"about":[{"href":"https:\/\/livekaarten.nl\/de\/wp-json\/wp\/v2\/types\/product"}],"replies":[{"embeddable":true,"href":"https:\/\/livekaarten.nl\/de\/wp-json\/wp\/v2\/comments?post=114187"}],"wp:featuredmedia":[{"embeddable":true,"href":"https:\/\/livekaarten.nl\/de\/wp-json\/wp\/v2\/media\/114637"}],"wp:attachment":[{"href":"https:\/\/livekaarten.nl\/de\/wp-json\/wp\/v2\/media?parent=114187"}],"wp:term":[{"taxonomy":"product_cat","embeddable":true,"href":"https:\/\/livekaarten.nl\/de\/wp-json\/wp\/v2\/product_cat?post=114187"},{"taxonomy":"product_tag","embeddable":true,"href":"https:\/\/livekaarten.nl\/de\/wp-json\/wp\/v2\/product_tag?post=114187"}],"curies":[{"name":"wp","href":"https:\/\/api.w.org\/{rel}","templated":true}]}}