{"id":114083,"date":"2024-11-03T18:31:41","date_gmt":"2024-11-03T16:31:41","guid":{"rendered":"https:\/\/gamecardshop.com\/livecards\/?post_type=product&#038;p=114083"},"modified":"2026-04-03T12:03:41","modified_gmt":"2026-04-03T10:03:41","slug":"microsoft-windows-11-professional-microsoft-project-2024-professional-licentie-voor-3","status":"publish","type":"product","link":"https:\/\/livekaarten.nl\/de\/produkt\/microsoft-windows-11-professional-microsoft-project-2024-professional-licentie-voor-3\/","title":{"rendered":"Microsoft Windows 11 Professional + Microsoft Project 2024 Professional Lizenz f\u00fcr 3 Ger\u00e4te"},"content":{"rendered":"<div id=\"coreui-banner-l03vzh8\" data-m=\"{&quot;cN&quot;:&quot;R2Banner 1&quot;,&quot;cT&quot;:&quot;Module_coreui-banner&quot;,&quot;id&quot;:&quot;m1r2a2&quot;,&quot;sN&quot;:1,&quot;aN&quot;:&quot;r2a2&quot;}\" data-module-id=\"WDG-Microsoft Windows|primaryR2|coreui-region|coreui-banner-l03vzh8|coreui-banner\">\n<div class=\"m-banner f-align-left\" data-grid=\"col-12\">\n<h2>Microsoft Windows 11 Professional Lizenz f\u00fcr 3 PCs<\/h2>\n<p><strong>Mit dieser Lizenz kann die Software auf 3 verschiedenen Ger\u00e4ten aktiviert werden, z. B. auf einem Heim-PC, einem Laptop und einem Arbeits-PC.<\/strong><\/p>\n<p><strong>30 Tage volle R\u00fcckerstattung - lebenslange Ersatzgarantie!<\/strong><\/p>\n<p class=\"c-heading-3\">Systemanforderungen:<\/p>\n<\/div>\n<\/div>\n<hr class=\"c-divider f-pad-top-3x\" data-grid=\"col-12\" \/>\n<div id=\"coreui-contentrichblock-o5iouct\" data-m=\"{&quot;cN&quot;:&quot;R2ContentRichBlock 1&quot;,&quot;cT&quot;:&quot;Module_coreui-contentrichblock&quot;,&quot;id&quot;:&quot;m3r2a2&quot;,&quot;sN&quot;:3,&quot;aN&quot;:&quot;r2a2&quot;}\" data-module-id=\"WDG-Microsoft Windows|primaryR2|coreui-region|coreui-contentrichblock-o5iouct|coreui-contentrichblock\">\n<div class=\"m-rich-content-block context-ucx\" data-grid=\"col-12\">\n<p>Stellen Sie sicher, dass Sie f\u00fcr das neueste und beste Betriebssystem von Microsoft bereit sind!<\/p>\n<p>Dies sind die Mindestanforderungen f\u00fcr die Installation von Microsoft Windows 11 auf einem PC. Wenn Ihr Ger\u00e4t diese Anforderungen nicht erf\u00fcllt, k\u00f6nnen Sie Windows 11 m\u00f6glicherweise nicht installieren, und es wird empfohlen, dass Sie einen neuen PC kaufen. Sind Sie nicht sicher, ob Ihr PC die Anforderungen erf\u00fcllt? Wenden Sie sich an den Hersteller (OEM) oder verwenden Sie die App PC Health Check, wenn Sie bereits Windows 10 haben (<a href=\"https:\/\/aka.ms\/GetPCHealthCheckApp\" target=\"_self\" rel=\"noopener\"><b>jetzt herunterladen<\/b><\/a>).<\/p>\n<\/div>\n<div id=\"coreui-tablev2-62jrfm3\" data-m=\"{&quot;cN&quot;:&quot;R2TableV2 1&quot;,&quot;cT&quot;:&quot;Module_coreui-tablev2&quot;,&quot;id&quot;:&quot;m4r2a2&quot;,&quot;sN&quot;:4,&quot;aN&quot;:&quot;r2a2&quot;}\" data-module-id=\"WDG-Microsoft Windows|primaryR2|coreui-region|coreui-tablev2-62jrfm3|coreui-tablev2\">\n<div class=\"m-table\">\n<div class=\"c-table\">\n<table>\n<thead>\n<tr>\n<th><\/th>\n<th><\/th>\n<\/tr>\n<\/thead>\n<tbody>\n<tr>\n<td><strong>Prozessor:<\/strong><\/td>\n<td>1 Gigahertz (GHz) oder schneller mit 2 oder mehr Kernen auf einem kompatiblen 64-Bit-Prozessor oder SoC (System on a Chip).<\/td>\n<\/tr>\n<tr>\n<td><strong>RAM:<\/strong><\/td>\n<td>4 Gigabyte (GB)<\/td>\n<\/tr>\n<tr>\n<td><strong>Lagerung:<\/strong><\/td>\n<td>64 GB oder mehr<br \/>\n<em>Bemerkung:<\/em> Weitere Informationen finden Sie weiter unten unter \u201cWeitere Informationen zu den Speicheranforderungen, um Windows 11 auf dem neuesten Stand zu halten\u201d.<\/td>\n<\/tr>\n<tr>\n<td><strong>System-Firmware:<\/strong><\/td>\n<td>UEFI, geeignet f\u00fcr Secure Boot<\/td>\n<\/tr>\n<tr>\n<td><strong>TPM:<\/strong><\/td>\n<td>Vertrauensw\u00fcrdiges Plattformmodul (TPM) Version 2.0<\/td>\n<\/tr>\n<tr>\n<td><strong>Grafikkarte:<\/strong><\/td>\n<td>Kompatibel mit DirectX 12 oder h\u00f6her mit WDDM 2.0 Treiber<\/td>\n<\/tr>\n<tr>\n<td><strong>Anzeige:<\/strong><\/td>\n<td>HD-Display (720p) mit einer Diagonale von mehr als 9\u2033, 8 Bit pro Farbkanal<\/td>\n<\/tr>\n<tr>\n<td><strong>Internetverbindung und Microsoft-Konto:<\/strong><\/td>\n<td>Alle Editionen von Microsoft Windows 11 erfordern eine Internetverbindung, um Updates durchzuf\u00fchren und bestimmte Funktionen herunterzuladen und zu nutzen. F\u00fcr einige Funktionen ist ein Microsoft-Konto erforderlich.<\/td>\n<\/tr>\n<\/tbody>\n<\/table>\n<\/div>\n<\/div>\n<\/div>\n<\/div>\n<div id=\"primaryR3\" data-grid=\"container\" data-region-key=\"primaryr3\">\n<div class=\"m-rich-content-block context-ucx\" data-grid=\"col-12\">\n<h2>Microsoft Project 2024 Professional Plus Lizenz f\u00fcr 3 PCs<\/h2>\n<p><strong>Mit dieser Lizenz kann die Software auf 3 verschiedenen Ger\u00e4ten aktiviert werden, z.B. auf einem Heim-PC, einem Notebook und einem Arbeits-PC.<\/strong><br \/>\n<strong>30 Tage volle R\u00fcckerstattung - lebenslange Ersatzgarantie!!!<\/strong><\/p>\n<p>Microsoft Project 2024 bietet neue Funktionen und Erweiterungen, die es Teams erm\u00f6glichen, ihre Arbeit noch effektiver zu organisieren, Aufgaben zu verwalten und Budgets und Ressourcen zu planen. Diese neue Version enth\u00e4lt wichtige Neuerungen, von denen sowohl Anf\u00e4nger als auch Profis profitieren, die an Projekten jeglicher Komplexit\u00e4t arbeiten:<\/p>\n<ul>\n<li>Neue, intuitive und anpassbare Benutzeroberfl\u00e4che mit verbesserter Navigation und flexibler Datenanzeige<\/li>\n<li>Voreingestellte Vorlagen helfen Ihnen, Ihr Projekt schnell zu starten<\/li>\n<li>Synchronisierung mit Project Online und Project Server f\u00fcr Integration und Ressourcenmanagement<\/li>\n<li>Was-w\u00e4re-wenn-Szenarien helfen bei der Optimierung der Aufgabenverteilung durch Simulationen<\/li>\n<li>Automatischer Abschluss von Start- und Endterminen auf der Grundlage von Abh\u00e4ngigkeiten f\u00fcr eine bessere Planung<\/li>\n<li>Verwendung mehrerer Zeitleisten f\u00fcr eine klare visuelle Darstellung komplexer Zeitpl\u00e4ne<\/li>\n<li>Neue Funktionen f\u00fcr die Datenvisualisierung und -analyse, mit einfachem Wechsel zwischen Anzeigemodi wie Kanban und Scrumboard<\/li>\n<li>Unterst\u00fctzung von Agile, Scrum, Waterfall und hybriden Methoden, so dass die Benutzer Elemente verschiedener Arbeitsweisen kombinieren k\u00f6nnen<\/li>\n<\/ul>\n<p><strong>Support:<\/strong> Haben Sie Fragen? Sie k\u00f6nnen sich an <a href=\"mailto:info@livekaarten.nl\" rel=\"noopener\">Kontaktaufnahme per E-Mail<\/a>. Unser Kundendienst ist 24\/7 erreichbar.<\/p>\n<\/div>\n<\/div>","protected":false},"excerpt":{"rendered":"<ul>\n<li>Microsoft Windows 11 Professional Lizenz f\u00fcr 3 PCs<\/li>\n<li>Microsoft Project 2024 Professional Lizenz f\u00fcr 3 PCs<\/li>\n<li><strong>Mit dieser Lizenz kann die Software auf 3 verschiedenen Ger\u00e4ten aktiviert werden<\/strong>, z.B. Heim-PC, Notebook und Arbeits-PC<\/li>\n<li><strong>30 Tage volle R\u00fcckerstattung - lebenslange Ersatzgarantie!!!<\/strong><\/li>\n<li>Version f\u00fcr 64-Bit-Systeme<\/li>\n<li>Lieferung per E-Mail: Produktschl\u00fcssel, Handbuch, Download-Links und Rechnung<\/li>\n<li>Sofortiger Download!<\/li>\n<li>Keine zeitliche Begrenzung, kein Abonnement<\/li>\n<li>Kostenlose Unterst\u00fctzung bei der Installation und Aktivierung<\/li>\n<li>Keine Lieferung auf physischen Datentr\u00e4gern (USB, CD, usw.)<\/li>\n<li>Aktivierung online oder per Telefon<\/li>\n<li>F\u00fcr Microsoft Windows<\/li>\n<li><span style=\"color: #339966;\"><strong>Dieses Produkt ist mit Windows kompatibel.<\/strong><\/span><\/li>\n<li><span style=\"color: #ff0000;\"><strong>NICHT kompatibel mit Apple macOS\u2122, Android-Ger\u00e4ten oder Chromebooks.<\/strong><\/span><\/li>\n<\/ul>","protected":false},"featured_media":114635,"comment_status":"closed","ping_status":"closed","template":"","meta":[],"product_cat":[137,75,136],"product_tag":[79,84],"class_list":{"0":"post-114083","1":"product","2":"type-product","3":"status-publish","4":"has-post-thumbnail","6":"product_cat-bestseller","7":"product_cat-microsoft-office","8":"product_cat-project","9":"product_tag-ms-office","10":"product_tag-office","12":"first","13":"instock","14":"sale","15":"virtual","16":"taxable","17":"purchasable","18":"product-type-simple"},"yoast_head":"<!-- This site is optimized with the Yoast SEO plugin v27.3 - https:\/\/yoast.com\/product\/yoast-seo-wordpress\/ -->\n<title>Microsoft Windows 11 Professional + Microsoft Project 2024 Professional Licentie voor 3 apparaten | livekaarten.nl<\/title>\n<meta name=\"robots\" content=\"index, follow, max-snippet:-1, max-image-preview:large, max-video-preview:-1\" \/>\n<link rel=\"canonical\" href=\"https:\/\/livekaarten.nl\/de\/produkt\/microsoft-windows-11-professional-microsoft-project-2024-professional-licentie-voor-3\/\" \/>\n<meta property=\"og:locale\" content=\"de_DE\" \/>\n<meta property=\"og:type\" content=\"article\" \/>\n<meta property=\"og:title\" content=\"Microsoft Windows 11 Professional + Microsoft Project 2024 Professional Licentie voor 3 apparaten | livekaarten.nl\" \/>\n<meta property=\"og:description\" content=\"Microsoft Windows 11 Professional-licentie voor 3 pc\u2019s  Microsoft Project 2024 Professional-licentie voor 3 pc\u2019s  Met deze licentie kan de software op 3 verschillende apparaten worden geactiveerd, bijvoorbeeld thuis-pc, notebook en werk-pc  30 dagen volledige terugbetaling \u2013 levenslange vervangingsgarantie!!!  Versie voor 64-bits systemen  Levering per e-mail: productsleutel, handleiding, downloadlinks en factuur  Directe download!  Geen tijdslimiet, geen abonnement  Gratis ondersteuning bij installatie en activering  Geen levering op fysieke dragers (USB, cd, enz.)  Activering online of telefonisch  Voor Microsoft Windows  Dit product is compatibel met Windows.  NIET compatibel met Apple macOS\u2122, Android-apparaten of Chromebooks.\" \/>\n<meta property=\"og:url\" content=\"https:\/\/livekaarten.nl\/de\/produkt\/microsoft-windows-11-professional-microsoft-project-2024-professional-licentie-voor-3\/\" \/>\n<meta property=\"og:site_name\" content=\"livekaarten.nl\" \/>\n<meta property=\"article:modified_time\" content=\"2026-04-03T10:03:41+00:00\" \/>\n<meta property=\"og:image\" content=\"https:\/\/livekaarten.nl\/wp-content\/uploads\/2025\/04\/W11PP24P.jpg\" \/>\n\t<meta property=\"og:image:width\" content=\"1000\" \/>\n\t<meta property=\"og:image:height\" content=\"1500\" \/>\n\t<meta property=\"og:image:type\" content=\"image\/jpeg\" \/>\n<meta name=\"twitter:card\" content=\"summary_large_image\" \/>\n<meta name=\"twitter:label1\" content=\"Gesch\u00e4tzte Lesezeit\" \/>\n\t<meta name=\"twitter:data1\" content=\"3\u00a0Minuten\" \/>\n<script type=\"application\/ld+json\" class=\"yoast-schema-graph\">{\"@context\":\"https:\\\/\\\/schema.org\",\"@graph\":[{\"@type\":\"WebPage\",\"@id\":\"https:\\\/\\\/livekaarten.nl\\\/product\\\/microsoft-windows-11-professional-microsoft-project-2024-professional-licentie-voor-3\\\/\",\"url\":\"https:\\\/\\\/livekaarten.nl\\\/product\\\/microsoft-windows-11-professional-microsoft-project-2024-professional-licentie-voor-3\\\/\",\"name\":\"Microsoft Windows 11 Professional + Microsoft Project 2024 Professional Licentie voor 3 apparaten | livekaarten.nl\",\"isPartOf\":{\"@id\":\"https:\\\/\\\/livekaarten.nl\\\/#website\"},\"primaryImageOfPage\":{\"@id\":\"https:\\\/\\\/livekaarten.nl\\\/product\\\/microsoft-windows-11-professional-microsoft-project-2024-professional-licentie-voor-3\\\/#primaryimage\"},\"image\":{\"@id\":\"https:\\\/\\\/livekaarten.nl\\\/product\\\/microsoft-windows-11-professional-microsoft-project-2024-professional-licentie-voor-3\\\/#primaryimage\"},\"thumbnailUrl\":\"https:\\\/\\\/livekaarten.nl\\\/wp-content\\\/uploads\\\/2025\\\/04\\\/W11PP24P.jpg\",\"datePublished\":\"2024-11-03T16:31:41+00:00\",\"dateModified\":\"2026-04-03T10:03:41+00:00\",\"breadcrumb\":{\"@id\":\"https:\\\/\\\/livekaarten.nl\\\/product\\\/microsoft-windows-11-professional-microsoft-project-2024-professional-licentie-voor-3\\\/#breadcrumb\"},\"inLanguage\":\"de\",\"potentialAction\":[{\"@type\":\"ReadAction\",\"target\":[\"https:\\\/\\\/livekaarten.nl\\\/product\\\/microsoft-windows-11-professional-microsoft-project-2024-professional-licentie-voor-3\\\/\"]}]},{\"@type\":\"ImageObject\",\"inLanguage\":\"de\",\"@id\":\"https:\\\/\\\/livekaarten.nl\\\/product\\\/microsoft-windows-11-professional-microsoft-project-2024-professional-licentie-voor-3\\\/#primaryimage\",\"url\":\"https:\\\/\\\/livekaarten.nl\\\/wp-content\\\/uploads\\\/2025\\\/04\\\/W11PP24P.jpg\",\"contentUrl\":\"https:\\\/\\\/livekaarten.nl\\\/wp-content\\\/uploads\\\/2025\\\/04\\\/W11PP24P.jpg\",\"width\":1000,\"height\":1500},{\"@type\":\"BreadcrumbList\",\"@id\":\"https:\\\/\\\/livekaarten.nl\\\/product\\\/microsoft-windows-11-professional-microsoft-project-2024-professional-licentie-voor-3\\\/#breadcrumb\",\"itemListElement\":[{\"@type\":\"ListItem\",\"position\":1,\"name\":\"Home\",\"item\":\"https:\\\/\\\/livekaarten.nl\\\/\"},{\"@type\":\"ListItem\",\"position\":2,\"name\":\"Winkel\",\"item\":\"https:\\\/\\\/livekaarten.nl\\\/shop\\\/\"},{\"@type\":\"ListItem\",\"position\":3,\"name\":\"Microsoft Windows 11 Professional + Microsoft Project 2024 Professional Licentie voor 3 apparaten\"}]},{\"@type\":\"WebSite\",\"@id\":\"https:\\\/\\\/livekaarten.nl\\\/#website\",\"url\":\"https:\\\/\\\/livekaarten.nl\\\/\",\"name\":\"Livekaarten.nl\",\"description\":\"Koop uw kantoor\",\"potentialAction\":[{\"@type\":\"SearchAction\",\"target\":{\"@type\":\"EntryPoint\",\"urlTemplate\":\"https:\\\/\\\/livekaarten.nl\\\/?s={search_term_string}\"},\"query-input\":{\"@type\":\"PropertyValueSpecification\",\"valueRequired\":true,\"valueName\":\"search_term_string\"}}],\"inLanguage\":\"de\"}]}<\/script>\n<!-- \/ Yoast SEO plugin. -->","yoast_head_json":{"title":"Microsoft Windows 11 Professional + Microsoft Project 2024 Professional Lizenz f\u00fcr 3 Ger\u00e4te | livekaarten.nl","robots":{"index":"index","follow":"follow","max-snippet":"max-snippet:-1","max-image-preview":"max-image-preview:large","max-video-preview":"max-video-preview:-1"},"canonical":"https:\/\/livekaarten.nl\/de\/produkt\/microsoft-windows-11-professional-microsoft-project-2024-professional-licentie-voor-3\/","og_locale":"de_DE","og_type":"article","og_title":"Microsoft Windows 11 Professional + Microsoft Project 2024 Professional Licentie voor 3 apparaten | livekaarten.nl","og_description":"Microsoft Windows 11 Professional-licentie voor 3 pc\u2019s  Microsoft Project 2024 Professional-licentie voor 3 pc\u2019s  Met deze licentie kan de software op 3 verschillende apparaten worden geactiveerd, bijvoorbeeld thuis-pc, notebook en werk-pc  30 dagen volledige terugbetaling \u2013 levenslange vervangingsgarantie!!!  Versie voor 64-bits systemen  Levering per e-mail: productsleutel, handleiding, downloadlinks en factuur  Directe download!  Geen tijdslimiet, geen abonnement  Gratis ondersteuning bij installatie en activering  Geen levering op fysieke dragers (USB, cd, enz.)  Activering online of telefonisch  Voor Microsoft Windows  Dit product is compatibel met Windows.  NIET compatibel met Apple macOS\u2122, Android-apparaten of Chromebooks.","og_url":"https:\/\/livekaarten.nl\/de\/produkt\/microsoft-windows-11-professional-microsoft-project-2024-professional-licentie-voor-3\/","og_site_name":"livekaarten.nl","article_modified_time":"2026-04-03T10:03:41+00:00","og_image":[{"width":1000,"height":1500,"url":"https:\/\/livekaarten.nl\/wp-content\/uploads\/2025\/04\/W11PP24P.jpg","type":"image\/jpeg"}],"twitter_card":"summary_large_image","twitter_misc":{"Gesch\u00e4tzte Lesezeit":"3\u00a0Minuten"},"schema":{"@context":"https:\/\/schema.org","@graph":[{"@type":"WebPage","@id":"https:\/\/livekaarten.nl\/product\/microsoft-windows-11-professional-microsoft-project-2024-professional-licentie-voor-3\/","url":"https:\/\/livekaarten.nl\/product\/microsoft-windows-11-professional-microsoft-project-2024-professional-licentie-voor-3\/","name":"Microsoft Windows 11 Professional + Microsoft Project 2024 Professional Lizenz f\u00fcr 3 Ger\u00e4te | livekaarten.nl","isPartOf":{"@id":"https:\/\/livekaarten.nl\/#website"},"primaryImageOfPage":{"@id":"https:\/\/livekaarten.nl\/product\/microsoft-windows-11-professional-microsoft-project-2024-professional-licentie-voor-3\/#primaryimage"},"image":{"@id":"https:\/\/livekaarten.nl\/product\/microsoft-windows-11-professional-microsoft-project-2024-professional-licentie-voor-3\/#primaryimage"},"thumbnailUrl":"https:\/\/livekaarten.nl\/wp-content\/uploads\/2025\/04\/W11PP24P.jpg","datePublished":"2024-11-03T16:31:41+00:00","dateModified":"2026-04-03T10:03:41+00:00","breadcrumb":{"@id":"https:\/\/livekaarten.nl\/product\/microsoft-windows-11-professional-microsoft-project-2024-professional-licentie-voor-3\/#breadcrumb"},"inLanguage":"de","potentialAction":[{"@type":"ReadAction","target":["https:\/\/livekaarten.nl\/product\/microsoft-windows-11-professional-microsoft-project-2024-professional-licentie-voor-3\/"]}]},{"@type":"ImageObject","inLanguage":"de","@id":"https:\/\/livekaarten.nl\/product\/microsoft-windows-11-professional-microsoft-project-2024-professional-licentie-voor-3\/#primaryimage","url":"https:\/\/livekaarten.nl\/wp-content\/uploads\/2025\/04\/W11PP24P.jpg","contentUrl":"https:\/\/livekaarten.nl\/wp-content\/uploads\/2025\/04\/W11PP24P.jpg","width":1000,"height":1500},{"@type":"BreadcrumbList","@id":"https:\/\/livekaarten.nl\/product\/microsoft-windows-11-professional-microsoft-project-2024-professional-licentie-voor-3\/#breadcrumb","itemListElement":[{"@type":"ListItem","position":1,"name":"Home","item":"https:\/\/livekaarten.nl\/"},{"@type":"ListItem","position":2,"name":"Winkel","item":"https:\/\/livekaarten.nl\/shop\/"},{"@type":"ListItem","position":3,"name":"Microsoft Windows 11 Professional + Microsoft Project 2024 Professional Licentie voor 3 apparaten"}]},{"@type":"WebSite","@id":"https:\/\/livekaarten.nl\/#website","url":"https:\/\/livekaarten.nl\/","name":"Livecards.co.uk","description":"Kaufen Sie Ihr B\u00fcro","potentialAction":[{"@type":"SearchAction","target":{"@type":"EntryPoint","urlTemplate":"https:\/\/livekaarten.nl\/?s={search_term_string}"},"query-input":{"@type":"PropertyValueSpecification","valueRequired":true,"valueName":"search_term_string"}}],"inLanguage":"de"}]}},"_links":{"self":[{"href":"https:\/\/livekaarten.nl\/de\/wp-json\/wp\/v2\/product\/114083","targetHints":{"allow":["GET"]}}],"collection":[{"href":"https:\/\/livekaarten.nl\/de\/wp-json\/wp\/v2\/product"}],"about":[{"href":"https:\/\/livekaarten.nl\/de\/wp-json\/wp\/v2\/types\/product"}],"replies":[{"embeddable":true,"href":"https:\/\/livekaarten.nl\/de\/wp-json\/wp\/v2\/comments?post=114083"}],"wp:featuredmedia":[{"embeddable":true,"href":"https:\/\/livekaarten.nl\/de\/wp-json\/wp\/v2\/media\/114635"}],"wp:attachment":[{"href":"https:\/\/livekaarten.nl\/de\/wp-json\/wp\/v2\/media?parent=114083"}],"wp:term":[{"taxonomy":"product_cat","embeddable":true,"href":"https:\/\/livekaarten.nl\/de\/wp-json\/wp\/v2\/product_cat?post=114083"},{"taxonomy":"product_tag","embeddable":true,"href":"https:\/\/livekaarten.nl\/de\/wp-json\/wp\/v2\/product_tag?post=114083"}],"curies":[{"name":"wp","href":"https:\/\/api.w.org\/{rel}","templated":true}]}}