{"id":114082,"date":"2024-11-03T18:31:40","date_gmt":"2024-11-03T16:31:40","guid":{"rendered":"https:\/\/gamecardshop.com\/livecards\/?post_type=product&#038;p=114082"},"modified":"2026-04-03T12:03:41","modified_gmt":"2026-04-03T10:03:41","slug":"microsoft-windows-11-professional-microsoft-visio-2024-professional-lizenz-fur-3-pc","status":"publish","type":"product","link":"https:\/\/livekaarten.nl\/de\/produkt\/microsoft-windows-11-professional-microsoft-visio-2024-professional-lizenz-fur-3-pc\/","title":{"rendered":"Microsoft Windows 11 Professional + Microsoft Visio 2024 Professional Lizenz f\u00fcr 3 Ger\u00e4te"},"content":{"rendered":"<div id=\"coreui-banner-l03vzh8\" data-m=\"{&quot;cN&quot;:&quot;R2Banner 1&quot;,&quot;cT&quot;:&quot;Module_coreui-banner&quot;,&quot;id&quot;:&quot;m1r2a2&quot;,&quot;sN&quot;:1,&quot;aN&quot;:&quot;r2a2&quot;}\" data-module-id=\"WDG-Microsoft Windows|primaryR2|coreui-region|coreui-banner-l03vzh8|coreui-banner\">\n<div class=\"m-banner f-align-left\" data-grid=\"col-12\">\n<h2>Microsoft Windows 11 Professional Lizenz f\u00fcr 3 PCs<\/h2>\n<p><strong>Mit dieser Lizenz kann die Software auf 3 verschiedenen Ger\u00e4ten aktiviert werden, z.B. Heim-PC, Laptop und Arbeitsrechner.<\/strong><\/p>\n<p><strong>30 Tage volle R\u00fcckerstattung - lebenslange Ersatzgarantie!<\/strong><\/p>\n<p class=\"c-heading-3\">Systemanforderungen:<\/p>\n<\/div>\n<\/div>\n<hr class=\"c-divider f-pad-top-3x\" data-grid=\"col-12\" \/>\n<div id=\"coreui-contentrichblock-o5iouct\" data-m=\"{&quot;cN&quot;:&quot;R2ContentRichBlock 1&quot;,&quot;cT&quot;:&quot;Module_coreui-contentrichblock&quot;,&quot;id&quot;:&quot;m3r2a2&quot;,&quot;sN&quot;:3,&quot;aN&quot;:&quot;r2a2&quot;}\" data-module-id=\"WDG-Microsoft Windows|primaryR2|coreui-region|coreui-contentrichblock-o5iouct|coreui-contentrichblock\">\n<div class=\"m-rich-content-block context-ucx\" data-grid=\"col-12\">\n<p>Stellen Sie sicher, dass Sie f\u00fcr das neueste und beste Betriebssystem von Microsoft bereit sind!<\/p>\n<p class=\"translation-block\">Dies sind die Mindestsystemanforderungen f\u00fcr die Installation von Microsoft Windows 11 auf einem PC. Wenn Ihr Ger\u00e4t diese Anforderungen nicht erf\u00fcllt, ist die Installation m\u00f6glicherweise nicht m\u00f6glich und es wird empfohlen, einen neuen PC zu kaufen. Sind Sie nicht sicher, ob Ihr PC diese Anforderungen erf\u00fcllt? Wenden Sie sich an Ihren Ger\u00e4tehersteller (OEM) oder verwenden Sie die App PC Health Check, wenn Sie bereits Windows 10 verwenden (<a href=\"https:\/\/aka.ms\/GetPCHealthCheckApp\" target=\"_self\" rel=\"noopener\"><b>jetzt herunterladen<\/b><\/a>).<\/p>\n<\/div>\n<div id=\"primaryR2\" data-grid=\"container\" data-region-key=\"primaryr2\" data-m=\"{&quot;cN&quot;:&quot;primaryR2 1&quot;,&quot;cT&quot;:&quot;Region_coreui-region&quot;,&quot;id&quot;:&quot;r2a2&quot;,&quot;sN&quot;:2,&quot;aN&quot;:&quot;a2&quot;}\">\n<div id=\"coreui-contentrichblock-o5iouct\" data-m=\"{&quot;cN&quot;:&quot;R2ContentRichBlock 1&quot;,&quot;cT&quot;:&quot;Module_coreui-contentrichblock&quot;,&quot;id&quot;:&quot;m3r2a2&quot;,&quot;sN&quot;:3,&quot;aN&quot;:&quot;r2a2&quot;}\" data-module-id=\"WDG-Microsoft Windows|primaryR2|coreui-region|coreui-contentrichblock-o5iouct|coreui-contentrichblock\">\n<div class=\"m-rich-content-block context-ucx\" data-grid=\"col-12\">\n<p class=\"translation-block\">\n<\/div>\n<\/div>\n<div id=\"coreui-tablev2-62jrfm3\" data-m=\"{&quot;cN&quot;:&quot;R2TableV2 1&quot;,&quot;cT&quot;:&quot;Module_coreui-tablev2&quot;,&quot;id&quot;:&quot;m4r2a2&quot;,&quot;sN&quot;:4,&quot;aN&quot;:&quot;r2a2&quot;}\" data-module-id=\"WDG-Microsoft Windows|primaryR2|coreui-region|coreui-tablev2-62jrfm3|coreui-tablev2\">\n<div class=\"m-table\">\n<div class=\"c-table\" data-f-loc-ascending=\"Sorted by {0} - ascending\" data-f-loc-descending=\"Sorted by {0} - descending\">\n<table>\n<tbody>\n<tr>\n<td class=\"f-divided\"><strong>Prozessor:<\/strong><\/td>\n<td class=\"f-divided\">\n<p class=\"translation-block\">1 Gigahertz (GHz) oder schneller mit 2 oder mehr Kernen auf einem <strong><a href=\"https:\/\/www.microsoft.com\/de-de\/windows\/windows-11-specifications\" target=\"_self\" rel=\"noopener\">kompatiblen 64-Bit-Prozessor<\/a><\/strong> oder SoC (System on a Chip).<\/p>\n<\/td>\n<\/tr>\n<tr>\n<td class=\"f-divided\"><strong>RAM:<\/strong><\/td>\n<td class=\"f-divided\">4 Gigabyte (GB)<\/td>\n<\/tr>\n<tr>\n<td class=\"f-divided\"><strong>Lagerung:<\/strong><\/td>\n<td class=\"f-divided\">64 GB oder mehr<\/p>\n<p>Hinweis: Weitere Informationen finden Sie weiter unten unter \u201cWeitere Informationen zu den Speicheranforderungen, um Windows 11 auf dem neuesten Stand zu halten\u201d.<\/td>\n<\/tr>\n<tr>\n<td class=\"f-divided\"><strong>System-Firmware:<\/strong><\/td>\n<td class=\"f-divided\">UEFI, Secure Boot kompatibel<\/td>\n<\/tr>\n<tr>\n<td class=\"f-divided\"><strong>TPM:<\/strong><\/td>\n<td class=\"f-divided\">Vertrauensw\u00fcrdiges Plattformmodul (TPM) Version 2.0<\/td>\n<\/tr>\n<tr>\n<td class=\"f-divided\"><strong>Grafikkarte:<\/strong><\/td>\n<td class=\"f-divided\">Kompatibel mit DirectX 12 oder h\u00f6her mit WDDM 2.0 Treiber<\/td>\n<\/tr>\n<tr>\n<td class=\"f-divided\"><strong>Anzeige:<\/strong><\/td>\n<td class=\"f-divided\">HD-Display (720p) mit einer Diagonale von mehr als 9\u2033, 8 Bit pro Farbkanal<\/td>\n<\/tr>\n<tr>\n<td class=\"f-divided\"><strong>Internetverbindung und Microsoft-Konto:<\/strong><\/td>\n<td class=\"f-divided\">Alle Editionen von Microsoft Windows 11 erfordern eine Internetverbindung, um Updates durchzuf\u00fchren und bestimmte Funktionen herunterzuladen und zu nutzen. F\u00fcr einige Funktionen ist ein Microsoft-Konto erforderlich.<\/td>\n<\/tr>\n<\/tbody>\n<\/table>\n<\/div>\n<\/div>\n<\/div>\n<\/div>\n<div id=\"primaryR3\" data-grid=\"container\" data-region-key=\"primaryr3\" data-m=\"{&quot;cN&quot;:&quot;primaryR3 1&quot;,&quot;cT&quot;:&quot;Region_coreui-region&quot;,&quot;id&quot;:&quot;r3a2&quot;,&quot;sN&quot;:3,&quot;aN&quot;:&quot;a2&quot;}\">\n<div id=\"coreui-contentrichblock-rhi1sei\" data-m=\"{&quot;cN&quot;:&quot;R2ContentRichBlock 1&quot;,&quot;cT&quot;:&quot;Module_coreui-contentrichblock&quot;,&quot;id&quot;:&quot;m3r3a2&quot;,&quot;sN&quot;:3,&quot;aN&quot;:&quot;r3a2&quot;}\" data-module-id=\"WDG-Microsoft Windows|primaryR3|coreui-region|coreui-contentrichblock-rhi1sei|coreui-contentrichblock\">\n<div class=\"m-rich-content-block context-ucx\" data-grid=\"col-12\">\n<h2><\/h2>\n<h2>Microsoft Visio 2024 Professional Plus Lizenz f\u00fcr 3 PCs<\/h2>\n<p><strong>Mit dieser Lizenz kann die Software auf 3 verschiedenen Ger\u00e4ten aktiviert werden, z.B. Heim-PC, Laptop und Arbeitsrechner.<\/strong><\/p>\n<p><strong>30 Tage volle R\u00fcckerstattung - lebenslange Ersatzgarantie!<\/strong><\/p>\n<div class=\"J0lOec\">\n<p>Mit Microsoft Visio 2024 ist es f\u00fcr Einzelpersonen und Teams einfacher denn je, professionelle und vielseitige Diagramme zu erstellen und gemeinsam zu nutzen. Es enth\u00e4lt aktualisierte Formen, Vorlagen und Stile sowie eine neue intuitive Suchleiste und eine \u00fcberarbeitete Benutzeroberfl\u00e4che, die mit anderen Office-Anwendungen verkn\u00fcpft ist.<\/p>\n<p>In Microsoft Visio 2024 finden Sie alle vertrauten Funktionen sowie neue Erg\u00e4nzungen:<\/p>\n<ul>\n<li>Mehr Formen, Vorlagen und Formatierungsoptionen, um professionelle Diagramme schneller zu erstellen.<\/li>\n<li>Ein \u00fcberarbeitetes Aussehen mit moderner Transparenz hinter der Leinwand und den Men\u00fcs f\u00fcr ein strafferes Erscheinungsbild.<\/li>\n<li>Unterst\u00fctzung f\u00fcr das neue Office 2024-Thema mit dunklem Modus, anpassbarer Oberfl\u00e4che und verbesserter Barrierefreiheit.<\/li>\n<li>Suchleiste am oberen Rand des Fensters f\u00fcr schnelleren Zugriff auf Funktionen.<\/li>\n<li>Erweiterte Prozessanalyse mit dynamischen Bl\u00f6cken und Datenvisualisierungstools.<\/li>\n<\/ul>\n<\/div>\n<p><strong>Support:<\/strong><\/p>\n<p class=\"translation-block\">Haben Sie noch Fragen? Z\u00f6gern Sie nicht, <a href=\"mailto:info@livekaarten.nl\" target=\"_self\" rel=\"noopener\">Kontakt mit uns aufzunehmen<\/a>. Unser Kundenservice ist 24\/7 erreichbar.<\/p>\n<\/div>\n<\/div>\n<\/div>\n<\/div>","protected":false},"excerpt":{"rendered":"<ul>\n<li>Microsoft Windows 11 Professional Lizenz f\u00fcr 3 PCs<\/li>\n<li>Microsoft Visio 2024 Professional Lizenz f\u00fcr 3 PCs<\/li>\n<li><strong>Mit dieser Lizenz kann die Software auf 3 verschiedenen Ger\u00e4ten aktiviert werden<\/strong>, z. B. Heim-PC, Laptop und Arbeitscomputer<\/li>\n<li><strong>30 Tage volle R\u00fcckerstattung - lebenslange Ersatzgarantie!<\/strong><\/li>\n<li>Version f\u00fcr 64-Bit-Systeme<\/li>\n<li>Lieferung per E-Mail: Produktschl\u00fcssel, Anleitung, Download-Links, Rechnung<\/li>\n<li>Sofortiger Download!<\/li>\n<li>Keine zeitliche Begrenzung, kein Abonnement<\/li>\n<li>Kostenlose Unterst\u00fctzung bei der Installation und Aktivierung<\/li>\n<li>Nicht auf physischen Medien verf\u00fcgbar (USB, CD usw.)<\/li>\n<li>Aktivierung online oder per Telefon<\/li>\n<li>F\u00fcr Microsoft Windows<\/li>\n<li><span style=\"color: #339966;\"><strong>Dieses Produkt ist mit Windows kompatibel.<\/strong><\/span><\/li>\n<li><span style=\"color: #ff0000;\"><strong>NICHT kompatibel mit Apple macOS\u2122\ufe0f, Android-Ger\u00e4ten oder Chromebooks.<\/strong><\/span><\/li>\n<\/ul>","protected":false},"featured_media":114636,"comment_status":"closed","ping_status":"closed","template":"","meta":[],"product_cat":[137,81,75,135],"product_tag":[79,84],"class_list":{"0":"post-114082","1":"product","2":"type-product","3":"status-publish","4":"has-post-thumbnail","6":"product_cat-bestseller","7":"product_cat-combo","8":"product_cat-microsoft-office","9":"product_cat-visio","10":"product_tag-ms-office","11":"product_tag-office","13":"first","14":"instock","15":"sale","16":"virtual","17":"taxable","18":"purchasable","19":"product-type-simple"},"yoast_head":"<!-- This site is optimized with the Yoast SEO plugin v27.3 - https:\/\/yoast.com\/product\/yoast-seo-wordpress\/ -->\n<title>Microsoft Windows 11 Professional + Microsoft Visio 2024 Professional Licentie voor 3 apparaten | livekaarten.nl<\/title>\n<meta name=\"robots\" content=\"index, follow, max-snippet:-1, max-image-preview:large, max-video-preview:-1\" \/>\n<link rel=\"canonical\" href=\"https:\/\/livekaarten.nl\/de\/produkt\/microsoft-windows-11-professional-microsoft-visio-2024-professional-lizenz-fur-3-pc\/\" \/>\n<meta property=\"og:locale\" content=\"de_DE\" \/>\n<meta property=\"og:type\" content=\"article\" \/>\n<meta property=\"og:title\" content=\"Microsoft Windows 11 Professional + Microsoft Visio 2024 Professional Licentie voor 3 apparaten | livekaarten.nl\" \/>\n<meta property=\"og:description\" content=\"Microsoft Windows 11 Professional licentie voor 3 pc&#039;s  Microsoft Visio 2024 Professional licentie voor 3 pc&#039;s  Met deze licentie kan de software op 3 verschillende apparaten worden geactiveerd, bijvoorbeeld thuis-pc, laptop en werkcomputer  30 dagen volledige terugbetaling \u2013 levenslange vervangingsgarantie!  Versie voor 64-bits systemen  Levering per e-mail: productsleutel, instructies, downloadlinks, factuur  Directe download!  Geen tijdslimiet, geen abonnement  Gratis ondersteuning bij installatie en activering  Niet beschikbaar op fysieke media (USB, CD, enz.)  Activering online of telefonisch  Voor Microsoft Windows  Dit product is compatibel met Windows.  NIET compatibel met Apple macOS\u2122\ufe0f, Android-apparaten of Chromebooks.\" \/>\n<meta property=\"og:url\" content=\"https:\/\/livekaarten.nl\/de\/produkt\/microsoft-windows-11-professional-microsoft-visio-2024-professional-lizenz-fur-3-pc\/\" \/>\n<meta property=\"og:site_name\" content=\"livekaarten.nl\" \/>\n<meta property=\"article:modified_time\" content=\"2026-04-03T10:03:41+00:00\" \/>\n<meta property=\"og:image\" content=\"https:\/\/livekaarten.nl\/wp-content\/uploads\/2025\/04\/W11PV24P.jpg\" \/>\n\t<meta property=\"og:image:width\" content=\"1000\" \/>\n\t<meta property=\"og:image:height\" content=\"1500\" \/>\n\t<meta property=\"og:image:type\" content=\"image\/jpeg\" \/>\n<meta name=\"twitter:card\" content=\"summary_large_image\" \/>\n<meta name=\"twitter:label1\" content=\"Gesch\u00e4tzte Lesezeit\" \/>\n\t<meta name=\"twitter:data1\" content=\"3\u00a0Minuten\" \/>\n<script type=\"application\/ld+json\" class=\"yoast-schema-graph\">{\"@context\":\"https:\\\/\\\/schema.org\",\"@graph\":[{\"@type\":\"WebPage\",\"@id\":\"https:\\\/\\\/livekaarten.nl\\\/product\\\/microsoft-windows-11-professional-microsoft-visio-2024-professional-lizenz-fur-3-pc\\\/\",\"url\":\"https:\\\/\\\/livekaarten.nl\\\/product\\\/microsoft-windows-11-professional-microsoft-visio-2024-professional-lizenz-fur-3-pc\\\/\",\"name\":\"Microsoft Windows 11 Professional + Microsoft Visio 2024 Professional Licentie voor 3 apparaten | livekaarten.nl\",\"isPartOf\":{\"@id\":\"https:\\\/\\\/livekaarten.nl\\\/#website\"},\"primaryImageOfPage\":{\"@id\":\"https:\\\/\\\/livekaarten.nl\\\/product\\\/microsoft-windows-11-professional-microsoft-visio-2024-professional-lizenz-fur-3-pc\\\/#primaryimage\"},\"image\":{\"@id\":\"https:\\\/\\\/livekaarten.nl\\\/product\\\/microsoft-windows-11-professional-microsoft-visio-2024-professional-lizenz-fur-3-pc\\\/#primaryimage\"},\"thumbnailUrl\":\"https:\\\/\\\/livekaarten.nl\\\/wp-content\\\/uploads\\\/2025\\\/04\\\/W11PV24P.jpg\",\"datePublished\":\"2024-11-03T16:31:40+00:00\",\"dateModified\":\"2026-04-03T10:03:41+00:00\",\"breadcrumb\":{\"@id\":\"https:\\\/\\\/livekaarten.nl\\\/product\\\/microsoft-windows-11-professional-microsoft-visio-2024-professional-lizenz-fur-3-pc\\\/#breadcrumb\"},\"inLanguage\":\"de\",\"potentialAction\":[{\"@type\":\"ReadAction\",\"target\":[\"https:\\\/\\\/livekaarten.nl\\\/product\\\/microsoft-windows-11-professional-microsoft-visio-2024-professional-lizenz-fur-3-pc\\\/\"]}]},{\"@type\":\"ImageObject\",\"inLanguage\":\"de\",\"@id\":\"https:\\\/\\\/livekaarten.nl\\\/product\\\/microsoft-windows-11-professional-microsoft-visio-2024-professional-lizenz-fur-3-pc\\\/#primaryimage\",\"url\":\"https:\\\/\\\/livekaarten.nl\\\/wp-content\\\/uploads\\\/2025\\\/04\\\/W11PV24P.jpg\",\"contentUrl\":\"https:\\\/\\\/livekaarten.nl\\\/wp-content\\\/uploads\\\/2025\\\/04\\\/W11PV24P.jpg\",\"width\":1000,\"height\":1500},{\"@type\":\"BreadcrumbList\",\"@id\":\"https:\\\/\\\/livekaarten.nl\\\/product\\\/microsoft-windows-11-professional-microsoft-visio-2024-professional-lizenz-fur-3-pc\\\/#breadcrumb\",\"itemListElement\":[{\"@type\":\"ListItem\",\"position\":1,\"name\":\"Home\",\"item\":\"https:\\\/\\\/livekaarten.nl\\\/\"},{\"@type\":\"ListItem\",\"position\":2,\"name\":\"Winkel\",\"item\":\"https:\\\/\\\/livekaarten.nl\\\/shop\\\/\"},{\"@type\":\"ListItem\",\"position\":3,\"name\":\"Microsoft Windows 11 Professional + Microsoft Visio 2024 Professional Licentie voor 3 apparaten\"}]},{\"@type\":\"WebSite\",\"@id\":\"https:\\\/\\\/livekaarten.nl\\\/#website\",\"url\":\"https:\\\/\\\/livekaarten.nl\\\/\",\"name\":\"Livekaarten.nl\",\"description\":\"Koop uw kantoor\",\"potentialAction\":[{\"@type\":\"SearchAction\",\"target\":{\"@type\":\"EntryPoint\",\"urlTemplate\":\"https:\\\/\\\/livekaarten.nl\\\/?s={search_term_string}\"},\"query-input\":{\"@type\":\"PropertyValueSpecification\",\"valueRequired\":true,\"valueName\":\"search_term_string\"}}],\"inLanguage\":\"de\"}]}<\/script>\n<!-- \/ Yoast SEO plugin. -->","yoast_head_json":{"title":"Microsoft Windows 11 Professional + Microsoft Visio 2024 Professional Licentie voor 3 apparaten | livekaarten.nl","robots":{"index":"index","follow":"follow","max-snippet":"max-snippet:-1","max-image-preview":"max-image-preview:large","max-video-preview":"max-video-preview:-1"},"canonical":"https:\/\/livekaarten.nl\/de\/produkt\/microsoft-windows-11-professional-microsoft-visio-2024-professional-lizenz-fur-3-pc\/","og_locale":"de_DE","og_type":"article","og_title":"Microsoft Windows 11 Professional + Microsoft Visio 2024 Professional Licentie voor 3 apparaten | livekaarten.nl","og_description":"Microsoft Windows 11 Professional licentie voor 3 pc's  Microsoft Visio 2024 Professional licentie voor 3 pc's  Met deze licentie kan de software op 3 verschillende apparaten worden geactiveerd, bijvoorbeeld thuis-pc, laptop en werkcomputer  30 dagen volledige terugbetaling \u2013 levenslange vervangingsgarantie!  Versie voor 64-bits systemen  Levering per e-mail: productsleutel, instructies, downloadlinks, factuur  Directe download!  Geen tijdslimiet, geen abonnement  Gratis ondersteuning bij installatie en activering  Niet beschikbaar op fysieke media (USB, CD, enz.)  Activering online of telefonisch  Voor Microsoft Windows  Dit product is compatibel met Windows.  NIET compatibel met Apple macOS\u2122\ufe0f, Android-apparaten of Chromebooks.","og_url":"https:\/\/livekaarten.nl\/de\/produkt\/microsoft-windows-11-professional-microsoft-visio-2024-professional-lizenz-fur-3-pc\/","og_site_name":"livekaarten.nl","article_modified_time":"2026-04-03T10:03:41+00:00","og_image":[{"width":1000,"height":1500,"url":"https:\/\/livekaarten.nl\/wp-content\/uploads\/2025\/04\/W11PV24P.jpg","type":"image\/jpeg"}],"twitter_card":"summary_large_image","twitter_misc":{"Gesch\u00e4tzte Lesezeit":"3\u00a0Minuten"},"schema":{"@context":"https:\/\/schema.org","@graph":[{"@type":"WebPage","@id":"https:\/\/livekaarten.nl\/product\/microsoft-windows-11-professional-microsoft-visio-2024-professional-lizenz-fur-3-pc\/","url":"https:\/\/livekaarten.nl\/product\/microsoft-windows-11-professional-microsoft-visio-2024-professional-lizenz-fur-3-pc\/","name":"Microsoft Windows 11 Professional + Microsoft Visio 2024 Professional Licentie voor 3 apparaten | livekaarten.nl","isPartOf":{"@id":"https:\/\/livekaarten.nl\/#website"},"primaryImageOfPage":{"@id":"https:\/\/livekaarten.nl\/product\/microsoft-windows-11-professional-microsoft-visio-2024-professional-lizenz-fur-3-pc\/#primaryimage"},"image":{"@id":"https:\/\/livekaarten.nl\/product\/microsoft-windows-11-professional-microsoft-visio-2024-professional-lizenz-fur-3-pc\/#primaryimage"},"thumbnailUrl":"https:\/\/livekaarten.nl\/wp-content\/uploads\/2025\/04\/W11PV24P.jpg","datePublished":"2024-11-03T16:31:40+00:00","dateModified":"2026-04-03T10:03:41+00:00","breadcrumb":{"@id":"https:\/\/livekaarten.nl\/product\/microsoft-windows-11-professional-microsoft-visio-2024-professional-lizenz-fur-3-pc\/#breadcrumb"},"inLanguage":"de","potentialAction":[{"@type":"ReadAction","target":["https:\/\/livekaarten.nl\/product\/microsoft-windows-11-professional-microsoft-visio-2024-professional-lizenz-fur-3-pc\/"]}]},{"@type":"ImageObject","inLanguage":"de","@id":"https:\/\/livekaarten.nl\/product\/microsoft-windows-11-professional-microsoft-visio-2024-professional-lizenz-fur-3-pc\/#primaryimage","url":"https:\/\/livekaarten.nl\/wp-content\/uploads\/2025\/04\/W11PV24P.jpg","contentUrl":"https:\/\/livekaarten.nl\/wp-content\/uploads\/2025\/04\/W11PV24P.jpg","width":1000,"height":1500},{"@type":"BreadcrumbList","@id":"https:\/\/livekaarten.nl\/product\/microsoft-windows-11-professional-microsoft-visio-2024-professional-lizenz-fur-3-pc\/#breadcrumb","itemListElement":[{"@type":"ListItem","position":1,"name":"Home","item":"https:\/\/livekaarten.nl\/"},{"@type":"ListItem","position":2,"name":"Winkel","item":"https:\/\/livekaarten.nl\/shop\/"},{"@type":"ListItem","position":3,"name":"Microsoft Windows 11 Professional + Microsoft Visio 2024 Professional Licentie voor 3 apparaten"}]},{"@type":"WebSite","@id":"https:\/\/livekaarten.nl\/#website","url":"https:\/\/livekaarten.nl\/","name":"Livecards.co.uk","description":"Kaufen Sie Ihr B\u00fcro","potentialAction":[{"@type":"SearchAction","target":{"@type":"EntryPoint","urlTemplate":"https:\/\/livekaarten.nl\/?s={search_term_string}"},"query-input":{"@type":"PropertyValueSpecification","valueRequired":true,"valueName":"search_term_string"}}],"inLanguage":"de"}]}},"_links":{"self":[{"href":"https:\/\/livekaarten.nl\/de\/wp-json\/wp\/v2\/product\/114082","targetHints":{"allow":["GET"]}}],"collection":[{"href":"https:\/\/livekaarten.nl\/de\/wp-json\/wp\/v2\/product"}],"about":[{"href":"https:\/\/livekaarten.nl\/de\/wp-json\/wp\/v2\/types\/product"}],"replies":[{"embeddable":true,"href":"https:\/\/livekaarten.nl\/de\/wp-json\/wp\/v2\/comments?post=114082"}],"wp:featuredmedia":[{"embeddable":true,"href":"https:\/\/livekaarten.nl\/de\/wp-json\/wp\/v2\/media\/114636"}],"wp:attachment":[{"href":"https:\/\/livekaarten.nl\/de\/wp-json\/wp\/v2\/media?parent=114082"}],"wp:term":[{"taxonomy":"product_cat","embeddable":true,"href":"https:\/\/livekaarten.nl\/de\/wp-json\/wp\/v2\/product_cat?post=114082"},{"taxonomy":"product_tag","embeddable":true,"href":"https:\/\/livekaarten.nl\/de\/wp-json\/wp\/v2\/product_tag?post=114082"}],"curies":[{"name":"wp","href":"https:\/\/api.w.org\/{rel}","templated":true}]}}