{"id":114081,"date":"2024-11-03T18:31:40","date_gmt":"2024-11-03T16:31:40","guid":{"rendered":"https:\/\/gamecardshop.com\/livecards\/?post_type=product&#038;p=114081"},"modified":"2026-04-03T12:03:41","modified_gmt":"2026-04-03T10:03:41","slug":"microsoft-office-2024-professional-plus-microsoft-project-2024-professional-fur-3-pc","status":"publish","type":"product","link":"https:\/\/livekaarten.nl\/de\/produkt\/microsoft-office-2024-professional-plus-microsoft-project-2024-professional-fur-3-pc\/","title":{"rendered":"Microsoft Office 2024 Professional Plus + Microsoft Project 2024 Professional Lizenz f\u00fcr 3 Ger\u00e4te"},"content":{"rendered":"<h3><strong>Microsoft Office 2024 Professional Plus<\/strong><\/h3>\n<div style=\"margin-bottom: 15px;\"><strong>Mit dieser Lizenz kann die Software auf 3 verschiedenen Ger\u00e4ten aktiviert werden, z. B. auf einem Heim-PC, einem Laptop und einem Arbeits-PC.<\/strong><\/div>\n<div style=\"margin-bottom: 15px;\">F\u00fcr Anwender, die zu Hause oder im B\u00fcro alle Office-Anwendungen nutzen wollen, ist Microsoft Office 2024 Professional Plus eine hervorragende Wahl. Alle wichtigen Programme sind enthalten: Word, Excel, Outlook, PowerPoint und Access (Publisher ist nicht mehr enthalten, da es im Jahr 2026 ausl\u00e4uft). OneNote ist \u00fcber den Microsoft Store erh\u00e4ltlich, so dass Sie problemlos Notizen machen und \u00fcber die Cloud auf jedem Ger\u00e4t darauf zugreifen k\u00f6nnen. Mit seiner breiten Palette an Anwendungen ist es ideal f\u00fcr Heimarbeiter, kleine Unternehmen und Fachleute, die eine leistungsstarke, zuverl\u00e4ssige L\u00f6sung f\u00fcr die Verwaltung von Dokumenten, Tabellenkalkulationen und mehr ben\u00f6tigen.<\/div>\n<ul>\n<li><strong>Word<\/strong>Schnelles Erstellen professioneller Textdokumente.<\/li>\n<li><strong>Excel:<\/strong>Intelligente Tabellenkalkulationen f\u00fcr eine effiziente Datenverwaltung.<\/li>\n<li><strong>PowerPoint:<\/strong>: Erstellen Sie dynamische, beeindruckende Pr\u00e4sentationen.<\/li>\n<li><strong>OneNote<\/strong>: Ihr digitales Notizbuch.<\/li>\n<li><strong>Outlook:<\/strong>Effiziente E-Mail- und Kalenderverwaltung.<\/li>\n<li><strong>Access:<\/strong>: Fortgeschrittene Datenbanken f\u00fcr Gesch\u00e4ftsanwendungen.<\/li>\n<\/ul>\n<p><strong>Wichtiger Hinweis:<\/strong> <strong>Microsoft Teams<\/strong> ist <strong>NICHT<\/strong> in dieser Office-Version enthalten!<\/p>\n<div><strong>Systemanforderungen:<\/strong> Microsoft Windows 10 oder 11<\/div>\n<p>&nbsp;<\/p>\n<h3><strong>Microsoft Project 2024 Professional<\/strong><\/h3>\n<p>Microsoft Project 2024 bietet leistungsstarke Tools und erweiterte Funktionen, mit denen Teams ihre Projekte effektiver planen, verwalten und durchf\u00fchren k\u00f6nnen. Ideal sowohl f\u00fcr Anf\u00e4nger als auch f\u00fcr erfahrene Projektmanager, die an komplexen Projekten arbeiten:<\/p>\n<ul>\n<li>Neue, intuitive und anpassbare Benutzeroberfl\u00e4che mit flexiblen Anzeigeoptionen<\/li>\n<li>Vorgefertigte Vorlagen f\u00fcr den schnellen Einstieg<\/li>\n<li>Nahtlose Synchronisierung mit Project Online und Project Server<\/li>\n<li>Simulation von \u201cWas-w\u00e4re-wenn\u201d-Szenarien zur Optimierung von Ressourcen und Fristen<\/li>\n<li>Automatische Berechnung von Start- und Endterminen auf der Grundlage von Abh\u00e4ngigkeiten<\/li>\n<li>Verwendung mehrerer Zeitleisten zur \u00fcbersichtlichen Visualisierung komplexer Diagramme<\/li>\n<li>Neue Anzeigeoptionen wie Kanban und Scrumboard f\u00fcr moderne Projektstile<\/li>\n<li>Unterst\u00fctzung f\u00fcr Agile, Scrum, Waterfall und hybride Arbeitsweisen<\/li>\n<\/ul>\n<div id=\"simple-translate\" class=\"simple-translate-system-theme\">\n<div>\n<div class=\"simple-translate-panel\" style=\"width: 300px; height: 200px; top: 0; left: 0; font-size: 13px;\">\n<div class=\"simple-translate-result-wrapper\" style=\"overflow: hidden;\">\n<div class=\"simple-translate-move\"><\/div>\n<div class=\"simple-translate-result-contents\">\n<p class=\"simple-translate-candidate\" dir=\"auto\">\n<\/div>\n<\/div>\n<\/div>\n<\/div>\n<\/div>","protected":false},"excerpt":{"rendered":"<ul>\n<li>Microsoft Office 2024 Professional Plus Lizenz f\u00fcr 3 PCs<\/li>\n<li>Microsoft Project 2024 Professional Lizenz f\u00fcr 3 PCs<\/li>\n<li><strong>Mit dieser Lizenz k\u00f6nnen Sie die Software auf 3 verschiedenen Ger\u00e4ten aktivieren, z. B. auf einem Heim-PC, einem Laptop und einem Arbeits-PC.<\/strong><\/li>\n<li>Geeignet f\u00fcr 32- und 64-Bit-Systeme, uneingeschr\u00e4nkte Vollversionen <strong>von einem zertifizierten Microsoft Gold Partner<\/strong><\/li>\n<li><strong>30-Tage-Geld-zur\u00fcck-Garantie - lebenslange Ersatzgarantie!<\/strong><\/li>\n<li>Lieferung per E-Mail: Produktschl\u00fcssel, Installationshandbuch, Download-Links und Rechnung<\/li>\n<li>Sofortiger Download!<\/li>\n<li>Keine zeitliche Begrenzung, kein Abonnement erforderlich<\/li>\n<li>Kostenloser 24\/7-Support f\u00fcr Installation und Aktivierung<\/li>\n<li>Keine Lieferung auf physischen Datentr\u00e4gern (USB, CD, usw.)<\/li>\n<li>Freischaltung \u00fcber Internet und Telefon m\u00f6glich<\/li>\n<li>Sprachen: Englisch, Spanisch, Italienisch, Deutsch, Franz\u00f6sisch<\/li>\n<li><strong><span style=\"color: #008000;\">Dieses Produkt ist mit Microsoft Windows kompatibel.<\/span><\/strong><\/li>\n<li><strong><span style=\"color: #ff0000;\">NICHT kompatibel mit Apple macOS\u2122, Android-Ger\u00e4ten oder Chromebooks.<\/span><\/strong><\/li>\n<\/ul>","protected":false},"featured_media":114627,"comment_status":"closed","ping_status":"closed","template":"","meta":[],"product_cat":[137,75,129,136],"product_tag":[79,84],"class_list":{"0":"post-114081","1":"product","2":"type-product","3":"status-publish","4":"has-post-thumbnail","6":"product_cat-bestseller","7":"product_cat-microsoft-office","8":"product_cat-office-2024","9":"product_cat-project","10":"product_tag-ms-office","11":"product_tag-office","13":"first","14":"instock","15":"sale","16":"featured","17":"virtual","18":"taxable","19":"purchasable","20":"product-type-simple"},"yoast_head":"<!-- This site is optimized with the Yoast SEO plugin v27.3 - https:\/\/yoast.com\/product\/yoast-seo-wordpress\/ -->\n<title>Microsoft Office 2024 Professional Plus + Microsoft Project 2024 Professional Licentie voor 3 apparaten | livekaarten.nl<\/title>\n<meta name=\"robots\" content=\"index, follow, max-snippet:-1, max-image-preview:large, max-video-preview:-1\" \/>\n<link rel=\"canonical\" href=\"https:\/\/livekaarten.nl\/de\/produkt\/microsoft-office-2024-professional-plus-microsoft-project-2024-professional-fur-3-pc\/\" \/>\n<meta property=\"og:locale\" content=\"de_DE\" \/>\n<meta property=\"og:type\" content=\"article\" \/>\n<meta property=\"og:title\" content=\"Microsoft Office 2024 Professional Plus + Microsoft Project 2024 Professional Licentie voor 3 apparaten | livekaarten.nl\" \/>\n<meta property=\"og:description\" content=\"Microsoft Office 2024 Professional Plus-licentie voor 3 pc&#039;s  Microsoft Project 2024 Professional-licentie voor 3 pc&#039;s  Met deze licentie kun je de software activeren op 3 verschillende apparaten, zoals een thuis-pc, laptop en werk-pc.  Geschikt voor 32- en 64-bits systemen, volledige onbeperkte versies van een gecertificeerde Microsoft Gold Partner  30 dagen geld-terug-garantie \u2013 levenslange vervangingsgarantie!  Levering via e-mail: productsleutel, installatiehandleiding, downloadlinks en factuur  Directe download!  Geen tijdslimiet, geen abonnement nodig  Gratis 24\/7 ondersteuning bij installatie en activatie  Geen levering op fysieke dragers (USB, CD, enz.)  Activering mogelijk via internet en telefoon  Talen: Engels, Spaans, Italiaans, Duits, Frans  Dit product is compatibel met Microsoft Windows.  NIET compatibel met Apple macOS\u2122, Android-apparaten of Chromebooks.\" \/>\n<meta property=\"og:url\" content=\"https:\/\/livekaarten.nl\/de\/produkt\/microsoft-office-2024-professional-plus-microsoft-project-2024-professional-fur-3-pc\/\" \/>\n<meta property=\"og:site_name\" content=\"livekaarten.nl\" \/>\n<meta property=\"article:modified_time\" content=\"2026-04-03T10:03:41+00:00\" \/>\n<meta property=\"og:image\" content=\"https:\/\/livekaarten.nl\/wp-content\/uploads\/2025\/04\/O24PPP24P.jpg\" \/>\n\t<meta property=\"og:image:width\" content=\"1000\" \/>\n\t<meta property=\"og:image:height\" content=\"1500\" \/>\n\t<meta property=\"og:image:type\" content=\"image\/jpeg\" \/>\n<meta name=\"twitter:card\" content=\"summary_large_image\" \/>\n<meta name=\"twitter:label1\" content=\"Gesch\u00e4tzte Lesezeit\" \/>\n\t<meta name=\"twitter:data1\" content=\"2\u00a0Minuten\" \/>\n<script type=\"application\/ld+json\" class=\"yoast-schema-graph\">{\"@context\":\"https:\\\/\\\/schema.org\",\"@graph\":[{\"@type\":\"WebPage\",\"@id\":\"https:\\\/\\\/livekaarten.nl\\\/product\\\/microsoft-office-2024-professional-plus-microsoft-project-2024-professional-fur-3-pc\\\/\",\"url\":\"https:\\\/\\\/livekaarten.nl\\\/product\\\/microsoft-office-2024-professional-plus-microsoft-project-2024-professional-fur-3-pc\\\/\",\"name\":\"Microsoft Office 2024 Professional Plus + Microsoft Project 2024 Professional Licentie voor 3 apparaten | livekaarten.nl\",\"isPartOf\":{\"@id\":\"https:\\\/\\\/livekaarten.nl\\\/#website\"},\"primaryImageOfPage\":{\"@id\":\"https:\\\/\\\/livekaarten.nl\\\/product\\\/microsoft-office-2024-professional-plus-microsoft-project-2024-professional-fur-3-pc\\\/#primaryimage\"},\"image\":{\"@id\":\"https:\\\/\\\/livekaarten.nl\\\/product\\\/microsoft-office-2024-professional-plus-microsoft-project-2024-professional-fur-3-pc\\\/#primaryimage\"},\"thumbnailUrl\":\"https:\\\/\\\/livekaarten.nl\\\/wp-content\\\/uploads\\\/2025\\\/04\\\/O24PPP24P.jpg\",\"datePublished\":\"2024-11-03T16:31:40+00:00\",\"dateModified\":\"2026-04-03T10:03:41+00:00\",\"breadcrumb\":{\"@id\":\"https:\\\/\\\/livekaarten.nl\\\/product\\\/microsoft-office-2024-professional-plus-microsoft-project-2024-professional-fur-3-pc\\\/#breadcrumb\"},\"inLanguage\":\"de\",\"potentialAction\":[{\"@type\":\"ReadAction\",\"target\":[\"https:\\\/\\\/livekaarten.nl\\\/product\\\/microsoft-office-2024-professional-plus-microsoft-project-2024-professional-fur-3-pc\\\/\"]}]},{\"@type\":\"ImageObject\",\"inLanguage\":\"de\",\"@id\":\"https:\\\/\\\/livekaarten.nl\\\/product\\\/microsoft-office-2024-professional-plus-microsoft-project-2024-professional-fur-3-pc\\\/#primaryimage\",\"url\":\"https:\\\/\\\/livekaarten.nl\\\/wp-content\\\/uploads\\\/2025\\\/04\\\/O24PPP24P.jpg\",\"contentUrl\":\"https:\\\/\\\/livekaarten.nl\\\/wp-content\\\/uploads\\\/2025\\\/04\\\/O24PPP24P.jpg\",\"width\":1000,\"height\":1500},{\"@type\":\"BreadcrumbList\",\"@id\":\"https:\\\/\\\/livekaarten.nl\\\/product\\\/microsoft-office-2024-professional-plus-microsoft-project-2024-professional-fur-3-pc\\\/#breadcrumb\",\"itemListElement\":[{\"@type\":\"ListItem\",\"position\":1,\"name\":\"Home\",\"item\":\"https:\\\/\\\/livekaarten.nl\\\/\"},{\"@type\":\"ListItem\",\"position\":2,\"name\":\"Winkel\",\"item\":\"https:\\\/\\\/livekaarten.nl\\\/shop\\\/\"},{\"@type\":\"ListItem\",\"position\":3,\"name\":\"Microsoft Office 2024 Professional Plus + Microsoft Project 2024 Professional Licentie voor 3 apparaten\"}]},{\"@type\":\"WebSite\",\"@id\":\"https:\\\/\\\/livekaarten.nl\\\/#website\",\"url\":\"https:\\\/\\\/livekaarten.nl\\\/\",\"name\":\"Livekaarten.nl\",\"description\":\"Koop uw kantoor\",\"potentialAction\":[{\"@type\":\"SearchAction\",\"target\":{\"@type\":\"EntryPoint\",\"urlTemplate\":\"https:\\\/\\\/livekaarten.nl\\\/?s={search_term_string}\"},\"query-input\":{\"@type\":\"PropertyValueSpecification\",\"valueRequired\":true,\"valueName\":\"search_term_string\"}}],\"inLanguage\":\"de\"}]}<\/script>\n<!-- \/ Yoast SEO plugin. -->","yoast_head_json":{"title":"Microsoft Office 2024 Professional Plus + Microsoft Project 2024 Professional Lizenz f\u00fcr 3 Ger\u00e4te | livekaarten.nl","robots":{"index":"index","follow":"follow","max-snippet":"max-snippet:-1","max-image-preview":"max-image-preview:large","max-video-preview":"max-video-preview:-1"},"canonical":"https:\/\/livekaarten.nl\/de\/produkt\/microsoft-office-2024-professional-plus-microsoft-project-2024-professional-fur-3-pc\/","og_locale":"de_DE","og_type":"article","og_title":"Microsoft Office 2024 Professional Plus + Microsoft Project 2024 Professional Licentie voor 3 apparaten | livekaarten.nl","og_description":"Microsoft Office 2024 Professional Plus-licentie voor 3 pc's  Microsoft Project 2024 Professional-licentie voor 3 pc's  Met deze licentie kun je de software activeren op 3 verschillende apparaten, zoals een thuis-pc, laptop en werk-pc.  Geschikt voor 32- en 64-bits systemen, volledige onbeperkte versies van een gecertificeerde Microsoft Gold Partner  30 dagen geld-terug-garantie \u2013 levenslange vervangingsgarantie!  Levering via e-mail: productsleutel, installatiehandleiding, downloadlinks en factuur  Directe download!  Geen tijdslimiet, geen abonnement nodig  Gratis 24\/7 ondersteuning bij installatie en activatie  Geen levering op fysieke dragers (USB, CD, enz.)  Activering mogelijk via internet en telefoon  Talen: Engels, Spaans, Italiaans, Duits, Frans  Dit product is compatibel met Microsoft Windows.  NIET compatibel met Apple macOS\u2122, Android-apparaten of Chromebooks.","og_url":"https:\/\/livekaarten.nl\/de\/produkt\/microsoft-office-2024-professional-plus-microsoft-project-2024-professional-fur-3-pc\/","og_site_name":"livekaarten.nl","article_modified_time":"2026-04-03T10:03:41+00:00","og_image":[{"width":1000,"height":1500,"url":"https:\/\/livekaarten.nl\/wp-content\/uploads\/2025\/04\/O24PPP24P.jpg","type":"image\/jpeg"}],"twitter_card":"summary_large_image","twitter_misc":{"Gesch\u00e4tzte Lesezeit":"2\u00a0Minuten"},"schema":{"@context":"https:\/\/schema.org","@graph":[{"@type":"WebPage","@id":"https:\/\/livekaarten.nl\/product\/microsoft-office-2024-professional-plus-microsoft-project-2024-professional-fur-3-pc\/","url":"https:\/\/livekaarten.nl\/product\/microsoft-office-2024-professional-plus-microsoft-project-2024-professional-fur-3-pc\/","name":"Microsoft Office 2024 Professional Plus + Microsoft Project 2024 Professional Lizenz f\u00fcr 3 Ger\u00e4te | livekaarten.nl","isPartOf":{"@id":"https:\/\/livekaarten.nl\/#website"},"primaryImageOfPage":{"@id":"https:\/\/livekaarten.nl\/product\/microsoft-office-2024-professional-plus-microsoft-project-2024-professional-fur-3-pc\/#primaryimage"},"image":{"@id":"https:\/\/livekaarten.nl\/product\/microsoft-office-2024-professional-plus-microsoft-project-2024-professional-fur-3-pc\/#primaryimage"},"thumbnailUrl":"https:\/\/livekaarten.nl\/wp-content\/uploads\/2025\/04\/O24PPP24P.jpg","datePublished":"2024-11-03T16:31:40+00:00","dateModified":"2026-04-03T10:03:41+00:00","breadcrumb":{"@id":"https:\/\/livekaarten.nl\/product\/microsoft-office-2024-professional-plus-microsoft-project-2024-professional-fur-3-pc\/#breadcrumb"},"inLanguage":"de","potentialAction":[{"@type":"ReadAction","target":["https:\/\/livekaarten.nl\/product\/microsoft-office-2024-professional-plus-microsoft-project-2024-professional-fur-3-pc\/"]}]},{"@type":"ImageObject","inLanguage":"de","@id":"https:\/\/livekaarten.nl\/product\/microsoft-office-2024-professional-plus-microsoft-project-2024-professional-fur-3-pc\/#primaryimage","url":"https:\/\/livekaarten.nl\/wp-content\/uploads\/2025\/04\/O24PPP24P.jpg","contentUrl":"https:\/\/livekaarten.nl\/wp-content\/uploads\/2025\/04\/O24PPP24P.jpg","width":1000,"height":1500},{"@type":"BreadcrumbList","@id":"https:\/\/livekaarten.nl\/product\/microsoft-office-2024-professional-plus-microsoft-project-2024-professional-fur-3-pc\/#breadcrumb","itemListElement":[{"@type":"ListItem","position":1,"name":"Home","item":"https:\/\/livekaarten.nl\/"},{"@type":"ListItem","position":2,"name":"Winkel","item":"https:\/\/livekaarten.nl\/shop\/"},{"@type":"ListItem","position":3,"name":"Microsoft Office 2024 Professional Plus + Microsoft Project 2024 Professional Licentie voor 3 apparaten"}]},{"@type":"WebSite","@id":"https:\/\/livekaarten.nl\/#website","url":"https:\/\/livekaarten.nl\/","name":"Livecards.co.uk","description":"Kaufen Sie Ihr B\u00fcro","potentialAction":[{"@type":"SearchAction","target":{"@type":"EntryPoint","urlTemplate":"https:\/\/livekaarten.nl\/?s={search_term_string}"},"query-input":{"@type":"PropertyValueSpecification","valueRequired":true,"valueName":"search_term_string"}}],"inLanguage":"de"}]}},"_links":{"self":[{"href":"https:\/\/livekaarten.nl\/de\/wp-json\/wp\/v2\/product\/114081","targetHints":{"allow":["GET"]}}],"collection":[{"href":"https:\/\/livekaarten.nl\/de\/wp-json\/wp\/v2\/product"}],"about":[{"href":"https:\/\/livekaarten.nl\/de\/wp-json\/wp\/v2\/types\/product"}],"replies":[{"embeddable":true,"href":"https:\/\/livekaarten.nl\/de\/wp-json\/wp\/v2\/comments?post=114081"}],"wp:featuredmedia":[{"embeddable":true,"href":"https:\/\/livekaarten.nl\/de\/wp-json\/wp\/v2\/media\/114627"}],"wp:attachment":[{"href":"https:\/\/livekaarten.nl\/de\/wp-json\/wp\/v2\/media?parent=114081"}],"wp:term":[{"taxonomy":"product_cat","embeddable":true,"href":"https:\/\/livekaarten.nl\/de\/wp-json\/wp\/v2\/product_cat?post=114081"},{"taxonomy":"product_tag","embeddable":true,"href":"https:\/\/livekaarten.nl\/de\/wp-json\/wp\/v2\/product_tag?post=114081"}],"curies":[{"name":"wp","href":"https:\/\/api.w.org\/{rel}","templated":true}]}}