{"id":113613,"date":"2024-06-25T20:25:53","date_gmt":"2024-06-25T18:25:53","guid":{"rendered":"https:\/\/gamecardshop.com\/livecards\/?post_type=product&#038;p=113613"},"modified":"2026-04-03T12:03:25","modified_gmt":"2026-04-03T10:03:25","slug":"microsoft-office-2024-pro-plus-office-2021-pro-plus","status":"publish","type":"product","link":"https:\/\/livekaarten.nl\/de\/produkt\/microsoft-office-2024-pro-plus-office-2021-pro-plus\/","title":{"rendered":"Microsoft Office 2024 Professional Plus + Office 2021 Professional Plus Lizenz f\u00fcr 3 Ger\u00e4te"},"content":{"rendered":"<h3><strong>Microsoft Office 2024 Professional Plus<\/strong><\/h3>\n<div style=\"margin-bottom: 15px;\"><strong>Mit dieser Lizenz kann die Software auf 3 verschiedenen Ger\u00e4ten aktiviert werden, z.B. Heim-PC, Notebook und Arbeits-PC.<\/strong><\/div>\n<div style=\"margin-bottom: 15px;\">Microsoft Office-Anwender, die zu Hause oder im B\u00fcro die gesamte Palette der Anwendungen nutzen, sind mit der Microsoft Office 2024 Professional Plus Edition gut beraten. Alle wichtigen Programme sind enthalten: Word, Excel, Outlook, PowerPoint und Access (Publisher ist nicht mehr enthalten, da es im Jahr 2026 eingestellt wird). OneNote steht ab sofort im Microsoft Windows Store zum Download bereit, so dass Sie schnell Notizen machen und diese \u00fcber die Cloud auf allen Ihren Ger\u00e4ten verf\u00fcgbar machen k\u00f6nnen. Die Professional Plus-Version richtet sich aufgrund ihrer gro\u00dfen Bandbreite an verschiedenen Programmen vor allem an Menschen, die von zu Hause aus arbeiten, im B\u00fcro arbeiten oder eine leistungsstarke, zuverl\u00e4ssige L\u00f6sung f\u00fcr die Verwaltung von Dokumenten, Tabellen und mehr suchen.<\/div>\n<ul>\n<li><strong>Word<\/strong>Erstellen Sie im Handumdrehen Textdokumente in professioneller Qualit\u00e4t.<\/li>\n<li><strong>Excel:<\/strong>: Intelligente Tabellenkalkulationen f\u00fcr das Informationsmanagement.<\/li>\n<li><strong>PowerPoint:<\/strong>Erstellen Sie beeindruckende dynamische Pr\u00e4sentationen.<\/li>\n<li><strong>OneNote<\/strong>: Ihr digitales Notizbuch.<\/li>\n<li><strong>Outlook:<\/strong>: Kommunikation leicht gemacht.<\/li>\n<li><strong>Access:<\/strong>Datenbankprogrammierung f\u00fcr browserbasierte Anwendungen.<\/li>\n<\/ul>\n<p><strong>Wichtiger Hinweis:<\/strong> <strong>Teams<\/strong> ist <strong>NICHT<\/strong> in dieser Version von Office enthalten!<\/p>\n<div><strong>Anforderungen an das Betriebssystem: Microsoft Windows 10 oder 11<\/strong><\/div>\n<hr \/>\n<h3><strong>Microsoft Office 2021 Professional Plus<\/strong><\/h3>\n<div>F\u00fcr alle, die ein robustes und zuverl\u00e4ssiges Set von Werkzeugen f\u00fcr den Einsatz zu Hause oder im B\u00fcro ben\u00f6tigen, bietet Microsoft Office 2021 Professional Plus Edition eine Komplettl\u00f6sung. Alle wichtigen Programme sind enthalten: Word, Excel, Outlook, PowerPoint, Publisher und Access. OneNote steht als Download im Windows Store zur Verf\u00fcgung, so dass Sie schnell Notizen machen k\u00f6nnen und diese \u00fcber die Cloud auf all Ihren Ger\u00e4ten zur Verf\u00fcgung haben. Die breite Palette an Programmen macht es perfekt f\u00fcr Menschen, die von zu Hause aus arbeiten, ein Home-Office betreiben oder nach einer leistungsstarken und zuverl\u00e4ssigen L\u00f6sung f\u00fcr Dokumentenmanagement und Produktivit\u00e4t suchen.<\/div>\n<p><strong>Die wichtigsten Funktionen von Microsoft Office 2021 Professional Plus:<\/strong><\/p>\n<ul>\n<li><strong>Microsoft Word<\/strong>Erstellen von Textdokumenten in professioneller Qualit\u00e4t.<\/li>\n<li><strong>Microsoft Excel<\/strong>: Intelligente Tabellenkalkulationen f\u00fcr die Datenverwaltung.<\/li>\n<li><strong>Microsoft PowerPoint<\/strong>Erstellen Sie beeindruckende, dynamische Pr\u00e4sentationen.<\/li>\n<li><strong>Microsoft OneNote<\/strong>: Ihr digitales Notizbuch.<\/li>\n<li><strong>Microsoft Outlook<\/strong>Einfache und effiziente Kommunikation.<\/li>\n<li><strong>Microsoft Publisher<\/strong>Layout von professionell aussehenden Publikationen.<\/li>\n<li><strong>Microsoft Access<\/strong>Datenbankmanagement f\u00fcr browserbasierte Anwendungen.<\/li>\n<li><strong>Microsoft Teams<\/strong>Verbesserte Zusammenarbeit \u00fcber Chat und Videoanrufe (separater Download).<\/li>\n<\/ul>\n<p><strong>Anmerkung:<\/strong> Mit einem <a href=\"https:\/\/blogs.microsoft.com\/eupolicy\/2023\/08\/31\/european-competition-teams-office-microsoft-365\/\" target=\"_blank\" rel=\"noopener\">Untersuchung der Europ\u00e4ischen Kommission<\/a> b\u00fcndelt Microsoft Teams nicht mehr standardm\u00e4\u00dfig mit Office-Produkten. Sie k\u00f6nnen <a href=\"https:\/\/www.microsoft.com\/en-us\/microsoft-teams\/download-app\" target=\"_blank\" rel=\"noopener\">Teams separat heruntergeladen<\/a> und je nach Bedarf mit einer kostenlosen oder kostenpflichtigen Lizenz verwenden.<\/p>\n<hr \/>\n<div>Mit diesem exklusiven Bundle erhalten Sie das Beste aus beiden Versionen von Microsoft Office: die Stabilit\u00e4t und Zuverl\u00e4ssigkeit von Microsoft Office 2021 sowie die Innovation und die erweiterten Funktionen von Microsoft Office 2024. Verpassen Sie nicht diese Gelegenheit, Ihre Produktivit\u00e4t zu maximieren und Ihren Arbeitsplatz zu verbessern!<\/div>","protected":false},"excerpt":{"rendered":"<ul>\n<li>Microsoft Office 2024 Professional Plus Lizenz f\u00fcr 3 Ger\u00e4te<\/li>\n<li>Microsoft Office 2021 Professional Plus Lizenz f\u00fcr 3 Ger\u00e4te<\/li>\n<li><strong>Mit dieser Lizenz kann die Software auf 3 verschiedenen Ger\u00e4ten aktiviert werden, z.B. auf einem Heim-PC, einem Notebook und einem Arbeits-PC.<\/strong><\/li>\n<li>Versionen f\u00fcr 32- und 64-Bit-Systeme, uneingeschr\u00e4nkte Softwareversionen <strong>von einem zertifizierten Microsoft Gold Partner<\/strong><\/li>\n<li><strong>Lebenslange Geld-zur\u00fcck-Garantie!<\/strong><\/li>\n<li>Lieferung per E-Mail: Produktschl\u00fcssel, Anleitung, Download-Links, Rechnung<\/li>\n<li>Sofort herunterladen!<\/li>\n<li>Keine zeitliche Begrenzung, kein Abonnement<\/li>\n<li>Kostenloser Support 24\/7 w\u00e4hrend der Installation und Aktivierung<\/li>\n<li>Nicht auf physischen Medien verf\u00fcgbar (USB, CD usw.)<\/li>\n<li>Aktivierung online und per Telefon<\/li>\n<li>Sprachen: Englisch, Spanisch, Italienisch, Deutsch, Franz\u00f6sisch<\/li>\n<li><strong><span style=\"color: #008000;\">Dieses Produkt ist mit Microsoft Windows kompatibel.<\/span><\/strong><\/li>\n<li><strong><span style=\"color: #ff0000;\">NICHT kompatibel mit Apple macOS\u2122, Android-Ger\u00e4ten und Chromebooks.<\/span><\/strong><\/li>\n<\/ul>","protected":false},"featured_media":114640,"comment_status":"closed","ping_status":"closed","template":"","meta":[],"product_cat":[75,129],"product_tag":[79,84],"class_list":{"0":"post-113613","1":"product","2":"type-product","3":"status-publish","4":"has-post-thumbnail","6":"product_cat-microsoft-office","7":"product_cat-office-2024","8":"product_tag-ms-office","9":"product_tag-office","11":"first","12":"instock","13":"sale","14":"virtual","15":"taxable","16":"purchasable","17":"product-type-simple"},"yoast_head":"<!-- This site is optimized with the Yoast SEO plugin v27.3 - https:\/\/yoast.com\/product\/yoast-seo-wordpress\/ -->\n<title>Microsoft Office 2024 Professional Plus + Office 2021 Professional Plus Licentie voor 3 apparaten | livekaarten.nl<\/title>\n<meta name=\"robots\" content=\"index, follow, max-snippet:-1, max-image-preview:large, max-video-preview:-1\" \/>\n<link rel=\"canonical\" href=\"https:\/\/livekaarten.nl\/de\/produkt\/microsoft-office-2024-pro-plus-office-2021-pro-plus\/\" \/>\n<meta property=\"og:locale\" content=\"de_DE\" \/>\n<meta property=\"og:type\" content=\"article\" \/>\n<meta property=\"og:title\" content=\"Microsoft Office 2024 Professional Plus + Office 2021 Professional Plus Licentie voor 3 apparaten | livekaarten.nl\" \/>\n<meta property=\"og:description\" content=\"Microsoft Office 2024 Professional Plus-licentie voor 3 apparaten  Microsoft Office 2021 Professional Plus-licentie voor 3 apparaten  Met deze licentie kan de software op 3 verschillende apparaten worden geactiveerd, bijv. een thuis-pc, notebook en werk-pc.  Versies voor 32- en 64-bits systemen, volledige onbeperkte softwareversies van een gecertificeerde Microsoft Gold Partner  Levenslange geld-terug-garantie!  Levering per e-mail: productsleutel, instructies, downloadlinks, factuur  Direct downloaden!  Geen tijdslimiet, geen abonnement  Gratis ondersteuning 24\/7 tijdens installatie en activering  Niet beschikbaar op fysieke media (USB, CD, enz.)  Activering online en telefonisch  Talen: Engels, Spaans, Italiaans, Duits, Frans  Dit product is compatibel met Microsoft Windows.  NIET compatibel met Apple macOS\u2122, Android-apparaten en Chromebooks.\" \/>\n<meta property=\"og:url\" content=\"https:\/\/livekaarten.nl\/de\/produkt\/microsoft-office-2024-pro-plus-office-2021-pro-plus\/\" \/>\n<meta property=\"og:site_name\" content=\"livekaarten.nl\" \/>\n<meta property=\"article:modified_time\" content=\"2026-04-03T10:03:25+00:00\" \/>\n<meta property=\"og:image\" content=\"https:\/\/livekaarten.nl\/wp-content\/uploads\/2025\/04\/O24PPO21PP.jpg\" \/>\n\t<meta property=\"og:image:width\" content=\"1000\" \/>\n\t<meta property=\"og:image:height\" content=\"1500\" \/>\n\t<meta property=\"og:image:type\" content=\"image\/jpeg\" \/>\n<meta name=\"twitter:card\" content=\"summary_large_image\" \/>\n<meta name=\"twitter:label1\" content=\"Gesch\u00e4tzte Lesezeit\" \/>\n\t<meta name=\"twitter:data1\" content=\"3\u00a0Minuten\" \/>\n<script type=\"application\/ld+json\" class=\"yoast-schema-graph\">{\"@context\":\"https:\\\/\\\/schema.org\",\"@graph\":[{\"@type\":\"WebPage\",\"@id\":\"https:\\\/\\\/livekaarten.nl\\\/product\\\/microsoft-office-2024-pro-plus-office-2021-pro-plus\\\/\",\"url\":\"https:\\\/\\\/livekaarten.nl\\\/product\\\/microsoft-office-2024-pro-plus-office-2021-pro-plus\\\/\",\"name\":\"Microsoft Office 2024 Professional Plus + Office 2021 Professional Plus Licentie voor 3 apparaten | livekaarten.nl\",\"isPartOf\":{\"@id\":\"https:\\\/\\\/livekaarten.nl\\\/#website\"},\"primaryImageOfPage\":{\"@id\":\"https:\\\/\\\/livekaarten.nl\\\/product\\\/microsoft-office-2024-pro-plus-office-2021-pro-plus\\\/#primaryimage\"},\"image\":{\"@id\":\"https:\\\/\\\/livekaarten.nl\\\/product\\\/microsoft-office-2024-pro-plus-office-2021-pro-plus\\\/#primaryimage\"},\"thumbnailUrl\":\"https:\\\/\\\/livekaarten.nl\\\/wp-content\\\/uploads\\\/2025\\\/04\\\/O24PPO21PP.jpg\",\"datePublished\":\"2024-06-25T18:25:53+00:00\",\"dateModified\":\"2026-04-03T10:03:25+00:00\",\"breadcrumb\":{\"@id\":\"https:\\\/\\\/livekaarten.nl\\\/product\\\/microsoft-office-2024-pro-plus-office-2021-pro-plus\\\/#breadcrumb\"},\"inLanguage\":\"de\",\"potentialAction\":[{\"@type\":\"ReadAction\",\"target\":[\"https:\\\/\\\/livekaarten.nl\\\/product\\\/microsoft-office-2024-pro-plus-office-2021-pro-plus\\\/\"]}]},{\"@type\":\"ImageObject\",\"inLanguage\":\"de\",\"@id\":\"https:\\\/\\\/livekaarten.nl\\\/product\\\/microsoft-office-2024-pro-plus-office-2021-pro-plus\\\/#primaryimage\",\"url\":\"https:\\\/\\\/livekaarten.nl\\\/wp-content\\\/uploads\\\/2025\\\/04\\\/O24PPO21PP.jpg\",\"contentUrl\":\"https:\\\/\\\/livekaarten.nl\\\/wp-content\\\/uploads\\\/2025\\\/04\\\/O24PPO21PP.jpg\",\"width\":1000,\"height\":1500},{\"@type\":\"BreadcrumbList\",\"@id\":\"https:\\\/\\\/livekaarten.nl\\\/product\\\/microsoft-office-2024-pro-plus-office-2021-pro-plus\\\/#breadcrumb\",\"itemListElement\":[{\"@type\":\"ListItem\",\"position\":1,\"name\":\"Home\",\"item\":\"https:\\\/\\\/livekaarten.nl\\\/\"},{\"@type\":\"ListItem\",\"position\":2,\"name\":\"Winkel\",\"item\":\"https:\\\/\\\/livekaarten.nl\\\/shop\\\/\"},{\"@type\":\"ListItem\",\"position\":3,\"name\":\"Microsoft Office 2024 Professional Plus + Office 2021 Professional Plus Licentie voor 3 apparaten\"}]},{\"@type\":\"WebSite\",\"@id\":\"https:\\\/\\\/livekaarten.nl\\\/#website\",\"url\":\"https:\\\/\\\/livekaarten.nl\\\/\",\"name\":\"Livekaarten.nl\",\"description\":\"Koop uw kantoor\",\"potentialAction\":[{\"@type\":\"SearchAction\",\"target\":{\"@type\":\"EntryPoint\",\"urlTemplate\":\"https:\\\/\\\/livekaarten.nl\\\/?s={search_term_string}\"},\"query-input\":{\"@type\":\"PropertyValueSpecification\",\"valueRequired\":true,\"valueName\":\"search_term_string\"}}],\"inLanguage\":\"de\"}]}<\/script>\n<!-- \/ Yoast SEO plugin. -->","yoast_head_json":{"title":"Microsoft Office 2024 Professional Plus + Office 2021 Professional Plus Licentie voor 3 apparaten | livekaarten.nl","robots":{"index":"index","follow":"follow","max-snippet":"max-snippet:-1","max-image-preview":"max-image-preview:large","max-video-preview":"max-video-preview:-1"},"canonical":"https:\/\/livekaarten.nl\/de\/produkt\/microsoft-office-2024-pro-plus-office-2021-pro-plus\/","og_locale":"de_DE","og_type":"article","og_title":"Microsoft Office 2024 Professional Plus + Office 2021 Professional Plus Licentie voor 3 apparaten | livekaarten.nl","og_description":"Microsoft Office 2024 Professional Plus-licentie voor 3 apparaten  Microsoft Office 2021 Professional Plus-licentie voor 3 apparaten  Met deze licentie kan de software op 3 verschillende apparaten worden geactiveerd, bijv. een thuis-pc, notebook en werk-pc.  Versies voor 32- en 64-bits systemen, volledige onbeperkte softwareversies van een gecertificeerde Microsoft Gold Partner  Levenslange geld-terug-garantie!  Levering per e-mail: productsleutel, instructies, downloadlinks, factuur  Direct downloaden!  Geen tijdslimiet, geen abonnement  Gratis ondersteuning 24\/7 tijdens installatie en activering  Niet beschikbaar op fysieke media (USB, CD, enz.)  Activering online en telefonisch  Talen: Engels, Spaans, Italiaans, Duits, Frans  Dit product is compatibel met Microsoft Windows.  NIET compatibel met Apple macOS\u2122, Android-apparaten en Chromebooks.","og_url":"https:\/\/livekaarten.nl\/de\/produkt\/microsoft-office-2024-pro-plus-office-2021-pro-plus\/","og_site_name":"livekaarten.nl","article_modified_time":"2026-04-03T10:03:25+00:00","og_image":[{"width":1000,"height":1500,"url":"https:\/\/livekaarten.nl\/wp-content\/uploads\/2025\/04\/O24PPO21PP.jpg","type":"image\/jpeg"}],"twitter_card":"summary_large_image","twitter_misc":{"Gesch\u00e4tzte Lesezeit":"3\u00a0Minuten"},"schema":{"@context":"https:\/\/schema.org","@graph":[{"@type":"WebPage","@id":"https:\/\/livekaarten.nl\/product\/microsoft-office-2024-pro-plus-office-2021-pro-plus\/","url":"https:\/\/livekaarten.nl\/product\/microsoft-office-2024-pro-plus-office-2021-pro-plus\/","name":"Microsoft Office 2024 Professional Plus + Office 2021 Professional Plus Licentie voor 3 apparaten | livekaarten.nl","isPartOf":{"@id":"https:\/\/livekaarten.nl\/#website"},"primaryImageOfPage":{"@id":"https:\/\/livekaarten.nl\/product\/microsoft-office-2024-pro-plus-office-2021-pro-plus\/#primaryimage"},"image":{"@id":"https:\/\/livekaarten.nl\/product\/microsoft-office-2024-pro-plus-office-2021-pro-plus\/#primaryimage"},"thumbnailUrl":"https:\/\/livekaarten.nl\/wp-content\/uploads\/2025\/04\/O24PPO21PP.jpg","datePublished":"2024-06-25T18:25:53+00:00","dateModified":"2026-04-03T10:03:25+00:00","breadcrumb":{"@id":"https:\/\/livekaarten.nl\/product\/microsoft-office-2024-pro-plus-office-2021-pro-plus\/#breadcrumb"},"inLanguage":"de","potentialAction":[{"@type":"ReadAction","target":["https:\/\/livekaarten.nl\/product\/microsoft-office-2024-pro-plus-office-2021-pro-plus\/"]}]},{"@type":"ImageObject","inLanguage":"de","@id":"https:\/\/livekaarten.nl\/product\/microsoft-office-2024-pro-plus-office-2021-pro-plus\/#primaryimage","url":"https:\/\/livekaarten.nl\/wp-content\/uploads\/2025\/04\/O24PPO21PP.jpg","contentUrl":"https:\/\/livekaarten.nl\/wp-content\/uploads\/2025\/04\/O24PPO21PP.jpg","width":1000,"height":1500},{"@type":"BreadcrumbList","@id":"https:\/\/livekaarten.nl\/product\/microsoft-office-2024-pro-plus-office-2021-pro-plus\/#breadcrumb","itemListElement":[{"@type":"ListItem","position":1,"name":"Home","item":"https:\/\/livekaarten.nl\/"},{"@type":"ListItem","position":2,"name":"Winkel","item":"https:\/\/livekaarten.nl\/shop\/"},{"@type":"ListItem","position":3,"name":"Microsoft Office 2024 Professional Plus + Office 2021 Professional Plus Licentie voor 3 apparaten"}]},{"@type":"WebSite","@id":"https:\/\/livekaarten.nl\/#website","url":"https:\/\/livekaarten.nl\/","name":"Livecards.co.uk","description":"Kaufen Sie Ihr B\u00fcro","potentialAction":[{"@type":"SearchAction","target":{"@type":"EntryPoint","urlTemplate":"https:\/\/livekaarten.nl\/?s={search_term_string}"},"query-input":{"@type":"PropertyValueSpecification","valueRequired":true,"valueName":"search_term_string"}}],"inLanguage":"de"}]}},"_links":{"self":[{"href":"https:\/\/livekaarten.nl\/de\/wp-json\/wp\/v2\/product\/113613","targetHints":{"allow":["GET"]}}],"collection":[{"href":"https:\/\/livekaarten.nl\/de\/wp-json\/wp\/v2\/product"}],"about":[{"href":"https:\/\/livekaarten.nl\/de\/wp-json\/wp\/v2\/types\/product"}],"replies":[{"embeddable":true,"href":"https:\/\/livekaarten.nl\/de\/wp-json\/wp\/v2\/comments?post=113613"}],"wp:featuredmedia":[{"embeddable":true,"href":"https:\/\/livekaarten.nl\/de\/wp-json\/wp\/v2\/media\/114640"}],"wp:attachment":[{"href":"https:\/\/livekaarten.nl\/de\/wp-json\/wp\/v2\/media?parent=113613"}],"wp:term":[{"taxonomy":"product_cat","embeddable":true,"href":"https:\/\/livekaarten.nl\/de\/wp-json\/wp\/v2\/product_cat?post=113613"},{"taxonomy":"product_tag","embeddable":true,"href":"https:\/\/livekaarten.nl\/de\/wp-json\/wp\/v2\/product_tag?post=113613"}],"curies":[{"name":"wp","href":"https:\/\/api.w.org\/{rel}","templated":true}]}}