{"id":257,"date":"2020-09-14T13:27:07","date_gmt":"2020-09-14T13:27:07","guid":{"rendered":"http:\/\/localhost\/shopingcart\/?page_id=257"},"modified":"2025-12-14T15:41:02","modified_gmt":"2025-12-14T14:41:02","slug":"about-us","status":"publish","type":"page","link":"https:\/\/livekaarten.nl\/de\/about-us\/","title":{"rendered":"\u00dcber uns"},"content":{"rendered":"<p>&nbsp;<\/p>\r\n<p><img fetchpriority=\"high\" decoding=\"async\" class=\"alignnone wp-image-12801 size-full\" src=\"https:\/\/livekaarten.nl\/wp-content\/uploads\/2025\/04\/logo.jpg\" alt=\"\" width=\"1710\" height=\"175\" \/><\/p>\r\n<h5>\u00a0<\/h5>\r\n<h5><a href=\"https:\/\/livekaarten.nl\/de\/\">livekaarten.nl<\/a>: Ihre Software-Plattform f\u00fcr Qualit\u00e4t und Zuverl\u00e4ssigkeit<\/h5>\r\n<p>Als zuverl\u00e4ssiger Microsoft-Partner bietet Ihnen livekaarten.nl ein breites Spektrum an Softwarel\u00f6sungen - von Microsoft Office bis hin zu Serverbetriebssystemen. Bei uns finden Sie nur Produkte von renommierten Softwareherstellern, die Qualit\u00e4t und Effizienz garantieren.<\/p>\r\n<p><strong>Betriebssysteme: Das Herzst\u00fcck Ihres PCs<\/strong><\/p>\r\n<p>Ein Computer ohne ein Betriebssystem ist wie ein Auto ohne Motor. Es steuert die Hardware, weist die Ressourcen zu und bietet eine intuitive Benutzeroberfl\u00e4che. F\u00fcr maximale PC-Leistung setzen wir auf Marktf\u00fchrer wie Windows 11, das f\u00fcr seine Effizienz und Benutzerfreundlichkeit bekannt ist. Alle unsere Lizenzen sind authentisch und k\u00f6nnen direkt \u00fcber uns aktiviert werden.<\/p>\r\n<p><strong>Server Betriebssysteme: Leistung f\u00fcr Ihr Unternehmen<\/strong><\/p>\r\n<p>Server erfordern spezielle Betriebssysteme. Bei livekaarten.nl bieten wir Ihnen die leistungsstarken Windows Server-Systeme von Microsoft an. Sie finden bei uns auch andere Serverl\u00f6sungen wie SQL Server, Exchange Server und SharePoint Server.<\/p>\r\n<p><strong>Microsoft Office: Maximale Produktivit\u00e4t im B\u00fcro<\/strong><\/p>\r\n<p>Mit Microsoft Office arbeiten Sie effizienter denn je. Ob Textverarbeitung, Tabellenkalkulation oder Pr\u00e4sentationen - bei livekaarten.nl finden Sie f\u00fcr jeden Bedarf, ob gesch\u00e4ftlich oder privat, die richtige Edition.<\/p>\r\n<p><strong>livekaarten.nl: Niedrige Preise, Top-Qualit\u00e4t und erstklassiger Service<\/strong><\/p>\r\n<p>Bei livekaarten.nl profitieren Sie nicht nur von g\u00fcnstigen Preisen, sondern auch von einem zuverl\u00e4ssigen Service. Unser mehrsprachiger Kundendienst ist 24\/7 per E-Mail erreichbar. Unsere Experten helfen Ihnen gerne bei der Installation und Nutzung Ihrer Software. Verlassen Sie sich auf unsere Erfahrung und Kompetenz. Zu jeder Bestellung erhalten Sie eine Rechnung mit unserer Mehrwertsteuernummer, ein klares R\u00fcckgaberecht und eine lebenslange Garantie - f\u00fcr Ihre Sicherheit und Zufriedenheit.<\/p>","protected":false},"excerpt":{"rendered":"<p>&nbsp; \u00a0 livekaarten.nl: Jouw softwareplatform voor kwaliteit en betrouwbaarheid Als vertrouwde Microsoft-partner biedt livekaarten.nl je een breed scala aan softwareoplossingen \u2013 van Microsoft Office tot serverbesturingssystemen. Bij ons vind je uitsluitend producten van gerenommeerde softwarefabrikanten, zodat je verzekerd bent van kwaliteit en effici\u00ebntie. Besturingssystemen: Het hart van je pc Een computer zonder besturingssysteem is als [&hellip;]<\/p>\n","protected":false},"author":1,"featured_media":0,"parent":0,"menu_order":0,"comment_status":"closed","ping_status":"closed","template":"","meta":{"footnotes":""},"class_list":["post-257","page","type-page","status-publish","hentry"],"yoast_head":"<!-- This site is optimized with the Yoast SEO plugin v27.3 - https:\/\/yoast.com\/product\/yoast-seo-wordpress\/ -->\n<title>Over ons | livekaarten.nl<\/title>\n<meta name=\"robots\" content=\"index, follow, max-snippet:-1, max-image-preview:large, max-video-preview:-1\" \/>\n<link rel=\"canonical\" href=\"https:\/\/livekaarten.nl\/de\/about-us\/\" \/>\n<meta property=\"og:locale\" content=\"de_DE\" \/>\n<meta property=\"og:type\" content=\"article\" \/>\n<meta property=\"og:title\" content=\"Over ons | livekaarten.nl\" \/>\n<meta property=\"og:description\" content=\"&nbsp; \u00a0 livekaarten.nl: Jouw softwareplatform voor kwaliteit en betrouwbaarheid Als vertrouwde Microsoft-partner biedt livekaarten.nl je een breed scala aan softwareoplossingen \u2013 van Microsoft Office tot serverbesturingssystemen. Bij ons vind je uitsluitend producten van gerenommeerde softwarefabrikanten, zodat je verzekerd bent van kwaliteit en effici\u00ebntie. Besturingssystemen: Het hart van je pc Een computer zonder besturingssysteem is als [&hellip;]\" \/>\n<meta property=\"og:url\" content=\"https:\/\/livekaarten.nl\/de\/about-us\/\" \/>\n<meta property=\"og:site_name\" content=\"livekaarten.nl\" \/>\n<meta property=\"article:modified_time\" content=\"2025-12-14T14:41:02+00:00\" \/>\n<meta name=\"twitter:card\" content=\"summary_large_image\" \/>\n<meta name=\"twitter:label1\" content=\"Gesch\u00e4tzte Lesezeit\" \/>\n\t<meta name=\"twitter:data1\" content=\"2\u00a0Minuten\" \/>\n<script type=\"application\/ld+json\" class=\"yoast-schema-graph\">{\"@context\":\"https:\\\/\\\/schema.org\",\"@graph\":[{\"@type\":\"WebPage\",\"@id\":\"https:\\\/\\\/livekaarten.nl\\\/about-us\\\/\",\"url\":\"https:\\\/\\\/livekaarten.nl\\\/about-us\\\/\",\"name\":\"Over ons | livekaarten.nl\",\"isPartOf\":{\"@id\":\"https:\\\/\\\/livekaarten.nl\\\/#website\"},\"primaryImageOfPage\":{\"@id\":\"https:\\\/\\\/livekaarten.nl\\\/about-us\\\/#primaryimage\"},\"image\":{\"@id\":\"https:\\\/\\\/livekaarten.nl\\\/about-us\\\/#primaryimage\"},\"thumbnailUrl\":\"https:\\\/\\\/livekaarten.nl\\\/wp-content\\\/uploads\\\/2025\\\/04\\\/logo.jpg\",\"datePublished\":\"2020-09-14T13:27:07+00:00\",\"dateModified\":\"2025-12-14T14:41:02+00:00\",\"breadcrumb\":{\"@id\":\"https:\\\/\\\/livekaarten.nl\\\/about-us\\\/#breadcrumb\"},\"inLanguage\":\"de\",\"potentialAction\":[{\"@type\":\"ReadAction\",\"target\":[\"https:\\\/\\\/livekaarten.nl\\\/about-us\\\/\"]}]},{\"@type\":\"ImageObject\",\"inLanguage\":\"de\",\"@id\":\"https:\\\/\\\/livekaarten.nl\\\/about-us\\\/#primaryimage\",\"url\":\"https:\\\/\\\/livekaarten.nl\\\/wp-content\\\/uploads\\\/2025\\\/04\\\/logo.jpg\",\"contentUrl\":\"https:\\\/\\\/livekaarten.nl\\\/wp-content\\\/uploads\\\/2025\\\/04\\\/logo.jpg\"},{\"@type\":\"BreadcrumbList\",\"@id\":\"https:\\\/\\\/livekaarten.nl\\\/about-us\\\/#breadcrumb\",\"itemListElement\":[{\"@type\":\"ListItem\",\"position\":1,\"name\":\"Home\",\"item\":\"https:\\\/\\\/livekaarten.nl\\\/\"},{\"@type\":\"ListItem\",\"position\":2,\"name\":\"Over ons\"}]},{\"@type\":\"WebSite\",\"@id\":\"https:\\\/\\\/livekaarten.nl\\\/#website\",\"url\":\"https:\\\/\\\/livekaarten.nl\\\/\",\"name\":\"Livekaarten.nl\",\"description\":\"Koop uw kantoor\",\"potentialAction\":[{\"@type\":\"SearchAction\",\"target\":{\"@type\":\"EntryPoint\",\"urlTemplate\":\"https:\\\/\\\/livekaarten.nl\\\/?s={search_term_string}\"},\"query-input\":{\"@type\":\"PropertyValueSpecification\",\"valueRequired\":true,\"valueName\":\"search_term_string\"}}],\"inLanguage\":\"de\"}]}<\/script>\n<!-- \/ Yoast SEO plugin. -->","yoast_head_json":{"title":"Over ons | livekaarten.nl","robots":{"index":"index","follow":"follow","max-snippet":"max-snippet:-1","max-image-preview":"max-image-preview:large","max-video-preview":"max-video-preview:-1"},"canonical":"https:\/\/livekaarten.nl\/de\/about-us\/","og_locale":"de_DE","og_type":"article","og_title":"Over ons | livekaarten.nl","og_description":"&nbsp; \u00a0 livekaarten.nl: Jouw softwareplatform voor kwaliteit en betrouwbaarheid Als vertrouwde Microsoft-partner biedt livekaarten.nl je een breed scala aan softwareoplossingen \u2013 van Microsoft Office tot serverbesturingssystemen. Bij ons vind je uitsluitend producten van gerenommeerde softwarefabrikanten, zodat je verzekerd bent van kwaliteit en effici\u00ebntie. Besturingssystemen: Het hart van je pc Een computer zonder besturingssysteem is als [&hellip;]","og_url":"https:\/\/livekaarten.nl\/de\/about-us\/","og_site_name":"livekaarten.nl","article_modified_time":"2025-12-14T14:41:02+00:00","twitter_card":"summary_large_image","twitter_misc":{"Gesch\u00e4tzte Lesezeit":"2\u00a0Minuten"},"schema":{"@context":"https:\/\/schema.org","@graph":[{"@type":"WebPage","@id":"https:\/\/livekaarten.nl\/about-us\/","url":"https:\/\/livekaarten.nl\/about-us\/","name":"Over ons | livekaarten.nl","isPartOf":{"@id":"https:\/\/livekaarten.nl\/#website"},"primaryImageOfPage":{"@id":"https:\/\/livekaarten.nl\/about-us\/#primaryimage"},"image":{"@id":"https:\/\/livekaarten.nl\/about-us\/#primaryimage"},"thumbnailUrl":"https:\/\/livekaarten.nl\/wp-content\/uploads\/2025\/04\/logo.jpg","datePublished":"2020-09-14T13:27:07+00:00","dateModified":"2025-12-14T14:41:02+00:00","breadcrumb":{"@id":"https:\/\/livekaarten.nl\/about-us\/#breadcrumb"},"inLanguage":"de","potentialAction":[{"@type":"ReadAction","target":["https:\/\/livekaarten.nl\/about-us\/"]}]},{"@type":"ImageObject","inLanguage":"de","@id":"https:\/\/livekaarten.nl\/about-us\/#primaryimage","url":"https:\/\/livekaarten.nl\/wp-content\/uploads\/2025\/04\/logo.jpg","contentUrl":"https:\/\/livekaarten.nl\/wp-content\/uploads\/2025\/04\/logo.jpg"},{"@type":"BreadcrumbList","@id":"https:\/\/livekaarten.nl\/about-us\/#breadcrumb","itemListElement":[{"@type":"ListItem","position":1,"name":"Home","item":"https:\/\/livekaarten.nl\/"},{"@type":"ListItem","position":2,"name":"Over ons"}]},{"@type":"WebSite","@id":"https:\/\/livekaarten.nl\/#website","url":"https:\/\/livekaarten.nl\/","name":"Livecards.co.uk","description":"Kaufen Sie Ihr B\u00fcro","potentialAction":[{"@type":"SearchAction","target":{"@type":"EntryPoint","urlTemplate":"https:\/\/livekaarten.nl\/?s={search_term_string}"},"query-input":{"@type":"PropertyValueSpecification","valueRequired":true,"valueName":"search_term_string"}}],"inLanguage":"de"}]}},"_links":{"self":[{"href":"https:\/\/livekaarten.nl\/de\/wp-json\/wp\/v2\/pages\/257","targetHints":{"allow":["GET"]}}],"collection":[{"href":"https:\/\/livekaarten.nl\/de\/wp-json\/wp\/v2\/pages"}],"about":[{"href":"https:\/\/livekaarten.nl\/de\/wp-json\/wp\/v2\/types\/page"}],"author":[{"embeddable":true,"href":"https:\/\/livekaarten.nl\/de\/wp-json\/wp\/v2\/users\/1"}],"replies":[{"embeddable":true,"href":"https:\/\/livekaarten.nl\/de\/wp-json\/wp\/v2\/comments?post=257"}],"version-history":[{"count":0,"href":"https:\/\/livekaarten.nl\/de\/wp-json\/wp\/v2\/pages\/257\/revisions"}],"wp:attachment":[{"href":"https:\/\/livekaarten.nl\/de\/wp-json\/wp\/v2\/media?parent=257"}],"curies":[{"name":"wp","href":"https:\/\/api.w.org\/{rel}","templated":true}]}}