{"id":2096,"date":"2020-12-16T16:19:20","date_gmt":"2020-12-16T16:19:20","guid":{"rendered":"https:\/\/shop.winandoffice.com\/?page_id=1163"},"modified":"2026-03-09T14:43:56","modified_gmt":"2026-03-09T13:43:56","slug":"terms-and-conditions","status":"publish","type":"page","link":"https:\/\/livekaarten.nl\/de\/terms-and-conditions\/","title":{"rendered":"Allgemeine Gesch\u00e4ftsbedingungen"},"content":{"rendered":"<article id=\"page-1163\" class=\"post-1163 page type-page status-publish hentry\">\n<div class=\"entry-content\">\n<p>&nbsp;<\/p>\n<p><strong>1. Grundlegende Bestimmungen<\/strong><\/p>\n<p>1.1. Transaktionen mit<strong> livekaarten.nl<\/strong> (nachfolgend \u201cVerk\u00e4ufer\u201d) erfolgen ausschlie\u00dflich auf der Grundlage dieser Allgemeinen Gesch\u00e4ftsbedingungen (nachfolgend \u201cAGB\u201d). Sie gelten somit auch f\u00fcr alle k\u00fcnftigen Gesch\u00e4ftsbeziehungen, auch wenn sie nicht nochmals ausdr\u00fccklich vereinbart werden. Bezugnahmen des K\u00e4ufers (nachfolgend \u201cKunde\u201d) auf seine Allgemeinen Gesch\u00e4ftsbedingungen wird widersprochen.<\/p>\n<p>1.2. Diese AGB gelten sowohl gegen\u00fcber Verbrauchern (\u00a7 13 BGB) als auch gegen\u00fcber Unternehmern (\u00a7 14 BGB). Soweit die nachfolgenden Bedingungen keinen gesonderten Hinweis enthalten, gelten alle Bedingungen gleicherma\u00dfen f\u00fcr Vertr\u00e4ge mit Unternehmern und Verbrauchern.<\/p>\n<p>1.3. Erg\u00e4nzungen oder \u00c4nderungen der Bedingungen bed\u00fcrfen der schriftlichen Best\u00e4tigung durch das Verkehrsunternehmen. Das Original der Bestellung ist f\u00fcr den Inhalt des Vertrages ma\u00dfgebend.<\/p>\n<p>1.4. Wir sind berechtigt, Konstruktions- und Form\u00e4nderungen an den Waren vorzunehmen, sofern diese \u00c4nderungen nicht grundlegender Natur sind und den Vertragszweck nicht wesentlich einschr\u00e4nken.<\/p>\n<p>1.5 Mit der Erteilung des Auftrages gem\u00e4\u00df Ziffer 2.2 akzeptiert der Kunde die vorliegenden AGB.<\/p>\n<p>&nbsp;<\/p>\n<p><strong>2. Zustandekommen des Vertrags<\/strong><\/p>\n<p>2.1. Vertragsgegenstand ist der Verkauf von Download-Produkten (digitale Inhalte, die nicht auf einem physischen Datentr\u00e4ger geliefert werden, wie z.B. digital verf\u00fcgbare Produktschl\u00fcssel, Zugangscodes oder sonstige digital verf\u00fcgbare Informationen) einschlie\u00dflich der damit verbundenen Lizenzen. Mit dem Einstellen des jeweiligen Download-Produktes auf unserer Website geben wir gegen\u00fcber dem Kunden ein verbindliches Angebot zum Abschluss eines Vertrages zu den in der Artikelbeschreibung genannten Bedingungen ab.<\/p>\n<p>2.2. Im Falle eines Vertrages \u00fcber die Lieferung digitaler G\u00fcter ist der Verk\u00e4ufer im Falle eines Vertrages \u00fcber die Lieferung von Software (im Folgenden \u201cSoftwarekauf\u201d) verpflichtet, die im Lizenzzertifikat genannte Software dauerhaft in den Objektcode zu \u00fcbertragen. Der Verk\u00e4ufer ist verpflichtet, auf die M\u00f6glichkeit des Herunterladens der Software hinzuweisen und eine gedruckte oder herunterladbare Version der entsprechenden Benutzerdokumentation zur Verf\u00fcgung zu stellen. Bis zur vollst\u00e4ndigen Bezahlung des Kaufpreises gem\u00e4\u00df Ziffer 8 steht die gelieferte Benutzerdokumentation unter Eigentumsvorbehalt des Verk\u00e4ufers. F\u00fcr die Beschaffenheit der Software ist die Beschreibung des jeweiligen Produktes im jeweiligen Online-Shop oder Marktplatz des Verk\u00e4ufers ma\u00dfgeblich. Der Verk\u00e4ufer hat auch die Rechte gem\u00e4\u00df Ziffer 4.8 einzur\u00e4umen.<\/p>\n<p>2.3. Der Vertragsschluss erfolgt \u00fcber das Online-Warenkorbsystem: Der Kunde legt die ausgew\u00e4hlten Produkte in den virtuellen Warenkorb und f\u00fchrt den elektronischen Bestellvorgang durch. Durch Anklicken des Buttons zum Abschluss des Bestellvorgangs gibt der Kunde ein rechtlich verbindliches Vertragsangebot \u00fcber die im Warenkorb befindlichen Produkte ab. Der Kunde kann das Angebot auch per E-Mail an den Verk\u00e4ufer \u00fcbermitteln.<\/p>\n<p>2.4. Der Verk\u00e4ufer kann das Angebot des Kunden innerhalb von f\u00fcnf Tagen annehmen, indem er den Kunden nach seiner Bestellung zur Zahlung auffordert. Dazu geh\u00f6rt auch die Auswahl einer Zahlungsart im Bestellprozess, bei der die Zahlung vor dem Versand der bestellten Produkte erfolgt. Die Frist f\u00fcr die Annahme des Angebots beginnt am Tag nach der Absendung des Angebots durch den Kunden und endet mit Ablauf des f\u00fcnften Tages nach Absendung des Angebots. Nimmt der Verk\u00e4ufer das Angebot des Kunden nicht innerhalb der vorgenannten Frist an, so gilt dies als Ablehnung des Angebots mit der Folge, dass der Kunde nicht mehr an seine Willenserkl\u00e4rung gebunden ist.<\/p>\n<p>2.5. Die Abwicklung der Bestellung und die \u00dcbermittlung aller im Zusammenhang mit dem Vertragsschluss erforderlichen Informationen erfolgt per E-Mail, ebenso wie die Lieferung von downloadbaren Produkten. Der Kunde hat daher sicherzustellen, dass die von ihm angegebene E-Mail-Adresse zutreffend ist und dass SPAM-Filter den Empfang von E-Mails nicht verhindern.<\/p>\n<p>&nbsp;<\/p>\n<p><strong>3. Recht auf Widerruf<\/strong><\/p>\n<p>3.1. Verbraucher haben generell ein Widerrufsrecht.<\/p>\n<p>3.2. Weitere Informationen \u00fcber das Widerrufsrecht finden Sie in den Widerrufsbedingungen des Verk\u00e4ufers.<\/p>\n<p>3.3. Sie haben das Recht, diesen Vertrag auf Lebenszeit ab dem Datum des Vertragsabschlusses ohne Angabe von Gr\u00fcnden zu widerrufen.<\/p>\n<p>&nbsp;<\/p>\n<p><strong>4. Garantie<\/strong><\/p>\n<p>4.1. Es gelten die gesetzlichen Gew\u00e4hrleistungsrechte.<\/p>\n<p>4.2. Der Kunde wird gebeten, die Unversehrtheit und sichtbare M\u00e4ngel der Ware unverz\u00fcglich nach Ablieferung zu pr\u00fcfen und uns etwaige Beanstandungen schnellstm\u00f6glich mitzuteilen. Kommt der Kunde dem nicht nach, so bleiben seine gesetzlichen Gew\u00e4hrleistungsanspr\u00fcche hiervon unber\u00fchrt.<\/p>\n<p>4.3. Als Beschaffenheit der Ware gelten nur unsere eigenen Angaben und die Produktbeschreibung des Herstellers als vereinbart, nicht aber sonstige Werbung, \u00f6ffentliche Anpreisungen und Herstellerangaben.<\/p>\n<p>4.4. Die Gew\u00e4hrleistungsfrist betr\u00e4gt ein Jahr ab Lieferung der Ware. Die verk\u00fcrzte Frist gilt nicht:<\/p>\n<ul>\n<li>Uns rechtswidrig zurechenbare Sch\u00e4den aus der Verletzung des Lebens, des K\u00f6rpers oder der Gesundheit und sonstige vors\u00e4tzlich oder grob fahrl\u00e4ssig verursachte Sch\u00e4den;<\/li>\n<li>soweit wir den Mangel arglistig verschwiegen oder eine Garantie f\u00fcr die Beschaffenheit der Sache \u00fcbernommen haben;<\/li>\n<li>f\u00fcr den Fall, dass Sie uns im Zusammenhang mit Gew\u00e4hrleistungsrechten in Regress nehmen.<\/li>\n<\/ul>\n<p>4.5. Verweigert der Kunde die Lieferung des Verk\u00e4ufers aus einem anderen Grund als einem Sachmangel, der die Nutzung erheblich einschr\u00e4nkt oder unm\u00f6glich macht, obwohl der Verk\u00e4ufer sich zur Erf\u00fcllung verpflichtet hat, ger\u00e4t der Kunde in Annahmeverzug. Wegen unwesentlicher M\u00e4ngel darf die Annahme der Lieferung nicht verweigert werden.<\/p>\n<p>4.6. Die Gew\u00e4hrleistung gilt nicht f\u00fcr M\u00e4ngel, die auf unsachgem\u00e4\u00dfen Gebrauch, entgegen der vertraglichen Grundlage ge\u00e4nderte Systemkomponenten, Einsatz unzureichender organisatorischer Mittel, Einsatz in einer Hard- oder Softwareumgebung, die nicht den im Lizenzschein genannten Anforderungen entspricht, ungew\u00f6hnliche Einsatzbedingungen oder Eingriffe in das System durch Kunden oder Dritte zur\u00fcckzuf\u00fchren sind. Wird die Ware in Verbindung mit Ger\u00e4ten Dritter eingesetzt, besteht eine Gew\u00e4hrleistung f\u00fcr Funktions- und Leistungsm\u00e4ngel nur dann, wenn solche M\u00e4ngel auch ohne eine solche Verbindung auftreten oder wenn die Kompatibilit\u00e4t mit diesen Elementen Teil der vertraglich vereinbarten Beschaffenheit ist.<\/p>\n<p>4.7. Ist eine Lieferung mangelhaft, kann der Verk\u00e4ufer nach seiner Wahl den Mangel beseitigen (Nachbesserung) oder eine mangelfreie Sache liefern (Ersatzlieferung). Im letzteren Fall ist der Kunde verpflichtet, die mangelhafte Ware auf Verlangen des Verk\u00e4ufers nach Ma\u00dfgabe der gesetzlichen Bestimmungen zur\u00fcckzugeben. Ist der Kunde Verbraucher, gilt der vorstehende Satz mit der Ma\u00dfgabe, dass die Nutzung nicht \u00fcberlassen oder entgeltlich ersetzt werden darf. Der Kunde hat dem Verk\u00e4ufer Zeit und Gelegenheit zur Nacherf\u00fcllung, insbesondere zur Nachbesserung, zu geben.<\/p>\n<p>&nbsp;<\/p>\n<p><strong>5. Preise und Zahlungsbedingungen<\/strong><\/p>\n<p>5.1. Sofern sich aus der Produktbeschreibung des Verk\u00e4ufers nichts anderes ergibt, handelt es sich bei den angegebenen Preisen um Gesamtpreise einschlie\u00dflich der gesetzlichen Umsatzsteuer. Eventuell zus\u00e4tzlich anfallende Liefer- und Versandkosten werden in der Beschreibung des jeweiligen Produkts gesondert ausgewiesen.<\/p>\n<p>5.2. Bei Sendungen in L\u00e4nder au\u00dferhalb der Europ\u00e4ischen Union k\u00f6nnen im Einzelfall zus\u00e4tzliche Kosten entstehen, die der Verk\u00e4ufer nicht zu vertreten hat und die vom Kunden zu tragen sind. Dazu geh\u00f6ren z.B. \u00dcberweisungsgeb\u00fchren (z.B. \u00dcberweisungsspesen, Wechselgeb\u00fchren) oder Einfuhrabgaben oder Steuern (z.B. Z\u00f6lle). Solche Kosten k\u00f6nnen auch im Zusammenhang mit der Bank\u00fcberweisung anfallen, wenn die Lieferung nicht in ein Land au\u00dferhalb der Europ\u00e4ischen Union erfolgt, sondern der Kunde die Zahlung aus einem Land au\u00dferhalb der Europ\u00e4ischen Union vornimmt.<\/p>\n<p>5.3. Die Zahlungsm\u00f6glichkeit(en) werden dem Kunden im Online-Shop des Verk\u00e4ufers oder auf dem jeweiligen Marktplatz mitgeteilt.<\/p>\n<p>5.4. Ist Vorauszahlung per Bank\u00fcberweisung vereinbart, ist die Zahlung sofort nach Vertragsabschluss f\u00e4llig, es sei denn, die Parteien haben einen sp\u00e4teren F\u00e4lligkeitstermin vereinbart.<\/p>\n<p>5.5. Im Falle einer Zahlung mit einer vom Zahlungsdienstleister PayPal (Europe) S.\u00e0 rl et Cie, SCA, 22-24 Boulevard Royal, L-2449 Luxembourg (nachfolgend \u201cPayPal\u201d) angebotenen Zahlungsmethode wird die Zahlung \u00fcber PayPal abgewickelt und unterliegt den Nutzungsbedingungen von PayPal, abrufbar unter https:\/\/www.paypal.com\/de\/webapps\/mpp\/ua\/useragreement-full oder, falls der Kunde kein PayPal-Konto besitzt, den Bedingungen f\u00fcr Zahlungen ohne PayPal-Konto, abrufbar unter https:\/\/www.paypal.com\/de\/webapps\/mpp\/ua\/privacywax-full.<\/p>\n<p>5.6. Kommt der Kunde in Verzug, so sind wir berechtigt, von dem betreffenden Zeitpunkt an Zinsen in H\u00f6he des von den Gesch\u00e4ftsbanken berechneten Zinssatzes f\u00fcr offene Kontokorrentkredite, mindestens jedoch in H\u00f6he von 4% \u00fcber dem jeweiligen Diskontsatz der Bundesbank, zuz\u00fcglich der jeweils geltenden gesetzlichen Umsatzsteuer zu berechnen. Die Zinsen sind sofort f\u00e4llig.<\/p>\n<p>&nbsp;<\/p>\n<p><strong>6. Liefer- und Versandbedingungen<\/strong><\/p>\n<p>6.1. Digitale Inhalte werden dem Kunden in elektronischer Form als Download zur Verf\u00fcgung gestellt, indem ein Download-Link bereitgestellt wird. Die Produktcodes werden dem Kunden per E-Mail zugesandt.<\/p>\n<p>&nbsp;<\/p>\n<p><strong>7. Eigentumsvorbehalt<\/strong><\/p>\n<p>7.1. Wir behalten uns das Eigentum an der Ware bis zur vollst\u00e4ndigen Bezahlung s\u00e4mtlicher uns aus der Gesch\u00e4ftsverbindung mit dem Kunden zustehender Forderungen vor.<\/p>\n<p>7.2. Die Best\u00e4tigung des Eigentumsvorbehalts stellt keinen R\u00fccktritt vom Vertrag dar. Wir sind jedoch berechtigt, die Vorbehaltsware nach angemessener Frist anderweitig zu ver\u00e4u\u00dfern und dem Kunden die gleiche oder eine gleichwertige Ware gegen vollst\u00e4ndige Zahlung des Kaufpreises zu liefern.<\/p>\n<p>&nbsp;<\/p>\n<p><strong>8. Schlussbestimmungen<\/strong><\/p>\n<p>8.1. Der Vertragspartner ist nur mit vorheriger schriftlicher Zustimmung des Verk\u00e4ufers berechtigt, Rechte und Anspr\u00fcche aus dem Vertragsverh\u00e4ltnis an Dritte abzutreten. \u00a7 354a HGB bleibt unber\u00fchrt; \u00a7 354a HGB gilt nicht f\u00fcr Verbraucher.<\/p>\n<p>8.2. Mit Beginn der Gesch\u00e4ftsbeziehung werden Kundendaten, bei denen es sich auch um personenbezogene Daten handeln kann, gespeichert und, soweit f\u00fcr die Ausf\u00fchrung des Auftrags erforderlich, verarbeitet und \u00fcbermittelt.<\/p>\n<p>8.3. Es gilt ausschlie\u00dflich deutsches Recht unter Ausschluss des UN-Kaufrechts und der Verweisungen auf das internationale Verfahrens- und Privatrecht. F\u00fcr Verbraucher gilt diese Rechtswahl nur insoweit, als nicht zwingende Bestimmungen des Rechts des Staates, in dem der Verbraucher seinen gew\u00f6hnlichen Aufenthalt hat, einen weitergehenden Schutz bieten.<\/p>\n<p>8.4. De exclusieve plaats van jurisdictie voor alle geschillen die voortvloeien uit en verband houden met de contracten waarop deze AV van toepassing zijn, is de statutaire zetel van de verkoper; de verkoper heeft echter het recht om de klant te dagvaarden in elke wettelijk toegelaten plaats van jurisdictie. Deze regeling is niet van toepassing op consumenten.<\/p>\n<p>8.5. Houd er rekening mee dat Pay Shield Ltd, met statutaire zetel te Jhumat House, 160 London Road Barking, Greater London, IG11 8BB, Verenigd Koninkrijk (\u201cLIVECARDS\u201d), zelf geen digitale content aan klanten verkoopt en slechts optreedt als openbaar agent van King Of Shopping Pte. Ltd., met statutaire zetel te 1 Raffles Place #40-02, One Raffles Place, Singapore 048616, registratienummer 202016263D (\u201cVerkoper\u201d), bij het sluiten van verkoopovereenkomsten met klanten namens de Verkoper. Elke acceptatie van bestellingen en het sluiten van verkoopovereenkomsten door LIVECARDS is uitsluitend bindend voor de Verkoper, die de producten verkoopt. Bij het sluiten van de verkoopovereenkomsten zal LIVECARDS te allen tijde handelen in het belang van de Verkoper. Elke verwijzing in de Algemene Voorwaarden naar rechten en verplichtingen van LIVECARDS met betrekking tot de Verkoopovereenkomst, heeft betrekking op de rechten en verplichtingen van de Verkoper die LIVECARDS van tijd tot tijd namens en in het belang van de Verkoper kan uitvoeren.<\/p>\n<\/div>\n<\/article>","protected":false},"excerpt":{"rendered":"<p>&nbsp; 1. Basisbepalingen 1.1. Transacties met livekaarten.nl (hierna &#8220;verkoper&#8221;) vinden uitsluitend plaats op basis van deze algemene voorwaarden (hierna &#8220;AV&#8221;). Daarom zijn ze ook van toepassing op alle toekomstige zakelijke relaties, zelfs als ze niet opnieuw uitdrukkelijk zijn overeengekomen. Verwijzingen van de koper (hierna &#8220;klant&#8221;) naar zijn algemene voorwaarden worden tegengesproken. 1.2. Deze AV gelden [&hellip;]<\/p>\n","protected":false},"author":1,"featured_media":0,"parent":0,"menu_order":0,"comment_status":"closed","ping_status":"closed","template":"","meta":{"footnotes":""},"class_list":["post-2096","page","type-page","status-publish","hentry"],"yoast_head":"<!-- This site is optimized with the Yoast SEO plugin v27.3 - https:\/\/yoast.com\/product\/yoast-seo-wordpress\/ -->\n<title>Algemene voorwaarden | livekaarten.nl<\/title>\n<meta name=\"robots\" content=\"index, follow, max-snippet:-1, max-image-preview:large, max-video-preview:-1\" \/>\n<link rel=\"canonical\" href=\"https:\/\/livekaarten.nl\/de\/terms-and-conditions\/\" \/>\n<meta property=\"og:locale\" content=\"de_DE\" \/>\n<meta property=\"og:type\" content=\"article\" \/>\n<meta property=\"og:title\" content=\"Algemene voorwaarden | livekaarten.nl\" \/>\n<meta property=\"og:description\" content=\"&nbsp; 1. Basisbepalingen 1.1. Transacties met livekaarten.nl (hierna &#8220;verkoper&#8221;) vinden uitsluitend plaats op basis van deze algemene voorwaarden (hierna &#8220;AV&#8221;). Daarom zijn ze ook van toepassing op alle toekomstige zakelijke relaties, zelfs als ze niet opnieuw uitdrukkelijk zijn overeengekomen. Verwijzingen van de koper (hierna &#8220;klant&#8221;) naar zijn algemene voorwaarden worden tegengesproken. 1.2. Deze AV gelden [&hellip;]\" \/>\n<meta property=\"og:url\" content=\"https:\/\/livekaarten.nl\/de\/terms-and-conditions\/\" \/>\n<meta property=\"og:site_name\" content=\"livekaarten.nl\" \/>\n<meta property=\"article:modified_time\" content=\"2026-03-09T13:43:56+00:00\" \/>\n<meta name=\"twitter:card\" content=\"summary_large_image\" \/>\n<meta name=\"twitter:label1\" content=\"Gesch\u00e4tzte Lesezeit\" \/>\n\t<meta name=\"twitter:data1\" content=\"9\u00a0Minuten\" \/>\n<script type=\"application\/ld+json\" class=\"yoast-schema-graph\">{\"@context\":\"https:\\\/\\\/schema.org\",\"@graph\":[{\"@type\":\"WebPage\",\"@id\":\"https:\\\/\\\/livekaarten.nl\\\/terms-and-conditions\\\/\",\"url\":\"https:\\\/\\\/livekaarten.nl\\\/terms-and-conditions\\\/\",\"name\":\"Algemene voorwaarden | livekaarten.nl\",\"isPartOf\":{\"@id\":\"https:\\\/\\\/livekaarten.nl\\\/#website\"},\"datePublished\":\"2020-12-16T16:19:20+00:00\",\"dateModified\":\"2026-03-09T13:43:56+00:00\",\"breadcrumb\":{\"@id\":\"https:\\\/\\\/livekaarten.nl\\\/terms-and-conditions\\\/#breadcrumb\"},\"inLanguage\":\"de\",\"potentialAction\":[{\"@type\":\"ReadAction\",\"target\":[\"https:\\\/\\\/livekaarten.nl\\\/terms-and-conditions\\\/\"]}]},{\"@type\":\"BreadcrumbList\",\"@id\":\"https:\\\/\\\/livekaarten.nl\\\/terms-and-conditions\\\/#breadcrumb\",\"itemListElement\":[{\"@type\":\"ListItem\",\"position\":1,\"name\":\"Home\",\"item\":\"https:\\\/\\\/livekaarten.nl\\\/\"},{\"@type\":\"ListItem\",\"position\":2,\"name\":\"Algemene voorwaarden\"}]},{\"@type\":\"WebSite\",\"@id\":\"https:\\\/\\\/livekaarten.nl\\\/#website\",\"url\":\"https:\\\/\\\/livekaarten.nl\\\/\",\"name\":\"Livekaarten.nl\",\"description\":\"Koop uw kantoor\",\"potentialAction\":[{\"@type\":\"SearchAction\",\"target\":{\"@type\":\"EntryPoint\",\"urlTemplate\":\"https:\\\/\\\/livekaarten.nl\\\/?s={search_term_string}\"},\"query-input\":{\"@type\":\"PropertyValueSpecification\",\"valueRequired\":true,\"valueName\":\"search_term_string\"}}],\"inLanguage\":\"de\"}]}<\/script>\n<!-- \/ Yoast SEO plugin. -->","yoast_head_json":{"title":"Algemene voorwaarden | livekaarten.nl","robots":{"index":"index","follow":"follow","max-snippet":"max-snippet:-1","max-image-preview":"max-image-preview:large","max-video-preview":"max-video-preview:-1"},"canonical":"https:\/\/livekaarten.nl\/de\/terms-and-conditions\/","og_locale":"de_DE","og_type":"article","og_title":"Algemene voorwaarden | livekaarten.nl","og_description":"&nbsp; 1. Basisbepalingen 1.1. Transacties met livekaarten.nl (hierna &#8220;verkoper&#8221;) vinden uitsluitend plaats op basis van deze algemene voorwaarden (hierna &#8220;AV&#8221;). Daarom zijn ze ook van toepassing op alle toekomstige zakelijke relaties, zelfs als ze niet opnieuw uitdrukkelijk zijn overeengekomen. Verwijzingen van de koper (hierna &#8220;klant&#8221;) naar zijn algemene voorwaarden worden tegengesproken. 1.2. Deze AV gelden [&hellip;]","og_url":"https:\/\/livekaarten.nl\/de\/terms-and-conditions\/","og_site_name":"livekaarten.nl","article_modified_time":"2026-03-09T13:43:56+00:00","twitter_card":"summary_large_image","twitter_misc":{"Gesch\u00e4tzte Lesezeit":"9\u00a0Minuten"},"schema":{"@context":"https:\/\/schema.org","@graph":[{"@type":"WebPage","@id":"https:\/\/livekaarten.nl\/terms-and-conditions\/","url":"https:\/\/livekaarten.nl\/terms-and-conditions\/","name":"Algemene voorwaarden | livekaarten.nl","isPartOf":{"@id":"https:\/\/livekaarten.nl\/#website"},"datePublished":"2020-12-16T16:19:20+00:00","dateModified":"2026-03-09T13:43:56+00:00","breadcrumb":{"@id":"https:\/\/livekaarten.nl\/terms-and-conditions\/#breadcrumb"},"inLanguage":"de","potentialAction":[{"@type":"ReadAction","target":["https:\/\/livekaarten.nl\/terms-and-conditions\/"]}]},{"@type":"BreadcrumbList","@id":"https:\/\/livekaarten.nl\/terms-and-conditions\/#breadcrumb","itemListElement":[{"@type":"ListItem","position":1,"name":"Home","item":"https:\/\/livekaarten.nl\/"},{"@type":"ListItem","position":2,"name":"Algemene voorwaarden"}]},{"@type":"WebSite","@id":"https:\/\/livekaarten.nl\/#website","url":"https:\/\/livekaarten.nl\/","name":"Livecards.co.uk","description":"Kaufen Sie Ihr B\u00fcro","potentialAction":[{"@type":"SearchAction","target":{"@type":"EntryPoint","urlTemplate":"https:\/\/livekaarten.nl\/?s={search_term_string}"},"query-input":{"@type":"PropertyValueSpecification","valueRequired":true,"valueName":"search_term_string"}}],"inLanguage":"de"}]}},"_links":{"self":[{"href":"https:\/\/livekaarten.nl\/de\/wp-json\/wp\/v2\/pages\/2096","targetHints":{"allow":["GET"]}}],"collection":[{"href":"https:\/\/livekaarten.nl\/de\/wp-json\/wp\/v2\/pages"}],"about":[{"href":"https:\/\/livekaarten.nl\/de\/wp-json\/wp\/v2\/types\/page"}],"author":[{"embeddable":true,"href":"https:\/\/livekaarten.nl\/de\/wp-json\/wp\/v2\/users\/1"}],"replies":[{"embeddable":true,"href":"https:\/\/livekaarten.nl\/de\/wp-json\/wp\/v2\/comments?post=2096"}],"version-history":[{"count":0,"href":"https:\/\/livekaarten.nl\/de\/wp-json\/wp\/v2\/pages\/2096\/revisions"}],"wp:attachment":[{"href":"https:\/\/livekaarten.nl\/de\/wp-json\/wp\/v2\/media?parent=2096"}],"curies":[{"name":"wp","href":"https:\/\/api.w.org\/{rel}","templated":true}]}}