{"id":2095,"date":"2020-12-16T16:14:33","date_gmt":"2020-12-16T16:14:33","guid":{"rendered":"https:\/\/shop.winandoffice.com\/?page_id=1159"},"modified":"2025-09-05T21:59:34","modified_gmt":"2025-09-05T19:59:34","slug":"warranty-policy","status":"publish","type":"page","link":"https:\/\/livekaarten.nl\/de\/warranty-policy\/","title":{"rendered":"Garantiepolitik"},"content":{"rendered":"<article id=\"page-1159\" class=\"post-1159 page type-page status-publish hentry\">\n<div class=\"entry-content\">\n<p>&nbsp;<\/p>\n<p>1. Es gelten die gesetzlichen Gew\u00e4hrleistungsrechte.<\/p>\n<p>2. Der Kunde wird gebeten, die Ware unverz\u00fcglich nach Anlieferung auf Vollst\u00e4ndigkeit und sichtbare M\u00e4ngel zu \u00fcberpr\u00fcfen und uns etwaige Beanstandungen schnellstm\u00f6glich mitzuteilen. Unterl\u00e4sst der Kunde dies, so bleiben seine gesetzlichen Gew\u00e4hrleistungsanspr\u00fcche unber\u00fchrt.<\/p>\n<p>3. Als Beschaffenheit der Ware gelten nur unsere eigenen Angaben und die Produktbeschreibung des Herstellers als vereinbart, nicht aber sonstige Werbung, \u00f6ffentliche Anpreisungen und Herstellerangaben.<\/p>\n<p>4. Die Gew\u00e4hrleistungsfrist betr\u00e4gt zwei Jahre ab Lieferung der Ware.<\/p>\n<p>5. Verweigert der Kunde die Lieferung des Verk\u00e4ufers aus anderen Gr\u00fcnden als wegen eines erheblichen Mangels, der die Nutzung erheblich einschr\u00e4nkt oder unm\u00f6glich macht, obwohl der Verk\u00e4ufer sich zur Erf\u00fcllung verpflichtet hat, so haftet der Kunde f\u00fcr die Nichtabnahme. Wegen unwesentlicher M\u00e4ngel darf die Annahme der Lieferung nicht verweigert werden.<\/p>\n<p>6. Die Gew\u00e4hrleistung erstreckt sich nicht auf M\u00e4ngel, die auf unsachgem\u00e4\u00dfe Bedienung, auf entgegen der vertraglichen Grundlage ver\u00e4nderte Systemkomponenten, auf den Einsatz unzureichender organisatorischer Mittel, auf den Einsatz in einer Hard- oder Softwareumgebung, die nicht den im Lizenzzertifikat genannten Anforderungen entspricht, auf un\u00fcbliche Nutzung, Einsatzbedingungen oder auf Eingriffe in das System durch Kunden oder Dritte zur\u00fcckzuf\u00fchren sind.<\/p>\n<p>7. Ist eine Lieferung mangelhaft, kann der Verk\u00e4ufer nach seiner Wahl den Mangel beseitigen (Nachbesserung) oder eine mangelfreie Sache liefern (Ersatzlieferung). Im letzteren Fall ist der Kunde verpflichtet, die mangelhafte Ware auf Verlangen des Verk\u00e4ufers nach Ma\u00dfgabe der gesetzlichen Bestimmungen zur\u00fcckzugeben.<\/p>\n<p>Einr\u00e4umung von Rechten in einem Software-Liefervertrag<\/p>\n<p>Artikel 4.8 gilt nur f\u00fcr Vertr\u00e4ge \u00fcber den Erwerb von Software gem\u00e4\u00df Artikel 2.2.<br \/>\nMit der vollst\u00e4ndigen Zahlung des Kaufpreises erh\u00e4lt der Kunde ein nicht ausschlie\u00dfliches und unbeschr\u00e4nktes Recht, die Ware in dem vertraglich einger\u00e4umten Umfang zu nutzen. Die Ware darf nur von einer maximalen Anzahl von nat\u00fcrlichen Personen gleichzeitig genutzt werden, die der vom Kunden erworbenen Ware entspricht. Die zul\u00e4ssige Nutzung umfasst die Installation der Software, das Laden in den Arbeitsspeicher und die bestimmungsgem\u00e4\u00dfe Nutzung durch den Kunden. Der Kunde ist in keinem Fall berechtigt, die gekaufte Ware zu vermieten, Unterlizenzen zu vergeben, sie \u00f6ffentlich zu vervielf\u00e4ltigen, kabelgebunden oder drahtlos zug\u00e4nglich zu machen oder sie Dritten entgeltlich oder unentgeltlich zur Verf\u00fcgung zu stellen.<\/p>\n<p>Der Kunde hat das Recht, eine Sicherungskopie der Software anzufertigen, wenn dies zur Sicherung der k\u00fcnftigen Nutzung erforderlich ist.<\/p>\n<\/div>\n<\/article>","protected":false},"excerpt":{"rendered":"<p>&nbsp; 1. Wettelijke garantierechten zijn van toepassing. 2. De klant wordt verzocht het artikel onmiddellijk na levering op volledigheid en zichtbare gebreken te controleren en eventuele klachten zo snel mogelijk aan ons te melden. Als de klant dit niet doet, heeft dit geen invloed op zijn wettelijke garantieaanspraken. 3. Alleen onze eigen informatie en de [&hellip;]<\/p>\n","protected":false},"author":1,"featured_media":0,"parent":0,"menu_order":0,"comment_status":"closed","ping_status":"closed","template":"","meta":{"footnotes":""},"class_list":["post-2095","page","type-page","status-publish","hentry"],"yoast_head":"<!-- This site is optimized with the Yoast SEO plugin v27.3 - https:\/\/yoast.com\/product\/yoast-seo-wordpress\/ -->\n<title>Garantiebeleid | livekaarten.nl<\/title>\n<meta name=\"robots\" content=\"index, follow, max-snippet:-1, max-image-preview:large, max-video-preview:-1\" \/>\n<link rel=\"canonical\" href=\"https:\/\/livekaarten.nl\/de\/warranty-policy\/\" \/>\n<meta property=\"og:locale\" content=\"de_DE\" \/>\n<meta property=\"og:type\" content=\"article\" \/>\n<meta property=\"og:title\" content=\"Garantiebeleid | livekaarten.nl\" \/>\n<meta property=\"og:description\" content=\"&nbsp; 1. Wettelijke garantierechten zijn van toepassing. 2. De klant wordt verzocht het artikel onmiddellijk na levering op volledigheid en zichtbare gebreken te controleren en eventuele klachten zo snel mogelijk aan ons te melden. Als de klant dit niet doet, heeft dit geen invloed op zijn wettelijke garantieaanspraken. 3. Alleen onze eigen informatie en de [&hellip;]\" \/>\n<meta property=\"og:url\" content=\"https:\/\/livekaarten.nl\/de\/warranty-policy\/\" \/>\n<meta property=\"og:site_name\" content=\"livekaarten.nl\" \/>\n<meta property=\"article:modified_time\" content=\"2025-09-05T19:59:34+00:00\" \/>\n<meta name=\"twitter:card\" content=\"summary_large_image\" \/>\n<meta name=\"twitter:label1\" content=\"Gesch\u00e4tzte Lesezeit\" \/>\n\t<meta name=\"twitter:data1\" content=\"3\u00a0Minuten\" \/>\n<script type=\"application\/ld+json\" class=\"yoast-schema-graph\">{\"@context\":\"https:\\\/\\\/schema.org\",\"@graph\":[{\"@type\":\"WebPage\",\"@id\":\"https:\\\/\\\/livekaarten.nl\\\/warranty-policy\\\/\",\"url\":\"https:\\\/\\\/livekaarten.nl\\\/warranty-policy\\\/\",\"name\":\"Garantiebeleid | livekaarten.nl\",\"isPartOf\":{\"@id\":\"https:\\\/\\\/livekaarten.nl\\\/#website\"},\"datePublished\":\"2020-12-16T16:14:33+00:00\",\"dateModified\":\"2025-09-05T19:59:34+00:00\",\"breadcrumb\":{\"@id\":\"https:\\\/\\\/livekaarten.nl\\\/warranty-policy\\\/#breadcrumb\"},\"inLanguage\":\"de\",\"potentialAction\":[{\"@type\":\"ReadAction\",\"target\":[\"https:\\\/\\\/livekaarten.nl\\\/warranty-policy\\\/\"]}]},{\"@type\":\"BreadcrumbList\",\"@id\":\"https:\\\/\\\/livekaarten.nl\\\/warranty-policy\\\/#breadcrumb\",\"itemListElement\":[{\"@type\":\"ListItem\",\"position\":1,\"name\":\"Home\",\"item\":\"https:\\\/\\\/livekaarten.nl\\\/\"},{\"@type\":\"ListItem\",\"position\":2,\"name\":\"Garantiebeleid\"}]},{\"@type\":\"WebSite\",\"@id\":\"https:\\\/\\\/livekaarten.nl\\\/#website\",\"url\":\"https:\\\/\\\/livekaarten.nl\\\/\",\"name\":\"Livekaarten.nl\",\"description\":\"Koop uw kantoor\",\"potentialAction\":[{\"@type\":\"SearchAction\",\"target\":{\"@type\":\"EntryPoint\",\"urlTemplate\":\"https:\\\/\\\/livekaarten.nl\\\/?s={search_term_string}\"},\"query-input\":{\"@type\":\"PropertyValueSpecification\",\"valueRequired\":true,\"valueName\":\"search_term_string\"}}],\"inLanguage\":\"de\"}]}<\/script>\n<!-- \/ Yoast SEO plugin. -->","yoast_head_json":{"title":"Garantiebeleid | livekaarten.nl","robots":{"index":"index","follow":"follow","max-snippet":"max-snippet:-1","max-image-preview":"max-image-preview:large","max-video-preview":"max-video-preview:-1"},"canonical":"https:\/\/livekaarten.nl\/de\/warranty-policy\/","og_locale":"de_DE","og_type":"article","og_title":"Garantiebeleid | livekaarten.nl","og_description":"&nbsp; 1. Wettelijke garantierechten zijn van toepassing. 2. De klant wordt verzocht het artikel onmiddellijk na levering op volledigheid en zichtbare gebreken te controleren en eventuele klachten zo snel mogelijk aan ons te melden. Als de klant dit niet doet, heeft dit geen invloed op zijn wettelijke garantieaanspraken. 3. Alleen onze eigen informatie en de [&hellip;]","og_url":"https:\/\/livekaarten.nl\/de\/warranty-policy\/","og_site_name":"livekaarten.nl","article_modified_time":"2025-09-05T19:59:34+00:00","twitter_card":"summary_large_image","twitter_misc":{"Gesch\u00e4tzte Lesezeit":"3\u00a0Minuten"},"schema":{"@context":"https:\/\/schema.org","@graph":[{"@type":"WebPage","@id":"https:\/\/livekaarten.nl\/warranty-policy\/","url":"https:\/\/livekaarten.nl\/warranty-policy\/","name":"Garantiebeleid | livekaarten.nl","isPartOf":{"@id":"https:\/\/livekaarten.nl\/#website"},"datePublished":"2020-12-16T16:14:33+00:00","dateModified":"2025-09-05T19:59:34+00:00","breadcrumb":{"@id":"https:\/\/livekaarten.nl\/warranty-policy\/#breadcrumb"},"inLanguage":"de","potentialAction":[{"@type":"ReadAction","target":["https:\/\/livekaarten.nl\/warranty-policy\/"]}]},{"@type":"BreadcrumbList","@id":"https:\/\/livekaarten.nl\/warranty-policy\/#breadcrumb","itemListElement":[{"@type":"ListItem","position":1,"name":"Home","item":"https:\/\/livekaarten.nl\/"},{"@type":"ListItem","position":2,"name":"Garantiebeleid"}]},{"@type":"WebSite","@id":"https:\/\/livekaarten.nl\/#website","url":"https:\/\/livekaarten.nl\/","name":"Livecards.co.uk","description":"Kaufen Sie Ihr B\u00fcro","potentialAction":[{"@type":"SearchAction","target":{"@type":"EntryPoint","urlTemplate":"https:\/\/livekaarten.nl\/?s={search_term_string}"},"query-input":{"@type":"PropertyValueSpecification","valueRequired":true,"valueName":"search_term_string"}}],"inLanguage":"de"}]}},"_links":{"self":[{"href":"https:\/\/livekaarten.nl\/de\/wp-json\/wp\/v2\/pages\/2095","targetHints":{"allow":["GET"]}}],"collection":[{"href":"https:\/\/livekaarten.nl\/de\/wp-json\/wp\/v2\/pages"}],"about":[{"href":"https:\/\/livekaarten.nl\/de\/wp-json\/wp\/v2\/types\/page"}],"author":[{"embeddable":true,"href":"https:\/\/livekaarten.nl\/de\/wp-json\/wp\/v2\/users\/1"}],"replies":[{"embeddable":true,"href":"https:\/\/livekaarten.nl\/de\/wp-json\/wp\/v2\/comments?post=2095"}],"version-history":[{"count":0,"href":"https:\/\/livekaarten.nl\/de\/wp-json\/wp\/v2\/pages\/2095\/revisions"}],"wp:attachment":[{"href":"https:\/\/livekaarten.nl\/de\/wp-json\/wp\/v2\/media?parent=2095"}],"curies":[{"name":"wp","href":"https:\/\/api.w.org\/{rel}","templated":true}]}}