{"id":1156,"date":"2020-12-16T16:09:41","date_gmt":"2020-12-16T16:09:41","guid":{"rendered":"https:\/\/shop.winandoffice.com\/?page_id=1156"},"modified":"2025-07-08T23:32:20","modified_gmt":"2025-07-08T21:32:20","slug":"returns-and-refunds","status":"publish","type":"page","link":"https:\/\/livekaarten.nl\/de\/returns-and-refunds\/","title":{"rendered":"R\u00fccksendungen und Erstattungen"},"content":{"rendered":"<div style=\"width: 80%; margin: auto;\">\n<ul style=\"padding-left: 10px;\">\n<li>Keine R\u00fccksendekosten<\/li>\n<li>Keine Versandkosten<\/li>\n<li>30 Tage volles Geld zur\u00fcck<\/li>\n<li>Lebenslange Ersatzgarantie<\/li>\n<\/ul>\n<p><strong>Annullierungspolitik<\/strong><\/p>\n<p>Sie haben das Recht, diesen Vertrag ohne Angabe von Gr\u00fcnden innerhalb von 30 Tagen nach Erhalt der Ware zu widerrufen.<\/p>\n<p>Um Ihr Widerrufsrecht auszu\u00fcben, m\u00fcssen Sie uns mittels einer eindeutigen Erkl\u00e4rung (z. B. ein mit der Post versandter Brief, Telefax oder E-Mail) \u00fcber Ihren Entschluss, diesen Vertrag zu widerrufen, informieren. Sie k\u00f6nnen daf\u00fcr das beigef\u00fcgte Muster verwenden.<\/p>\n<div style=\"border: dashed 1px gray; border-radius: 5px; background-color: #f5f5f5; padding: 5px; margin-bottom: 15px;\">\n<p><strong>Inhaber:<\/strong> PAY SHIELD LTD<\/p>\n<p><strong>Hauptsitz:<\/strong> Westwood Business Centre Unit A5a, Continental Approach, Margate, England, CT9 4JG<\/p>\n<p><strong>Tel:<\/strong> +49 15258547400<\/p>\n<p><strong>E-Mail:<\/strong> <a href='mailto:info@livekaarten.nl'>info@livekaarten.nl<\/a><\/p>\n<\/div>\n<p><strong>Muster-Widerrufsformular<\/strong><\/p>\n<p>(Wenn Sie den Vertrag widerrufen wollen, dann f\u00fcllen Sie bitte dieses Formular aus und senden Sie es zur\u00fcck).<\/p>\n<div style=\"border: dashed 1px gray; border-radius: 5px; background-color: #f5f5f5; padding: 5px; margin-bottom: 15px;\">\n<p>Hiermit widerrufe(n) ich\/wir (*) den von mir\/uns (*) abgeschlossenen Vertrag \u00fcber den Kauf der folgenden Waren (\/die Erbringung der folgenden Dienstleistung (*)):<\/p>\n<ul style=\"padding-left: 20px;\">\n<li>Bestellt am (*) \/ erhalten am (*)<\/li>\n<li>Name des\/der Verbraucher(s)<\/li>\n<li>Anschrift des\/der Verbraucher(s)<\/li>\n<li>Unterschrift des\/der Verbraucher(s) (nur wenn die Anmeldung auf Papier erfolgt)<\/li>\n<li>Datum<\/li>\n<\/ul>\n<\/div>\n<p><em>(*) Streichen Sie, was nicht zutrifft.<\/em><\/p>\n<p>Zur Wahrung der Widerrufsfrist reicht es aus, dass Sie die Mitteilung \u00fcber die Aus\u00fcbung des Widerrufsrechts vor Ablauf der Widerrufsfrist absenden.<\/p>\n<p><strong>Folgen der Annullierung<\/strong><\/p>\n<p>Wenn Sie diesen Vertrag widerrufen, werden wir Ihnen alle Zahlungen, die wir von Ihnen erhalten haben, einschlie\u00dflich der Lieferkosten (mit Ausnahme der zus\u00e4tzlichen Kosten, die sich daraus ergeben, dass Sie eine andere Art der Lieferung als die von uns angebotene, g\u00fcnstigste Standardlieferung gew\u00e4hlt haben), unverz\u00fcglich erstatten. F\u00fcr diese R\u00fcckzahlung verwenden wir dasselbe Zahlungsmittel, das Sie bei der urspr\u00fcnglichen Transaktion eingesetzt haben, es sei denn, mit Ihnen wurde ausdr\u00fccklich etwas anderes vereinbart; in keinem Fall werden Ihnen wegen dieser R\u00fcckzahlung Entgelte berechnet.<\/p>\n<p><strong>Lebenslange Ersatzgarantie:<\/strong><\/p>\n<p>Wenn Sie die 30-t\u00e4gige R\u00fcckerstattungsfrist verpassen, bieten wir Ihnen eine lebenslange Garantie f\u00fcr den Austausch des Produkts. Wenn das Produkt w\u00e4hrend des Gebrauchs kaputt geht, erhalten Sie kostenlos einen Ersatz.<\/p>\n<div style=\"border: dashed 1px gray; border-radius: 5px; background-color: #f5f5f5; padding: 5px; margin-bottom: 15px;\"><strong>Inhaber:<\/strong> PAY SHIELD LTD<br \/>\n<strong>Hauptsitz:<\/strong> Westwood Business Centre Unit A5a, Continental Approach, Margate, England, CT9 4JG<br \/>\n<strong>Tel:<\/strong> +49 15258547400<br \/>\n<strong>E-Mail:<\/strong> <a href='mailto:info@livekaarten.nl'>info@livekaarten.nl<\/a><\/div>\n<\/div>","protected":false},"excerpt":{"rendered":"<p>Geen retourkosten Geen verzendkosten 30 dagen volledig geld terug Levenslange vervangingsgarantie Annuleringsbeleid U heeft het recht om deze overeenkomst zonder opgaaf van redenen binnen 30 dagen na ontvangst van de goederen te annuleren. Om uw recht op annulering uit te oefenen, moet u ons informeren over uw beslissing om deze overeenkomst te annuleren door middel [&hellip;]<\/p>\n","protected":false},"author":1,"featured_media":0,"parent":0,"menu_order":0,"comment_status":"closed","ping_status":"closed","template":"","meta":{"footnotes":""},"class_list":["post-1156","page","type-page","status-publish","hentry"],"yoast_head":"<!-- This site is optimized with the Yoast SEO plugin v27.3 - https:\/\/yoast.com\/product\/yoast-seo-wordpress\/ -->\n<title>Retourneren en terugbetalen | livekaarten.nl<\/title>\n<meta name=\"robots\" content=\"index, follow, max-snippet:-1, max-image-preview:large, max-video-preview:-1\" \/>\n<link rel=\"canonical\" href=\"https:\/\/livekaarten.nl\/de\/returns-and-refunds\/\" \/>\n<meta property=\"og:locale\" content=\"de_DE\" \/>\n<meta property=\"og:type\" content=\"article\" \/>\n<meta property=\"og:title\" content=\"Retourneren en terugbetalen | livekaarten.nl\" \/>\n<meta property=\"og:description\" content=\"Geen retourkosten Geen verzendkosten 30 dagen volledig geld terug Levenslange vervangingsgarantie Annuleringsbeleid U heeft het recht om deze overeenkomst zonder opgaaf van redenen binnen 30 dagen na ontvangst van de goederen te annuleren. Om uw recht op annulering uit te oefenen, moet u ons informeren over uw beslissing om deze overeenkomst te annuleren door middel [&hellip;]\" \/>\n<meta property=\"og:url\" content=\"https:\/\/livekaarten.nl\/de\/returns-and-refunds\/\" \/>\n<meta property=\"og:site_name\" content=\"livekaarten.nl\" \/>\n<meta property=\"article:modified_time\" content=\"2025-07-08T21:32:20+00:00\" \/>\n<meta name=\"twitter:card\" content=\"summary_large_image\" \/>\n<meta name=\"twitter:label1\" content=\"Gesch\u00e4tzte Lesezeit\" \/>\n\t<meta name=\"twitter:data1\" content=\"2\u00a0Minuten\" \/>\n<script type=\"application\/ld+json\" class=\"yoast-schema-graph\">{\"@context\":\"https:\\\/\\\/schema.org\",\"@graph\":[{\"@type\":\"WebPage\",\"@id\":\"https:\\\/\\\/livekaarten.nl\\\/returns-and-refunds\\\/\",\"url\":\"https:\\\/\\\/livekaarten.nl\\\/returns-and-refunds\\\/\",\"name\":\"Retourneren en terugbetalen | livekaarten.nl\",\"isPartOf\":{\"@id\":\"https:\\\/\\\/livekaarten.nl\\\/#website\"},\"datePublished\":\"2020-12-16T16:09:41+00:00\",\"dateModified\":\"2025-07-08T21:32:20+00:00\",\"breadcrumb\":{\"@id\":\"https:\\\/\\\/livekaarten.nl\\\/returns-and-refunds\\\/#breadcrumb\"},\"inLanguage\":\"de\",\"potentialAction\":[{\"@type\":\"ReadAction\",\"target\":[\"https:\\\/\\\/livekaarten.nl\\\/returns-and-refunds\\\/\"]}]},{\"@type\":\"BreadcrumbList\",\"@id\":\"https:\\\/\\\/livekaarten.nl\\\/returns-and-refunds\\\/#breadcrumb\",\"itemListElement\":[{\"@type\":\"ListItem\",\"position\":1,\"name\":\"Home\",\"item\":\"https:\\\/\\\/livekaarten.nl\\\/\"},{\"@type\":\"ListItem\",\"position\":2,\"name\":\"Retourneren en terugbetalen\"}]},{\"@type\":\"WebSite\",\"@id\":\"https:\\\/\\\/livekaarten.nl\\\/#website\",\"url\":\"https:\\\/\\\/livekaarten.nl\\\/\",\"name\":\"Livekaarten.nl\",\"description\":\"Koop uw kantoor\",\"potentialAction\":[{\"@type\":\"SearchAction\",\"target\":{\"@type\":\"EntryPoint\",\"urlTemplate\":\"https:\\\/\\\/livekaarten.nl\\\/?s={search_term_string}\"},\"query-input\":{\"@type\":\"PropertyValueSpecification\",\"valueRequired\":true,\"valueName\":\"search_term_string\"}}],\"inLanguage\":\"de\"}]}<\/script>\n<!-- \/ Yoast SEO plugin. -->","yoast_head_json":{"title":"Retourneren en terugbetalen | livekaarten.nl","robots":{"index":"index","follow":"follow","max-snippet":"max-snippet:-1","max-image-preview":"max-image-preview:large","max-video-preview":"max-video-preview:-1"},"canonical":"https:\/\/livekaarten.nl\/de\/returns-and-refunds\/","og_locale":"de_DE","og_type":"article","og_title":"Retourneren en terugbetalen | livekaarten.nl","og_description":"Geen retourkosten Geen verzendkosten 30 dagen volledig geld terug Levenslange vervangingsgarantie Annuleringsbeleid U heeft het recht om deze overeenkomst zonder opgaaf van redenen binnen 30 dagen na ontvangst van de goederen te annuleren. Om uw recht op annulering uit te oefenen, moet u ons informeren over uw beslissing om deze overeenkomst te annuleren door middel [&hellip;]","og_url":"https:\/\/livekaarten.nl\/de\/returns-and-refunds\/","og_site_name":"livekaarten.nl","article_modified_time":"2025-07-08T21:32:20+00:00","twitter_card":"summary_large_image","twitter_misc":{"Gesch\u00e4tzte Lesezeit":"2\u00a0Minuten"},"schema":{"@context":"https:\/\/schema.org","@graph":[{"@type":"WebPage","@id":"https:\/\/livekaarten.nl\/returns-and-refunds\/","url":"https:\/\/livekaarten.nl\/returns-and-refunds\/","name":"Retourneren en terugbetalen | livekaarten.nl","isPartOf":{"@id":"https:\/\/livekaarten.nl\/#website"},"datePublished":"2020-12-16T16:09:41+00:00","dateModified":"2025-07-08T21:32:20+00:00","breadcrumb":{"@id":"https:\/\/livekaarten.nl\/returns-and-refunds\/#breadcrumb"},"inLanguage":"de","potentialAction":[{"@type":"ReadAction","target":["https:\/\/livekaarten.nl\/returns-and-refunds\/"]}]},{"@type":"BreadcrumbList","@id":"https:\/\/livekaarten.nl\/returns-and-refunds\/#breadcrumb","itemListElement":[{"@type":"ListItem","position":1,"name":"Home","item":"https:\/\/livekaarten.nl\/"},{"@type":"ListItem","position":2,"name":"Retourneren en terugbetalen"}]},{"@type":"WebSite","@id":"https:\/\/livekaarten.nl\/#website","url":"https:\/\/livekaarten.nl\/","name":"Livecards.co.uk","description":"Kaufen Sie Ihr B\u00fcro","potentialAction":[{"@type":"SearchAction","target":{"@type":"EntryPoint","urlTemplate":"https:\/\/livekaarten.nl\/?s={search_term_string}"},"query-input":{"@type":"PropertyValueSpecification","valueRequired":true,"valueName":"search_term_string"}}],"inLanguage":"de"}]}},"_links":{"self":[{"href":"https:\/\/livekaarten.nl\/de\/wp-json\/wp\/v2\/pages\/1156","targetHints":{"allow":["GET"]}}],"collection":[{"href":"https:\/\/livekaarten.nl\/de\/wp-json\/wp\/v2\/pages"}],"about":[{"href":"https:\/\/livekaarten.nl\/de\/wp-json\/wp\/v2\/types\/page"}],"author":[{"embeddable":true,"href":"https:\/\/livekaarten.nl\/de\/wp-json\/wp\/v2\/users\/1"}],"replies":[{"embeddable":true,"href":"https:\/\/livekaarten.nl\/de\/wp-json\/wp\/v2\/comments?post=1156"}],"version-history":[{"count":0,"href":"https:\/\/livekaarten.nl\/de\/wp-json\/wp\/v2\/pages\/1156\/revisions"}],"wp:attachment":[{"href":"https:\/\/livekaarten.nl\/de\/wp-json\/wp\/v2\/media?parent=1156"}],"curies":[{"name":"wp","href":"https:\/\/api.w.org\/{rel}","templated":true}]}}