{"id":1150,"date":"2020-12-16T15:58:31","date_gmt":"2020-12-16T15:58:31","guid":{"rendered":"https:\/\/shop.winandoffice.com\/?page_id=1150"},"modified":"2025-05-30T20:06:15","modified_gmt":"2025-05-30T18:06:15","slug":"payment-and-delivery","status":"publish","type":"page","link":"https:\/\/livekaarten.nl\/de\/payment-and-delivery\/","title":{"rendered":"Zahlung und Lieferung"},"content":{"rendered":"<h6>\u00a0<\/h6>\r\n<h6>Versand<\/h6>\r\n<p>Unsere Produkte werden digital ausgeliefert. Sobald wir den Eingang Ihrer Zahlung best\u00e4tigt haben, erhalten Sie eine E-Mail mit allen notwendigen Informationen zum Herunterladen, Installieren und Aktivieren.<\/p>\r\n<p>Um die Zustellung der Produkte zu gew\u00e4hrleisten, achten Sie bitte darauf, dass Sie bei der Bestellung Ihre E-Mail-Adresse korrekt angeben!<\/p>\r\n<p>F\u00fcr den Versand per E-Mail fallen keine Versandkosten an.<\/p>\r\n<h6>Zahlungsm\u00f6glichkeiten und -bedingungen<\/h6>\r\n<p><strong>PayPal<\/strong><\/p>\r\n<p>Bezahlen Sie schnell und einfach mit PayPal. Dies ist der schnellste Weg, um Ihre Bestellung zu erhalten, in der Regel innerhalb von 15 Minuten.<\/p>\r\n<p><strong>Kreditkarte<\/strong><\/p>\r\n<p>Sie k\u00f6nnen auch per Kreditkarte \u00fcber das PayPal-System bezahlen. Wie bei der PayPal-Zahlung wird die Zahlung innerhalb weniger Minuten in unserem System best\u00e4tigt und die Bestellung wird kurz darauf versandt.<\/p>\r\n<p><strong>\u00dcberweisung<\/strong><\/p>\r\n<p>Bei Abschluss der Bestellung erhalten Sie Informationen \u00fcber die \u00dcberweisung auf unser Bankkonto. Der Versand erfolgt, sobald wir den Zahlungseingang best\u00e4tigen k\u00f6nnen. Wenn Sie uns einen \u00dcberweisungsbeleg schicken, wird die Bestellung noch am selben Tag versendet.<\/p>","protected":false},"excerpt":{"rendered":"<p>\u00a0 Verzending Onze producten worden digitaal verzonden. Zodra we de ontvangst van je betaling hebben bevestigd, ontvang je een e-mail met alle benodigde informatie over downloaden, installeren en activeren. Om de levering van de producten te garanderen, moet je ervoor zorgen dat je je e-mailadres correct invult bij de bestelling! Er zijn geen verzendkosten voor [&hellip;]<\/p>\n","protected":false},"author":1,"featured_media":0,"parent":0,"menu_order":0,"comment_status":"closed","ping_status":"closed","template":"","meta":{"footnotes":""},"class_list":["post-1150","page","type-page","status-publish","hentry"],"yoast_head":"<!-- This site is optimized with the Yoast SEO plugin v27.3 - https:\/\/yoast.com\/product\/yoast-seo-wordpress\/ -->\n<title>Betaling en levering | livekaarten.nl<\/title>\n<meta name=\"robots\" content=\"index, follow, max-snippet:-1, max-image-preview:large, max-video-preview:-1\" \/>\n<link rel=\"canonical\" href=\"https:\/\/livekaarten.nl\/de\/payment-and-delivery\/\" \/>\n<meta property=\"og:locale\" content=\"de_DE\" \/>\n<meta property=\"og:type\" content=\"article\" \/>\n<meta property=\"og:title\" content=\"Betaling en levering | livekaarten.nl\" \/>\n<meta property=\"og:description\" content=\"\u00a0 Verzending Onze producten worden digitaal verzonden. Zodra we de ontvangst van je betaling hebben bevestigd, ontvang je een e-mail met alle benodigde informatie over downloaden, installeren en activeren. Om de levering van de producten te garanderen, moet je ervoor zorgen dat je je e-mailadres correct invult bij de bestelling! Er zijn geen verzendkosten voor [&hellip;]\" \/>\n<meta property=\"og:url\" content=\"https:\/\/livekaarten.nl\/de\/payment-and-delivery\/\" \/>\n<meta property=\"og:site_name\" content=\"livekaarten.nl\" \/>\n<meta property=\"article:modified_time\" content=\"2025-05-30T18:06:15+00:00\" \/>\n<meta name=\"twitter:card\" content=\"summary_large_image\" \/>\n<meta name=\"twitter:label1\" content=\"Gesch\u00e4tzte Lesezeit\" \/>\n\t<meta name=\"twitter:data1\" content=\"1\u00a0Minute\" \/>\n<script type=\"application\/ld+json\" class=\"yoast-schema-graph\">{\"@context\":\"https:\\\/\\\/schema.org\",\"@graph\":[{\"@type\":\"WebPage\",\"@id\":\"https:\\\/\\\/livekaarten.nl\\\/payment-and-delivery\\\/\",\"url\":\"https:\\\/\\\/livekaarten.nl\\\/payment-and-delivery\\\/\",\"name\":\"Betaling en levering | livekaarten.nl\",\"isPartOf\":{\"@id\":\"https:\\\/\\\/livekaarten.nl\\\/#website\"},\"datePublished\":\"2020-12-16T15:58:31+00:00\",\"dateModified\":\"2025-05-30T18:06:15+00:00\",\"breadcrumb\":{\"@id\":\"https:\\\/\\\/livekaarten.nl\\\/payment-and-delivery\\\/#breadcrumb\"},\"inLanguage\":\"de\",\"potentialAction\":[{\"@type\":\"ReadAction\",\"target\":[\"https:\\\/\\\/livekaarten.nl\\\/payment-and-delivery\\\/\"]}]},{\"@type\":\"BreadcrumbList\",\"@id\":\"https:\\\/\\\/livekaarten.nl\\\/payment-and-delivery\\\/#breadcrumb\",\"itemListElement\":[{\"@type\":\"ListItem\",\"position\":1,\"name\":\"Home\",\"item\":\"https:\\\/\\\/livekaarten.nl\\\/\"},{\"@type\":\"ListItem\",\"position\":2,\"name\":\"Betaling en levering\"}]},{\"@type\":\"WebSite\",\"@id\":\"https:\\\/\\\/livekaarten.nl\\\/#website\",\"url\":\"https:\\\/\\\/livekaarten.nl\\\/\",\"name\":\"Livekaarten.nl\",\"description\":\"Koop uw kantoor\",\"potentialAction\":[{\"@type\":\"SearchAction\",\"target\":{\"@type\":\"EntryPoint\",\"urlTemplate\":\"https:\\\/\\\/livekaarten.nl\\\/?s={search_term_string}\"},\"query-input\":{\"@type\":\"PropertyValueSpecification\",\"valueRequired\":true,\"valueName\":\"search_term_string\"}}],\"inLanguage\":\"de\"}]}<\/script>\n<!-- \/ Yoast SEO plugin. -->","yoast_head_json":{"title":"Betaling en levering | livekaarten.nl","robots":{"index":"index","follow":"follow","max-snippet":"max-snippet:-1","max-image-preview":"max-image-preview:large","max-video-preview":"max-video-preview:-1"},"canonical":"https:\/\/livekaarten.nl\/de\/payment-and-delivery\/","og_locale":"de_DE","og_type":"article","og_title":"Betaling en levering | livekaarten.nl","og_description":"\u00a0 Verzending Onze producten worden digitaal verzonden. Zodra we de ontvangst van je betaling hebben bevestigd, ontvang je een e-mail met alle benodigde informatie over downloaden, installeren en activeren. Om de levering van de producten te garanderen, moet je ervoor zorgen dat je je e-mailadres correct invult bij de bestelling! Er zijn geen verzendkosten voor [&hellip;]","og_url":"https:\/\/livekaarten.nl\/de\/payment-and-delivery\/","og_site_name":"livekaarten.nl","article_modified_time":"2025-05-30T18:06:15+00:00","twitter_card":"summary_large_image","twitter_misc":{"Gesch\u00e4tzte Lesezeit":"1\u00a0Minute"},"schema":{"@context":"https:\/\/schema.org","@graph":[{"@type":"WebPage","@id":"https:\/\/livekaarten.nl\/payment-and-delivery\/","url":"https:\/\/livekaarten.nl\/payment-and-delivery\/","name":"Betaling en levering | livekaarten.nl","isPartOf":{"@id":"https:\/\/livekaarten.nl\/#website"},"datePublished":"2020-12-16T15:58:31+00:00","dateModified":"2025-05-30T18:06:15+00:00","breadcrumb":{"@id":"https:\/\/livekaarten.nl\/payment-and-delivery\/#breadcrumb"},"inLanguage":"de","potentialAction":[{"@type":"ReadAction","target":["https:\/\/livekaarten.nl\/payment-and-delivery\/"]}]},{"@type":"BreadcrumbList","@id":"https:\/\/livekaarten.nl\/payment-and-delivery\/#breadcrumb","itemListElement":[{"@type":"ListItem","position":1,"name":"Home","item":"https:\/\/livekaarten.nl\/"},{"@type":"ListItem","position":2,"name":"Betaling en levering"}]},{"@type":"WebSite","@id":"https:\/\/livekaarten.nl\/#website","url":"https:\/\/livekaarten.nl\/","name":"Livecards.co.uk","description":"Kaufen Sie Ihr B\u00fcro","potentialAction":[{"@type":"SearchAction","target":{"@type":"EntryPoint","urlTemplate":"https:\/\/livekaarten.nl\/?s={search_term_string}"},"query-input":{"@type":"PropertyValueSpecification","valueRequired":true,"valueName":"search_term_string"}}],"inLanguage":"de"}]}},"_links":{"self":[{"href":"https:\/\/livekaarten.nl\/de\/wp-json\/wp\/v2\/pages\/1150","targetHints":{"allow":["GET"]}}],"collection":[{"href":"https:\/\/livekaarten.nl\/de\/wp-json\/wp\/v2\/pages"}],"about":[{"href":"https:\/\/livekaarten.nl\/de\/wp-json\/wp\/v2\/types\/page"}],"author":[{"embeddable":true,"href":"https:\/\/livekaarten.nl\/de\/wp-json\/wp\/v2\/users\/1"}],"replies":[{"embeddable":true,"href":"https:\/\/livekaarten.nl\/de\/wp-json\/wp\/v2\/comments?post=1150"}],"version-history":[{"count":0,"href":"https:\/\/livekaarten.nl\/de\/wp-json\/wp\/v2\/pages\/1150\/revisions"}],"wp:attachment":[{"href":"https:\/\/livekaarten.nl\/de\/wp-json\/wp\/v2\/media?parent=1150"}],"curies":[{"name":"wp","href":"https:\/\/api.w.org\/{rel}","templated":true}]}}