{"id":11056,"date":"2021-03-03T15:10:06","date_gmt":"2021-03-03T14:10:06","guid":{"rendered":"https:\/\/shop.winandoffice.com\/?page_id=11056"},"modified":"2025-06-03T11:12:57","modified_gmt":"2025-06-03T09:12:57","slug":"legal-basis","status":"publish","type":"page","link":"https:\/\/livekaarten.nl\/de\/legal-basis\/","title":{"rendered":"Rechtsgrundlagen"},"content":{"rendered":"<p>&nbsp;<\/p>\n<p><strong>Verbreitungsrecht<\/strong><\/p>\n<p>Softwarehersteller wie Microsoft oder Corel gestatten zertifizierten Vertriebsh\u00e4ndlern (Resellern), Produkte an Verbraucher zu verkaufen. Es werden so genannte Wiederverk\u00e4uferrechte vergeben. Nur autorisierte Partner d\u00fcrfen Softwarelizenzen verkaufen und sind obligatorische Mitglieder des Partnerprogramms des Herstellers. Wiederverk\u00e4ufer haben das nicht-exklusive Recht, lizenzierte Software innerhalb der EU\/EFTA aktiv zu vermarkten und zu vertreiben. Wiederverk\u00e4ufer d\u00fcrfen jedoch auch in anderen Regionen t\u00e4tig werden. Dazu ist eine schriftliche Vereinbarung erforderlich.<\/p>\n<p>Der Vertreiber ist verpflichtet, die Softwareprodukte unter dem jeweiligen Produktnamen des Herstellers anzubieten. Eigentumsrechte und einschl\u00e4gige Urheberrechtsvermerke sind zu beachten und zu befolgen. Alle Warenzeichen und eingetragenen Markennamen sind Eigentum der jeweiligen Hersteller. Technische Angaben m\u00fcssen immer den Angaben des Herstellers entsprechen. Bilder, Piktogramme und Logos d\u00fcrfen nur zur Kennzeichnung von Artikeln verwendet werden. Die verkauften Waren bleiben bis zur vollst\u00e4ndigen Bezahlung Eigentum des H\u00e4ndlers.<\/p>\n<p><strong>Zulassungspflicht<\/strong><\/p>\n<p>Nach der aktuellen Rechtsprechung des Bundesgerichtshofs (BGH, Urteil vom 17. Juli 2013 - I ZR 129\/08) sind Fachh\u00e4ndler verpflichtet, die Rechtm\u00e4\u00dfigkeit und Ordnungsm\u00e4\u00dfigkeit der angebotenen Software zu dokumentieren. Softwarelizenzen d\u00fcrfen nur mit Zustimmung des Rechteinhabers in den Verkehr gebracht werden. Die Lizenz wird gegen ein Entgelt erteilt, das es dem H\u00e4ndler erm\u00f6glicht, eine dem wirtschaftlichen Wert der Software entsprechende Verg\u00fctung zu erhalten. Der Rechtsinhaber verpflichtet den Vertreiber, die Software zur dauerhaften und zeitlich unbegrenzten Nutzung zu verkaufen. Der Verbraucher wird dar\u00fcber informiert, dass die Software den Lizenzbedingungen und Produktnutzungsrechten des Softwareherstellers unterliegt.<\/p>\n<p>Der K\u00e4ufer hat ein einfaches und uneingeschr\u00e4nktes Recht, die Software zu nutzen. Er darf die Software nicht kopieren oder anderen zur Nutzung \u00fcberlassen. Mehrfache Nutzungsrechte bed\u00fcrfen einer gesonderten Vereinbarung.<\/p>","protected":false},"excerpt":{"rendered":"<p>&nbsp; Distributierecht Softwarefabrikanten zoals Microsoft of Corel staan gecertificeerde distributeurs (wederverkopers) toe om producten aan consumenten te verkopen. Er worden zogenoemde wederverkopersrechten toegekend. Alleen erkende partners mogen softwarelicenties verkopen en zijn verplicht lid van het partnerprogramma van de fabrikant. Wederverkopers hebben het niet-exclusieve recht om gelicentieerde software binnen de EU\/EVA actief op de markt te [&hellip;]<\/p>\n","protected":false},"author":1,"featured_media":0,"parent":0,"menu_order":0,"comment_status":"closed","ping_status":"closed","template":"","meta":{"footnotes":""},"class_list":["post-11056","page","type-page","status-publish","hentry"],"yoast_head":"<!-- This site is optimized with the Yoast SEO plugin v27.3 - https:\/\/yoast.com\/product\/yoast-seo-wordpress\/ -->\n<title>Wettelijke grondslagen | livekaarten.nl<\/title>\n<meta name=\"robots\" content=\"index, follow, max-snippet:-1, max-image-preview:large, max-video-preview:-1\" \/>\n<link rel=\"canonical\" href=\"https:\/\/livekaarten.nl\/de\/legal-basis\/\" \/>\n<meta property=\"og:locale\" content=\"de_DE\" \/>\n<meta property=\"og:type\" content=\"article\" \/>\n<meta property=\"og:title\" content=\"Wettelijke grondslagen | livekaarten.nl\" \/>\n<meta property=\"og:description\" content=\"&nbsp; Distributierecht Softwarefabrikanten zoals Microsoft of Corel staan gecertificeerde distributeurs (wederverkopers) toe om producten aan consumenten te verkopen. Er worden zogenoemde wederverkopersrechten toegekend. Alleen erkende partners mogen softwarelicenties verkopen en zijn verplicht lid van het partnerprogramma van de fabrikant. Wederverkopers hebben het niet-exclusieve recht om gelicentieerde software binnen de EU\/EVA actief op de markt te [&hellip;]\" \/>\n<meta property=\"og:url\" content=\"https:\/\/livekaarten.nl\/de\/legal-basis\/\" \/>\n<meta property=\"og:site_name\" content=\"livekaarten.nl\" \/>\n<meta property=\"article:modified_time\" content=\"2025-06-03T09:12:57+00:00\" \/>\n<meta name=\"twitter:card\" content=\"summary_large_image\" \/>\n<meta name=\"twitter:label1\" content=\"Gesch\u00e4tzte Lesezeit\" \/>\n\t<meta name=\"twitter:data1\" content=\"2\u00a0Minuten\" \/>\n<script type=\"application\/ld+json\" class=\"yoast-schema-graph\">{\"@context\":\"https:\\\/\\\/schema.org\",\"@graph\":[{\"@type\":\"WebPage\",\"@id\":\"https:\\\/\\\/livekaarten.nl\\\/legal-basis\\\/\",\"url\":\"https:\\\/\\\/livekaarten.nl\\\/legal-basis\\\/\",\"name\":\"Wettelijke grondslagen | livekaarten.nl\",\"isPartOf\":{\"@id\":\"https:\\\/\\\/livekaarten.nl\\\/#website\"},\"datePublished\":\"2021-03-03T14:10:06+00:00\",\"dateModified\":\"2025-06-03T09:12:57+00:00\",\"breadcrumb\":{\"@id\":\"https:\\\/\\\/livekaarten.nl\\\/legal-basis\\\/#breadcrumb\"},\"inLanguage\":\"de\",\"potentialAction\":[{\"@type\":\"ReadAction\",\"target\":[\"https:\\\/\\\/livekaarten.nl\\\/legal-basis\\\/\"]}]},{\"@type\":\"BreadcrumbList\",\"@id\":\"https:\\\/\\\/livekaarten.nl\\\/legal-basis\\\/#breadcrumb\",\"itemListElement\":[{\"@type\":\"ListItem\",\"position\":1,\"name\":\"Home\",\"item\":\"https:\\\/\\\/livekaarten.nl\\\/\"},{\"@type\":\"ListItem\",\"position\":2,\"name\":\"Wettelijke grondslagen\"}]},{\"@type\":\"WebSite\",\"@id\":\"https:\\\/\\\/livekaarten.nl\\\/#website\",\"url\":\"https:\\\/\\\/livekaarten.nl\\\/\",\"name\":\"Livekaarten.nl\",\"description\":\"Koop uw kantoor\",\"potentialAction\":[{\"@type\":\"SearchAction\",\"target\":{\"@type\":\"EntryPoint\",\"urlTemplate\":\"https:\\\/\\\/livekaarten.nl\\\/?s={search_term_string}\"},\"query-input\":{\"@type\":\"PropertyValueSpecification\",\"valueRequired\":true,\"valueName\":\"search_term_string\"}}],\"inLanguage\":\"de\"}]}<\/script>\n<!-- \/ Yoast SEO plugin. -->","yoast_head_json":{"title":"Wettelijke grondslagen | livekaarten.nl","robots":{"index":"index","follow":"follow","max-snippet":"max-snippet:-1","max-image-preview":"max-image-preview:large","max-video-preview":"max-video-preview:-1"},"canonical":"https:\/\/livekaarten.nl\/de\/legal-basis\/","og_locale":"de_DE","og_type":"article","og_title":"Wettelijke grondslagen | livekaarten.nl","og_description":"&nbsp; Distributierecht Softwarefabrikanten zoals Microsoft of Corel staan gecertificeerde distributeurs (wederverkopers) toe om producten aan consumenten te verkopen. Er worden zogenoemde wederverkopersrechten toegekend. Alleen erkende partners mogen softwarelicenties verkopen en zijn verplicht lid van het partnerprogramma van de fabrikant. Wederverkopers hebben het niet-exclusieve recht om gelicentieerde software binnen de EU\/EVA actief op de markt te [&hellip;]","og_url":"https:\/\/livekaarten.nl\/de\/legal-basis\/","og_site_name":"livekaarten.nl","article_modified_time":"2025-06-03T09:12:57+00:00","twitter_card":"summary_large_image","twitter_misc":{"Gesch\u00e4tzte Lesezeit":"2\u00a0Minuten"},"schema":{"@context":"https:\/\/schema.org","@graph":[{"@type":"WebPage","@id":"https:\/\/livekaarten.nl\/legal-basis\/","url":"https:\/\/livekaarten.nl\/legal-basis\/","name":"Wettelijke grondslagen | livekaarten.nl","isPartOf":{"@id":"https:\/\/livekaarten.nl\/#website"},"datePublished":"2021-03-03T14:10:06+00:00","dateModified":"2025-06-03T09:12:57+00:00","breadcrumb":{"@id":"https:\/\/livekaarten.nl\/legal-basis\/#breadcrumb"},"inLanguage":"de","potentialAction":[{"@type":"ReadAction","target":["https:\/\/livekaarten.nl\/legal-basis\/"]}]},{"@type":"BreadcrumbList","@id":"https:\/\/livekaarten.nl\/legal-basis\/#breadcrumb","itemListElement":[{"@type":"ListItem","position":1,"name":"Home","item":"https:\/\/livekaarten.nl\/"},{"@type":"ListItem","position":2,"name":"Wettelijke grondslagen"}]},{"@type":"WebSite","@id":"https:\/\/livekaarten.nl\/#website","url":"https:\/\/livekaarten.nl\/","name":"Livecards.co.uk","description":"Kaufen Sie Ihr B\u00fcro","potentialAction":[{"@type":"SearchAction","target":{"@type":"EntryPoint","urlTemplate":"https:\/\/livekaarten.nl\/?s={search_term_string}"},"query-input":{"@type":"PropertyValueSpecification","valueRequired":true,"valueName":"search_term_string"}}],"inLanguage":"de"}]}},"_links":{"self":[{"href":"https:\/\/livekaarten.nl\/de\/wp-json\/wp\/v2\/pages\/11056","targetHints":{"allow":["GET"]}}],"collection":[{"href":"https:\/\/livekaarten.nl\/de\/wp-json\/wp\/v2\/pages"}],"about":[{"href":"https:\/\/livekaarten.nl\/de\/wp-json\/wp\/v2\/types\/page"}],"author":[{"embeddable":true,"href":"https:\/\/livekaarten.nl\/de\/wp-json\/wp\/v2\/users\/1"}],"replies":[{"embeddable":true,"href":"https:\/\/livekaarten.nl\/de\/wp-json\/wp\/v2\/comments?post=11056"}],"version-history":[{"count":0,"href":"https:\/\/livekaarten.nl\/de\/wp-json\/wp\/v2\/pages\/11056\/revisions"}],"wp:attachment":[{"href":"https:\/\/livekaarten.nl\/de\/wp-json\/wp\/v2\/media?parent=11056"}],"curies":[{"name":"wp","href":"https:\/\/api.w.org\/{rel}","templated":true}]}}